{"id":1818,"date":"2019-03-07T09:01:27","date_gmt":"2019-03-07T08:01:27","guid":{"rendered":"https:\/\/www.grills-saveurs.ch\/fr\/produit\/accessoire-pour-barbecue-weber-lechefrite\/"},"modified":"2024-03-22T14:51:43","modified_gmt":"2024-03-22T13:51:43","slug":"accessoire-pour-barbecue-weber-lechefrite","status":"publish","type":"product","link":"https:\/\/www.grills-saveurs.ch\/fr\/produit\/accessoire-pour-barbecue-weber-lechefrite\/","title":{"rendered":"Support de plat Weber \u2013 GBS"},"content":{"rendered":"<p>Votre d\u00eener directement du barbecue \u00e0 table. Pendant que vous mangez, laissez refroidir enti\u00e8rement vos accessoires GBS sur le support de plat. Fabriqu\u00e9 en fonte, il r\u00e9siste \u00e0 la chaleur des accessoires chauds, casseroles et po\u00eale et peut m\u00eame supporter une chemin\u00e9e d\u2019allumage encore br\u00fblante.<\/p>\n<p><strong>CARACT\u00c9RISTIQUES<\/strong><\/p>\n<ul>\n<li>S\u2019utilise avec les accessoires <a href=\"https:\/\/www.grills-saveurs.ch\/fr\/product-category\/barbecues-weber\/accessoires-weber\/cuisson\/gourmet-bbq-system-gbs\/#shop\">Gourmet BBQ System<\/a> ou d\u2019autres accessoires pour barbecue<\/li>\n<li>Mat\u00e9riau : fonte \u00e9maill\u00e9e<\/li>\n<li>Conseils de nettoyage : lavage \u00e0 la main<\/li>\n<\/ul>\n<p>&nbsp;<\/p>\n","protected":false},"excerpt":{"rendered":"<p>8845<\/p>\n","protected":false},"featured_media":3777,"template":"","meta":[],"product_cat":[157,117],"product_tag":[84],"yoast_head":"<!-- This site is optimized with the Yoast SEO plugin v18.2 - https:\/\/yoast.com\/wordpress\/plugins\/seo\/ -->\n<title>Support de plat Weber \u2013 GBS - Grills et Saveurs<\/title>\n<meta name=\"description\" content=\"Fabriqu\u00e9 en fonte, il r\u00e9siste \u00e0 la chaleur des accessoires chauds, casseroles et po\u00eale et peut m\u00eame supporter une chemin\u00e9e d\u2019allumage encore br\u00fblante.\" \/>\n<meta name=\"robots\" content=\"index, follow, max-snippet:-1, max-image-preview:large, max-video-preview:-1\" \/>\n<link rel=\"canonical\" href=\"https:\/\/www.grills-saveurs.ch\/fr\/produit\/accessoire-pour-barbecue-weber-lechefrite\/\" \/>\n<meta property=\"og:locale\" content=\"fr_FR\" \/>\n<meta property=\"og:type\" content=\"article\" \/>\n<meta property=\"og:title\" content=\"Support de plat Weber \u2013 GBS - Grills et Saveurs\" \/>\n<meta property=\"og:description\" content=\"Fabriqu\u00e9 en fonte, il r\u00e9siste \u00e0 la chaleur des accessoires chauds, casseroles et po\u00eale et peut m\u00eame supporter une chemin\u00e9e d\u2019allumage encore br\u00fblante.\" \/>\n<meta property=\"og:url\" content=\"https:\/\/www.grills-saveurs.ch\/fr\/produit\/accessoire-pour-barbecue-weber-lechefrite\/\" \/>\n<meta property=\"og:site_name\" content=\"Grills et Saveurs\" \/>\n<meta property=\"article:modified_time\" content=\"2024-03-22T13:51:43+00:00\" \/>\n<meta property=\"og:image\" content=\"https:\/\/www.grills-saveurs.ch\/fr\/wp-content\/uploads\/2019\/03\/8845-Support-de-plat-GBS-Weber.png\" \/>\n\t<meta property=\"og:image:width\" content=\"1000\" \/>\n\t<meta property=\"og:image:height\" content=\"950\" \/>\n\t<meta property=\"og:image:type\" content=\"image\/png\" \/>\n<meta name=\"twitter:card\" content=\"summary_large_image\" \/>\n<script type=\"application\/ld+json\" class=\"yoast-schema-graph\">{\"@context\":\"https:\/\/schema.org\",\"@graph\":[{\"@type\":\"WebSite\",\"@id\":\"https:\/\/www.grills-saveurs.ch\/fr\/#website\",\"url\":\"https:\/\/www.grills-saveurs.ch\/fr\/\",\"name\":\"Grills et Saveurs\",\"description\":\"Barbecues, Grills, Planchas, Chemin\u00e9es jardin - Lausanne, Suisse Romande\",\"potentialAction\":[{\"@type\":\"SearchAction\",\"target\":{\"@type\":\"EntryPoint\",\"urlTemplate\":\"https:\/\/www.grills-saveurs.ch\/fr\/?s={search_term_string}\"},\"query-input\":\"required name=search_term_string\"}],\"inLanguage\":\"fr-FR\"},{\"@type\":\"ImageObject\",\"@id\":\"https:\/\/www.grills-saveurs.ch\/fr\/produit\/accessoire-pour-barbecue-weber-lechefrite\/#primaryimage\",\"inLanguage\":\"fr-FR\",\"url\":\"https:\/\/www.grills-saveurs.ch\/fr\/wp-content\/uploads\/2019\/03\/8845-Support-de-plat-GBS-Weber.png\",\"contentUrl\":\"https:\/\/www.grills-saveurs.ch\/fr\/wp-content\/uploads\/2019\/03\/8845-Support-de-plat-GBS-Weber.png\",\"width\":1000,\"height\":950,\"caption\":\"8845 Support de plat GBS Weber\"},{\"@type\":\"WebPage\",\"@id\":\"https:\/\/www.grills-saveurs.ch\/fr\/produit\/accessoire-pour-barbecue-weber-lechefrite\/#webpage\",\"url\":\"https:\/\/www.grills-saveurs.ch\/fr\/produit\/accessoire-pour-barbecue-weber-lechefrite\/\",\"name\":\"Support de plat Weber \u2013 GBS - Grills et Saveurs\",\"isPartOf\":{\"@id\":\"https:\/\/www.grills-saveurs.ch\/fr\/#website\"},\"primaryImageOfPage\":{\"@id\":\"https:\/\/www.grills-saveurs.ch\/fr\/produit\/accessoire-pour-barbecue-weber-lechefrite\/#primaryimage\"},\"datePublished\":\"2019-03-07T08:01:27+00:00\",\"dateModified\":\"2024-03-22T13:51:43+00:00\",\"description\":\"Fabriqu\u00e9 en fonte, il r\u00e9siste \u00e0 la chaleur des accessoires chauds, casseroles et po\u00eale et peut m\u00eame supporter une chemin\u00e9e d\u2019allumage encore br\u00fblante.\",\"breadcrumb\":{\"@id\":\"https:\/\/www.grills-saveurs.ch\/fr\/produit\/accessoire-pour-barbecue-weber-lechefrite\/#breadcrumb\"},\"inLanguage\":\"fr-FR\",\"potentialAction\":[{\"@type\":\"ReadAction\",\"target\":[\"https:\/\/www.grills-saveurs.ch\/fr\/produit\/accessoire-pour-barbecue-weber-lechefrite\/\"]}]},{\"@type\":\"BreadcrumbList\",\"@id\":\"https:\/\/www.grills-saveurs.ch\/fr\/produit\/accessoire-pour-barbecue-weber-lechefrite\/#breadcrumb\",\"itemListElement\":[{\"@type\":\"ListItem\",\"position\":1,\"name\":\"Accueil\",\"item\":\"https:\/\/www.grills-saveurs.ch\/fr\/\"},{\"@type\":\"ListItem\",\"position\":2,\"name\":\"Shop \/ Boutique\",\"item\":\"https:\/\/www.grills-saveurs.ch\/fr\/boutique\/\"},{\"@type\":\"ListItem\",\"position\":3,\"name\":\"Support de plat Weber \u2013 GBS\"}]}]}<\/script>\n<!-- \/ Yoast SEO plugin. -->","yoast_head_json":{"title":"Support de plat Weber \u2013 GBS - Grills et Saveurs","description":"Fabriqu\u00e9 en fonte, il r\u00e9siste \u00e0 la chaleur des accessoires chauds, casseroles et po\u00eale et peut m\u00eame supporter une chemin\u00e9e d\u2019allumage encore br\u00fblante.","robots":{"index":"index","follow":"follow","max-snippet":"max-snippet:-1","max-image-preview":"max-image-preview:large","max-video-preview":"max-video-preview:-1"},"canonical":"https:\/\/www.grills-saveurs.ch\/fr\/produit\/accessoire-pour-barbecue-weber-lechefrite\/","og_locale":"fr_FR","og_type":"article","og_title":"Support de plat Weber \u2013 GBS - Grills et Saveurs","og_description":"Fabriqu\u00e9 en fonte, il r\u00e9siste \u00e0 la chaleur des accessoires chauds, casseroles et po\u00eale et peut m\u00eame supporter une chemin\u00e9e d\u2019allumage encore br\u00fblante.","og_url":"https:\/\/www.grills-saveurs.ch\/fr\/produit\/accessoire-pour-barbecue-weber-lechefrite\/","og_site_name":"Grills et Saveurs","article_modified_time":"2024-03-22T13:51:43+00:00","og_image":[{"width":1000,"height":950,"url":"https:\/\/www.grills-saveurs.ch\/fr\/wp-content\/uploads\/2019\/03\/8845-Support-de-plat-GBS-Weber.png","type":"image\/png"}],"twitter_card":"summary_large_image","schema":{"@context":"https:\/\/schema.org","@graph":[{"@type":"WebSite","@id":"https:\/\/www.grills-saveurs.ch\/fr\/#website","url":"https:\/\/www.grills-saveurs.ch\/fr\/","name":"Grills et Saveurs","description":"Barbecues, Grills, Planchas, Chemin\u00e9es jardin - Lausanne, Suisse Romande","potentialAction":[{"@type":"SearchAction","target":{"@type":"EntryPoint","urlTemplate":"https:\/\/www.grills-saveurs.ch\/fr\/?s={search_term_string}"},"query-input":"required name=search_term_string"}],"inLanguage":"fr-FR"},{"@type":"ImageObject","@id":"https:\/\/www.grills-saveurs.ch\/fr\/produit\/accessoire-pour-barbecue-weber-lechefrite\/#primaryimage","inLanguage":"fr-FR","url":"https:\/\/www.grills-saveurs.ch\/fr\/wp-content\/uploads\/2019\/03\/8845-Support-de-plat-GBS-Weber.png","contentUrl":"https:\/\/www.grills-saveurs.ch\/fr\/wp-content\/uploads\/2019\/03\/8845-Support-de-plat-GBS-Weber.png","width":1000,"height":950,"caption":"8845 Support de plat GBS Weber"},{"@type":"WebPage","@id":"https:\/\/www.grills-saveurs.ch\/fr\/produit\/accessoire-pour-barbecue-weber-lechefrite\/#webpage","url":"https:\/\/www.grills-saveurs.ch\/fr\/produit\/accessoire-pour-barbecue-weber-lechefrite\/","name":"Support de plat Weber \u2013 GBS - Grills et Saveurs","isPartOf":{"@id":"https:\/\/www.grills-saveurs.ch\/fr\/#website"},"primaryImageOfPage":{"@id":"https:\/\/www.grills-saveurs.ch\/fr\/produit\/accessoire-pour-barbecue-weber-lechefrite\/#primaryimage"},"datePublished":"2019-03-07T08:01:27+00:00","dateModified":"2024-03-22T13:51:43+00:00","description":"Fabriqu\u00e9 en fonte, il r\u00e9siste \u00e0 la chaleur des accessoires chauds, casseroles et po\u00eale et peut m\u00eame supporter une chemin\u00e9e d\u2019allumage encore br\u00fblante.","breadcrumb":{"@id":"https:\/\/www.grills-saveurs.ch\/fr\/produit\/accessoire-pour-barbecue-weber-lechefrite\/#breadcrumb"},"inLanguage":"fr-FR","potentialAction":[{"@type":"ReadAction","target":["https:\/\/www.grills-saveurs.ch\/fr\/produit\/accessoire-pour-barbecue-weber-lechefrite\/"]}]},{"@type":"BreadcrumbList","@id":"https:\/\/www.grills-saveurs.ch\/fr\/produit\/accessoire-pour-barbecue-weber-lechefrite\/#breadcrumb","itemListElement":[{"@type":"ListItem","position":1,"name":"Accueil","item":"https:\/\/www.grills-saveurs.ch\/fr\/"},{"@type":"ListItem","position":2,"name":"Shop \/ Boutique","item":"https:\/\/www.grills-saveurs.ch\/fr\/boutique\/"},{"@type":"ListItem","position":3,"name":"Support de plat Weber \u2013 GBS"}]}]}},"_links":{"self":[{"href":"https:\/\/www.grills-saveurs.ch\/fr\/wp-json\/wp\/v2\/product\/1818"}],"collection":[{"href":"https:\/\/www.grills-saveurs.ch\/fr\/wp-json\/wp\/v2\/product"}],"about":[{"href":"https:\/\/www.grills-saveurs.ch\/fr\/wp-json\/wp\/v2\/types\/product"}],"wp:featuredmedia":[{"embeddable":true,"href":"https:\/\/www.grills-saveurs.ch\/fr\/wp-json\/wp\/v2\/media\/3777"}],"wp:attachment":[{"href":"https:\/\/www.grills-saveurs.ch\/fr\/wp-json\/wp\/v2\/media?parent=1818"}],"wp:term":[{"taxonomy":"product_cat","embeddable":true,"href":"https:\/\/www.grills-saveurs.ch\/fr\/wp-json\/wp\/v2\/product_cat?post=1818"},{"taxonomy":"product_tag","embeddable":true,"href":"https:\/\/www.grills-saveurs.ch\/fr\/wp-json\/wp\/v2\/product_tag?post=1818"}],"curies":[{"name":"wp","href":"https:\/\/api.w.org\/{rel}","templated":true}]}}