{"id":1826,"date":"2019-03-07T09:01:29","date_gmt":"2019-03-07T08:01:29","guid":{"rendered":"https:\/\/www.grills-saveurs.ch\/fr\/produit\/set-pour-grille-de-cuisson-weber-2\/"},"modified":"2024-03-25T22:19:01","modified_gmt":"2024-03-25T21:19:01","slug":"set-pour-grille-de-cuisson-weber-2","status":"publish","type":"product","link":"https:\/\/www.grills-saveurs.ch\/fr\/produit\/set-pour-grille-de-cuisson-weber-2\/","title":{"rendered":"Grilles de cuisson Weber charbon 57cm inox"},"content":{"rendered":"<p>Que vous vouliez faire mijoter un chili ou faire fumer un poulet entier, cuisez pendant des heures sans le moindre souci. Le grille de cuisson Gourmet BBQ System est munie de charni\u00e8res pour pouvoir rajouter du charbon, r\u00e9organiser les briquettes ou remettre des copeaux de bois en soulevant simplement la partie articul\u00e9e avec votre pince. Alors d\u00e9tendez-vous et c\u2019est parti !<\/p>\n<p><strong>CARACT\u00c9RISTIQUES<\/strong><\/p>\n<ul>\n<li>La grille pr\u00e9sente une partie amovible de 30 cm qui peut \u00eatre remplac\u00e9e par n\u2019importe quel accessoire du <a href=\"https:\/\/www.grills-saveurs.ch\/fr\/product-category\/barbecues-weber\/accessoires-weber\/cuisson\/gourmet-bbq-system-gbs\/#shop\">Gourmet BBQ System GBS<\/a><\/li>\n<li>Mat\u00e9riau : acier inoxydable<\/li>\n<li>Pour tous barbecues \u00e0 charbon \u00f857 cm<\/li>\n<li>Conseils de nettoyage : passe au lave-vaisselle<\/li>\n<\/ul>\n","protected":false},"excerpt":{"rendered":"<p>8843<\/p>\n","protected":false},"featured_media":3760,"template":"","meta":[],"product_cat":[183,171,117],"product_tag":[84],"yoast_head":"<!-- This site is optimized with the Yoast SEO plugin v18.2 - https:\/\/yoast.com\/wordpress\/plugins\/seo\/ -->\n<title>Grilles de cuisson Weber charbon 57cm inox - Grills et Saveurs<\/title>\n<meta name=\"robots\" content=\"index, follow, max-snippet:-1, max-image-preview:large, max-video-preview:-1\" \/>\n<link rel=\"canonical\" href=\"https:\/\/www.grills-saveurs.ch\/fr\/produit\/set-pour-grille-de-cuisson-weber-2\/\" \/>\n<meta property=\"og:locale\" content=\"fr_FR\" \/>\n<meta property=\"og:type\" content=\"article\" \/>\n<meta property=\"og:title\" content=\"Grilles de cuisson Weber charbon 57cm inox - Grills et Saveurs\" \/>\n<meta property=\"og:description\" content=\"8843\" \/>\n<meta property=\"og:url\" content=\"https:\/\/www.grills-saveurs.ch\/fr\/produit\/set-pour-grille-de-cuisson-weber-2\/\" \/>\n<meta property=\"og:site_name\" content=\"Grills et Saveurs\" \/>\n<meta property=\"article:modified_time\" content=\"2024-03-25T21:19:01+00:00\" \/>\n<meta property=\"og:image\" content=\"https:\/\/www.grills-saveurs.ch\/fr\/wp-content\/uploads\/2019\/03\/8843-Grilles-de-cuisson-Weber-charbon-57cm-inox.png\" \/>\n\t<meta property=\"og:image:width\" content=\"1000\" \/>\n\t<meta property=\"og:image:height\" content=\"950\" \/>\n\t<meta property=\"og:image:type\" content=\"image\/png\" \/>\n<meta name=\"twitter:card\" content=\"summary_large_image\" \/>\n<meta name=\"twitter:label1\" content=\"Dur\u00e9e de lecture estim\u00e9e\" \/>\n\t<meta name=\"twitter:data1\" content=\"1 minute\" \/>\n<script type=\"application\/ld+json\" class=\"yoast-schema-graph\">{\"@context\":\"https:\/\/schema.org\",\"@graph\":[{\"@type\":\"WebSite\",\"@id\":\"https:\/\/www.grills-saveurs.ch\/fr\/#website\",\"url\":\"https:\/\/www.grills-saveurs.ch\/fr\/\",\"name\":\"Grills et Saveurs\",\"description\":\"Barbecues, Grills, Planchas, Chemin\u00e9es jardin - Lausanne, Suisse Romande\",\"potentialAction\":[{\"@type\":\"SearchAction\",\"target\":{\"@type\":\"EntryPoint\",\"urlTemplate\":\"https:\/\/www.grills-saveurs.ch\/fr\/?s={search_term_string}\"},\"query-input\":\"required name=search_term_string\"}],\"inLanguage\":\"fr-FR\"},{\"@type\":\"ImageObject\",\"@id\":\"https:\/\/www.grills-saveurs.ch\/fr\/produit\/set-pour-grille-de-cuisson-weber-2\/#primaryimage\",\"inLanguage\":\"fr-FR\",\"url\":\"https:\/\/www.grills-saveurs.ch\/fr\/wp-content\/uploads\/2019\/03\/8843-Grilles-de-cuisson-Weber-charbon-57cm-inox.png\",\"contentUrl\":\"https:\/\/www.grills-saveurs.ch\/fr\/wp-content\/uploads\/2019\/03\/8843-Grilles-de-cuisson-Weber-charbon-57cm-inox.png\",\"width\":1000,\"height\":950,\"caption\":\"8843 Grilles de cuisson Weber charbon 57cm inox\"},{\"@type\":\"WebPage\",\"@id\":\"https:\/\/www.grills-saveurs.ch\/fr\/produit\/set-pour-grille-de-cuisson-weber-2\/#webpage\",\"url\":\"https:\/\/www.grills-saveurs.ch\/fr\/produit\/set-pour-grille-de-cuisson-weber-2\/\",\"name\":\"Grilles de cuisson Weber charbon 57cm inox - Grills et Saveurs\",\"isPartOf\":{\"@id\":\"https:\/\/www.grills-saveurs.ch\/fr\/#website\"},\"primaryImageOfPage\":{\"@id\":\"https:\/\/www.grills-saveurs.ch\/fr\/produit\/set-pour-grille-de-cuisson-weber-2\/#primaryimage\"},\"datePublished\":\"2019-03-07T08:01:29+00:00\",\"dateModified\":\"2024-03-25T21:19:01+00:00\",\"breadcrumb\":{\"@id\":\"https:\/\/www.grills-saveurs.ch\/fr\/produit\/set-pour-grille-de-cuisson-weber-2\/#breadcrumb\"},\"inLanguage\":\"fr-FR\",\"potentialAction\":[{\"@type\":\"ReadAction\",\"target\":[\"https:\/\/www.grills-saveurs.ch\/fr\/produit\/set-pour-grille-de-cuisson-weber-2\/\"]}]},{\"@type\":\"BreadcrumbList\",\"@id\":\"https:\/\/www.grills-saveurs.ch\/fr\/produit\/set-pour-grille-de-cuisson-weber-2\/#breadcrumb\",\"itemListElement\":[{\"@type\":\"ListItem\",\"position\":1,\"name\":\"Accueil\",\"item\":\"https:\/\/www.grills-saveurs.ch\/fr\/\"},{\"@type\":\"ListItem\",\"position\":2,\"name\":\"Shop \/ Boutique\",\"item\":\"https:\/\/www.grills-saveurs.ch\/fr\/boutique\/\"},{\"@type\":\"ListItem\",\"position\":3,\"name\":\"Grilles de cuisson Weber charbon 57cm inox\"}]}]}<\/script>\n<!-- \/ Yoast SEO plugin. -->","yoast_head_json":{"title":"Grilles de cuisson Weber charbon 57cm inox - Grills et Saveurs","robots":{"index":"index","follow":"follow","max-snippet":"max-snippet:-1","max-image-preview":"max-image-preview:large","max-video-preview":"max-video-preview:-1"},"canonical":"https:\/\/www.grills-saveurs.ch\/fr\/produit\/set-pour-grille-de-cuisson-weber-2\/","og_locale":"fr_FR","og_type":"article","og_title":"Grilles de cuisson Weber charbon 57cm inox - Grills et Saveurs","og_description":"8843","og_url":"https:\/\/www.grills-saveurs.ch\/fr\/produit\/set-pour-grille-de-cuisson-weber-2\/","og_site_name":"Grills et Saveurs","article_modified_time":"2024-03-25T21:19:01+00:00","og_image":[{"width":1000,"height":950,"url":"https:\/\/www.grills-saveurs.ch\/fr\/wp-content\/uploads\/2019\/03\/8843-Grilles-de-cuisson-Weber-charbon-57cm-inox.png","type":"image\/png"}],"twitter_card":"summary_large_image","twitter_misc":{"Dur\u00e9e de lecture estim\u00e9e":"1 minute"},"schema":{"@context":"https:\/\/schema.org","@graph":[{"@type":"WebSite","@id":"https:\/\/www.grills-saveurs.ch\/fr\/#website","url":"https:\/\/www.grills-saveurs.ch\/fr\/","name":"Grills et Saveurs","description":"Barbecues, Grills, Planchas, Chemin\u00e9es jardin - Lausanne, Suisse Romande","potentialAction":[{"@type":"SearchAction","target":{"@type":"EntryPoint","urlTemplate":"https:\/\/www.grills-saveurs.ch\/fr\/?s={search_term_string}"},"query-input":"required name=search_term_string"}],"inLanguage":"fr-FR"},{"@type":"ImageObject","@id":"https:\/\/www.grills-saveurs.ch\/fr\/produit\/set-pour-grille-de-cuisson-weber-2\/#primaryimage","inLanguage":"fr-FR","url":"https:\/\/www.grills-saveurs.ch\/fr\/wp-content\/uploads\/2019\/03\/8843-Grilles-de-cuisson-Weber-charbon-57cm-inox.png","contentUrl":"https:\/\/www.grills-saveurs.ch\/fr\/wp-content\/uploads\/2019\/03\/8843-Grilles-de-cuisson-Weber-charbon-57cm-inox.png","width":1000,"height":950,"caption":"8843 Grilles de cuisson Weber charbon 57cm inox"},{"@type":"WebPage","@id":"https:\/\/www.grills-saveurs.ch\/fr\/produit\/set-pour-grille-de-cuisson-weber-2\/#webpage","url":"https:\/\/www.grills-saveurs.ch\/fr\/produit\/set-pour-grille-de-cuisson-weber-2\/","name":"Grilles de cuisson Weber charbon 57cm inox - Grills et Saveurs","isPartOf":{"@id":"https:\/\/www.grills-saveurs.ch\/fr\/#website"},"primaryImageOfPage":{"@id":"https:\/\/www.grills-saveurs.ch\/fr\/produit\/set-pour-grille-de-cuisson-weber-2\/#primaryimage"},"datePublished":"2019-03-07T08:01:29+00:00","dateModified":"2024-03-25T21:19:01+00:00","breadcrumb":{"@id":"https:\/\/www.grills-saveurs.ch\/fr\/produit\/set-pour-grille-de-cuisson-weber-2\/#breadcrumb"},"inLanguage":"fr-FR","potentialAction":[{"@type":"ReadAction","target":["https:\/\/www.grills-saveurs.ch\/fr\/produit\/set-pour-grille-de-cuisson-weber-2\/"]}]},{"@type":"BreadcrumbList","@id":"https:\/\/www.grills-saveurs.ch\/fr\/produit\/set-pour-grille-de-cuisson-weber-2\/#breadcrumb","itemListElement":[{"@type":"ListItem","position":1,"name":"Accueil","item":"https:\/\/www.grills-saveurs.ch\/fr\/"},{"@type":"ListItem","position":2,"name":"Shop \/ Boutique","item":"https:\/\/www.grills-saveurs.ch\/fr\/boutique\/"},{"@type":"ListItem","position":3,"name":"Grilles de cuisson Weber charbon 57cm inox"}]}]}},"_links":{"self":[{"href":"https:\/\/www.grills-saveurs.ch\/fr\/wp-json\/wp\/v2\/product\/1826"}],"collection":[{"href":"https:\/\/www.grills-saveurs.ch\/fr\/wp-json\/wp\/v2\/product"}],"about":[{"href":"https:\/\/www.grills-saveurs.ch\/fr\/wp-json\/wp\/v2\/types\/product"}],"wp:featuredmedia":[{"embeddable":true,"href":"https:\/\/www.grills-saveurs.ch\/fr\/wp-json\/wp\/v2\/media\/3760"}],"wp:attachment":[{"href":"https:\/\/www.grills-saveurs.ch\/fr\/wp-json\/wp\/v2\/media?parent=1826"}],"wp:term":[{"taxonomy":"product_cat","embeddable":true,"href":"https:\/\/www.grills-saveurs.ch\/fr\/wp-json\/wp\/v2\/product_cat?post=1826"},{"taxonomy":"product_tag","embeddable":true,"href":"https:\/\/www.grills-saveurs.ch\/fr\/wp-json\/wp\/v2\/product_tag?post=1826"}],"curies":[{"name":"wp","href":"https:\/\/api.w.org\/{rel}","templated":true}]}}