{"id":1827,"date":"2019-03-07T09:01:30","date_gmt":"2019-03-07T08:01:30","guid":{"rendered":"https:\/\/www.grills-saveurs.ch\/fr\/produit\/weber-etgs-grille-et-set-de-brochettes\/"},"modified":"2024-03-25T22:11:36","modified_gmt":"2024-03-25T21:11:36","slug":"weber-etgs-grille-et-set-de-brochettes","status":"publish","type":"product","link":"https:\/\/www.grills-saveurs.ch\/fr\/produit\/weber-etgs-grille-et-set-de-brochettes\/","title":{"rendered":"Syst\u00e8me de cuisson \u00e0 \u00e9tages Weber ETGS"},"content":{"rendered":"<p>Cuisez au-dessus et au-del\u00e0 de la grille de cuisson. Le syst\u00e8me de cuisson \u00e0 \u00e9tages Elevations est con\u00e7u sp\u00e9cialement pour utiliser la famille d\u2019accessoires Weber Elevations. Ce syst\u00e8me augmente la capacit\u00e9 et l\u2019efficacit\u00e9 de votre barbecue en \u00e9levant les aliments, tels que les brochettes, l\u00e9gumes et pilons, au-dessus de la grille de cuisson, pour former jusqu\u2019\u00e0 quatre \u00e9tages de cuisson.<\/p>\n<p><strong>CARACT\u00c9RISTIQUES<\/strong><\/p>\n<ul>\n<li>Placez les brochettes sur une des trois hauteurs du support pour plus de place sur la grille de cuisson<\/li>\n<li>Ensemble comprenant une grille elevations en acier inoxydable et huit brochettes<\/li>\n<li>\u00c9largissez vos possibilit\u00e9s en ajoutant plus de brochettes, un panier de cuisson et une grille additionnelle (vendus s\u00e9par\u00e9ment<\/li>\n<li>Mat\u00e9riau : acier inoxydable<\/li>\n<li>Passe au lave-vaisselle<\/li>\n<\/ul>\n<p>&nbsp;<\/p>\n","protected":false},"excerpt":{"rendered":"<p>7615<\/p>\n","protected":false},"featured_media":3750,"template":"","meta":[],"product_cat":[166],"product_tag":[84],"yoast_head":"<!-- This site is optimized with the Yoast SEO plugin v18.2 - https:\/\/yoast.com\/wordpress\/plugins\/seo\/ -->\n<title>Syst\u00e8me de cuisson \u00e0 \u00e9tages Weber ETGS - Grills et Saveurs<\/title>\n<meta name=\"description\" content=\"Ce syst\u00e8me augmente la capacit\u00e9 et l\u2019efficacit\u00e9 de votre barbecue en \u00e9levant les aliments, tels que les brochettes, l\u00e9gumes et pilons...\" \/>\n<meta name=\"robots\" content=\"index, follow, max-snippet:-1, max-image-preview:large, max-video-preview:-1\" \/>\n<link rel=\"canonical\" href=\"https:\/\/www.grills-saveurs.ch\/fr\/produit\/weber-etgs-grille-et-set-de-brochettes\/\" \/>\n<meta property=\"og:locale\" content=\"fr_FR\" \/>\n<meta property=\"og:type\" content=\"article\" \/>\n<meta property=\"og:title\" content=\"Syst\u00e8me de cuisson \u00e0 \u00e9tages Weber ETGS - Grills et Saveurs\" \/>\n<meta property=\"og:description\" content=\"Ce syst\u00e8me augmente la capacit\u00e9 et l\u2019efficacit\u00e9 de votre barbecue en \u00e9levant les aliments, tels que les brochettes, l\u00e9gumes et pilons...\" \/>\n<meta property=\"og:url\" content=\"https:\/\/www.grills-saveurs.ch\/fr\/produit\/weber-etgs-grille-et-set-de-brochettes\/\" \/>\n<meta property=\"og:site_name\" content=\"Grills et Saveurs\" \/>\n<meta property=\"article:modified_time\" content=\"2024-03-25T21:11:36+00:00\" \/>\n<meta property=\"og:image\" content=\"https:\/\/www.grills-saveurs.ch\/fr\/wp-content\/uploads\/2019\/03\/7615-Syst\u00e8me-de-cuisson-\u00e0-\u00e9tages-Weber-ETGS.png\" \/>\n\t<meta property=\"og:image:width\" content=\"1000\" \/>\n\t<meta property=\"og:image:height\" content=\"950\" \/>\n\t<meta property=\"og:image:type\" content=\"image\/png\" \/>\n<meta name=\"twitter:card\" content=\"summary_large_image\" \/>\n<meta name=\"twitter:label1\" content=\"Dur\u00e9e de lecture estim\u00e9e\" \/>\n\t<meta name=\"twitter:data1\" content=\"1 minute\" \/>\n<script type=\"application\/ld+json\" class=\"yoast-schema-graph\">{\"@context\":\"https:\/\/schema.org\",\"@graph\":[{\"@type\":\"WebSite\",\"@id\":\"https:\/\/www.grills-saveurs.ch\/fr\/#website\",\"url\":\"https:\/\/www.grills-saveurs.ch\/fr\/\",\"name\":\"Grills et Saveurs\",\"description\":\"Barbecues, Grills, Planchas, Chemin\u00e9es jardin - Lausanne, Suisse Romande\",\"potentialAction\":[{\"@type\":\"SearchAction\",\"target\":{\"@type\":\"EntryPoint\",\"urlTemplate\":\"https:\/\/www.grills-saveurs.ch\/fr\/?s={search_term_string}\"},\"query-input\":\"required name=search_term_string\"}],\"inLanguage\":\"fr-FR\"},{\"@type\":\"ImageObject\",\"@id\":\"https:\/\/www.grills-saveurs.ch\/fr\/produit\/weber-etgs-grille-et-set-de-brochettes\/#primaryimage\",\"inLanguage\":\"fr-FR\",\"url\":\"https:\/\/www.grills-saveurs.ch\/fr\/wp-content\/uploads\/2019\/03\/7615-Syst\u00e8me-de-cuisson-\u00e0-\u00e9tages-Weber-ETGS.png\",\"contentUrl\":\"https:\/\/www.grills-saveurs.ch\/fr\/wp-content\/uploads\/2019\/03\/7615-Syst\u00e8me-de-cuisson-\u00e0-\u00e9tages-Weber-ETGS.png\",\"width\":1000,\"height\":950,\"caption\":\"7615 Syst\u00e8me de cuisson \u00e0 \u00e9tages Weber ETGS\"},{\"@type\":\"WebPage\",\"@id\":\"https:\/\/www.grills-saveurs.ch\/fr\/produit\/weber-etgs-grille-et-set-de-brochettes\/#webpage\",\"url\":\"https:\/\/www.grills-saveurs.ch\/fr\/produit\/weber-etgs-grille-et-set-de-brochettes\/\",\"name\":\"Syst\u00e8me de cuisson \u00e0 \u00e9tages Weber ETGS - Grills et Saveurs\",\"isPartOf\":{\"@id\":\"https:\/\/www.grills-saveurs.ch\/fr\/#website\"},\"primaryImageOfPage\":{\"@id\":\"https:\/\/www.grills-saveurs.ch\/fr\/produit\/weber-etgs-grille-et-set-de-brochettes\/#primaryimage\"},\"datePublished\":\"2019-03-07T08:01:30+00:00\",\"dateModified\":\"2024-03-25T21:11:36+00:00\",\"description\":\"Ce syst\u00e8me augmente la capacit\u00e9 et l\u2019efficacit\u00e9 de votre barbecue en \u00e9levant les aliments, tels que les brochettes, l\u00e9gumes et pilons...\",\"breadcrumb\":{\"@id\":\"https:\/\/www.grills-saveurs.ch\/fr\/produit\/weber-etgs-grille-et-set-de-brochettes\/#breadcrumb\"},\"inLanguage\":\"fr-FR\",\"potentialAction\":[{\"@type\":\"ReadAction\",\"target\":[\"https:\/\/www.grills-saveurs.ch\/fr\/produit\/weber-etgs-grille-et-set-de-brochettes\/\"]}]},{\"@type\":\"BreadcrumbList\",\"@id\":\"https:\/\/www.grills-saveurs.ch\/fr\/produit\/weber-etgs-grille-et-set-de-brochettes\/#breadcrumb\",\"itemListElement\":[{\"@type\":\"ListItem\",\"position\":1,\"name\":\"Accueil\",\"item\":\"https:\/\/www.grills-saveurs.ch\/fr\/\"},{\"@type\":\"ListItem\",\"position\":2,\"name\":\"Shop \/ Boutique\",\"item\":\"https:\/\/www.grills-saveurs.ch\/fr\/boutique\/\"},{\"@type\":\"ListItem\",\"position\":3,\"name\":\"Syst\u00e8me de cuisson \u00e0 \u00e9tages Weber ETGS\"}]}]}<\/script>\n<!-- \/ Yoast SEO plugin. -->","yoast_head_json":{"title":"Syst\u00e8me de cuisson \u00e0 \u00e9tages Weber ETGS - Grills et Saveurs","description":"Ce syst\u00e8me augmente la capacit\u00e9 et l\u2019efficacit\u00e9 de votre barbecue en \u00e9levant les aliments, tels que les brochettes, l\u00e9gumes et pilons...","robots":{"index":"index","follow":"follow","max-snippet":"max-snippet:-1","max-image-preview":"max-image-preview:large","max-video-preview":"max-video-preview:-1"},"canonical":"https:\/\/www.grills-saveurs.ch\/fr\/produit\/weber-etgs-grille-et-set-de-brochettes\/","og_locale":"fr_FR","og_type":"article","og_title":"Syst\u00e8me de cuisson \u00e0 \u00e9tages Weber ETGS - Grills et Saveurs","og_description":"Ce syst\u00e8me augmente la capacit\u00e9 et l\u2019efficacit\u00e9 de votre barbecue en \u00e9levant les aliments, tels que les brochettes, l\u00e9gumes et pilons...","og_url":"https:\/\/www.grills-saveurs.ch\/fr\/produit\/weber-etgs-grille-et-set-de-brochettes\/","og_site_name":"Grills et Saveurs","article_modified_time":"2024-03-25T21:11:36+00:00","og_image":[{"width":1000,"height":950,"url":"https:\/\/www.grills-saveurs.ch\/fr\/wp-content\/uploads\/2019\/03\/7615-Syst\u00e8me-de-cuisson-\u00e0-\u00e9tages-Weber-ETGS.png","type":"image\/png"}],"twitter_card":"summary_large_image","twitter_misc":{"Dur\u00e9e de lecture estim\u00e9e":"1 minute"},"schema":{"@context":"https:\/\/schema.org","@graph":[{"@type":"WebSite","@id":"https:\/\/www.grills-saveurs.ch\/fr\/#website","url":"https:\/\/www.grills-saveurs.ch\/fr\/","name":"Grills et Saveurs","description":"Barbecues, Grills, Planchas, Chemin\u00e9es jardin - Lausanne, Suisse Romande","potentialAction":[{"@type":"SearchAction","target":{"@type":"EntryPoint","urlTemplate":"https:\/\/www.grills-saveurs.ch\/fr\/?s={search_term_string}"},"query-input":"required name=search_term_string"}],"inLanguage":"fr-FR"},{"@type":"ImageObject","@id":"https:\/\/www.grills-saveurs.ch\/fr\/produit\/weber-etgs-grille-et-set-de-brochettes\/#primaryimage","inLanguage":"fr-FR","url":"https:\/\/www.grills-saveurs.ch\/fr\/wp-content\/uploads\/2019\/03\/7615-Syst\u00e8me-de-cuisson-\u00e0-\u00e9tages-Weber-ETGS.png","contentUrl":"https:\/\/www.grills-saveurs.ch\/fr\/wp-content\/uploads\/2019\/03\/7615-Syst\u00e8me-de-cuisson-\u00e0-\u00e9tages-Weber-ETGS.png","width":1000,"height":950,"caption":"7615 Syst\u00e8me de cuisson \u00e0 \u00e9tages Weber ETGS"},{"@type":"WebPage","@id":"https:\/\/www.grills-saveurs.ch\/fr\/produit\/weber-etgs-grille-et-set-de-brochettes\/#webpage","url":"https:\/\/www.grills-saveurs.ch\/fr\/produit\/weber-etgs-grille-et-set-de-brochettes\/","name":"Syst\u00e8me de cuisson \u00e0 \u00e9tages Weber ETGS - Grills et Saveurs","isPartOf":{"@id":"https:\/\/www.grills-saveurs.ch\/fr\/#website"},"primaryImageOfPage":{"@id":"https:\/\/www.grills-saveurs.ch\/fr\/produit\/weber-etgs-grille-et-set-de-brochettes\/#primaryimage"},"datePublished":"2019-03-07T08:01:30+00:00","dateModified":"2024-03-25T21:11:36+00:00","description":"Ce syst\u00e8me augmente la capacit\u00e9 et l\u2019efficacit\u00e9 de votre barbecue en \u00e9levant les aliments, tels que les brochettes, l\u00e9gumes et pilons...","breadcrumb":{"@id":"https:\/\/www.grills-saveurs.ch\/fr\/produit\/weber-etgs-grille-et-set-de-brochettes\/#breadcrumb"},"inLanguage":"fr-FR","potentialAction":[{"@type":"ReadAction","target":["https:\/\/www.grills-saveurs.ch\/fr\/produit\/weber-etgs-grille-et-set-de-brochettes\/"]}]},{"@type":"BreadcrumbList","@id":"https:\/\/www.grills-saveurs.ch\/fr\/produit\/weber-etgs-grille-et-set-de-brochettes\/#breadcrumb","itemListElement":[{"@type":"ListItem","position":1,"name":"Accueil","item":"https:\/\/www.grills-saveurs.ch\/fr\/"},{"@type":"ListItem","position":2,"name":"Shop \/ Boutique","item":"https:\/\/www.grills-saveurs.ch\/fr\/boutique\/"},{"@type":"ListItem","position":3,"name":"Syst\u00e8me de cuisson \u00e0 \u00e9tages Weber ETGS"}]}]}},"_links":{"self":[{"href":"https:\/\/www.grills-saveurs.ch\/fr\/wp-json\/wp\/v2\/product\/1827"}],"collection":[{"href":"https:\/\/www.grills-saveurs.ch\/fr\/wp-json\/wp\/v2\/product"}],"about":[{"href":"https:\/\/www.grills-saveurs.ch\/fr\/wp-json\/wp\/v2\/types\/product"}],"wp:featuredmedia":[{"embeddable":true,"href":"https:\/\/www.grills-saveurs.ch\/fr\/wp-json\/wp\/v2\/media\/3750"}],"wp:attachment":[{"href":"https:\/\/www.grills-saveurs.ch\/fr\/wp-json\/wp\/v2\/media?parent=1827"}],"wp:term":[{"taxonomy":"product_cat","embeddable":true,"href":"https:\/\/www.grills-saveurs.ch\/fr\/wp-json\/wp\/v2\/product_cat?post=1827"},{"taxonomy":"product_tag","embeddable":true,"href":"https:\/\/www.grills-saveurs.ch\/fr\/wp-json\/wp\/v2\/product_tag?post=1827"}],"curies":[{"name":"wp","href":"https:\/\/api.w.org\/{rel}","templated":true}]}}