{"id":1828,"date":"2019-03-07T09:01:30","date_gmt":"2019-03-07T08:01:30","guid":{"rendered":"https:\/\/www.grills-saveurs.ch\/fr\/produit\/weber-etgs-corbeille-de-cuisson-avec-support\/"},"modified":"2024-03-21T14:49:41","modified_gmt":"2024-03-21T13:49:41","slug":"weber-etgs-corbeille-de-cuisson-avec-support","status":"publish","type":"product","link":"https:\/\/www.grills-saveurs.ch\/fr\/produit\/weber-etgs-corbeille-de-cuisson-avec-support\/","title":{"rendered":"Corbeille de cuisson avec support Weber ETGS"},"content":{"rendered":"<p>Faites cuire vos l\u00e9gumes parfaitement assaisonn\u00e9s ou de petites pi\u00e8ces de viande dans l\u2019ensemble panier de cuisson Elevations, tandis que le plat principal grille en-dessous. Pour augmenter la capacit\u00e9 de cuisson, le panier se fixe dans un cadre m\u00e9tallique compatible avec le syst\u00e8me de cuisson \u00e0 \u00e9tages.<\/p>\n<p><strong>CARACT\u00c9RISTIQUES<\/strong><\/p>\n<ul>\n<li>Cadre du panier qui s\u2019accroche au syst\u00e8me de cuisson \u00e0 \u00e9tages Elevations pour plus de capacit\u00e9 de cuisson<\/li>\n<li>Id\u00e9al pour les l\u00e9gumes et petites pi\u00e8ces de viande<\/li>\n<li>Panier pouvant \u00e9galement \u00eatre utilis\u00e9 de fa\u00e7on autonome sur la grille de cuisson<\/li>\n<li>Mat\u00e9riau : acier inoxydable<\/li>\n<li>Passe au lave-vaisselle<\/li>\n<\/ul>\n","protected":false},"excerpt":{"rendered":"<p>7616<\/p>\n","protected":false},"featured_media":3752,"template":"","meta":[],"product_cat":[166],"product_tag":[84],"yoast_head":"<!-- This site is optimized with the Yoast SEO plugin v18.2 - https:\/\/yoast.com\/wordpress\/plugins\/seo\/ -->\n<title>Corbeille de cuisson avec support Weber ETGS - Grills et Saveurs<\/title>\n<meta name=\"description\" content=\"Pour augmenter la capacit\u00e9 de cuisson, le panier se fixe dans un cadre m\u00e9tallique compatible avec le syst\u00e8me de cuisson \u00e0 \u00e9tages.\" \/>\n<meta name=\"robots\" content=\"index, follow, max-snippet:-1, max-image-preview:large, max-video-preview:-1\" \/>\n<link rel=\"canonical\" href=\"https:\/\/www.grills-saveurs.ch\/fr\/produit\/weber-etgs-corbeille-de-cuisson-avec-support\/\" \/>\n<meta property=\"og:locale\" content=\"fr_FR\" \/>\n<meta property=\"og:type\" content=\"article\" \/>\n<meta property=\"og:title\" content=\"Corbeille de cuisson avec support Weber ETGS - Grills et Saveurs\" \/>\n<meta property=\"og:description\" content=\"Pour augmenter la capacit\u00e9 de cuisson, le panier se fixe dans un cadre m\u00e9tallique compatible avec le syst\u00e8me de cuisson \u00e0 \u00e9tages.\" \/>\n<meta property=\"og:url\" content=\"https:\/\/www.grills-saveurs.ch\/fr\/produit\/weber-etgs-corbeille-de-cuisson-avec-support\/\" \/>\n<meta property=\"og:site_name\" content=\"Grills et Saveurs\" \/>\n<meta property=\"article:modified_time\" content=\"2024-03-21T13:49:41+00:00\" \/>\n<meta property=\"og:image\" content=\"https:\/\/www.grills-saveurs.ch\/fr\/wp-content\/uploads\/2019\/03\/7616-Corbeille-de-cuisson-avec-support-Weber-ETGS.png\" \/>\n\t<meta property=\"og:image:width\" content=\"1000\" \/>\n\t<meta property=\"og:image:height\" content=\"950\" \/>\n\t<meta property=\"og:image:type\" content=\"image\/png\" \/>\n<meta name=\"twitter:card\" content=\"summary_large_image\" \/>\n<meta name=\"twitter:label1\" content=\"Dur\u00e9e de lecture estim\u00e9e\" \/>\n\t<meta name=\"twitter:data1\" content=\"1 minute\" \/>\n<script type=\"application\/ld+json\" class=\"yoast-schema-graph\">{\"@context\":\"https:\/\/schema.org\",\"@graph\":[{\"@type\":\"WebSite\",\"@id\":\"https:\/\/www.grills-saveurs.ch\/fr\/#website\",\"url\":\"https:\/\/www.grills-saveurs.ch\/fr\/\",\"name\":\"Grills et Saveurs\",\"description\":\"Barbecues, Grills, Planchas, Chemin\u00e9es jardin - Lausanne, Suisse Romande\",\"potentialAction\":[{\"@type\":\"SearchAction\",\"target\":{\"@type\":\"EntryPoint\",\"urlTemplate\":\"https:\/\/www.grills-saveurs.ch\/fr\/?s={search_term_string}\"},\"query-input\":\"required name=search_term_string\"}],\"inLanguage\":\"fr-FR\"},{\"@type\":\"ImageObject\",\"@id\":\"https:\/\/www.grills-saveurs.ch\/fr\/produit\/weber-etgs-corbeille-de-cuisson-avec-support\/#primaryimage\",\"inLanguage\":\"fr-FR\",\"url\":\"https:\/\/www.grills-saveurs.ch\/fr\/wp-content\/uploads\/2019\/03\/7616-Corbeille-de-cuisson-avec-support-Weber-ETGS.png\",\"contentUrl\":\"https:\/\/www.grills-saveurs.ch\/fr\/wp-content\/uploads\/2019\/03\/7616-Corbeille-de-cuisson-avec-support-Weber-ETGS.png\",\"width\":1000,\"height\":950,\"caption\":\"7616 Corbeille de cuisson avec support Weber ETGS\"},{\"@type\":\"WebPage\",\"@id\":\"https:\/\/www.grills-saveurs.ch\/fr\/produit\/weber-etgs-corbeille-de-cuisson-avec-support\/#webpage\",\"url\":\"https:\/\/www.grills-saveurs.ch\/fr\/produit\/weber-etgs-corbeille-de-cuisson-avec-support\/\",\"name\":\"Corbeille de cuisson avec support Weber ETGS - Grills et Saveurs\",\"isPartOf\":{\"@id\":\"https:\/\/www.grills-saveurs.ch\/fr\/#website\"},\"primaryImageOfPage\":{\"@id\":\"https:\/\/www.grills-saveurs.ch\/fr\/produit\/weber-etgs-corbeille-de-cuisson-avec-support\/#primaryimage\"},\"datePublished\":\"2019-03-07T08:01:30+00:00\",\"dateModified\":\"2024-03-21T13:49:41+00:00\",\"description\":\"Pour augmenter la capacit\u00e9 de cuisson, le panier se fixe dans un cadre m\u00e9tallique compatible avec le syst\u00e8me de cuisson \u00e0 \u00e9tages.\",\"breadcrumb\":{\"@id\":\"https:\/\/www.grills-saveurs.ch\/fr\/produit\/weber-etgs-corbeille-de-cuisson-avec-support\/#breadcrumb\"},\"inLanguage\":\"fr-FR\",\"potentialAction\":[{\"@type\":\"ReadAction\",\"target\":[\"https:\/\/www.grills-saveurs.ch\/fr\/produit\/weber-etgs-corbeille-de-cuisson-avec-support\/\"]}]},{\"@type\":\"BreadcrumbList\",\"@id\":\"https:\/\/www.grills-saveurs.ch\/fr\/produit\/weber-etgs-corbeille-de-cuisson-avec-support\/#breadcrumb\",\"itemListElement\":[{\"@type\":\"ListItem\",\"position\":1,\"name\":\"Accueil\",\"item\":\"https:\/\/www.grills-saveurs.ch\/fr\/\"},{\"@type\":\"ListItem\",\"position\":2,\"name\":\"Shop \/ Boutique\",\"item\":\"https:\/\/www.grills-saveurs.ch\/fr\/boutique\/\"},{\"@type\":\"ListItem\",\"position\":3,\"name\":\"Corbeille de cuisson avec support Weber ETGS\"}]}]}<\/script>\n<!-- \/ Yoast SEO plugin. -->","yoast_head_json":{"title":"Corbeille de cuisson avec support Weber ETGS - Grills et Saveurs","description":"Pour augmenter la capacit\u00e9 de cuisson, le panier se fixe dans un cadre m\u00e9tallique compatible avec le syst\u00e8me de cuisson \u00e0 \u00e9tages.","robots":{"index":"index","follow":"follow","max-snippet":"max-snippet:-1","max-image-preview":"max-image-preview:large","max-video-preview":"max-video-preview:-1"},"canonical":"https:\/\/www.grills-saveurs.ch\/fr\/produit\/weber-etgs-corbeille-de-cuisson-avec-support\/","og_locale":"fr_FR","og_type":"article","og_title":"Corbeille de cuisson avec support Weber ETGS - Grills et Saveurs","og_description":"Pour augmenter la capacit\u00e9 de cuisson, le panier se fixe dans un cadre m\u00e9tallique compatible avec le syst\u00e8me de cuisson \u00e0 \u00e9tages.","og_url":"https:\/\/www.grills-saveurs.ch\/fr\/produit\/weber-etgs-corbeille-de-cuisson-avec-support\/","og_site_name":"Grills et Saveurs","article_modified_time":"2024-03-21T13:49:41+00:00","og_image":[{"width":1000,"height":950,"url":"https:\/\/www.grills-saveurs.ch\/fr\/wp-content\/uploads\/2019\/03\/7616-Corbeille-de-cuisson-avec-support-Weber-ETGS.png","type":"image\/png"}],"twitter_card":"summary_large_image","twitter_misc":{"Dur\u00e9e de lecture estim\u00e9e":"1 minute"},"schema":{"@context":"https:\/\/schema.org","@graph":[{"@type":"WebSite","@id":"https:\/\/www.grills-saveurs.ch\/fr\/#website","url":"https:\/\/www.grills-saveurs.ch\/fr\/","name":"Grills et Saveurs","description":"Barbecues, Grills, Planchas, Chemin\u00e9es jardin - Lausanne, Suisse Romande","potentialAction":[{"@type":"SearchAction","target":{"@type":"EntryPoint","urlTemplate":"https:\/\/www.grills-saveurs.ch\/fr\/?s={search_term_string}"},"query-input":"required name=search_term_string"}],"inLanguage":"fr-FR"},{"@type":"ImageObject","@id":"https:\/\/www.grills-saveurs.ch\/fr\/produit\/weber-etgs-corbeille-de-cuisson-avec-support\/#primaryimage","inLanguage":"fr-FR","url":"https:\/\/www.grills-saveurs.ch\/fr\/wp-content\/uploads\/2019\/03\/7616-Corbeille-de-cuisson-avec-support-Weber-ETGS.png","contentUrl":"https:\/\/www.grills-saveurs.ch\/fr\/wp-content\/uploads\/2019\/03\/7616-Corbeille-de-cuisson-avec-support-Weber-ETGS.png","width":1000,"height":950,"caption":"7616 Corbeille de cuisson avec support Weber ETGS"},{"@type":"WebPage","@id":"https:\/\/www.grills-saveurs.ch\/fr\/produit\/weber-etgs-corbeille-de-cuisson-avec-support\/#webpage","url":"https:\/\/www.grills-saveurs.ch\/fr\/produit\/weber-etgs-corbeille-de-cuisson-avec-support\/","name":"Corbeille de cuisson avec support Weber ETGS - Grills et Saveurs","isPartOf":{"@id":"https:\/\/www.grills-saveurs.ch\/fr\/#website"},"primaryImageOfPage":{"@id":"https:\/\/www.grills-saveurs.ch\/fr\/produit\/weber-etgs-corbeille-de-cuisson-avec-support\/#primaryimage"},"datePublished":"2019-03-07T08:01:30+00:00","dateModified":"2024-03-21T13:49:41+00:00","description":"Pour augmenter la capacit\u00e9 de cuisson, le panier se fixe dans un cadre m\u00e9tallique compatible avec le syst\u00e8me de cuisson \u00e0 \u00e9tages.","breadcrumb":{"@id":"https:\/\/www.grills-saveurs.ch\/fr\/produit\/weber-etgs-corbeille-de-cuisson-avec-support\/#breadcrumb"},"inLanguage":"fr-FR","potentialAction":[{"@type":"ReadAction","target":["https:\/\/www.grills-saveurs.ch\/fr\/produit\/weber-etgs-corbeille-de-cuisson-avec-support\/"]}]},{"@type":"BreadcrumbList","@id":"https:\/\/www.grills-saveurs.ch\/fr\/produit\/weber-etgs-corbeille-de-cuisson-avec-support\/#breadcrumb","itemListElement":[{"@type":"ListItem","position":1,"name":"Accueil","item":"https:\/\/www.grills-saveurs.ch\/fr\/"},{"@type":"ListItem","position":2,"name":"Shop \/ Boutique","item":"https:\/\/www.grills-saveurs.ch\/fr\/boutique\/"},{"@type":"ListItem","position":3,"name":"Corbeille de cuisson avec support Weber ETGS"}]}]}},"_links":{"self":[{"href":"https:\/\/www.grills-saveurs.ch\/fr\/wp-json\/wp\/v2\/product\/1828"}],"collection":[{"href":"https:\/\/www.grills-saveurs.ch\/fr\/wp-json\/wp\/v2\/product"}],"about":[{"href":"https:\/\/www.grills-saveurs.ch\/fr\/wp-json\/wp\/v2\/types\/product"}],"wp:featuredmedia":[{"embeddable":true,"href":"https:\/\/www.grills-saveurs.ch\/fr\/wp-json\/wp\/v2\/media\/3752"}],"wp:attachment":[{"href":"https:\/\/www.grills-saveurs.ch\/fr\/wp-json\/wp\/v2\/media?parent=1828"}],"wp:term":[{"taxonomy":"product_cat","embeddable":true,"href":"https:\/\/www.grills-saveurs.ch\/fr\/wp-json\/wp\/v2\/product_cat?post=1828"},{"taxonomy":"product_tag","embeddable":true,"href":"https:\/\/www.grills-saveurs.ch\/fr\/wp-json\/wp\/v2\/product_tag?post=1828"}],"curies":[{"name":"wp","href":"https:\/\/api.w.org\/{rel}","templated":true}]}}