{"id":1829,"date":"2019-03-07T09:01:30","date_gmt":"2019-03-07T08:01:30","guid":{"rendered":"https:\/\/www.grills-saveurs.ch\/fr\/produit\/set-de-brochettes-etgs-weber\/"},"modified":"2024-03-21T14:48:06","modified_gmt":"2024-03-21T13:48:06","slug":"set-de-brochettes-etgs-weber","status":"publish","type":"product","link":"https:\/\/www.grills-saveurs.ch\/fr\/produit\/set-de-brochettes-etgs-weber\/","title":{"rendered":"Set de 4 brochettes ETGS Weber"},"content":{"rendered":"<p>Essayez-vous \u00e0 la pr\u00e9paration d\u2019amuse-bouche ou de crevettes, ananas et l\u00e9gumes grill\u00e9s pour l\u2019accompagnement, tandis que le plat principal cuit en dessous. Les brochettes s\u2019int\u00e8grent au syst\u00e8me de cuisson \u00e0 \u00e9tages, qui les \u00e9l\u00e8ve directement au-dessus des grilles de cuisson, de sorte que tout votre repas soit pr\u00eat \u00e0 \u00eatre servi quand vous passez \u00e0 table.<\/p>\n<p><strong>CARACT\u00c9RISTIQUES<\/strong><\/p>\n<ul>\n<li>Set de 4 brochettes qui s\u2019accrochent au syst\u00e8me de cuisson \u00e0 \u00e9tages Elevations pour plus de capacit\u00e9 de cuisson<\/li>\n<li>Ensemble comprenant quatre brochettes en acier inoxydable<\/li>\n<li>Mat\u00e9riau : acier inoxydable<\/li>\n<li>Passe au lave-vaisselle<\/li>\n<\/ul>\n","protected":false},"excerpt":{"rendered":"<p>7618<\/p>\n","protected":false},"featured_media":3754,"template":"","meta":[],"product_cat":[166],"product_tag":[84],"yoast_head":"<!-- This site is optimized with the Yoast SEO plugin v18.2 - https:\/\/yoast.com\/wordpress\/plugins\/seo\/ -->\n<title>Set de 4 brochettes ETGS Weber - Grills et Saveurs<\/title>\n<meta name=\"description\" content=\"Les brochettes s\u2019int\u00e8grent au syst\u00e8me de cuisson \u00e0 \u00e9tages, qui les \u00e9l\u00e8ve directement au-dessus des grilles de cuisson.\" \/>\n<meta name=\"robots\" content=\"index, follow, max-snippet:-1, max-image-preview:large, max-video-preview:-1\" \/>\n<link rel=\"canonical\" href=\"https:\/\/www.grills-saveurs.ch\/fr\/produit\/set-de-brochettes-etgs-weber\/\" \/>\n<meta property=\"og:locale\" content=\"fr_FR\" \/>\n<meta property=\"og:type\" content=\"article\" \/>\n<meta property=\"og:title\" content=\"Set de 4 brochettes ETGS Weber - Grills et Saveurs\" \/>\n<meta property=\"og:description\" content=\"Les brochettes s\u2019int\u00e8grent au syst\u00e8me de cuisson \u00e0 \u00e9tages, qui les \u00e9l\u00e8ve directement au-dessus des grilles de cuisson.\" \/>\n<meta property=\"og:url\" content=\"https:\/\/www.grills-saveurs.ch\/fr\/produit\/set-de-brochettes-etgs-weber\/\" \/>\n<meta property=\"og:site_name\" content=\"Grills et Saveurs\" \/>\n<meta property=\"article:modified_time\" content=\"2024-03-21T13:48:06+00:00\" \/>\n<meta property=\"og:image\" content=\"https:\/\/www.grills-saveurs.ch\/fr\/wp-content\/uploads\/2019\/03\/7618-Set-de-4-brochettes-ETGS-Weber.png\" \/>\n\t<meta property=\"og:image:width\" content=\"1000\" \/>\n\t<meta property=\"og:image:height\" content=\"950\" \/>\n\t<meta property=\"og:image:type\" content=\"image\/png\" \/>\n<meta name=\"twitter:card\" content=\"summary_large_image\" \/>\n<script type=\"application\/ld+json\" class=\"yoast-schema-graph\">{\"@context\":\"https:\/\/schema.org\",\"@graph\":[{\"@type\":\"WebSite\",\"@id\":\"https:\/\/www.grills-saveurs.ch\/fr\/#website\",\"url\":\"https:\/\/www.grills-saveurs.ch\/fr\/\",\"name\":\"Grills et Saveurs\",\"description\":\"Barbecues, Grills, Planchas, Chemin\u00e9es jardin - Lausanne, Suisse Romande\",\"potentialAction\":[{\"@type\":\"SearchAction\",\"target\":{\"@type\":\"EntryPoint\",\"urlTemplate\":\"https:\/\/www.grills-saveurs.ch\/fr\/?s={search_term_string}\"},\"query-input\":\"required name=search_term_string\"}],\"inLanguage\":\"fr-FR\"},{\"@type\":\"ImageObject\",\"@id\":\"https:\/\/www.grills-saveurs.ch\/fr\/produit\/set-de-brochettes-etgs-weber\/#primaryimage\",\"inLanguage\":\"fr-FR\",\"url\":\"https:\/\/www.grills-saveurs.ch\/fr\/wp-content\/uploads\/2019\/03\/7618-Set-de-4-brochettes-ETGS-Weber.png\",\"contentUrl\":\"https:\/\/www.grills-saveurs.ch\/fr\/wp-content\/uploads\/2019\/03\/7618-Set-de-4-brochettes-ETGS-Weber.png\",\"width\":1000,\"height\":950,\"caption\":\"7618 Set de 4 brochettes ETGS Weber\"},{\"@type\":\"WebPage\",\"@id\":\"https:\/\/www.grills-saveurs.ch\/fr\/produit\/set-de-brochettes-etgs-weber\/#webpage\",\"url\":\"https:\/\/www.grills-saveurs.ch\/fr\/produit\/set-de-brochettes-etgs-weber\/\",\"name\":\"Set de 4 brochettes ETGS Weber - Grills et Saveurs\",\"isPartOf\":{\"@id\":\"https:\/\/www.grills-saveurs.ch\/fr\/#website\"},\"primaryImageOfPage\":{\"@id\":\"https:\/\/www.grills-saveurs.ch\/fr\/produit\/set-de-brochettes-etgs-weber\/#primaryimage\"},\"datePublished\":\"2019-03-07T08:01:30+00:00\",\"dateModified\":\"2024-03-21T13:48:06+00:00\",\"description\":\"Les brochettes s\u2019int\u00e8grent au syst\u00e8me de cuisson \u00e0 \u00e9tages, qui les \u00e9l\u00e8ve directement au-dessus des grilles de cuisson.\",\"breadcrumb\":{\"@id\":\"https:\/\/www.grills-saveurs.ch\/fr\/produit\/set-de-brochettes-etgs-weber\/#breadcrumb\"},\"inLanguage\":\"fr-FR\",\"potentialAction\":[{\"@type\":\"ReadAction\",\"target\":[\"https:\/\/www.grills-saveurs.ch\/fr\/produit\/set-de-brochettes-etgs-weber\/\"]}]},{\"@type\":\"BreadcrumbList\",\"@id\":\"https:\/\/www.grills-saveurs.ch\/fr\/produit\/set-de-brochettes-etgs-weber\/#breadcrumb\",\"itemListElement\":[{\"@type\":\"ListItem\",\"position\":1,\"name\":\"Accueil\",\"item\":\"https:\/\/www.grills-saveurs.ch\/fr\/\"},{\"@type\":\"ListItem\",\"position\":2,\"name\":\"Shop \/ Boutique\",\"item\":\"https:\/\/www.grills-saveurs.ch\/fr\/boutique\/\"},{\"@type\":\"ListItem\",\"position\":3,\"name\":\"Set de 4 brochettes ETGS Weber\"}]}]}<\/script>\n<!-- \/ Yoast SEO plugin. -->","yoast_head_json":{"title":"Set de 4 brochettes ETGS Weber - Grills et Saveurs","description":"Les brochettes s\u2019int\u00e8grent au syst\u00e8me de cuisson \u00e0 \u00e9tages, qui les \u00e9l\u00e8ve directement au-dessus des grilles de cuisson.","robots":{"index":"index","follow":"follow","max-snippet":"max-snippet:-1","max-image-preview":"max-image-preview:large","max-video-preview":"max-video-preview:-1"},"canonical":"https:\/\/www.grills-saveurs.ch\/fr\/produit\/set-de-brochettes-etgs-weber\/","og_locale":"fr_FR","og_type":"article","og_title":"Set de 4 brochettes ETGS Weber - Grills et Saveurs","og_description":"Les brochettes s\u2019int\u00e8grent au syst\u00e8me de cuisson \u00e0 \u00e9tages, qui les \u00e9l\u00e8ve directement au-dessus des grilles de cuisson.","og_url":"https:\/\/www.grills-saveurs.ch\/fr\/produit\/set-de-brochettes-etgs-weber\/","og_site_name":"Grills et Saveurs","article_modified_time":"2024-03-21T13:48:06+00:00","og_image":[{"width":1000,"height":950,"url":"https:\/\/www.grills-saveurs.ch\/fr\/wp-content\/uploads\/2019\/03\/7618-Set-de-4-brochettes-ETGS-Weber.png","type":"image\/png"}],"twitter_card":"summary_large_image","schema":{"@context":"https:\/\/schema.org","@graph":[{"@type":"WebSite","@id":"https:\/\/www.grills-saveurs.ch\/fr\/#website","url":"https:\/\/www.grills-saveurs.ch\/fr\/","name":"Grills et Saveurs","description":"Barbecues, Grills, Planchas, Chemin\u00e9es jardin - Lausanne, Suisse Romande","potentialAction":[{"@type":"SearchAction","target":{"@type":"EntryPoint","urlTemplate":"https:\/\/www.grills-saveurs.ch\/fr\/?s={search_term_string}"},"query-input":"required name=search_term_string"}],"inLanguage":"fr-FR"},{"@type":"ImageObject","@id":"https:\/\/www.grills-saveurs.ch\/fr\/produit\/set-de-brochettes-etgs-weber\/#primaryimage","inLanguage":"fr-FR","url":"https:\/\/www.grills-saveurs.ch\/fr\/wp-content\/uploads\/2019\/03\/7618-Set-de-4-brochettes-ETGS-Weber.png","contentUrl":"https:\/\/www.grills-saveurs.ch\/fr\/wp-content\/uploads\/2019\/03\/7618-Set-de-4-brochettes-ETGS-Weber.png","width":1000,"height":950,"caption":"7618 Set de 4 brochettes ETGS Weber"},{"@type":"WebPage","@id":"https:\/\/www.grills-saveurs.ch\/fr\/produit\/set-de-brochettes-etgs-weber\/#webpage","url":"https:\/\/www.grills-saveurs.ch\/fr\/produit\/set-de-brochettes-etgs-weber\/","name":"Set de 4 brochettes ETGS Weber - Grills et Saveurs","isPartOf":{"@id":"https:\/\/www.grills-saveurs.ch\/fr\/#website"},"primaryImageOfPage":{"@id":"https:\/\/www.grills-saveurs.ch\/fr\/produit\/set-de-brochettes-etgs-weber\/#primaryimage"},"datePublished":"2019-03-07T08:01:30+00:00","dateModified":"2024-03-21T13:48:06+00:00","description":"Les brochettes s\u2019int\u00e8grent au syst\u00e8me de cuisson \u00e0 \u00e9tages, qui les \u00e9l\u00e8ve directement au-dessus des grilles de cuisson.","breadcrumb":{"@id":"https:\/\/www.grills-saveurs.ch\/fr\/produit\/set-de-brochettes-etgs-weber\/#breadcrumb"},"inLanguage":"fr-FR","potentialAction":[{"@type":"ReadAction","target":["https:\/\/www.grills-saveurs.ch\/fr\/produit\/set-de-brochettes-etgs-weber\/"]}]},{"@type":"BreadcrumbList","@id":"https:\/\/www.grills-saveurs.ch\/fr\/produit\/set-de-brochettes-etgs-weber\/#breadcrumb","itemListElement":[{"@type":"ListItem","position":1,"name":"Accueil","item":"https:\/\/www.grills-saveurs.ch\/fr\/"},{"@type":"ListItem","position":2,"name":"Shop \/ Boutique","item":"https:\/\/www.grills-saveurs.ch\/fr\/boutique\/"},{"@type":"ListItem","position":3,"name":"Set de 4 brochettes ETGS Weber"}]}]}},"_links":{"self":[{"href":"https:\/\/www.grills-saveurs.ch\/fr\/wp-json\/wp\/v2\/product\/1829"}],"collection":[{"href":"https:\/\/www.grills-saveurs.ch\/fr\/wp-json\/wp\/v2\/product"}],"about":[{"href":"https:\/\/www.grills-saveurs.ch\/fr\/wp-json\/wp\/v2\/types\/product"}],"wp:featuredmedia":[{"embeddable":true,"href":"https:\/\/www.grills-saveurs.ch\/fr\/wp-json\/wp\/v2\/media\/3754"}],"wp:attachment":[{"href":"https:\/\/www.grills-saveurs.ch\/fr\/wp-json\/wp\/v2\/media?parent=1829"}],"wp:term":[{"taxonomy":"product_cat","embeddable":true,"href":"https:\/\/www.grills-saveurs.ch\/fr\/wp-json\/wp\/v2\/product_cat?post=1829"},{"taxonomy":"product_tag","embeddable":true,"href":"https:\/\/www.grills-saveurs.ch\/fr\/wp-json\/wp\/v2\/product_tag?post=1829"}],"curies":[{"name":"wp","href":"https:\/\/api.w.org\/{rel}","templated":true}]}}