{"id":1830,"date":"2019-03-07T09:01:31","date_gmt":"2019-03-07T08:01:31","guid":{"rendered":"https:\/\/www.grills-saveurs.ch\/fr\/produit\/weber-etgs-grille-dextension\/"},"modified":"2024-03-21T14:48:57","modified_gmt":"2024-03-21T13:48:57","slug":"weber-etgs-grille-dextension","status":"publish","type":"product","link":"https:\/\/www.grills-saveurs.ch\/fr\/produit\/weber-etgs-grille-dextension\/","title":{"rendered":"Grille pour syst\u00e8me de cuisson \u00e0 \u00e9tages Weber ETGS"},"content":{"rendered":"<p>Avec la grille additionnelle Elevations, pr\u00e9parez votre entr\u00e9e, vos accompagnements et grillez m\u00eame vos pains, tout en m\u00eame temps. Ce support polyvalent multiplie vos possibilit\u00e9s de cuisson en jouant le r\u00f4le d\u2019une seconde grille, pouvant accueillir jusqu\u2019\u00e0 1,5 kg de viande ou 25 pilons. La grille additionnelle se loge directement dans le syst\u00e8me de cuisson \u00e0 \u00e9tages afin d\u2019augmenter la capacit\u00e9 de cuisson de la grille principale.<\/p>\n<p><strong>CARACT\u00c9RISTIQUES<\/strong><\/p>\n<ul>\n<li>Mat\u00e9riau : acier inoxydable<\/li>\n<li>Passe au lave-vaisselle<\/li>\n<li>Grille qui s\u2019accroche au syst\u00e8me de cuisson \u00e0 \u00e9tages Elevations pour plus de capacit\u00e9 de cuisson<\/li>\n<li>Grille polyvalente, id\u00e9ale pour cuire des pilons, griller des pains et garder d\u2019autres aliments au chaud<\/li>\n<li>Pliable pour un rangement facilit\u00e9<\/li>\n<\/ul>\n<p>&nbsp;<\/p>\n<p>&nbsp;<\/p>\n","protected":false},"excerpt":{"rendered":"<p>7617<\/p>\n","protected":false},"featured_media":3744,"template":"","meta":[],"product_cat":[166],"product_tag":[84],"yoast_head":"<!-- This site is optimized with the Yoast SEO plugin v18.2 - https:\/\/yoast.com\/wordpress\/plugins\/seo\/ -->\n<title>Grille pour syst\u00e8me de cuisson \u00e0 \u00e9tages Weber ETGS - Grills et Saveurs<\/title>\n<meta name=\"description\" content=\"La grille additionnelle se loge directement dans le syst\u00e8me de cuisson \u00e0 \u00e9tages afin d\u2019augmenter la capacit\u00e9 de cuisson de la grille principale.\" \/>\n<meta name=\"robots\" content=\"index, follow, max-snippet:-1, max-image-preview:large, max-video-preview:-1\" \/>\n<link rel=\"canonical\" href=\"https:\/\/www.grills-saveurs.ch\/fr\/produit\/weber-etgs-grille-dextension\/\" \/>\n<meta property=\"og:locale\" content=\"fr_FR\" \/>\n<meta property=\"og:type\" content=\"article\" \/>\n<meta property=\"og:title\" content=\"Grille pour syst\u00e8me de cuisson \u00e0 \u00e9tages Weber ETGS - Grills et Saveurs\" \/>\n<meta property=\"og:description\" content=\"La grille additionnelle se loge directement dans le syst\u00e8me de cuisson \u00e0 \u00e9tages afin d\u2019augmenter la capacit\u00e9 de cuisson de la grille principale.\" \/>\n<meta property=\"og:url\" content=\"https:\/\/www.grills-saveurs.ch\/fr\/produit\/weber-etgs-grille-dextension\/\" \/>\n<meta property=\"og:site_name\" content=\"Grills et Saveurs\" \/>\n<meta property=\"article:modified_time\" content=\"2024-03-21T13:48:57+00:00\" \/>\n<meta property=\"og:image\" content=\"https:\/\/www.grills-saveurs.ch\/fr\/wp-content\/uploads\/2019\/03\/7617-Grille-pour-syst\u00e8me-de-cuisson-\u00e0-\u00e9tages-Weber-ETGS.png\" \/>\n\t<meta property=\"og:image:width\" content=\"1000\" \/>\n\t<meta property=\"og:image:height\" content=\"950\" \/>\n\t<meta property=\"og:image:type\" content=\"image\/png\" \/>\n<meta name=\"twitter:card\" content=\"summary_large_image\" \/>\n<meta name=\"twitter:label1\" content=\"Dur\u00e9e de lecture estim\u00e9e\" \/>\n\t<meta name=\"twitter:data1\" content=\"1 minute\" \/>\n<script type=\"application\/ld+json\" class=\"yoast-schema-graph\">{\"@context\":\"https:\/\/schema.org\",\"@graph\":[{\"@type\":\"WebSite\",\"@id\":\"https:\/\/www.grills-saveurs.ch\/fr\/#website\",\"url\":\"https:\/\/www.grills-saveurs.ch\/fr\/\",\"name\":\"Grills et Saveurs\",\"description\":\"Barbecues, Grills, Planchas, Chemin\u00e9es jardin - Lausanne, Suisse Romande\",\"potentialAction\":[{\"@type\":\"SearchAction\",\"target\":{\"@type\":\"EntryPoint\",\"urlTemplate\":\"https:\/\/www.grills-saveurs.ch\/fr\/?s={search_term_string}\"},\"query-input\":\"required name=search_term_string\"}],\"inLanguage\":\"fr-FR\"},{\"@type\":\"ImageObject\",\"@id\":\"https:\/\/www.grills-saveurs.ch\/fr\/produit\/weber-etgs-grille-dextension\/#primaryimage\",\"inLanguage\":\"fr-FR\",\"url\":\"https:\/\/www.grills-saveurs.ch\/fr\/wp-content\/uploads\/2019\/03\/7617-Grille-pour-syst\u00e8me-de-cuisson-\u00e0-\u00e9tages-Weber-ETGS.png\",\"contentUrl\":\"https:\/\/www.grills-saveurs.ch\/fr\/wp-content\/uploads\/2019\/03\/7617-Grille-pour-syst\u00e8me-de-cuisson-\u00e0-\u00e9tages-Weber-ETGS.png\",\"width\":1000,\"height\":950,\"caption\":\"7617 Grille pour syst\u00e8me de cuisson \u00e0 \u00e9tages Weber ETGS\"},{\"@type\":\"WebPage\",\"@id\":\"https:\/\/www.grills-saveurs.ch\/fr\/produit\/weber-etgs-grille-dextension\/#webpage\",\"url\":\"https:\/\/www.grills-saveurs.ch\/fr\/produit\/weber-etgs-grille-dextension\/\",\"name\":\"Grille pour syst\u00e8me de cuisson \u00e0 \u00e9tages Weber ETGS - Grills et Saveurs\",\"isPartOf\":{\"@id\":\"https:\/\/www.grills-saveurs.ch\/fr\/#website\"},\"primaryImageOfPage\":{\"@id\":\"https:\/\/www.grills-saveurs.ch\/fr\/produit\/weber-etgs-grille-dextension\/#primaryimage\"},\"datePublished\":\"2019-03-07T08:01:31+00:00\",\"dateModified\":\"2024-03-21T13:48:57+00:00\",\"description\":\"La grille additionnelle se loge directement dans le syst\u00e8me de cuisson \u00e0 \u00e9tages afin d\u2019augmenter la capacit\u00e9 de cuisson de la grille principale.\",\"breadcrumb\":{\"@id\":\"https:\/\/www.grills-saveurs.ch\/fr\/produit\/weber-etgs-grille-dextension\/#breadcrumb\"},\"inLanguage\":\"fr-FR\",\"potentialAction\":[{\"@type\":\"ReadAction\",\"target\":[\"https:\/\/www.grills-saveurs.ch\/fr\/produit\/weber-etgs-grille-dextension\/\"]}]},{\"@type\":\"BreadcrumbList\",\"@id\":\"https:\/\/www.grills-saveurs.ch\/fr\/produit\/weber-etgs-grille-dextension\/#breadcrumb\",\"itemListElement\":[{\"@type\":\"ListItem\",\"position\":1,\"name\":\"Accueil\",\"item\":\"https:\/\/www.grills-saveurs.ch\/fr\/\"},{\"@type\":\"ListItem\",\"position\":2,\"name\":\"Shop \/ Boutique\",\"item\":\"https:\/\/www.grills-saveurs.ch\/fr\/boutique\/\"},{\"@type\":\"ListItem\",\"position\":3,\"name\":\"Grille pour syst\u00e8me de cuisson \u00e0 \u00e9tages Weber ETGS\"}]}]}<\/script>\n<!-- \/ Yoast SEO plugin. -->","yoast_head_json":{"title":"Grille pour syst\u00e8me de cuisson \u00e0 \u00e9tages Weber ETGS - Grills et Saveurs","description":"La grille additionnelle se loge directement dans le syst\u00e8me de cuisson \u00e0 \u00e9tages afin d\u2019augmenter la capacit\u00e9 de cuisson de la grille principale.","robots":{"index":"index","follow":"follow","max-snippet":"max-snippet:-1","max-image-preview":"max-image-preview:large","max-video-preview":"max-video-preview:-1"},"canonical":"https:\/\/www.grills-saveurs.ch\/fr\/produit\/weber-etgs-grille-dextension\/","og_locale":"fr_FR","og_type":"article","og_title":"Grille pour syst\u00e8me de cuisson \u00e0 \u00e9tages Weber ETGS - Grills et Saveurs","og_description":"La grille additionnelle se loge directement dans le syst\u00e8me de cuisson \u00e0 \u00e9tages afin d\u2019augmenter la capacit\u00e9 de cuisson de la grille principale.","og_url":"https:\/\/www.grills-saveurs.ch\/fr\/produit\/weber-etgs-grille-dextension\/","og_site_name":"Grills et Saveurs","article_modified_time":"2024-03-21T13:48:57+00:00","og_image":[{"width":1000,"height":950,"url":"https:\/\/www.grills-saveurs.ch\/fr\/wp-content\/uploads\/2019\/03\/7617-Grille-pour-syst\u00e8me-de-cuisson-\u00e0-\u00e9tages-Weber-ETGS.png","type":"image\/png"}],"twitter_card":"summary_large_image","twitter_misc":{"Dur\u00e9e de lecture estim\u00e9e":"1 minute"},"schema":{"@context":"https:\/\/schema.org","@graph":[{"@type":"WebSite","@id":"https:\/\/www.grills-saveurs.ch\/fr\/#website","url":"https:\/\/www.grills-saveurs.ch\/fr\/","name":"Grills et Saveurs","description":"Barbecues, Grills, Planchas, Chemin\u00e9es jardin - Lausanne, Suisse Romande","potentialAction":[{"@type":"SearchAction","target":{"@type":"EntryPoint","urlTemplate":"https:\/\/www.grills-saveurs.ch\/fr\/?s={search_term_string}"},"query-input":"required name=search_term_string"}],"inLanguage":"fr-FR"},{"@type":"ImageObject","@id":"https:\/\/www.grills-saveurs.ch\/fr\/produit\/weber-etgs-grille-dextension\/#primaryimage","inLanguage":"fr-FR","url":"https:\/\/www.grills-saveurs.ch\/fr\/wp-content\/uploads\/2019\/03\/7617-Grille-pour-syst\u00e8me-de-cuisson-\u00e0-\u00e9tages-Weber-ETGS.png","contentUrl":"https:\/\/www.grills-saveurs.ch\/fr\/wp-content\/uploads\/2019\/03\/7617-Grille-pour-syst\u00e8me-de-cuisson-\u00e0-\u00e9tages-Weber-ETGS.png","width":1000,"height":950,"caption":"7617 Grille pour syst\u00e8me de cuisson \u00e0 \u00e9tages Weber ETGS"},{"@type":"WebPage","@id":"https:\/\/www.grills-saveurs.ch\/fr\/produit\/weber-etgs-grille-dextension\/#webpage","url":"https:\/\/www.grills-saveurs.ch\/fr\/produit\/weber-etgs-grille-dextension\/","name":"Grille pour syst\u00e8me de cuisson \u00e0 \u00e9tages Weber ETGS - Grills et Saveurs","isPartOf":{"@id":"https:\/\/www.grills-saveurs.ch\/fr\/#website"},"primaryImageOfPage":{"@id":"https:\/\/www.grills-saveurs.ch\/fr\/produit\/weber-etgs-grille-dextension\/#primaryimage"},"datePublished":"2019-03-07T08:01:31+00:00","dateModified":"2024-03-21T13:48:57+00:00","description":"La grille additionnelle se loge directement dans le syst\u00e8me de cuisson \u00e0 \u00e9tages afin d\u2019augmenter la capacit\u00e9 de cuisson de la grille principale.","breadcrumb":{"@id":"https:\/\/www.grills-saveurs.ch\/fr\/produit\/weber-etgs-grille-dextension\/#breadcrumb"},"inLanguage":"fr-FR","potentialAction":[{"@type":"ReadAction","target":["https:\/\/www.grills-saveurs.ch\/fr\/produit\/weber-etgs-grille-dextension\/"]}]},{"@type":"BreadcrumbList","@id":"https:\/\/www.grills-saveurs.ch\/fr\/produit\/weber-etgs-grille-dextension\/#breadcrumb","itemListElement":[{"@type":"ListItem","position":1,"name":"Accueil","item":"https:\/\/www.grills-saveurs.ch\/fr\/"},{"@type":"ListItem","position":2,"name":"Shop \/ Boutique","item":"https:\/\/www.grills-saveurs.ch\/fr\/boutique\/"},{"@type":"ListItem","position":3,"name":"Grille pour syst\u00e8me de cuisson \u00e0 \u00e9tages Weber ETGS"}]}]}},"_links":{"self":[{"href":"https:\/\/www.grills-saveurs.ch\/fr\/wp-json\/wp\/v2\/product\/1830"}],"collection":[{"href":"https:\/\/www.grills-saveurs.ch\/fr\/wp-json\/wp\/v2\/product"}],"about":[{"href":"https:\/\/www.grills-saveurs.ch\/fr\/wp-json\/wp\/v2\/types\/product"}],"wp:featuredmedia":[{"embeddable":true,"href":"https:\/\/www.grills-saveurs.ch\/fr\/wp-json\/wp\/v2\/media\/3744"}],"wp:attachment":[{"href":"https:\/\/www.grills-saveurs.ch\/fr\/wp-json\/wp\/v2\/media?parent=1830"}],"wp:term":[{"taxonomy":"product_cat","embeddable":true,"href":"https:\/\/www.grills-saveurs.ch\/fr\/wp-json\/wp\/v2\/product_cat?post=1830"},{"taxonomy":"product_tag","embeddable":true,"href":"https:\/\/www.grills-saveurs.ch\/fr\/wp-json\/wp\/v2\/product_tag?post=1830"}],"curies":[{"name":"wp","href":"https:\/\/api.w.org\/{rel}","templated":true}]}}