{"id":1831,"date":"2019-03-07T09:01:31","date_gmt":"2019-03-07T08:01:31","guid":{"rendered":"https:\/\/www.grills-saveurs.ch\/fr\/produit\/brochettes-weber-en-bambou-veritable\/"},"modified":"2024-03-21T14:47:09","modified_gmt":"2024-03-21T13:47:09","slug":"brochettes-weber-en-bambou-veritable","status":"publish","type":"product","link":"https:\/\/www.grills-saveurs.ch\/fr\/produit\/brochettes-weber-en-bambou-veritable\/","title":{"rendered":"Brochettes Weber en bambou"},"content":{"rendered":"<p>Concoctez une brochette unique avec des crevettes, de l\u2019ananas et des poivrons d\u00e9licieux. Dans le m\u00eame temps, faites cuire les brochettes au poulet et au b\u0153uf de vos convives de chaque c\u00f4t\u00e9. Avec ces brochettes jetables en bambou, donnez libre cours \u00e0 votre imagination et aux possibilit\u00e9s de cuisson.<\/p>\n<p>Jeu de 25 brochettes jetables en bambou.<\/p>\n","protected":false},"excerpt":{"rendered":"<p>6608<\/p>\n","protected":false},"featured_media":3742,"template":"","meta":[],"product_cat":[160],"product_tag":[84],"yoast_head":"<!-- This site is optimized with the Yoast SEO plugin v18.2 - https:\/\/yoast.com\/wordpress\/plugins\/seo\/ -->\n<title>Brochettes Weber en bambou - Grills et Saveurs<\/title>\n<meta name=\"description\" content=\"Avec ces brochettes jetables en bambou, donnez libre cours \u00e0 votre imagination et aux possibilit\u00e9s de cuisson pour faires cuire de d\u00e9licieuses brochettes.\" \/>\n<meta name=\"robots\" content=\"index, follow, max-snippet:-1, max-image-preview:large, max-video-preview:-1\" \/>\n<link rel=\"canonical\" href=\"https:\/\/www.grills-saveurs.ch\/fr\/produit\/brochettes-weber-en-bambou-veritable\/\" \/>\n<meta property=\"og:locale\" content=\"fr_FR\" \/>\n<meta property=\"og:type\" content=\"article\" \/>\n<meta property=\"og:title\" content=\"Brochettes Weber en bambou - Grills et Saveurs\" \/>\n<meta property=\"og:description\" content=\"Avec ces brochettes jetables en bambou, donnez libre cours \u00e0 votre imagination et aux possibilit\u00e9s de cuisson pour faires cuire de d\u00e9licieuses brochettes.\" \/>\n<meta property=\"og:url\" content=\"https:\/\/www.grills-saveurs.ch\/fr\/produit\/brochettes-weber-en-bambou-veritable\/\" \/>\n<meta property=\"og:site_name\" content=\"Grills et Saveurs\" \/>\n<meta property=\"article:modified_time\" content=\"2024-03-21T13:47:09+00:00\" \/>\n<meta property=\"og:image\" content=\"https:\/\/www.grills-saveurs.ch\/fr\/wp-content\/uploads\/2019\/03\/6608-Brochettes-Weber-en-bambou.png\" \/>\n\t<meta property=\"og:image:width\" content=\"1000\" \/>\n\t<meta property=\"og:image:height\" content=\"950\" \/>\n\t<meta property=\"og:image:type\" content=\"image\/png\" \/>\n<meta name=\"twitter:card\" content=\"summary_large_image\" \/>\n<script type=\"application\/ld+json\" class=\"yoast-schema-graph\">{\"@context\":\"https:\/\/schema.org\",\"@graph\":[{\"@type\":\"WebSite\",\"@id\":\"https:\/\/www.grills-saveurs.ch\/fr\/#website\",\"url\":\"https:\/\/www.grills-saveurs.ch\/fr\/\",\"name\":\"Grills et Saveurs\",\"description\":\"Barbecues, Grills, Planchas, Chemin\u00e9es jardin - Lausanne, Suisse Romande\",\"potentialAction\":[{\"@type\":\"SearchAction\",\"target\":{\"@type\":\"EntryPoint\",\"urlTemplate\":\"https:\/\/www.grills-saveurs.ch\/fr\/?s={search_term_string}\"},\"query-input\":\"required name=search_term_string\"}],\"inLanguage\":\"fr-FR\"},{\"@type\":\"ImageObject\",\"@id\":\"https:\/\/www.grills-saveurs.ch\/fr\/produit\/brochettes-weber-en-bambou-veritable\/#primaryimage\",\"inLanguage\":\"fr-FR\",\"url\":\"https:\/\/www.grills-saveurs.ch\/fr\/wp-content\/uploads\/2019\/03\/6608-Brochettes-Weber-en-bambou.png\",\"contentUrl\":\"https:\/\/www.grills-saveurs.ch\/fr\/wp-content\/uploads\/2019\/03\/6608-Brochettes-Weber-en-bambou.png\",\"width\":1000,\"height\":950,\"caption\":\"6608 Brochettes Weber en bambou\"},{\"@type\":\"WebPage\",\"@id\":\"https:\/\/www.grills-saveurs.ch\/fr\/produit\/brochettes-weber-en-bambou-veritable\/#webpage\",\"url\":\"https:\/\/www.grills-saveurs.ch\/fr\/produit\/brochettes-weber-en-bambou-veritable\/\",\"name\":\"Brochettes Weber en bambou - Grills et Saveurs\",\"isPartOf\":{\"@id\":\"https:\/\/www.grills-saveurs.ch\/fr\/#website\"},\"primaryImageOfPage\":{\"@id\":\"https:\/\/www.grills-saveurs.ch\/fr\/produit\/brochettes-weber-en-bambou-veritable\/#primaryimage\"},\"datePublished\":\"2019-03-07T08:01:31+00:00\",\"dateModified\":\"2024-03-21T13:47:09+00:00\",\"description\":\"Avec ces brochettes jetables en bambou, donnez libre cours \u00e0 votre imagination et aux possibilit\u00e9s de cuisson pour faires cuire de d\u00e9licieuses brochettes.\",\"breadcrumb\":{\"@id\":\"https:\/\/www.grills-saveurs.ch\/fr\/produit\/brochettes-weber-en-bambou-veritable\/#breadcrumb\"},\"inLanguage\":\"fr-FR\",\"potentialAction\":[{\"@type\":\"ReadAction\",\"target\":[\"https:\/\/www.grills-saveurs.ch\/fr\/produit\/brochettes-weber-en-bambou-veritable\/\"]}]},{\"@type\":\"BreadcrumbList\",\"@id\":\"https:\/\/www.grills-saveurs.ch\/fr\/produit\/brochettes-weber-en-bambou-veritable\/#breadcrumb\",\"itemListElement\":[{\"@type\":\"ListItem\",\"position\":1,\"name\":\"Accueil\",\"item\":\"https:\/\/www.grills-saveurs.ch\/fr\/\"},{\"@type\":\"ListItem\",\"position\":2,\"name\":\"Shop \/ Boutique\",\"item\":\"https:\/\/www.grills-saveurs.ch\/fr\/boutique\/\"},{\"@type\":\"ListItem\",\"position\":3,\"name\":\"Brochettes Weber en bambou\"}]}]}<\/script>\n<!-- \/ Yoast SEO plugin. -->","yoast_head_json":{"title":"Brochettes Weber en bambou - Grills et Saveurs","description":"Avec ces brochettes jetables en bambou, donnez libre cours \u00e0 votre imagination et aux possibilit\u00e9s de cuisson pour faires cuire de d\u00e9licieuses brochettes.","robots":{"index":"index","follow":"follow","max-snippet":"max-snippet:-1","max-image-preview":"max-image-preview:large","max-video-preview":"max-video-preview:-1"},"canonical":"https:\/\/www.grills-saveurs.ch\/fr\/produit\/brochettes-weber-en-bambou-veritable\/","og_locale":"fr_FR","og_type":"article","og_title":"Brochettes Weber en bambou - Grills et Saveurs","og_description":"Avec ces brochettes jetables en bambou, donnez libre cours \u00e0 votre imagination et aux possibilit\u00e9s de cuisson pour faires cuire de d\u00e9licieuses brochettes.","og_url":"https:\/\/www.grills-saveurs.ch\/fr\/produit\/brochettes-weber-en-bambou-veritable\/","og_site_name":"Grills et Saveurs","article_modified_time":"2024-03-21T13:47:09+00:00","og_image":[{"width":1000,"height":950,"url":"https:\/\/www.grills-saveurs.ch\/fr\/wp-content\/uploads\/2019\/03\/6608-Brochettes-Weber-en-bambou.png","type":"image\/png"}],"twitter_card":"summary_large_image","schema":{"@context":"https:\/\/schema.org","@graph":[{"@type":"WebSite","@id":"https:\/\/www.grills-saveurs.ch\/fr\/#website","url":"https:\/\/www.grills-saveurs.ch\/fr\/","name":"Grills et Saveurs","description":"Barbecues, Grills, Planchas, Chemin\u00e9es jardin - Lausanne, Suisse Romande","potentialAction":[{"@type":"SearchAction","target":{"@type":"EntryPoint","urlTemplate":"https:\/\/www.grills-saveurs.ch\/fr\/?s={search_term_string}"},"query-input":"required name=search_term_string"}],"inLanguage":"fr-FR"},{"@type":"ImageObject","@id":"https:\/\/www.grills-saveurs.ch\/fr\/produit\/brochettes-weber-en-bambou-veritable\/#primaryimage","inLanguage":"fr-FR","url":"https:\/\/www.grills-saveurs.ch\/fr\/wp-content\/uploads\/2019\/03\/6608-Brochettes-Weber-en-bambou.png","contentUrl":"https:\/\/www.grills-saveurs.ch\/fr\/wp-content\/uploads\/2019\/03\/6608-Brochettes-Weber-en-bambou.png","width":1000,"height":950,"caption":"6608 Brochettes Weber en bambou"},{"@type":"WebPage","@id":"https:\/\/www.grills-saveurs.ch\/fr\/produit\/brochettes-weber-en-bambou-veritable\/#webpage","url":"https:\/\/www.grills-saveurs.ch\/fr\/produit\/brochettes-weber-en-bambou-veritable\/","name":"Brochettes Weber en bambou - Grills et Saveurs","isPartOf":{"@id":"https:\/\/www.grills-saveurs.ch\/fr\/#website"},"primaryImageOfPage":{"@id":"https:\/\/www.grills-saveurs.ch\/fr\/produit\/brochettes-weber-en-bambou-veritable\/#primaryimage"},"datePublished":"2019-03-07T08:01:31+00:00","dateModified":"2024-03-21T13:47:09+00:00","description":"Avec ces brochettes jetables en bambou, donnez libre cours \u00e0 votre imagination et aux possibilit\u00e9s de cuisson pour faires cuire de d\u00e9licieuses brochettes.","breadcrumb":{"@id":"https:\/\/www.grills-saveurs.ch\/fr\/produit\/brochettes-weber-en-bambou-veritable\/#breadcrumb"},"inLanguage":"fr-FR","potentialAction":[{"@type":"ReadAction","target":["https:\/\/www.grills-saveurs.ch\/fr\/produit\/brochettes-weber-en-bambou-veritable\/"]}]},{"@type":"BreadcrumbList","@id":"https:\/\/www.grills-saveurs.ch\/fr\/produit\/brochettes-weber-en-bambou-veritable\/#breadcrumb","itemListElement":[{"@type":"ListItem","position":1,"name":"Accueil","item":"https:\/\/www.grills-saveurs.ch\/fr\/"},{"@type":"ListItem","position":2,"name":"Shop \/ Boutique","item":"https:\/\/www.grills-saveurs.ch\/fr\/boutique\/"},{"@type":"ListItem","position":3,"name":"Brochettes Weber en bambou"}]}]}},"_links":{"self":[{"href":"https:\/\/www.grills-saveurs.ch\/fr\/wp-json\/wp\/v2\/product\/1831"}],"collection":[{"href":"https:\/\/www.grills-saveurs.ch\/fr\/wp-json\/wp\/v2\/product"}],"about":[{"href":"https:\/\/www.grills-saveurs.ch\/fr\/wp-json\/wp\/v2\/types\/product"}],"wp:featuredmedia":[{"embeddable":true,"href":"https:\/\/www.grills-saveurs.ch\/fr\/wp-json\/wp\/v2\/media\/3742"}],"wp:attachment":[{"href":"https:\/\/www.grills-saveurs.ch\/fr\/wp-json\/wp\/v2\/media?parent=1831"}],"wp:term":[{"taxonomy":"product_cat","embeddable":true,"href":"https:\/\/www.grills-saveurs.ch\/fr\/wp-json\/wp\/v2\/product_cat?post=1831"},{"taxonomy":"product_tag","embeddable":true,"href":"https:\/\/www.grills-saveurs.ch\/fr\/wp-json\/wp\/v2\/product_tag?post=1831"}],"curies":[{"name":"wp","href":"https:\/\/api.w.org\/{rel}","templated":true}]}}