{"id":1833,"date":"2019-03-07T09:01:31","date_gmt":"2019-03-07T08:01:31","guid":{"rendered":"https:\/\/www.grills-saveurs.ch\/fr\/produit\/set-de-brochettes-weber-pour-tourne-broche\/"},"modified":"2024-03-21T10:19:02","modified_gmt":"2024-03-21T09:19:02","slug":"set-de-brochettes-weber-pour-tourne-broche","status":"publish","type":"product","link":"https:\/\/www.grills-saveurs.ch\/fr\/produit\/set-de-brochettes-weber-pour-tourne-broche\/","title":{"rendered":"Brochettes pour tourne-broche Weber"},"content":{"rendered":"<p>Pr\u00e9parez des brochettes de viande ou de l\u00e9gumes en plat principal, des brochettes de fruits pour vos desserts ou encore du pain pour accompagner vos plats en enroulant la p\u00e2te autour de la brochette et en la fixant ensuite sur la r\u00f4tissoire. La rotation de la r\u00f4tissoire permet de cuire toutes vos pr\u00e9parations \u00e0 la perfection, sans que vous n\u2019ayez \u00e0 lever le petit doigt. L\u2019ensemble de brochettes Premium pour r\u00f4tissoire vous permet de cr\u00e9er 12 brochettes de deux longueurs diff\u00e9rentes.<\/p>\n<p><strong>CARACT\u00c9RISTIQUES<\/strong><\/p>\n<ul>\n<li>Mat\u00e9riau : acier inoxydable<\/li>\n<li>Passe au lave-vaisselle<\/li>\n<li>Comprend 12 brochettes (6 courtes et 6 longues)<\/li>\n<li>Compatible : R\u00f4tissoires Weber pour barbecues \u00e0 charbon, barbecues s\u00e9ries Q 1000\/100, 2000\/200, 3000\/300 et grands barbecues \u00e0 gaz<\/li>\n<\/ul>\n","protected":false},"excerpt":{"rendered":"<p>17395<\/p>\n","protected":false},"featured_media":3748,"template":"","meta":[],"product_cat":[161],"product_tag":[84],"yoast_head":"<!-- This site is optimized with the Yoast SEO plugin v18.2 - https:\/\/yoast.com\/wordpress\/plugins\/seo\/ -->\n<title>Brochettes pour tourne-broche Weber - Grills et Saveurs<\/title>\n<meta name=\"description\" content=\"La rotation de la r\u00f4tissoire permet de cuire toutes vos pr\u00e9parations \u00e0 la perfection, sans que vous n\u2019ayez \u00e0 lever le petit doigt.\" \/>\n<meta name=\"robots\" content=\"index, follow, max-snippet:-1, max-image-preview:large, max-video-preview:-1\" \/>\n<link rel=\"canonical\" href=\"https:\/\/www.grills-saveurs.ch\/fr\/produit\/set-de-brochettes-weber-pour-tourne-broche\/\" \/>\n<meta property=\"og:locale\" content=\"fr_FR\" \/>\n<meta property=\"og:type\" content=\"article\" \/>\n<meta property=\"og:title\" content=\"Brochettes pour tourne-broche Weber - Grills et Saveurs\" \/>\n<meta property=\"og:description\" content=\"La rotation de la r\u00f4tissoire permet de cuire toutes vos pr\u00e9parations \u00e0 la perfection, sans que vous n\u2019ayez \u00e0 lever le petit doigt.\" \/>\n<meta property=\"og:url\" content=\"https:\/\/www.grills-saveurs.ch\/fr\/produit\/set-de-brochettes-weber-pour-tourne-broche\/\" \/>\n<meta property=\"og:site_name\" content=\"Grills et Saveurs\" \/>\n<meta property=\"article:modified_time\" content=\"2024-03-21T09:19:02+00:00\" \/>\n<meta property=\"og:image\" content=\"https:\/\/www.grills-saveurs.ch\/fr\/wp-content\/uploads\/2019\/03\/17395-Brochettes-pour-tourne-broche-Weber.png\" \/>\n\t<meta property=\"og:image:width\" content=\"1000\" \/>\n\t<meta property=\"og:image:height\" content=\"950\" \/>\n\t<meta property=\"og:image:type\" content=\"image\/png\" \/>\n<meta name=\"twitter:card\" content=\"summary_large_image\" \/>\n<meta name=\"twitter:label1\" content=\"Dur\u00e9e de lecture estim\u00e9e\" \/>\n\t<meta name=\"twitter:data1\" content=\"1 minute\" \/>\n<script type=\"application\/ld+json\" class=\"yoast-schema-graph\">{\"@context\":\"https:\/\/schema.org\",\"@graph\":[{\"@type\":\"WebSite\",\"@id\":\"https:\/\/www.grills-saveurs.ch\/fr\/#website\",\"url\":\"https:\/\/www.grills-saveurs.ch\/fr\/\",\"name\":\"Grills et Saveurs\",\"description\":\"Barbecues, Grills, Planchas, Chemin\u00e9es jardin - Lausanne, Suisse Romande\",\"potentialAction\":[{\"@type\":\"SearchAction\",\"target\":{\"@type\":\"EntryPoint\",\"urlTemplate\":\"https:\/\/www.grills-saveurs.ch\/fr\/?s={search_term_string}\"},\"query-input\":\"required name=search_term_string\"}],\"inLanguage\":\"fr-FR\"},{\"@type\":\"ImageObject\",\"@id\":\"https:\/\/www.grills-saveurs.ch\/fr\/produit\/set-de-brochettes-weber-pour-tourne-broche\/#primaryimage\",\"inLanguage\":\"fr-FR\",\"url\":\"https:\/\/www.grills-saveurs.ch\/fr\/wp-content\/uploads\/2019\/03\/17395-Brochettes-pour-tourne-broche-Weber.png\",\"contentUrl\":\"https:\/\/www.grills-saveurs.ch\/fr\/wp-content\/uploads\/2019\/03\/17395-Brochettes-pour-tourne-broche-Weber.png\",\"width\":1000,\"height\":950,\"caption\":\"17395 Brochettes pour tourne-broche Weber\"},{\"@type\":\"WebPage\",\"@id\":\"https:\/\/www.grills-saveurs.ch\/fr\/produit\/set-de-brochettes-weber-pour-tourne-broche\/#webpage\",\"url\":\"https:\/\/www.grills-saveurs.ch\/fr\/produit\/set-de-brochettes-weber-pour-tourne-broche\/\",\"name\":\"Brochettes pour tourne-broche Weber - Grills et Saveurs\",\"isPartOf\":{\"@id\":\"https:\/\/www.grills-saveurs.ch\/fr\/#website\"},\"primaryImageOfPage\":{\"@id\":\"https:\/\/www.grills-saveurs.ch\/fr\/produit\/set-de-brochettes-weber-pour-tourne-broche\/#primaryimage\"},\"datePublished\":\"2019-03-07T08:01:31+00:00\",\"dateModified\":\"2024-03-21T09:19:02+00:00\",\"description\":\"La rotation de la r\u00f4tissoire permet de cuire toutes vos pr\u00e9parations \u00e0 la perfection, sans que vous n\u2019ayez \u00e0 lever le petit doigt.\",\"breadcrumb\":{\"@id\":\"https:\/\/www.grills-saveurs.ch\/fr\/produit\/set-de-brochettes-weber-pour-tourne-broche\/#breadcrumb\"},\"inLanguage\":\"fr-FR\",\"potentialAction\":[{\"@type\":\"ReadAction\",\"target\":[\"https:\/\/www.grills-saveurs.ch\/fr\/produit\/set-de-brochettes-weber-pour-tourne-broche\/\"]}]},{\"@type\":\"BreadcrumbList\",\"@id\":\"https:\/\/www.grills-saveurs.ch\/fr\/produit\/set-de-brochettes-weber-pour-tourne-broche\/#breadcrumb\",\"itemListElement\":[{\"@type\":\"ListItem\",\"position\":1,\"name\":\"Accueil\",\"item\":\"https:\/\/www.grills-saveurs.ch\/fr\/\"},{\"@type\":\"ListItem\",\"position\":2,\"name\":\"Shop \/ Boutique\",\"item\":\"https:\/\/www.grills-saveurs.ch\/fr\/boutique\/\"},{\"@type\":\"ListItem\",\"position\":3,\"name\":\"Brochettes pour tourne-broche Weber\"}]}]}<\/script>\n<!-- \/ Yoast SEO plugin. -->","yoast_head_json":{"title":"Brochettes pour tourne-broche Weber - Grills et Saveurs","description":"La rotation de la r\u00f4tissoire permet de cuire toutes vos pr\u00e9parations \u00e0 la perfection, sans que vous n\u2019ayez \u00e0 lever le petit doigt.","robots":{"index":"index","follow":"follow","max-snippet":"max-snippet:-1","max-image-preview":"max-image-preview:large","max-video-preview":"max-video-preview:-1"},"canonical":"https:\/\/www.grills-saveurs.ch\/fr\/produit\/set-de-brochettes-weber-pour-tourne-broche\/","og_locale":"fr_FR","og_type":"article","og_title":"Brochettes pour tourne-broche Weber - Grills et Saveurs","og_description":"La rotation de la r\u00f4tissoire permet de cuire toutes vos pr\u00e9parations \u00e0 la perfection, sans que vous n\u2019ayez \u00e0 lever le petit doigt.","og_url":"https:\/\/www.grills-saveurs.ch\/fr\/produit\/set-de-brochettes-weber-pour-tourne-broche\/","og_site_name":"Grills et Saveurs","article_modified_time":"2024-03-21T09:19:02+00:00","og_image":[{"width":1000,"height":950,"url":"https:\/\/www.grills-saveurs.ch\/fr\/wp-content\/uploads\/2019\/03\/17395-Brochettes-pour-tourne-broche-Weber.png","type":"image\/png"}],"twitter_card":"summary_large_image","twitter_misc":{"Dur\u00e9e de lecture estim\u00e9e":"1 minute"},"schema":{"@context":"https:\/\/schema.org","@graph":[{"@type":"WebSite","@id":"https:\/\/www.grills-saveurs.ch\/fr\/#website","url":"https:\/\/www.grills-saveurs.ch\/fr\/","name":"Grills et Saveurs","description":"Barbecues, Grills, Planchas, Chemin\u00e9es jardin - Lausanne, Suisse Romande","potentialAction":[{"@type":"SearchAction","target":{"@type":"EntryPoint","urlTemplate":"https:\/\/www.grills-saveurs.ch\/fr\/?s={search_term_string}"},"query-input":"required name=search_term_string"}],"inLanguage":"fr-FR"},{"@type":"ImageObject","@id":"https:\/\/www.grills-saveurs.ch\/fr\/produit\/set-de-brochettes-weber-pour-tourne-broche\/#primaryimage","inLanguage":"fr-FR","url":"https:\/\/www.grills-saveurs.ch\/fr\/wp-content\/uploads\/2019\/03\/17395-Brochettes-pour-tourne-broche-Weber.png","contentUrl":"https:\/\/www.grills-saveurs.ch\/fr\/wp-content\/uploads\/2019\/03\/17395-Brochettes-pour-tourne-broche-Weber.png","width":1000,"height":950,"caption":"17395 Brochettes pour tourne-broche Weber"},{"@type":"WebPage","@id":"https:\/\/www.grills-saveurs.ch\/fr\/produit\/set-de-brochettes-weber-pour-tourne-broche\/#webpage","url":"https:\/\/www.grills-saveurs.ch\/fr\/produit\/set-de-brochettes-weber-pour-tourne-broche\/","name":"Brochettes pour tourne-broche Weber - Grills et Saveurs","isPartOf":{"@id":"https:\/\/www.grills-saveurs.ch\/fr\/#website"},"primaryImageOfPage":{"@id":"https:\/\/www.grills-saveurs.ch\/fr\/produit\/set-de-brochettes-weber-pour-tourne-broche\/#primaryimage"},"datePublished":"2019-03-07T08:01:31+00:00","dateModified":"2024-03-21T09:19:02+00:00","description":"La rotation de la r\u00f4tissoire permet de cuire toutes vos pr\u00e9parations \u00e0 la perfection, sans que vous n\u2019ayez \u00e0 lever le petit doigt.","breadcrumb":{"@id":"https:\/\/www.grills-saveurs.ch\/fr\/produit\/set-de-brochettes-weber-pour-tourne-broche\/#breadcrumb"},"inLanguage":"fr-FR","potentialAction":[{"@type":"ReadAction","target":["https:\/\/www.grills-saveurs.ch\/fr\/produit\/set-de-brochettes-weber-pour-tourne-broche\/"]}]},{"@type":"BreadcrumbList","@id":"https:\/\/www.grills-saveurs.ch\/fr\/produit\/set-de-brochettes-weber-pour-tourne-broche\/#breadcrumb","itemListElement":[{"@type":"ListItem","position":1,"name":"Accueil","item":"https:\/\/www.grills-saveurs.ch\/fr\/"},{"@type":"ListItem","position":2,"name":"Shop \/ Boutique","item":"https:\/\/www.grills-saveurs.ch\/fr\/boutique\/"},{"@type":"ListItem","position":3,"name":"Brochettes pour tourne-broche Weber"}]}]}},"_links":{"self":[{"href":"https:\/\/www.grills-saveurs.ch\/fr\/wp-json\/wp\/v2\/product\/1833"}],"collection":[{"href":"https:\/\/www.grills-saveurs.ch\/fr\/wp-json\/wp\/v2\/product"}],"about":[{"href":"https:\/\/www.grills-saveurs.ch\/fr\/wp-json\/wp\/v2\/types\/product"}],"wp:featuredmedia":[{"embeddable":true,"href":"https:\/\/www.grills-saveurs.ch\/fr\/wp-json\/wp\/v2\/media\/3748"}],"wp:attachment":[{"href":"https:\/\/www.grills-saveurs.ch\/fr\/wp-json\/wp\/v2\/media?parent=1833"}],"wp:term":[{"taxonomy":"product_cat","embeddable":true,"href":"https:\/\/www.grills-saveurs.ch\/fr\/wp-json\/wp\/v2\/product_cat?post=1833"},{"taxonomy":"product_tag","embeddable":true,"href":"https:\/\/www.grills-saveurs.ch\/fr\/wp-json\/wp\/v2\/product_tag?post=1833"}],"curies":[{"name":"wp","href":"https:\/\/api.w.org\/{rel}","templated":true}]}}