{"id":1835,"date":"2019-03-07T09:01:32","date_gmt":"2019-03-07T08:01:32","guid":{"rendered":"https:\/\/www.grills-saveurs.ch\/fr\/produit\/tourne-broche-weber-pour-serie-q100-1000\/"},"modified":"2024-03-21T14:22:57","modified_gmt":"2024-03-21T13:22:57","slug":"tourne-broche-weber-pour-serie-q100-1000","status":"publish","type":"product","link":"https:\/\/www.grills-saveurs.ch\/fr\/produit\/tourne-broche-weber-pour-serie-q100-1000\/","title":{"rendered":"Tourne-broche Weber  Q 100 \/ 1000"},"content":{"rendered":"<p>Pour un petit poulet comme pour une dinde enti\u00e8re, le tourne-broche est un accessoire polyvalent. Avec son petit moteur int\u00e9gr\u00e9, votre repas est parfaitement cuit sur tous les c\u00f4t\u00e9s.<\/p>\n<p><strong>CARACT\u00c9RISTIQUES<\/strong><\/p>\n<ul>\n<li>Mat\u00e9riau : acier inoxydable<\/li>\n<li>Convient \u00e0 tous les barbecues \u00e0 gaz de la s\u00e9rie Weber Q 100 &#8211; 1000<\/li>\n<\/ul>\n","protected":false},"excerpt":{"rendered":"<p>420799<\/p>\n","protected":false},"featured_media":3738,"template":"","meta":[],"product_cat":[161],"product_tag":[84],"yoast_head":"<!-- This site is optimized with the Yoast SEO plugin v18.2 - https:\/\/yoast.com\/wordpress\/plugins\/seo\/ -->\n<title>Tourne-broche Weber Q 100 \/ 1000 - Grills et Saveurs<\/title>\n<meta name=\"description\" content=\"Avec son petit moteur int\u00e9gr\u00e9, pour un petit poulet comme pour une dinde enti\u00e8re, le tourne-broche est un accessoire polyvalent.\" \/>\n<meta name=\"robots\" content=\"index, follow, max-snippet:-1, max-image-preview:large, max-video-preview:-1\" \/>\n<link rel=\"canonical\" href=\"https:\/\/www.grills-saveurs.ch\/fr\/produit\/tourne-broche-weber-pour-serie-q100-1000\/\" \/>\n<meta property=\"og:locale\" content=\"fr_FR\" \/>\n<meta property=\"og:type\" content=\"article\" \/>\n<meta property=\"og:title\" content=\"Tourne-broche Weber Q 100 \/ 1000 - Grills et Saveurs\" \/>\n<meta property=\"og:description\" content=\"Avec son petit moteur int\u00e9gr\u00e9, pour un petit poulet comme pour une dinde enti\u00e8re, le tourne-broche est un accessoire polyvalent.\" \/>\n<meta property=\"og:url\" content=\"https:\/\/www.grills-saveurs.ch\/fr\/produit\/tourne-broche-weber-pour-serie-q100-1000\/\" \/>\n<meta property=\"og:site_name\" content=\"Grills et Saveurs\" \/>\n<meta property=\"article:modified_time\" content=\"2024-03-21T13:22:57+00:00\" \/>\n<meta property=\"og:image\" content=\"https:\/\/www.grills-saveurs.ch\/fr\/wp-content\/uploads\/2019\/03\/420799-Tourne-broche-Weber-Q-100-et-1000.jpg\" \/>\n\t<meta property=\"og:image:width\" content=\"800\" \/>\n\t<meta property=\"og:image:height\" content=\"800\" \/>\n\t<meta property=\"og:image:type\" content=\"image\/jpeg\" \/>\n<meta name=\"twitter:card\" content=\"summary_large_image\" \/>\n<script type=\"application\/ld+json\" class=\"yoast-schema-graph\">{\"@context\":\"https:\/\/schema.org\",\"@graph\":[{\"@type\":\"WebSite\",\"@id\":\"https:\/\/www.grills-saveurs.ch\/fr\/#website\",\"url\":\"https:\/\/www.grills-saveurs.ch\/fr\/\",\"name\":\"Grills et Saveurs\",\"description\":\"Barbecues, Grills, Planchas, Chemin\u00e9es jardin - Lausanne, Suisse Romande\",\"potentialAction\":[{\"@type\":\"SearchAction\",\"target\":{\"@type\":\"EntryPoint\",\"urlTemplate\":\"https:\/\/www.grills-saveurs.ch\/fr\/?s={search_term_string}\"},\"query-input\":\"required name=search_term_string\"}],\"inLanguage\":\"fr-FR\"},{\"@type\":\"ImageObject\",\"@id\":\"https:\/\/www.grills-saveurs.ch\/fr\/produit\/tourne-broche-weber-pour-serie-q100-1000\/#primaryimage\",\"inLanguage\":\"fr-FR\",\"url\":\"https:\/\/www.grills-saveurs.ch\/fr\/wp-content\/uploads\/2019\/03\/420799-Tourne-broche-Weber-Q-100-et-1000.jpg\",\"contentUrl\":\"https:\/\/www.grills-saveurs.ch\/fr\/wp-content\/uploads\/2019\/03\/420799-Tourne-broche-Weber-Q-100-et-1000.jpg\",\"width\":800,\"height\":800,\"caption\":\"420799 Tourne-broche Weber Q 100 et 1000\"},{\"@type\":\"WebPage\",\"@id\":\"https:\/\/www.grills-saveurs.ch\/fr\/produit\/tourne-broche-weber-pour-serie-q100-1000\/#webpage\",\"url\":\"https:\/\/www.grills-saveurs.ch\/fr\/produit\/tourne-broche-weber-pour-serie-q100-1000\/\",\"name\":\"Tourne-broche Weber Q 100 \/ 1000 - Grills et Saveurs\",\"isPartOf\":{\"@id\":\"https:\/\/www.grills-saveurs.ch\/fr\/#website\"},\"primaryImageOfPage\":{\"@id\":\"https:\/\/www.grills-saveurs.ch\/fr\/produit\/tourne-broche-weber-pour-serie-q100-1000\/#primaryimage\"},\"datePublished\":\"2019-03-07T08:01:32+00:00\",\"dateModified\":\"2024-03-21T13:22:57+00:00\",\"description\":\"Avec son petit moteur int\u00e9gr\u00e9, pour un petit poulet comme pour une dinde enti\u00e8re, le tourne-broche est un accessoire polyvalent.\",\"breadcrumb\":{\"@id\":\"https:\/\/www.grills-saveurs.ch\/fr\/produit\/tourne-broche-weber-pour-serie-q100-1000\/#breadcrumb\"},\"inLanguage\":\"fr-FR\",\"potentialAction\":[{\"@type\":\"ReadAction\",\"target\":[\"https:\/\/www.grills-saveurs.ch\/fr\/produit\/tourne-broche-weber-pour-serie-q100-1000\/\"]}]},{\"@type\":\"BreadcrumbList\",\"@id\":\"https:\/\/www.grills-saveurs.ch\/fr\/produit\/tourne-broche-weber-pour-serie-q100-1000\/#breadcrumb\",\"itemListElement\":[{\"@type\":\"ListItem\",\"position\":1,\"name\":\"Accueil\",\"item\":\"https:\/\/www.grills-saveurs.ch\/fr\/\"},{\"@type\":\"ListItem\",\"position\":2,\"name\":\"Shop \/ Boutique\",\"item\":\"https:\/\/www.grills-saveurs.ch\/fr\/boutique\/\"},{\"@type\":\"ListItem\",\"position\":3,\"name\":\"Tourne-broche Weber Q 100 \/ 1000\"}]}]}<\/script>\n<!-- \/ Yoast SEO plugin. -->","yoast_head_json":{"title":"Tourne-broche Weber Q 100 \/ 1000 - Grills et Saveurs","description":"Avec son petit moteur int\u00e9gr\u00e9, pour un petit poulet comme pour une dinde enti\u00e8re, le tourne-broche est un accessoire polyvalent.","robots":{"index":"index","follow":"follow","max-snippet":"max-snippet:-1","max-image-preview":"max-image-preview:large","max-video-preview":"max-video-preview:-1"},"canonical":"https:\/\/www.grills-saveurs.ch\/fr\/produit\/tourne-broche-weber-pour-serie-q100-1000\/","og_locale":"fr_FR","og_type":"article","og_title":"Tourne-broche Weber Q 100 \/ 1000 - Grills et Saveurs","og_description":"Avec son petit moteur int\u00e9gr\u00e9, pour un petit poulet comme pour une dinde enti\u00e8re, le tourne-broche est un accessoire polyvalent.","og_url":"https:\/\/www.grills-saveurs.ch\/fr\/produit\/tourne-broche-weber-pour-serie-q100-1000\/","og_site_name":"Grills et Saveurs","article_modified_time":"2024-03-21T13:22:57+00:00","og_image":[{"width":800,"height":800,"url":"https:\/\/www.grills-saveurs.ch\/fr\/wp-content\/uploads\/2019\/03\/420799-Tourne-broche-Weber-Q-100-et-1000.jpg","type":"image\/jpeg"}],"twitter_card":"summary_large_image","schema":{"@context":"https:\/\/schema.org","@graph":[{"@type":"WebSite","@id":"https:\/\/www.grills-saveurs.ch\/fr\/#website","url":"https:\/\/www.grills-saveurs.ch\/fr\/","name":"Grills et Saveurs","description":"Barbecues, Grills, Planchas, Chemin\u00e9es jardin - Lausanne, Suisse Romande","potentialAction":[{"@type":"SearchAction","target":{"@type":"EntryPoint","urlTemplate":"https:\/\/www.grills-saveurs.ch\/fr\/?s={search_term_string}"},"query-input":"required name=search_term_string"}],"inLanguage":"fr-FR"},{"@type":"ImageObject","@id":"https:\/\/www.grills-saveurs.ch\/fr\/produit\/tourne-broche-weber-pour-serie-q100-1000\/#primaryimage","inLanguage":"fr-FR","url":"https:\/\/www.grills-saveurs.ch\/fr\/wp-content\/uploads\/2019\/03\/420799-Tourne-broche-Weber-Q-100-et-1000.jpg","contentUrl":"https:\/\/www.grills-saveurs.ch\/fr\/wp-content\/uploads\/2019\/03\/420799-Tourne-broche-Weber-Q-100-et-1000.jpg","width":800,"height":800,"caption":"420799 Tourne-broche Weber Q 100 et 1000"},{"@type":"WebPage","@id":"https:\/\/www.grills-saveurs.ch\/fr\/produit\/tourne-broche-weber-pour-serie-q100-1000\/#webpage","url":"https:\/\/www.grills-saveurs.ch\/fr\/produit\/tourne-broche-weber-pour-serie-q100-1000\/","name":"Tourne-broche Weber Q 100 \/ 1000 - Grills et Saveurs","isPartOf":{"@id":"https:\/\/www.grills-saveurs.ch\/fr\/#website"},"primaryImageOfPage":{"@id":"https:\/\/www.grills-saveurs.ch\/fr\/produit\/tourne-broche-weber-pour-serie-q100-1000\/#primaryimage"},"datePublished":"2019-03-07T08:01:32+00:00","dateModified":"2024-03-21T13:22:57+00:00","description":"Avec son petit moteur int\u00e9gr\u00e9, pour un petit poulet comme pour une dinde enti\u00e8re, le tourne-broche est un accessoire polyvalent.","breadcrumb":{"@id":"https:\/\/www.grills-saveurs.ch\/fr\/produit\/tourne-broche-weber-pour-serie-q100-1000\/#breadcrumb"},"inLanguage":"fr-FR","potentialAction":[{"@type":"ReadAction","target":["https:\/\/www.grills-saveurs.ch\/fr\/produit\/tourne-broche-weber-pour-serie-q100-1000\/"]}]},{"@type":"BreadcrumbList","@id":"https:\/\/www.grills-saveurs.ch\/fr\/produit\/tourne-broche-weber-pour-serie-q100-1000\/#breadcrumb","itemListElement":[{"@type":"ListItem","position":1,"name":"Accueil","item":"https:\/\/www.grills-saveurs.ch\/fr\/"},{"@type":"ListItem","position":2,"name":"Shop \/ Boutique","item":"https:\/\/www.grills-saveurs.ch\/fr\/boutique\/"},{"@type":"ListItem","position":3,"name":"Tourne-broche Weber Q 100 \/ 1000"}]}]}},"_links":{"self":[{"href":"https:\/\/www.grills-saveurs.ch\/fr\/wp-json\/wp\/v2\/product\/1835"}],"collection":[{"href":"https:\/\/www.grills-saveurs.ch\/fr\/wp-json\/wp\/v2\/product"}],"about":[{"href":"https:\/\/www.grills-saveurs.ch\/fr\/wp-json\/wp\/v2\/types\/product"}],"wp:featuredmedia":[{"embeddable":true,"href":"https:\/\/www.grills-saveurs.ch\/fr\/wp-json\/wp\/v2\/media\/3738"}],"wp:attachment":[{"href":"https:\/\/www.grills-saveurs.ch\/fr\/wp-json\/wp\/v2\/media?parent=1835"}],"wp:term":[{"taxonomy":"product_cat","embeddable":true,"href":"https:\/\/www.grills-saveurs.ch\/fr\/wp-json\/wp\/v2\/product_cat?post=1835"},{"taxonomy":"product_tag","embeddable":true,"href":"https:\/\/www.grills-saveurs.ch\/fr\/wp-json\/wp\/v2\/product_tag?post=1835"}],"curies":[{"name":"wp","href":"https:\/\/api.w.org\/{rel}","templated":true}]}}