{"id":1839,"date":"2019-03-07T09:01:33","date_gmt":"2019-03-07T08:01:33","guid":{"rendered":"https:\/\/www.grills-saveurs.ch\/fr\/produit\/tourne-broche-weber\/"},"modified":"2024-04-07T15:09:51","modified_gmt":"2024-04-07T13:09:51","slug":"tourne-broche-weber","status":"publish","type":"product","link":"https:\/\/www.grills-saveurs.ch\/fr\/produit\/tourne-broche-weber\/","title":{"rendered":"Tourne-broche Weber Genesis II 200 \/ 300"},"content":{"rendered":"<p>Transformez votre barbecue en v\u00e9ritable r\u00f4tissoire de jardin. Faites r\u00f4tir lentement un poulet entier, \u00e0 la fois croustillant et juteux, ou des c\u00f4telettes tendres. La r\u00f4tissoire fait lentement tourner vos aliments au-dessus de la grille de cuisson, pour une viande d\u00e9licieuse qui s\u2019arrose d\u2019elle-m\u00eame dans votre cuisine d\u2019ext\u00e9rieur.<\/p>\n<p>Compatible : Barbecue \u00e0 gaz s\u00e9ries Genesis II et Genesis II LX 200 et 300<\/p>\n<p><strong>CARACT\u00c9RISTIQUES<\/strong><\/p>\n<ul>\n<li>Mat\u00e9riau : acier inoxydable<\/li>\n<li>Conseils de nettoyage : laver l\u2019axe \u00e0 la main, seules les fourches passent au lave-vaisselle<\/li>\n<li>Fourches con\u00e7ues pour pouvoir soutenir des pi\u00e8ces de viande grandes et petites<\/li>\n<li>Comprend un axe en acier inoxydable, des fourches, des poign\u00e9es et des accessoires<\/li>\n<\/ul>\n","protected":false},"excerpt":{"rendered":"<p>7654<\/p>\n","protected":false},"featured_media":3734,"template":"","meta":[],"product_cat":[161],"product_tag":[84],"yoast_head":"<!-- This site is optimized with the Yoast SEO plugin v18.2 - https:\/\/yoast.com\/wordpress\/plugins\/seo\/ -->\n<title>Tourne-broche Weber Genesis II 200 \/ 300 - Grills et Saveurs<\/title>\n<meta name=\"description\" content=\"Transformez votre barbecue en v\u00e9ritable r\u00f4tissoire de jardin. Faites r\u00f4tir lentement un poulet entier, \u00e0 la fois croustillant et juteux.\" \/>\n<meta name=\"robots\" content=\"index, follow, max-snippet:-1, max-image-preview:large, max-video-preview:-1\" \/>\n<link rel=\"canonical\" href=\"https:\/\/www.grills-saveurs.ch\/fr\/produit\/tourne-broche-weber\/\" \/>\n<meta property=\"og:locale\" content=\"fr_FR\" \/>\n<meta property=\"og:type\" content=\"article\" \/>\n<meta property=\"og:title\" content=\"Tourne-broche Weber Genesis II 200 \/ 300 - Grills et Saveurs\" \/>\n<meta property=\"og:description\" content=\"Transformez votre barbecue en v\u00e9ritable r\u00f4tissoire de jardin. Faites r\u00f4tir lentement un poulet entier, \u00e0 la fois croustillant et juteux.\" \/>\n<meta property=\"og:url\" content=\"https:\/\/www.grills-saveurs.ch\/fr\/produit\/tourne-broche-weber\/\" \/>\n<meta property=\"og:site_name\" content=\"Grills et Saveurs\" \/>\n<meta property=\"article:modified_time\" content=\"2024-04-07T13:09:51+00:00\" \/>\n<meta property=\"og:image\" content=\"https:\/\/www.grills-saveurs.ch\/fr\/wp-content\/uploads\/2019\/03\/7654-Tourne-broche-Weber-Genesis-II-200-et-300.png\" \/>\n\t<meta property=\"og:image:width\" content=\"1000\" \/>\n\t<meta property=\"og:image:height\" content=\"950\" \/>\n\t<meta property=\"og:image:type\" content=\"image\/png\" \/>\n<meta name=\"twitter:card\" content=\"summary_large_image\" \/>\n<meta name=\"twitter:label1\" content=\"Dur\u00e9e de lecture estim\u00e9e\" \/>\n\t<meta name=\"twitter:data1\" content=\"1 minute\" \/>\n<script type=\"application\/ld+json\" class=\"yoast-schema-graph\">{\"@context\":\"https:\/\/schema.org\",\"@graph\":[{\"@type\":\"WebSite\",\"@id\":\"https:\/\/www.grills-saveurs.ch\/fr\/#website\",\"url\":\"https:\/\/www.grills-saveurs.ch\/fr\/\",\"name\":\"Grills et Saveurs\",\"description\":\"Barbecues, Grills, Planchas, Chemin\u00e9es jardin - Lausanne, Suisse Romande\",\"potentialAction\":[{\"@type\":\"SearchAction\",\"target\":{\"@type\":\"EntryPoint\",\"urlTemplate\":\"https:\/\/www.grills-saveurs.ch\/fr\/?s={search_term_string}\"},\"query-input\":\"required name=search_term_string\"}],\"inLanguage\":\"fr-FR\"},{\"@type\":\"ImageObject\",\"@id\":\"https:\/\/www.grills-saveurs.ch\/fr\/produit\/tourne-broche-weber\/#primaryimage\",\"inLanguage\":\"fr-FR\",\"url\":\"https:\/\/www.grills-saveurs.ch\/fr\/wp-content\/uploads\/2019\/03\/7654-Tourne-broche-Weber-Genesis-II-200-et-300.png\",\"contentUrl\":\"https:\/\/www.grills-saveurs.ch\/fr\/wp-content\/uploads\/2019\/03\/7654-Tourne-broche-Weber-Genesis-II-200-et-300.png\",\"width\":1000,\"height\":950,\"caption\":\"7654 Tourne-broche Weber Genesis II 200 et 300\"},{\"@type\":\"WebPage\",\"@id\":\"https:\/\/www.grills-saveurs.ch\/fr\/produit\/tourne-broche-weber\/#webpage\",\"url\":\"https:\/\/www.grills-saveurs.ch\/fr\/produit\/tourne-broche-weber\/\",\"name\":\"Tourne-broche Weber Genesis II 200 \/ 300 - Grills et Saveurs\",\"isPartOf\":{\"@id\":\"https:\/\/www.grills-saveurs.ch\/fr\/#website\"},\"primaryImageOfPage\":{\"@id\":\"https:\/\/www.grills-saveurs.ch\/fr\/produit\/tourne-broche-weber\/#primaryimage\"},\"datePublished\":\"2019-03-07T08:01:33+00:00\",\"dateModified\":\"2024-04-07T13:09:51+00:00\",\"description\":\"Transformez votre barbecue en v\u00e9ritable r\u00f4tissoire de jardin. Faites r\u00f4tir lentement un poulet entier, \u00e0 la fois croustillant et juteux.\",\"breadcrumb\":{\"@id\":\"https:\/\/www.grills-saveurs.ch\/fr\/produit\/tourne-broche-weber\/#breadcrumb\"},\"inLanguage\":\"fr-FR\",\"potentialAction\":[{\"@type\":\"ReadAction\",\"target\":[\"https:\/\/www.grills-saveurs.ch\/fr\/produit\/tourne-broche-weber\/\"]}]},{\"@type\":\"BreadcrumbList\",\"@id\":\"https:\/\/www.grills-saveurs.ch\/fr\/produit\/tourne-broche-weber\/#breadcrumb\",\"itemListElement\":[{\"@type\":\"ListItem\",\"position\":1,\"name\":\"Accueil\",\"item\":\"https:\/\/www.grills-saveurs.ch\/fr\/\"},{\"@type\":\"ListItem\",\"position\":2,\"name\":\"Shop \/ Boutique\",\"item\":\"https:\/\/www.grills-saveurs.ch\/fr\/boutique\/\"},{\"@type\":\"ListItem\",\"position\":3,\"name\":\"Tourne-broche Weber Genesis II 200 \/ 300\"}]}]}<\/script>\n<!-- \/ Yoast SEO plugin. -->","yoast_head_json":{"title":"Tourne-broche Weber Genesis II 200 \/ 300 - Grills et Saveurs","description":"Transformez votre barbecue en v\u00e9ritable r\u00f4tissoire de jardin. Faites r\u00f4tir lentement un poulet entier, \u00e0 la fois croustillant et juteux.","robots":{"index":"index","follow":"follow","max-snippet":"max-snippet:-1","max-image-preview":"max-image-preview:large","max-video-preview":"max-video-preview:-1"},"canonical":"https:\/\/www.grills-saveurs.ch\/fr\/produit\/tourne-broche-weber\/","og_locale":"fr_FR","og_type":"article","og_title":"Tourne-broche Weber Genesis II 200 \/ 300 - Grills et Saveurs","og_description":"Transformez votre barbecue en v\u00e9ritable r\u00f4tissoire de jardin. Faites r\u00f4tir lentement un poulet entier, \u00e0 la fois croustillant et juteux.","og_url":"https:\/\/www.grills-saveurs.ch\/fr\/produit\/tourne-broche-weber\/","og_site_name":"Grills et Saveurs","article_modified_time":"2024-04-07T13:09:51+00:00","og_image":[{"width":1000,"height":950,"url":"https:\/\/www.grills-saveurs.ch\/fr\/wp-content\/uploads\/2019\/03\/7654-Tourne-broche-Weber-Genesis-II-200-et-300.png","type":"image\/png"}],"twitter_card":"summary_large_image","twitter_misc":{"Dur\u00e9e de lecture estim\u00e9e":"1 minute"},"schema":{"@context":"https:\/\/schema.org","@graph":[{"@type":"WebSite","@id":"https:\/\/www.grills-saveurs.ch\/fr\/#website","url":"https:\/\/www.grills-saveurs.ch\/fr\/","name":"Grills et Saveurs","description":"Barbecues, Grills, Planchas, Chemin\u00e9es jardin - Lausanne, Suisse Romande","potentialAction":[{"@type":"SearchAction","target":{"@type":"EntryPoint","urlTemplate":"https:\/\/www.grills-saveurs.ch\/fr\/?s={search_term_string}"},"query-input":"required name=search_term_string"}],"inLanguage":"fr-FR"},{"@type":"ImageObject","@id":"https:\/\/www.grills-saveurs.ch\/fr\/produit\/tourne-broche-weber\/#primaryimage","inLanguage":"fr-FR","url":"https:\/\/www.grills-saveurs.ch\/fr\/wp-content\/uploads\/2019\/03\/7654-Tourne-broche-Weber-Genesis-II-200-et-300.png","contentUrl":"https:\/\/www.grills-saveurs.ch\/fr\/wp-content\/uploads\/2019\/03\/7654-Tourne-broche-Weber-Genesis-II-200-et-300.png","width":1000,"height":950,"caption":"7654 Tourne-broche Weber Genesis II 200 et 300"},{"@type":"WebPage","@id":"https:\/\/www.grills-saveurs.ch\/fr\/produit\/tourne-broche-weber\/#webpage","url":"https:\/\/www.grills-saveurs.ch\/fr\/produit\/tourne-broche-weber\/","name":"Tourne-broche Weber Genesis II 200 \/ 300 - Grills et Saveurs","isPartOf":{"@id":"https:\/\/www.grills-saveurs.ch\/fr\/#website"},"primaryImageOfPage":{"@id":"https:\/\/www.grills-saveurs.ch\/fr\/produit\/tourne-broche-weber\/#primaryimage"},"datePublished":"2019-03-07T08:01:33+00:00","dateModified":"2024-04-07T13:09:51+00:00","description":"Transformez votre barbecue en v\u00e9ritable r\u00f4tissoire de jardin. Faites r\u00f4tir lentement un poulet entier, \u00e0 la fois croustillant et juteux.","breadcrumb":{"@id":"https:\/\/www.grills-saveurs.ch\/fr\/produit\/tourne-broche-weber\/#breadcrumb"},"inLanguage":"fr-FR","potentialAction":[{"@type":"ReadAction","target":["https:\/\/www.grills-saveurs.ch\/fr\/produit\/tourne-broche-weber\/"]}]},{"@type":"BreadcrumbList","@id":"https:\/\/www.grills-saveurs.ch\/fr\/produit\/tourne-broche-weber\/#breadcrumb","itemListElement":[{"@type":"ListItem","position":1,"name":"Accueil","item":"https:\/\/www.grills-saveurs.ch\/fr\/"},{"@type":"ListItem","position":2,"name":"Shop \/ Boutique","item":"https:\/\/www.grills-saveurs.ch\/fr\/boutique\/"},{"@type":"ListItem","position":3,"name":"Tourne-broche Weber Genesis II 200 \/ 300"}]}]}},"_links":{"self":[{"href":"https:\/\/www.grills-saveurs.ch\/fr\/wp-json\/wp\/v2\/product\/1839"}],"collection":[{"href":"https:\/\/www.grills-saveurs.ch\/fr\/wp-json\/wp\/v2\/product"}],"about":[{"href":"https:\/\/www.grills-saveurs.ch\/fr\/wp-json\/wp\/v2\/types\/product"}],"wp:featuredmedia":[{"embeddable":true,"href":"https:\/\/www.grills-saveurs.ch\/fr\/wp-json\/wp\/v2\/media\/3734"}],"wp:attachment":[{"href":"https:\/\/www.grills-saveurs.ch\/fr\/wp-json\/wp\/v2\/media?parent=1839"}],"wp:term":[{"taxonomy":"product_cat","embeddable":true,"href":"https:\/\/www.grills-saveurs.ch\/fr\/wp-json\/wp\/v2\/product_cat?post=1839"},{"taxonomy":"product_tag","embeddable":true,"href":"https:\/\/www.grills-saveurs.ch\/fr\/wp-json\/wp\/v2\/product_tag?post=1839"}],"curies":[{"name":"wp","href":"https:\/\/api.w.org\/{rel}","templated":true}]}}