{"id":1842,"date":"2019-03-07T09:01:35","date_gmt":"2019-03-07T08:01:35","guid":{"rendered":"https:\/\/www.grills-saveurs.ch\/fr\/produit\/panier-pour-rotisserie-en-toile-metallique-tissee\/"},"modified":"2024-03-25T22:08:35","modified_gmt":"2024-03-25T21:08:35","slug":"panier-pour-rotisserie-en-toile-metallique-tissee","status":"publish","type":"product","link":"https:\/\/www.grills-saveurs.ch\/fr\/produit\/panier-pour-rotisserie-en-toile-metallique-tissee\/","title":{"rendered":"Panier pour r\u00f4tissoire Weber"},"content":{"rendered":"<p>Allez au-del\u00e0 des attentes de votre voisin vis-\u00e0-vis de votre barbecue. Avec le panier pour r\u00f4tissoire \u00e0 mailles fines Premium, vous pourrez pr\u00e9parer des frites et des l\u00e9gumes croustillants comme au restaurant, des petits morceaux de viande ou m\u00eame du pop-corn, sur le barbecue, tout en ayant la possibilit\u00e9 de passer du temps avec vos voisins.<\/p>\n<p>Compatible: Weber\u00ae s\u00e9ries Q 200\/2000 et barbecues plus grands<\/p>\n<p><strong>CARACT\u00c9RISTIQUES<\/strong><\/p>\n<ul>\n<li>Mat\u00e9riau : toile m\u00e9tallique tiss\u00e9e en acier rev\u00eatu<\/li>\n<li>Conseils de nettoyage : lavage \u00e0 la main<\/li>\n<li>Rev\u00eatement antiadh\u00e9sif<\/li>\n<li>Facile \u00e0 assembler<\/li>\n<li>Compact pour faciliter le rangement<\/li>\n<li>Id\u00e9al pour cuire des petits morceaux de nourriture et obtenir une cuisson uniforme<\/li>\n<\/ul>\n","protected":false},"excerpt":{"rendered":"<p>17588<\/p>\n","protected":false},"featured_media":3718,"template":"","meta":[],"product_cat":[161],"product_tag":[84],"yoast_head":"<!-- This site is optimized with the Yoast SEO plugin v18.2 - https:\/\/yoast.com\/wordpress\/plugins\/seo\/ -->\n<title>Panier pour r\u00f4tissoire Weber - Grills et Saveurs<\/title>\n<meta name=\"description\" content=\"Avec le panier pour r\u00f4tissoire \u00e0 mailles fines Premium, vous pourrez pr\u00e9parer des frites et des l\u00e9gumes croustillants comme au restaurant.\" \/>\n<meta name=\"robots\" content=\"index, follow, max-snippet:-1, max-image-preview:large, max-video-preview:-1\" \/>\n<link rel=\"canonical\" href=\"https:\/\/www.grills-saveurs.ch\/fr\/produit\/panier-pour-rotisserie-en-toile-metallique-tissee\/\" \/>\n<meta property=\"og:locale\" content=\"fr_FR\" \/>\n<meta property=\"og:type\" content=\"article\" \/>\n<meta property=\"og:title\" content=\"Panier pour r\u00f4tissoire Weber - Grills et Saveurs\" \/>\n<meta property=\"og:description\" content=\"Avec le panier pour r\u00f4tissoire \u00e0 mailles fines Premium, vous pourrez pr\u00e9parer des frites et des l\u00e9gumes croustillants comme au restaurant.\" \/>\n<meta property=\"og:url\" content=\"https:\/\/www.grills-saveurs.ch\/fr\/produit\/panier-pour-rotisserie-en-toile-metallique-tissee\/\" \/>\n<meta property=\"og:site_name\" content=\"Grills et Saveurs\" \/>\n<meta property=\"article:modified_time\" content=\"2024-03-25T21:08:35+00:00\" \/>\n<meta property=\"og:image\" content=\"https:\/\/www.grills-saveurs.ch\/fr\/wp-content\/uploads\/2019\/03\/17588-Panier-pour-r\u00f4tissoire-tourne-broche-Weber.png\" \/>\n\t<meta property=\"og:image:width\" content=\"1000\" \/>\n\t<meta property=\"og:image:height\" content=\"950\" \/>\n\t<meta property=\"og:image:type\" content=\"image\/png\" \/>\n<meta name=\"twitter:card\" content=\"summary_large_image\" \/>\n<meta name=\"twitter:label1\" content=\"Dur\u00e9e de lecture estim\u00e9e\" \/>\n\t<meta name=\"twitter:data1\" content=\"1 minute\" \/>\n<script type=\"application\/ld+json\" class=\"yoast-schema-graph\">{\"@context\":\"https:\/\/schema.org\",\"@graph\":[{\"@type\":\"WebSite\",\"@id\":\"https:\/\/www.grills-saveurs.ch\/fr\/#website\",\"url\":\"https:\/\/www.grills-saveurs.ch\/fr\/\",\"name\":\"Grills et Saveurs\",\"description\":\"Barbecues, Grills, Planchas, Chemin\u00e9es jardin - Lausanne, Suisse Romande\",\"potentialAction\":[{\"@type\":\"SearchAction\",\"target\":{\"@type\":\"EntryPoint\",\"urlTemplate\":\"https:\/\/www.grills-saveurs.ch\/fr\/?s={search_term_string}\"},\"query-input\":\"required name=search_term_string\"}],\"inLanguage\":\"fr-FR\"},{\"@type\":\"ImageObject\",\"@id\":\"https:\/\/www.grills-saveurs.ch\/fr\/produit\/panier-pour-rotisserie-en-toile-metallique-tissee\/#primaryimage\",\"inLanguage\":\"fr-FR\",\"url\":\"https:\/\/www.grills-saveurs.ch\/fr\/wp-content\/uploads\/2019\/03\/17588-Panier-pour-r\u00f4tissoire-tourne-broche-Weber.png\",\"contentUrl\":\"https:\/\/www.grills-saveurs.ch\/fr\/wp-content\/uploads\/2019\/03\/17588-Panier-pour-r\u00f4tissoire-tourne-broche-Weber.png\",\"width\":1000,\"height\":950,\"caption\":\"17588 Panier pour r\u00f4tissoire tourne-broche Weber\"},{\"@type\":\"WebPage\",\"@id\":\"https:\/\/www.grills-saveurs.ch\/fr\/produit\/panier-pour-rotisserie-en-toile-metallique-tissee\/#webpage\",\"url\":\"https:\/\/www.grills-saveurs.ch\/fr\/produit\/panier-pour-rotisserie-en-toile-metallique-tissee\/\",\"name\":\"Panier pour r\u00f4tissoire Weber - Grills et Saveurs\",\"isPartOf\":{\"@id\":\"https:\/\/www.grills-saveurs.ch\/fr\/#website\"},\"primaryImageOfPage\":{\"@id\":\"https:\/\/www.grills-saveurs.ch\/fr\/produit\/panier-pour-rotisserie-en-toile-metallique-tissee\/#primaryimage\"},\"datePublished\":\"2019-03-07T08:01:35+00:00\",\"dateModified\":\"2024-03-25T21:08:35+00:00\",\"description\":\"Avec le panier pour r\u00f4tissoire \u00e0 mailles fines Premium, vous pourrez pr\u00e9parer des frites et des l\u00e9gumes croustillants comme au restaurant.\",\"breadcrumb\":{\"@id\":\"https:\/\/www.grills-saveurs.ch\/fr\/produit\/panier-pour-rotisserie-en-toile-metallique-tissee\/#breadcrumb\"},\"inLanguage\":\"fr-FR\",\"potentialAction\":[{\"@type\":\"ReadAction\",\"target\":[\"https:\/\/www.grills-saveurs.ch\/fr\/produit\/panier-pour-rotisserie-en-toile-metallique-tissee\/\"]}]},{\"@type\":\"BreadcrumbList\",\"@id\":\"https:\/\/www.grills-saveurs.ch\/fr\/produit\/panier-pour-rotisserie-en-toile-metallique-tissee\/#breadcrumb\",\"itemListElement\":[{\"@type\":\"ListItem\",\"position\":1,\"name\":\"Accueil\",\"item\":\"https:\/\/www.grills-saveurs.ch\/fr\/\"},{\"@type\":\"ListItem\",\"position\":2,\"name\":\"Shop \/ Boutique\",\"item\":\"https:\/\/www.grills-saveurs.ch\/fr\/boutique\/\"},{\"@type\":\"ListItem\",\"position\":3,\"name\":\"Panier pour r\u00f4tissoire Weber\"}]}]}<\/script>\n<!-- \/ Yoast SEO plugin. -->","yoast_head_json":{"title":"Panier pour r\u00f4tissoire Weber - Grills et Saveurs","description":"Avec le panier pour r\u00f4tissoire \u00e0 mailles fines Premium, vous pourrez pr\u00e9parer des frites et des l\u00e9gumes croustillants comme au restaurant.","robots":{"index":"index","follow":"follow","max-snippet":"max-snippet:-1","max-image-preview":"max-image-preview:large","max-video-preview":"max-video-preview:-1"},"canonical":"https:\/\/www.grills-saveurs.ch\/fr\/produit\/panier-pour-rotisserie-en-toile-metallique-tissee\/","og_locale":"fr_FR","og_type":"article","og_title":"Panier pour r\u00f4tissoire Weber - Grills et Saveurs","og_description":"Avec le panier pour r\u00f4tissoire \u00e0 mailles fines Premium, vous pourrez pr\u00e9parer des frites et des l\u00e9gumes croustillants comme au restaurant.","og_url":"https:\/\/www.grills-saveurs.ch\/fr\/produit\/panier-pour-rotisserie-en-toile-metallique-tissee\/","og_site_name":"Grills et Saveurs","article_modified_time":"2024-03-25T21:08:35+00:00","og_image":[{"width":1000,"height":950,"url":"https:\/\/www.grills-saveurs.ch\/fr\/wp-content\/uploads\/2019\/03\/17588-Panier-pour-r\u00f4tissoire-tourne-broche-Weber.png","type":"image\/png"}],"twitter_card":"summary_large_image","twitter_misc":{"Dur\u00e9e de lecture estim\u00e9e":"1 minute"},"schema":{"@context":"https:\/\/schema.org","@graph":[{"@type":"WebSite","@id":"https:\/\/www.grills-saveurs.ch\/fr\/#website","url":"https:\/\/www.grills-saveurs.ch\/fr\/","name":"Grills et Saveurs","description":"Barbecues, Grills, Planchas, Chemin\u00e9es jardin - Lausanne, Suisse Romande","potentialAction":[{"@type":"SearchAction","target":{"@type":"EntryPoint","urlTemplate":"https:\/\/www.grills-saveurs.ch\/fr\/?s={search_term_string}"},"query-input":"required name=search_term_string"}],"inLanguage":"fr-FR"},{"@type":"ImageObject","@id":"https:\/\/www.grills-saveurs.ch\/fr\/produit\/panier-pour-rotisserie-en-toile-metallique-tissee\/#primaryimage","inLanguage":"fr-FR","url":"https:\/\/www.grills-saveurs.ch\/fr\/wp-content\/uploads\/2019\/03\/17588-Panier-pour-r\u00f4tissoire-tourne-broche-Weber.png","contentUrl":"https:\/\/www.grills-saveurs.ch\/fr\/wp-content\/uploads\/2019\/03\/17588-Panier-pour-r\u00f4tissoire-tourne-broche-Weber.png","width":1000,"height":950,"caption":"17588 Panier pour r\u00f4tissoire tourne-broche Weber"},{"@type":"WebPage","@id":"https:\/\/www.grills-saveurs.ch\/fr\/produit\/panier-pour-rotisserie-en-toile-metallique-tissee\/#webpage","url":"https:\/\/www.grills-saveurs.ch\/fr\/produit\/panier-pour-rotisserie-en-toile-metallique-tissee\/","name":"Panier pour r\u00f4tissoire Weber - Grills et Saveurs","isPartOf":{"@id":"https:\/\/www.grills-saveurs.ch\/fr\/#website"},"primaryImageOfPage":{"@id":"https:\/\/www.grills-saveurs.ch\/fr\/produit\/panier-pour-rotisserie-en-toile-metallique-tissee\/#primaryimage"},"datePublished":"2019-03-07T08:01:35+00:00","dateModified":"2024-03-25T21:08:35+00:00","description":"Avec le panier pour r\u00f4tissoire \u00e0 mailles fines Premium, vous pourrez pr\u00e9parer des frites et des l\u00e9gumes croustillants comme au restaurant.","breadcrumb":{"@id":"https:\/\/www.grills-saveurs.ch\/fr\/produit\/panier-pour-rotisserie-en-toile-metallique-tissee\/#breadcrumb"},"inLanguage":"fr-FR","potentialAction":[{"@type":"ReadAction","target":["https:\/\/www.grills-saveurs.ch\/fr\/produit\/panier-pour-rotisserie-en-toile-metallique-tissee\/"]}]},{"@type":"BreadcrumbList","@id":"https:\/\/www.grills-saveurs.ch\/fr\/produit\/panier-pour-rotisserie-en-toile-metallique-tissee\/#breadcrumb","itemListElement":[{"@type":"ListItem","position":1,"name":"Accueil","item":"https:\/\/www.grills-saveurs.ch\/fr\/"},{"@type":"ListItem","position":2,"name":"Shop \/ Boutique","item":"https:\/\/www.grills-saveurs.ch\/fr\/boutique\/"},{"@type":"ListItem","position":3,"name":"Panier pour r\u00f4tissoire Weber"}]}]}},"_links":{"self":[{"href":"https:\/\/www.grills-saveurs.ch\/fr\/wp-json\/wp\/v2\/product\/1842"}],"collection":[{"href":"https:\/\/www.grills-saveurs.ch\/fr\/wp-json\/wp\/v2\/product"}],"about":[{"href":"https:\/\/www.grills-saveurs.ch\/fr\/wp-json\/wp\/v2\/types\/product"}],"wp:featuredmedia":[{"embeddable":true,"href":"https:\/\/www.grills-saveurs.ch\/fr\/wp-json\/wp\/v2\/media\/3718"}],"wp:attachment":[{"href":"https:\/\/www.grills-saveurs.ch\/fr\/wp-json\/wp\/v2\/media?parent=1842"}],"wp:term":[{"taxonomy":"product_cat","embeddable":true,"href":"https:\/\/www.grills-saveurs.ch\/fr\/wp-json\/wp\/v2\/product_cat?post=1842"},{"taxonomy":"product_tag","embeddable":true,"href":"https:\/\/www.grills-saveurs.ch\/fr\/wp-json\/wp\/v2\/product_tag?post=1842"}],"curies":[{"name":"wp","href":"https:\/\/api.w.org\/{rel}","templated":true}]}}