{"id":1843,"date":"2019-03-07T09:01:36","date_gmt":"2019-03-07T08:01:36","guid":{"rendered":"https:\/\/www.grills-saveurs.ch\/fr\/produit\/pinceau-weber\/"},"modified":"2024-03-21T09:58:12","modified_gmt":"2024-03-21T08:58:12","slug":"pinceau-weber","status":"publish","type":"product","link":"https:\/\/www.grills-saveurs.ch\/fr\/produit\/pinceau-weber\/","title":{"rendered":"Pinceau Premium Weber en silicone"},"content":{"rendered":"<p>Ne perdez pas une seule goutte de votre sauce barbecue concoct\u00e9e avec soin et assaisonn\u00e9e \u00e0 la perfection. Les poils en silicone du pinceau Premium en silicone absorbent et r\u00e9partissent de mani\u00e8re uniforme une quantit\u00e9 g\u00e9n\u00e9reuse de sauce sur votre viande, pour en recouvrir soigneusement le moindre centim\u00e8tre.<\/p>\n<p><strong>CARACT\u00c9RISTIQUES<\/strong><\/p>\n<ul>\n<li>Poign\u00e9e \u00e0 profil ergonomique pour une pr\u00e9hension s\u00fbre<\/li>\n<li>Poils en silicone r\u00e9sistants aux taches et aux odeurs<\/li>\n<li>Passe au lave-vaisselle<\/li>\n<\/ul>\n<p>&nbsp;<\/p>\n<p>&nbsp;<\/p>\n","protected":false},"excerpt":{"rendered":"<p>6661<\/p>\n","protected":false},"featured_media":3700,"template":"","meta":[],"product_cat":[158],"product_tag":[84],"yoast_head":"<!-- This site is optimized with the Yoast SEO plugin v18.2 - https:\/\/yoast.com\/wordpress\/plugins\/seo\/ -->\n<title>Pinceau Premium Weber en silicone - Grills et Saveurs<\/title>\n<meta name=\"description\" content=\"Les poils en silicone du pinceau Premium en silicone absorbent et r\u00e9partissent de mani\u00e8re uniforme une quantit\u00e9 g\u00e9n\u00e9reuse de sauce sur votre viande.\" \/>\n<meta name=\"robots\" content=\"index, follow, max-snippet:-1, max-image-preview:large, max-video-preview:-1\" \/>\n<link rel=\"canonical\" href=\"https:\/\/www.grills-saveurs.ch\/fr\/produit\/pinceau-weber\/\" \/>\n<meta property=\"og:locale\" content=\"fr_FR\" \/>\n<meta property=\"og:type\" content=\"article\" \/>\n<meta property=\"og:title\" content=\"Pinceau Premium Weber en silicone - Grills et Saveurs\" \/>\n<meta property=\"og:description\" content=\"Les poils en silicone du pinceau Premium en silicone absorbent et r\u00e9partissent de mani\u00e8re uniforme une quantit\u00e9 g\u00e9n\u00e9reuse de sauce sur votre viande.\" \/>\n<meta property=\"og:url\" content=\"https:\/\/www.grills-saveurs.ch\/fr\/produit\/pinceau-weber\/\" \/>\n<meta property=\"og:site_name\" content=\"Grills et Saveurs\" \/>\n<meta property=\"article:modified_time\" content=\"2024-03-21T08:58:12+00:00\" \/>\n<meta property=\"og:image\" content=\"https:\/\/www.grills-saveurs.ch\/fr\/wp-content\/uploads\/2019\/03\/6661-Pinceau-Premium-Weber-en-silicone.png\" \/>\n\t<meta property=\"og:image:width\" content=\"1000\" \/>\n\t<meta property=\"og:image:height\" content=\"950\" \/>\n\t<meta property=\"og:image:type\" content=\"image\/png\" \/>\n<meta name=\"twitter:card\" content=\"summary_large_image\" \/>\n<script type=\"application\/ld+json\" class=\"yoast-schema-graph\">{\"@context\":\"https:\/\/schema.org\",\"@graph\":[{\"@type\":\"WebSite\",\"@id\":\"https:\/\/www.grills-saveurs.ch\/fr\/#website\",\"url\":\"https:\/\/www.grills-saveurs.ch\/fr\/\",\"name\":\"Grills et Saveurs\",\"description\":\"Barbecues, Grills, Planchas, Chemin\u00e9es jardin - Lausanne, Suisse Romande\",\"potentialAction\":[{\"@type\":\"SearchAction\",\"target\":{\"@type\":\"EntryPoint\",\"urlTemplate\":\"https:\/\/www.grills-saveurs.ch\/fr\/?s={search_term_string}\"},\"query-input\":\"required name=search_term_string\"}],\"inLanguage\":\"fr-FR\"},{\"@type\":\"ImageObject\",\"@id\":\"https:\/\/www.grills-saveurs.ch\/fr\/produit\/pinceau-weber\/#primaryimage\",\"inLanguage\":\"fr-FR\",\"url\":\"https:\/\/www.grills-saveurs.ch\/fr\/wp-content\/uploads\/2019\/03\/6661-Pinceau-Premium-Weber-en-silicone.png\",\"contentUrl\":\"https:\/\/www.grills-saveurs.ch\/fr\/wp-content\/uploads\/2019\/03\/6661-Pinceau-Premium-Weber-en-silicone.png\",\"width\":1000,\"height\":950,\"caption\":\"6661 Pinceau Premium Weber en silicone\"},{\"@type\":\"WebPage\",\"@id\":\"https:\/\/www.grills-saveurs.ch\/fr\/produit\/pinceau-weber\/#webpage\",\"url\":\"https:\/\/www.grills-saveurs.ch\/fr\/produit\/pinceau-weber\/\",\"name\":\"Pinceau Premium Weber en silicone - Grills et Saveurs\",\"isPartOf\":{\"@id\":\"https:\/\/www.grills-saveurs.ch\/fr\/#website\"},\"primaryImageOfPage\":{\"@id\":\"https:\/\/www.grills-saveurs.ch\/fr\/produit\/pinceau-weber\/#primaryimage\"},\"datePublished\":\"2019-03-07T08:01:36+00:00\",\"dateModified\":\"2024-03-21T08:58:12+00:00\",\"description\":\"Les poils en silicone du pinceau Premium en silicone absorbent et r\u00e9partissent de mani\u00e8re uniforme une quantit\u00e9 g\u00e9n\u00e9reuse de sauce sur votre viande.\",\"breadcrumb\":{\"@id\":\"https:\/\/www.grills-saveurs.ch\/fr\/produit\/pinceau-weber\/#breadcrumb\"},\"inLanguage\":\"fr-FR\",\"potentialAction\":[{\"@type\":\"ReadAction\",\"target\":[\"https:\/\/www.grills-saveurs.ch\/fr\/produit\/pinceau-weber\/\"]}]},{\"@type\":\"BreadcrumbList\",\"@id\":\"https:\/\/www.grills-saveurs.ch\/fr\/produit\/pinceau-weber\/#breadcrumb\",\"itemListElement\":[{\"@type\":\"ListItem\",\"position\":1,\"name\":\"Accueil\",\"item\":\"https:\/\/www.grills-saveurs.ch\/fr\/\"},{\"@type\":\"ListItem\",\"position\":2,\"name\":\"Shop \/ Boutique\",\"item\":\"https:\/\/www.grills-saveurs.ch\/fr\/boutique\/\"},{\"@type\":\"ListItem\",\"position\":3,\"name\":\"Pinceau Premium Weber en silicone\"}]}]}<\/script>\n<!-- \/ Yoast SEO plugin. -->","yoast_head_json":{"title":"Pinceau Premium Weber en silicone - Grills et Saveurs","description":"Les poils en silicone du pinceau Premium en silicone absorbent et r\u00e9partissent de mani\u00e8re uniforme une quantit\u00e9 g\u00e9n\u00e9reuse de sauce sur votre viande.","robots":{"index":"index","follow":"follow","max-snippet":"max-snippet:-1","max-image-preview":"max-image-preview:large","max-video-preview":"max-video-preview:-1"},"canonical":"https:\/\/www.grills-saveurs.ch\/fr\/produit\/pinceau-weber\/","og_locale":"fr_FR","og_type":"article","og_title":"Pinceau Premium Weber en silicone - Grills et Saveurs","og_description":"Les poils en silicone du pinceau Premium en silicone absorbent et r\u00e9partissent de mani\u00e8re uniforme une quantit\u00e9 g\u00e9n\u00e9reuse de sauce sur votre viande.","og_url":"https:\/\/www.grills-saveurs.ch\/fr\/produit\/pinceau-weber\/","og_site_name":"Grills et Saveurs","article_modified_time":"2024-03-21T08:58:12+00:00","og_image":[{"width":1000,"height":950,"url":"https:\/\/www.grills-saveurs.ch\/fr\/wp-content\/uploads\/2019\/03\/6661-Pinceau-Premium-Weber-en-silicone.png","type":"image\/png"}],"twitter_card":"summary_large_image","schema":{"@context":"https:\/\/schema.org","@graph":[{"@type":"WebSite","@id":"https:\/\/www.grills-saveurs.ch\/fr\/#website","url":"https:\/\/www.grills-saveurs.ch\/fr\/","name":"Grills et Saveurs","description":"Barbecues, Grills, Planchas, Chemin\u00e9es jardin - Lausanne, Suisse Romande","potentialAction":[{"@type":"SearchAction","target":{"@type":"EntryPoint","urlTemplate":"https:\/\/www.grills-saveurs.ch\/fr\/?s={search_term_string}"},"query-input":"required name=search_term_string"}],"inLanguage":"fr-FR"},{"@type":"ImageObject","@id":"https:\/\/www.grills-saveurs.ch\/fr\/produit\/pinceau-weber\/#primaryimage","inLanguage":"fr-FR","url":"https:\/\/www.grills-saveurs.ch\/fr\/wp-content\/uploads\/2019\/03\/6661-Pinceau-Premium-Weber-en-silicone.png","contentUrl":"https:\/\/www.grills-saveurs.ch\/fr\/wp-content\/uploads\/2019\/03\/6661-Pinceau-Premium-Weber-en-silicone.png","width":1000,"height":950,"caption":"6661 Pinceau Premium Weber en silicone"},{"@type":"WebPage","@id":"https:\/\/www.grills-saveurs.ch\/fr\/produit\/pinceau-weber\/#webpage","url":"https:\/\/www.grills-saveurs.ch\/fr\/produit\/pinceau-weber\/","name":"Pinceau Premium Weber en silicone - Grills et Saveurs","isPartOf":{"@id":"https:\/\/www.grills-saveurs.ch\/fr\/#website"},"primaryImageOfPage":{"@id":"https:\/\/www.grills-saveurs.ch\/fr\/produit\/pinceau-weber\/#primaryimage"},"datePublished":"2019-03-07T08:01:36+00:00","dateModified":"2024-03-21T08:58:12+00:00","description":"Les poils en silicone du pinceau Premium en silicone absorbent et r\u00e9partissent de mani\u00e8re uniforme une quantit\u00e9 g\u00e9n\u00e9reuse de sauce sur votre viande.","breadcrumb":{"@id":"https:\/\/www.grills-saveurs.ch\/fr\/produit\/pinceau-weber\/#breadcrumb"},"inLanguage":"fr-FR","potentialAction":[{"@type":"ReadAction","target":["https:\/\/www.grills-saveurs.ch\/fr\/produit\/pinceau-weber\/"]}]},{"@type":"BreadcrumbList","@id":"https:\/\/www.grills-saveurs.ch\/fr\/produit\/pinceau-weber\/#breadcrumb","itemListElement":[{"@type":"ListItem","position":1,"name":"Accueil","item":"https:\/\/www.grills-saveurs.ch\/fr\/"},{"@type":"ListItem","position":2,"name":"Shop \/ Boutique","item":"https:\/\/www.grills-saveurs.ch\/fr\/boutique\/"},{"@type":"ListItem","position":3,"name":"Pinceau Premium Weber en silicone"}]}]}},"_links":{"self":[{"href":"https:\/\/www.grills-saveurs.ch\/fr\/wp-json\/wp\/v2\/product\/1843"}],"collection":[{"href":"https:\/\/www.grills-saveurs.ch\/fr\/wp-json\/wp\/v2\/product"}],"about":[{"href":"https:\/\/www.grills-saveurs.ch\/fr\/wp-json\/wp\/v2\/types\/product"}],"wp:featuredmedia":[{"embeddable":true,"href":"https:\/\/www.grills-saveurs.ch\/fr\/wp-json\/wp\/v2\/media\/3700"}],"wp:attachment":[{"href":"https:\/\/www.grills-saveurs.ch\/fr\/wp-json\/wp\/v2\/media?parent=1843"}],"wp:term":[{"taxonomy":"product_cat","embeddable":true,"href":"https:\/\/www.grills-saveurs.ch\/fr\/wp-json\/wp\/v2\/product_cat?post=1843"},{"taxonomy":"product_tag","embeddable":true,"href":"https:\/\/www.grills-saveurs.ch\/fr\/wp-json\/wp\/v2\/product_tag?post=1843"}],"curies":[{"name":"wp","href":"https:\/\/api.w.org\/{rel}","templated":true}]}}