{"id":1858,"date":"2019-03-07T09:01:40","date_gmt":"2019-03-07T08:01:40","guid":{"rendered":"https:\/\/www.grills-saveurs.ch\/fr\/produit\/boite-de-fumage-weber\/"},"modified":"2024-03-21T11:41:24","modified_gmt":"2024-03-21T10:41:24","slug":"boite-de-fumage-weber","status":"publish","type":"product","link":"https:\/\/www.grills-saveurs.ch\/fr\/produit\/boite-de-fumage-weber\/","title":{"rendered":"Bo\u00eete de fumage Weber"},"content":{"rendered":"<div>Ajoutez une succulente saveur fum\u00e9e \u00e0 toutes vos grillades. Infusez vos aliments d\u2019une touche de hickory, de pommier, de ch\u00eane ou de cerisier. Disposez la bo\u00eete de fumage juste au-dessus de vos grilles de cuisson pour transformer n\u2019importe quel barbecue \u00e0 gaz ou \u00e0 charbon en un fumoir et donner \u00e0 vos viandes, l\u00e9gumes, noix\u00a0 et fromages ce d\u00e9licieux ar\u00f4me fum\u00e9 que vous aimez tant.<\/div>\n<div><\/div>\n<div><strong>CARACT\u00c9RISTIQUES<\/strong><\/div>\n<ul>\n<li>Compatible : Barbecues \u00e0 gaz Weber\u00ae Q 200\/2000 et plus grands<\/li>\n<li>Mat\u00e9riau: acier inoxydable<\/li>\n<li>Conseils de nettoyage : lavage \u00e0 la main<\/li>\n<li>Conception universelle pour le fumage sur les grilles de cuisson<\/li>\n<\/ul>\n","protected":false},"excerpt":{"rendered":"<p>7576<\/p>\n","protected":false},"featured_media":3680,"template":"","meta":[],"product_cat":[165],"product_tag":[84],"yoast_head":"<!-- This site is optimized with the Yoast SEO plugin v18.2 - https:\/\/yoast.com\/wordpress\/plugins\/seo\/ -->\n<title>Bo\u00eete de fumage Weber - Grills et Saveurs<\/title>\n<meta name=\"description\" content=\"Disposez la bo\u00eete de fumage juste au-dessus de vos grilles de cuisson pour transformer n\u2019importe quel barbecue \u00e0 gaz ou \u00e0 charbon en un fumoir.\" \/>\n<meta name=\"robots\" content=\"index, follow, max-snippet:-1, max-image-preview:large, max-video-preview:-1\" \/>\n<link rel=\"canonical\" href=\"https:\/\/www.grills-saveurs.ch\/fr\/produit\/boite-de-fumage-weber\/\" \/>\n<meta property=\"og:locale\" content=\"fr_FR\" \/>\n<meta property=\"og:type\" content=\"article\" \/>\n<meta property=\"og:title\" content=\"Bo\u00eete de fumage Weber - Grills et Saveurs\" \/>\n<meta property=\"og:description\" content=\"Disposez la bo\u00eete de fumage juste au-dessus de vos grilles de cuisson pour transformer n\u2019importe quel barbecue \u00e0 gaz ou \u00e0 charbon en un fumoir.\" \/>\n<meta property=\"og:url\" content=\"https:\/\/www.grills-saveurs.ch\/fr\/produit\/boite-de-fumage-weber\/\" \/>\n<meta property=\"og:site_name\" content=\"Grills et Saveurs\" \/>\n<meta property=\"article:modified_time\" content=\"2024-03-21T10:41:24+00:00\" \/>\n<meta property=\"og:image\" content=\"https:\/\/www.grills-saveurs.ch\/fr\/wp-content\/uploads\/2019\/03\/7576-Bo\u00eete-de-fumage-Weber.png\" \/>\n\t<meta property=\"og:image:width\" content=\"1000\" \/>\n\t<meta property=\"og:image:height\" content=\"950\" \/>\n\t<meta property=\"og:image:type\" content=\"image\/png\" \/>\n<meta name=\"twitter:card\" content=\"summary_large_image\" \/>\n<script type=\"application\/ld+json\" class=\"yoast-schema-graph\">{\"@context\":\"https:\/\/schema.org\",\"@graph\":[{\"@type\":\"WebSite\",\"@id\":\"https:\/\/www.grills-saveurs.ch\/fr\/#website\",\"url\":\"https:\/\/www.grills-saveurs.ch\/fr\/\",\"name\":\"Grills et Saveurs\",\"description\":\"Barbecues, Grills, Planchas, Chemin\u00e9es jardin - Lausanne, Suisse Romande\",\"potentialAction\":[{\"@type\":\"SearchAction\",\"target\":{\"@type\":\"EntryPoint\",\"urlTemplate\":\"https:\/\/www.grills-saveurs.ch\/fr\/?s={search_term_string}\"},\"query-input\":\"required name=search_term_string\"}],\"inLanguage\":\"fr-FR\"},{\"@type\":\"ImageObject\",\"@id\":\"https:\/\/www.grills-saveurs.ch\/fr\/produit\/boite-de-fumage-weber\/#primaryimage\",\"inLanguage\":\"fr-FR\",\"url\":\"https:\/\/www.grills-saveurs.ch\/fr\/wp-content\/uploads\/2019\/03\/7576-Bo\u00eete-de-fumage-Weber.png\",\"contentUrl\":\"https:\/\/www.grills-saveurs.ch\/fr\/wp-content\/uploads\/2019\/03\/7576-Bo\u00eete-de-fumage-Weber.png\",\"width\":1000,\"height\":950,\"caption\":\"7576 Bo\u00eete de fumage Weber\"},{\"@type\":\"WebPage\",\"@id\":\"https:\/\/www.grills-saveurs.ch\/fr\/produit\/boite-de-fumage-weber\/#webpage\",\"url\":\"https:\/\/www.grills-saveurs.ch\/fr\/produit\/boite-de-fumage-weber\/\",\"name\":\"Bo\u00eete de fumage Weber - Grills et Saveurs\",\"isPartOf\":{\"@id\":\"https:\/\/www.grills-saveurs.ch\/fr\/#website\"},\"primaryImageOfPage\":{\"@id\":\"https:\/\/www.grills-saveurs.ch\/fr\/produit\/boite-de-fumage-weber\/#primaryimage\"},\"datePublished\":\"2019-03-07T08:01:40+00:00\",\"dateModified\":\"2024-03-21T10:41:24+00:00\",\"description\":\"Disposez la bo\u00eete de fumage juste au-dessus de vos grilles de cuisson pour transformer n\u2019importe quel barbecue \u00e0 gaz ou \u00e0 charbon en un fumoir.\",\"breadcrumb\":{\"@id\":\"https:\/\/www.grills-saveurs.ch\/fr\/produit\/boite-de-fumage-weber\/#breadcrumb\"},\"inLanguage\":\"fr-FR\",\"potentialAction\":[{\"@type\":\"ReadAction\",\"target\":[\"https:\/\/www.grills-saveurs.ch\/fr\/produit\/boite-de-fumage-weber\/\"]}]},{\"@type\":\"BreadcrumbList\",\"@id\":\"https:\/\/www.grills-saveurs.ch\/fr\/produit\/boite-de-fumage-weber\/#breadcrumb\",\"itemListElement\":[{\"@type\":\"ListItem\",\"position\":1,\"name\":\"Accueil\",\"item\":\"https:\/\/www.grills-saveurs.ch\/fr\/\"},{\"@type\":\"ListItem\",\"position\":2,\"name\":\"Shop \/ Boutique\",\"item\":\"https:\/\/www.grills-saveurs.ch\/fr\/boutique\/\"},{\"@type\":\"ListItem\",\"position\":3,\"name\":\"Bo\u00eete de fumage Weber\"}]}]}<\/script>\n<!-- \/ Yoast SEO plugin. -->","yoast_head_json":{"title":"Bo\u00eete de fumage Weber - Grills et Saveurs","description":"Disposez la bo\u00eete de fumage juste au-dessus de vos grilles de cuisson pour transformer n\u2019importe quel barbecue \u00e0 gaz ou \u00e0 charbon en un fumoir.","robots":{"index":"index","follow":"follow","max-snippet":"max-snippet:-1","max-image-preview":"max-image-preview:large","max-video-preview":"max-video-preview:-1"},"canonical":"https:\/\/www.grills-saveurs.ch\/fr\/produit\/boite-de-fumage-weber\/","og_locale":"fr_FR","og_type":"article","og_title":"Bo\u00eete de fumage Weber - Grills et Saveurs","og_description":"Disposez la bo\u00eete de fumage juste au-dessus de vos grilles de cuisson pour transformer n\u2019importe quel barbecue \u00e0 gaz ou \u00e0 charbon en un fumoir.","og_url":"https:\/\/www.grills-saveurs.ch\/fr\/produit\/boite-de-fumage-weber\/","og_site_name":"Grills et Saveurs","article_modified_time":"2024-03-21T10:41:24+00:00","og_image":[{"width":1000,"height":950,"url":"https:\/\/www.grills-saveurs.ch\/fr\/wp-content\/uploads\/2019\/03\/7576-Bo\u00eete-de-fumage-Weber.png","type":"image\/png"}],"twitter_card":"summary_large_image","schema":{"@context":"https:\/\/schema.org","@graph":[{"@type":"WebSite","@id":"https:\/\/www.grills-saveurs.ch\/fr\/#website","url":"https:\/\/www.grills-saveurs.ch\/fr\/","name":"Grills et Saveurs","description":"Barbecues, Grills, Planchas, Chemin\u00e9es jardin - Lausanne, Suisse Romande","potentialAction":[{"@type":"SearchAction","target":{"@type":"EntryPoint","urlTemplate":"https:\/\/www.grills-saveurs.ch\/fr\/?s={search_term_string}"},"query-input":"required name=search_term_string"}],"inLanguage":"fr-FR"},{"@type":"ImageObject","@id":"https:\/\/www.grills-saveurs.ch\/fr\/produit\/boite-de-fumage-weber\/#primaryimage","inLanguage":"fr-FR","url":"https:\/\/www.grills-saveurs.ch\/fr\/wp-content\/uploads\/2019\/03\/7576-Bo\u00eete-de-fumage-Weber.png","contentUrl":"https:\/\/www.grills-saveurs.ch\/fr\/wp-content\/uploads\/2019\/03\/7576-Bo\u00eete-de-fumage-Weber.png","width":1000,"height":950,"caption":"7576 Bo\u00eete de fumage Weber"},{"@type":"WebPage","@id":"https:\/\/www.grills-saveurs.ch\/fr\/produit\/boite-de-fumage-weber\/#webpage","url":"https:\/\/www.grills-saveurs.ch\/fr\/produit\/boite-de-fumage-weber\/","name":"Bo\u00eete de fumage Weber - Grills et Saveurs","isPartOf":{"@id":"https:\/\/www.grills-saveurs.ch\/fr\/#website"},"primaryImageOfPage":{"@id":"https:\/\/www.grills-saveurs.ch\/fr\/produit\/boite-de-fumage-weber\/#primaryimage"},"datePublished":"2019-03-07T08:01:40+00:00","dateModified":"2024-03-21T10:41:24+00:00","description":"Disposez la bo\u00eete de fumage juste au-dessus de vos grilles de cuisson pour transformer n\u2019importe quel barbecue \u00e0 gaz ou \u00e0 charbon en un fumoir.","breadcrumb":{"@id":"https:\/\/www.grills-saveurs.ch\/fr\/produit\/boite-de-fumage-weber\/#breadcrumb"},"inLanguage":"fr-FR","potentialAction":[{"@type":"ReadAction","target":["https:\/\/www.grills-saveurs.ch\/fr\/produit\/boite-de-fumage-weber\/"]}]},{"@type":"BreadcrumbList","@id":"https:\/\/www.grills-saveurs.ch\/fr\/produit\/boite-de-fumage-weber\/#breadcrumb","itemListElement":[{"@type":"ListItem","position":1,"name":"Accueil","item":"https:\/\/www.grills-saveurs.ch\/fr\/"},{"@type":"ListItem","position":2,"name":"Shop \/ Boutique","item":"https:\/\/www.grills-saveurs.ch\/fr\/boutique\/"},{"@type":"ListItem","position":3,"name":"Bo\u00eete de fumage Weber"}]}]}},"_links":{"self":[{"href":"https:\/\/www.grills-saveurs.ch\/fr\/wp-json\/wp\/v2\/product\/1858"}],"collection":[{"href":"https:\/\/www.grills-saveurs.ch\/fr\/wp-json\/wp\/v2\/product"}],"about":[{"href":"https:\/\/www.grills-saveurs.ch\/fr\/wp-json\/wp\/v2\/types\/product"}],"wp:featuredmedia":[{"embeddable":true,"href":"https:\/\/www.grills-saveurs.ch\/fr\/wp-json\/wp\/v2\/media\/3680"}],"wp:attachment":[{"href":"https:\/\/www.grills-saveurs.ch\/fr\/wp-json\/wp\/v2\/media?parent=1858"}],"wp:term":[{"taxonomy":"product_cat","embeddable":true,"href":"https:\/\/www.grills-saveurs.ch\/fr\/wp-json\/wp\/v2\/product_cat?post=1858"},{"taxonomy":"product_tag","embeddable":true,"href":"https:\/\/www.grills-saveurs.ch\/fr\/wp-json\/wp\/v2\/product_tag?post=1858"}],"curies":[{"name":"wp","href":"https:\/\/api.w.org\/{rel}","templated":true}]}}