{"id":1863,"date":"2019-03-07T09:01:42","date_gmt":"2019-03-07T08:01:42","guid":{"rendered":"https:\/\/www.grills-saveurs.ch\/fr\/produit\/whiskey-oak-wood-chips-weber\/"},"modified":"2025-06-29T11:59:38","modified_gmt":"2025-06-29T09:59:38","slug":"whiskey-oak-wood-chips-weber","status":"publish","type":"product","link":"https:\/\/www.grills-saveurs.ch\/fr\/produit\/whiskey-oak-wood-chips-weber\/","title":{"rendered":"Copeaux de bois de fumage Weber &#8211; Whisky 0.7kg"},"content":{"rendered":"<p>Copeaux de fumaison pour un ar\u00f4me de grillade d\u00e9licat, disponibles en sept saveurs : pacanier, pommier, cerisier, hickory, mesquite, h\u00eatre et whisky.<\/p>\n<p>Ouvrez un nouveau chapitre de votre \u00e9pop\u00e9e barbecuesque en ajoutant un go\u00fbt de fum\u00e9e aux c\u00f4tes, filets ou poulets cuits au barbecue. Les copeaux de fumage whisky sont produits \u00e0 partir de f\u00fbts de whisky et g\u00e9n\u00e8rent des ar\u00f4mes doux et profonds qui conviennent parfaitement \u00e0 la viande de porc et \u00e0 la volaille.<\/p>\n<p><strong>CARACT\u00c9RISTIQUES<\/strong><\/p>\n<ul>\n<li>Id\u00e9al pour fumer des blancs de poulet, de la dinde, du canard, &#8230;<\/li>\n<li>100% naturel<\/li>\n<li>Emballage de haute qualit\u00e9 et recyclable<\/li>\n<li>Peut \u00eatre utilis\u00e9 avec ou sans la boite de fumage<\/li>\n<li>Pour le fumage sur barbecue \u00e0 gaz ou \u00e0 charbon<\/li>\n<\/ul>\n","protected":false},"excerpt":{"rendered":"<p>17627<\/p>\n","protected":false},"featured_media":3654,"template":"","meta":[],"product_cat":[165],"product_tag":[84],"yoast_head":"<!-- This site is optimized with the Yoast SEO plugin v18.2 - https:\/\/yoast.com\/wordpress\/plugins\/seo\/ -->\n<title>Copeaux de bois de fumage Weber - Whisky 0.7kg - Grills et Saveurs<\/title>\n<meta name=\"description\" content=\"Copeaux de fumaison pour un ar\u00f4me de grillade d\u00e9licat, disponibles en sept saveurs : pacanier, pommier, cerisier, hickory, mesquite, h\u00eatre et whisky.\" \/>\n<meta name=\"robots\" content=\"index, follow, max-snippet:-1, max-image-preview:large, max-video-preview:-1\" \/>\n<link rel=\"canonical\" href=\"https:\/\/www.grills-saveurs.ch\/fr\/produit\/whiskey-oak-wood-chips-weber\/\" \/>\n<meta property=\"og:locale\" content=\"fr_FR\" \/>\n<meta property=\"og:type\" content=\"article\" \/>\n<meta property=\"og:title\" content=\"Copeaux de bois de fumage Weber - Whisky 0.7kg - Grills et Saveurs\" \/>\n<meta property=\"og:description\" content=\"Copeaux de fumaison pour un ar\u00f4me de grillade d\u00e9licat, disponibles en sept saveurs : pacanier, pommier, cerisier, hickory, mesquite, h\u00eatre et whisky.\" \/>\n<meta property=\"og:url\" content=\"https:\/\/www.grills-saveurs.ch\/fr\/produit\/whiskey-oak-wood-chips-weber\/\" \/>\n<meta property=\"og:site_name\" content=\"Grills et Saveurs\" \/>\n<meta property=\"article:modified_time\" content=\"2025-06-29T09:59:38+00:00\" \/>\n<meta property=\"og:image\" content=\"https:\/\/www.grills-saveurs.ch\/fr\/wp-content\/uploads\/2019\/03\/17627-Copeaux-de-bois-de-fumage-Weber-0.7kg-Whisky-Wood-Chips.png\" \/>\n\t<meta property=\"og:image:width\" content=\"1000\" \/>\n\t<meta property=\"og:image:height\" content=\"950\" \/>\n\t<meta property=\"og:image:type\" content=\"image\/png\" \/>\n<meta name=\"twitter:card\" content=\"summary_large_image\" \/>\n<meta name=\"twitter:label1\" content=\"Dur\u00e9e de lecture estim\u00e9e\" \/>\n\t<meta name=\"twitter:data1\" content=\"1 minute\" \/>\n<script type=\"application\/ld+json\" class=\"yoast-schema-graph\">{\"@context\":\"https:\/\/schema.org\",\"@graph\":[{\"@type\":\"WebSite\",\"@id\":\"https:\/\/www.grills-saveurs.ch\/fr\/#website\",\"url\":\"https:\/\/www.grills-saveurs.ch\/fr\/\",\"name\":\"Grills et Saveurs\",\"description\":\"Barbecues, Grills, Planchas, Chemin\u00e9es jardin - Lausanne, Suisse Romande\",\"potentialAction\":[{\"@type\":\"SearchAction\",\"target\":{\"@type\":\"EntryPoint\",\"urlTemplate\":\"https:\/\/www.grills-saveurs.ch\/fr\/?s={search_term_string}\"},\"query-input\":\"required name=search_term_string\"}],\"inLanguage\":\"fr-FR\"},{\"@type\":\"ImageObject\",\"@id\":\"https:\/\/www.grills-saveurs.ch\/fr\/produit\/whiskey-oak-wood-chips-weber\/#primaryimage\",\"inLanguage\":\"fr-FR\",\"url\":\"https:\/\/www.grills-saveurs.ch\/fr\/wp-content\/uploads\/2019\/03\/17627-Copeaux-de-bois-de-fumage-Weber-0.7kg-Whisky-Wood-Chips.png\",\"contentUrl\":\"https:\/\/www.grills-saveurs.ch\/fr\/wp-content\/uploads\/2019\/03\/17627-Copeaux-de-bois-de-fumage-Weber-0.7kg-Whisky-Wood-Chips.png\",\"width\":1000,\"height\":950,\"caption\":\"17627 Copeaux de bois de fumage Weber 0.7kg Whisky Wood Chips\"},{\"@type\":\"WebPage\",\"@id\":\"https:\/\/www.grills-saveurs.ch\/fr\/produit\/whiskey-oak-wood-chips-weber\/#webpage\",\"url\":\"https:\/\/www.grills-saveurs.ch\/fr\/produit\/whiskey-oak-wood-chips-weber\/\",\"name\":\"Copeaux de bois de fumage Weber - Whisky 0.7kg - Grills et Saveurs\",\"isPartOf\":{\"@id\":\"https:\/\/www.grills-saveurs.ch\/fr\/#website\"},\"primaryImageOfPage\":{\"@id\":\"https:\/\/www.grills-saveurs.ch\/fr\/produit\/whiskey-oak-wood-chips-weber\/#primaryimage\"},\"datePublished\":\"2019-03-07T08:01:42+00:00\",\"dateModified\":\"2025-06-29T09:59:38+00:00\",\"description\":\"Copeaux de fumaison pour un ar\u00f4me de grillade d\u00e9licat, disponibles en sept saveurs : pacanier, pommier, cerisier, hickory, mesquite, h\u00eatre et whisky.\",\"breadcrumb\":{\"@id\":\"https:\/\/www.grills-saveurs.ch\/fr\/produit\/whiskey-oak-wood-chips-weber\/#breadcrumb\"},\"inLanguage\":\"fr-FR\",\"potentialAction\":[{\"@type\":\"ReadAction\",\"target\":[\"https:\/\/www.grills-saveurs.ch\/fr\/produit\/whiskey-oak-wood-chips-weber\/\"]}]},{\"@type\":\"BreadcrumbList\",\"@id\":\"https:\/\/www.grills-saveurs.ch\/fr\/produit\/whiskey-oak-wood-chips-weber\/#breadcrumb\",\"itemListElement\":[{\"@type\":\"ListItem\",\"position\":1,\"name\":\"Accueil\",\"item\":\"https:\/\/www.grills-saveurs.ch\/fr\/\"},{\"@type\":\"ListItem\",\"position\":2,\"name\":\"Shop \/ Boutique\",\"item\":\"https:\/\/www.grills-saveurs.ch\/fr\/boutique\/\"},{\"@type\":\"ListItem\",\"position\":3,\"name\":\"Copeaux de bois de fumage Weber &#8211; Whisky 0.7kg\"}]}]}<\/script>\n<!-- \/ Yoast SEO plugin. -->","yoast_head_json":{"title":"Copeaux de bois de fumage Weber - Whisky 0.7kg - Grills et Saveurs","description":"Copeaux de fumaison pour un ar\u00f4me de grillade d\u00e9licat, disponibles en sept saveurs : pacanier, pommier, cerisier, hickory, mesquite, h\u00eatre et whisky.","robots":{"index":"index","follow":"follow","max-snippet":"max-snippet:-1","max-image-preview":"max-image-preview:large","max-video-preview":"max-video-preview:-1"},"canonical":"https:\/\/www.grills-saveurs.ch\/fr\/produit\/whiskey-oak-wood-chips-weber\/","og_locale":"fr_FR","og_type":"article","og_title":"Copeaux de bois de fumage Weber - Whisky 0.7kg - Grills et Saveurs","og_description":"Copeaux de fumaison pour un ar\u00f4me de grillade d\u00e9licat, disponibles en sept saveurs : pacanier, pommier, cerisier, hickory, mesquite, h\u00eatre et whisky.","og_url":"https:\/\/www.grills-saveurs.ch\/fr\/produit\/whiskey-oak-wood-chips-weber\/","og_site_name":"Grills et Saveurs","article_modified_time":"2025-06-29T09:59:38+00:00","og_image":[{"width":1000,"height":950,"url":"https:\/\/www.grills-saveurs.ch\/fr\/wp-content\/uploads\/2019\/03\/17627-Copeaux-de-bois-de-fumage-Weber-0.7kg-Whisky-Wood-Chips.png","type":"image\/png"}],"twitter_card":"summary_large_image","twitter_misc":{"Dur\u00e9e de lecture estim\u00e9e":"1 minute"},"schema":{"@context":"https:\/\/schema.org","@graph":[{"@type":"WebSite","@id":"https:\/\/www.grills-saveurs.ch\/fr\/#website","url":"https:\/\/www.grills-saveurs.ch\/fr\/","name":"Grills et Saveurs","description":"Barbecues, Grills, Planchas, Chemin\u00e9es jardin - Lausanne, Suisse Romande","potentialAction":[{"@type":"SearchAction","target":{"@type":"EntryPoint","urlTemplate":"https:\/\/www.grills-saveurs.ch\/fr\/?s={search_term_string}"},"query-input":"required name=search_term_string"}],"inLanguage":"fr-FR"},{"@type":"ImageObject","@id":"https:\/\/www.grills-saveurs.ch\/fr\/produit\/whiskey-oak-wood-chips-weber\/#primaryimage","inLanguage":"fr-FR","url":"https:\/\/www.grills-saveurs.ch\/fr\/wp-content\/uploads\/2019\/03\/17627-Copeaux-de-bois-de-fumage-Weber-0.7kg-Whisky-Wood-Chips.png","contentUrl":"https:\/\/www.grills-saveurs.ch\/fr\/wp-content\/uploads\/2019\/03\/17627-Copeaux-de-bois-de-fumage-Weber-0.7kg-Whisky-Wood-Chips.png","width":1000,"height":950,"caption":"17627 Copeaux de bois de fumage Weber 0.7kg Whisky Wood Chips"},{"@type":"WebPage","@id":"https:\/\/www.grills-saveurs.ch\/fr\/produit\/whiskey-oak-wood-chips-weber\/#webpage","url":"https:\/\/www.grills-saveurs.ch\/fr\/produit\/whiskey-oak-wood-chips-weber\/","name":"Copeaux de bois de fumage Weber - Whisky 0.7kg - Grills et Saveurs","isPartOf":{"@id":"https:\/\/www.grills-saveurs.ch\/fr\/#website"},"primaryImageOfPage":{"@id":"https:\/\/www.grills-saveurs.ch\/fr\/produit\/whiskey-oak-wood-chips-weber\/#primaryimage"},"datePublished":"2019-03-07T08:01:42+00:00","dateModified":"2025-06-29T09:59:38+00:00","description":"Copeaux de fumaison pour un ar\u00f4me de grillade d\u00e9licat, disponibles en sept saveurs : pacanier, pommier, cerisier, hickory, mesquite, h\u00eatre et whisky.","breadcrumb":{"@id":"https:\/\/www.grills-saveurs.ch\/fr\/produit\/whiskey-oak-wood-chips-weber\/#breadcrumb"},"inLanguage":"fr-FR","potentialAction":[{"@type":"ReadAction","target":["https:\/\/www.grills-saveurs.ch\/fr\/produit\/whiskey-oak-wood-chips-weber\/"]}]},{"@type":"BreadcrumbList","@id":"https:\/\/www.grills-saveurs.ch\/fr\/produit\/whiskey-oak-wood-chips-weber\/#breadcrumb","itemListElement":[{"@type":"ListItem","position":1,"name":"Accueil","item":"https:\/\/www.grills-saveurs.ch\/fr\/"},{"@type":"ListItem","position":2,"name":"Shop \/ Boutique","item":"https:\/\/www.grills-saveurs.ch\/fr\/boutique\/"},{"@type":"ListItem","position":3,"name":"Copeaux de bois de fumage Weber &#8211; Whisky 0.7kg"}]}]}},"_links":{"self":[{"href":"https:\/\/www.grills-saveurs.ch\/fr\/wp-json\/wp\/v2\/product\/1863"}],"collection":[{"href":"https:\/\/www.grills-saveurs.ch\/fr\/wp-json\/wp\/v2\/product"}],"about":[{"href":"https:\/\/www.grills-saveurs.ch\/fr\/wp-json\/wp\/v2\/types\/product"}],"wp:featuredmedia":[{"embeddable":true,"href":"https:\/\/www.grills-saveurs.ch\/fr\/wp-json\/wp\/v2\/media\/3654"}],"wp:attachment":[{"href":"https:\/\/www.grills-saveurs.ch\/fr\/wp-json\/wp\/v2\/media?parent=1863"}],"wp:term":[{"taxonomy":"product_cat","embeddable":true,"href":"https:\/\/www.grills-saveurs.ch\/fr\/wp-json\/wp\/v2\/product_cat?post=1863"},{"taxonomy":"product_tag","embeddable":true,"href":"https:\/\/www.grills-saveurs.ch\/fr\/wp-json\/wp\/v2\/product_tag?post=1863"}],"curies":[{"name":"wp","href":"https:\/\/api.w.org\/{rel}","templated":true}]}}