{"id":1869,"date":"2019-03-07T09:01:44","date_gmt":"2019-03-07T08:01:44","guid":{"rendered":"https:\/\/www.grills-saveurs.ch\/fr\/produit\/hickory-wood-chunks-weber\/"},"modified":"2024-03-22T15:42:33","modified_gmt":"2024-03-22T14:42:33","slug":"hickory-wood-chunks-weber","status":"publish","type":"product","link":"https:\/\/www.grills-saveurs.ch\/fr\/produit\/hickory-wood-chunks-weber\/","title":{"rendered":"Copeaux de bois de fumage Weber \u2013 Hickory 1.5kg"},"content":{"rendered":"<p>Copeaux de fumaison pour un ar\u00f4me de grillade d\u00e9licat, disponibles en sept saveurs : pacanier, pommier, cerisier, hickory, mesquite, h\u00eatre et whisky.<\/p>\n<p>Ajoutez un go\u00fbt intense de hickory pour apporter la touche finale \u00e0 une poitrine effiloch\u00e9e ou un gibier succulent. Exp\u00e9rimentez en ajoutant des morceaux de bois de fumage aromatis\u00e9s et rendez vos grillades et votre fumage encore plus succulents.<\/p>\n<p>De plus gros fragments de bois qui br\u00fblent plus lentement et diffusent leur ar\u00f4me fum\u00e9 d\u00e9licat sur une plus longue p\u00e9riode.<\/p>\n","protected":false},"excerpt":{"rendered":"<p>17619<\/p>\n","protected":false},"featured_media":3636,"template":"","meta":[],"product_cat":[165],"product_tag":[84],"yoast_head":"<!-- This site is optimized with the Yoast SEO plugin v18.2 - https:\/\/yoast.com\/wordpress\/plugins\/seo\/ -->\n<title>Copeaux de bois de fumage Weber \u2013 Hickory 1.5kg - Grills et Saveurs<\/title>\n<meta name=\"description\" content=\"Copeaux de fumaison pour un ar\u00f4me de grillade d\u00e9licat, disponible en sept saveurs : pacanier, pommier, cerisier, hickory, mesquite, h\u00eatre et whisky.\" \/>\n<meta name=\"robots\" content=\"index, follow, max-snippet:-1, max-image-preview:large, max-video-preview:-1\" \/>\n<link rel=\"canonical\" href=\"https:\/\/www.grills-saveurs.ch\/fr\/produit\/hickory-wood-chunks-weber\/\" \/>\n<meta property=\"og:locale\" content=\"fr_FR\" \/>\n<meta property=\"og:type\" content=\"article\" \/>\n<meta property=\"og:title\" content=\"Copeaux de bois de fumage Weber \u2013 Hickory 1.5kg - Grills et Saveurs\" \/>\n<meta property=\"og:description\" content=\"Copeaux de fumaison pour un ar\u00f4me de grillade d\u00e9licat, disponible en sept saveurs : pacanier, pommier, cerisier, hickory, mesquite, h\u00eatre et whisky.\" \/>\n<meta property=\"og:url\" content=\"https:\/\/www.grills-saveurs.ch\/fr\/produit\/hickory-wood-chunks-weber\/\" \/>\n<meta property=\"og:site_name\" content=\"Grills et Saveurs\" \/>\n<meta property=\"article:modified_time\" content=\"2024-03-22T14:42:33+00:00\" \/>\n<meta property=\"og:image\" content=\"https:\/\/www.grills-saveurs.ch\/fr\/wp-content\/uploads\/2019\/03\/17619-Copeaux-de-bois-de-fumage-Weber-1.5kg-Hickory-Wood-Chunks-.png\" \/>\n\t<meta property=\"og:image:width\" content=\"1000\" \/>\n\t<meta property=\"og:image:height\" content=\"950\" \/>\n\t<meta property=\"og:image:type\" content=\"image\/png\" \/>\n<meta name=\"twitter:card\" content=\"summary_large_image\" \/>\n<script type=\"application\/ld+json\" class=\"yoast-schema-graph\">{\"@context\":\"https:\/\/schema.org\",\"@graph\":[{\"@type\":\"WebSite\",\"@id\":\"https:\/\/www.grills-saveurs.ch\/fr\/#website\",\"url\":\"https:\/\/www.grills-saveurs.ch\/fr\/\",\"name\":\"Grills et Saveurs\",\"description\":\"Barbecues, Grills, Planchas, Chemin\u00e9es jardin - Lausanne, Suisse Romande\",\"potentialAction\":[{\"@type\":\"SearchAction\",\"target\":{\"@type\":\"EntryPoint\",\"urlTemplate\":\"https:\/\/www.grills-saveurs.ch\/fr\/?s={search_term_string}\"},\"query-input\":\"required name=search_term_string\"}],\"inLanguage\":\"fr-FR\"},{\"@type\":\"ImageObject\",\"@id\":\"https:\/\/www.grills-saveurs.ch\/fr\/produit\/hickory-wood-chunks-weber\/#primaryimage\",\"inLanguage\":\"fr-FR\",\"url\":\"https:\/\/www.grills-saveurs.ch\/fr\/wp-content\/uploads\/2019\/03\/17619-Copeaux-de-bois-de-fumage-Weber-1.5kg-Hickory-Wood-Chunks-.png\",\"contentUrl\":\"https:\/\/www.grills-saveurs.ch\/fr\/wp-content\/uploads\/2019\/03\/17619-Copeaux-de-bois-de-fumage-Weber-1.5kg-Hickory-Wood-Chunks-.png\",\"width\":1000,\"height\":950,\"caption\":\"17619 Copeaux de bois de fumage Weber 1.5kg Hickory Wood Chunks\"},{\"@type\":\"WebPage\",\"@id\":\"https:\/\/www.grills-saveurs.ch\/fr\/produit\/hickory-wood-chunks-weber\/#webpage\",\"url\":\"https:\/\/www.grills-saveurs.ch\/fr\/produit\/hickory-wood-chunks-weber\/\",\"name\":\"Copeaux de bois de fumage Weber \u2013 Hickory 1.5kg - Grills et Saveurs\",\"isPartOf\":{\"@id\":\"https:\/\/www.grills-saveurs.ch\/fr\/#website\"},\"primaryImageOfPage\":{\"@id\":\"https:\/\/www.grills-saveurs.ch\/fr\/produit\/hickory-wood-chunks-weber\/#primaryimage\"},\"datePublished\":\"2019-03-07T08:01:44+00:00\",\"dateModified\":\"2024-03-22T14:42:33+00:00\",\"description\":\"Copeaux de fumaison pour un ar\u00f4me de grillade d\u00e9licat, disponible en sept saveurs : pacanier, pommier, cerisier, hickory, mesquite, h\u00eatre et whisky.\",\"breadcrumb\":{\"@id\":\"https:\/\/www.grills-saveurs.ch\/fr\/produit\/hickory-wood-chunks-weber\/#breadcrumb\"},\"inLanguage\":\"fr-FR\",\"potentialAction\":[{\"@type\":\"ReadAction\",\"target\":[\"https:\/\/www.grills-saveurs.ch\/fr\/produit\/hickory-wood-chunks-weber\/\"]}]},{\"@type\":\"BreadcrumbList\",\"@id\":\"https:\/\/www.grills-saveurs.ch\/fr\/produit\/hickory-wood-chunks-weber\/#breadcrumb\",\"itemListElement\":[{\"@type\":\"ListItem\",\"position\":1,\"name\":\"Accueil\",\"item\":\"https:\/\/www.grills-saveurs.ch\/fr\/\"},{\"@type\":\"ListItem\",\"position\":2,\"name\":\"Shop \/ Boutique\",\"item\":\"https:\/\/www.grills-saveurs.ch\/fr\/boutique\/\"},{\"@type\":\"ListItem\",\"position\":3,\"name\":\"Copeaux de bois de fumage Weber \u2013 Hickory 1.5kg\"}]}]}<\/script>\n<!-- \/ Yoast SEO plugin. -->","yoast_head_json":{"title":"Copeaux de bois de fumage Weber \u2013 Hickory 1.5kg - Grills et Saveurs","description":"Copeaux de fumaison pour un ar\u00f4me de grillade d\u00e9licat, disponible en sept saveurs : pacanier, pommier, cerisier, hickory, mesquite, h\u00eatre et whisky.","robots":{"index":"index","follow":"follow","max-snippet":"max-snippet:-1","max-image-preview":"max-image-preview:large","max-video-preview":"max-video-preview:-1"},"canonical":"https:\/\/www.grills-saveurs.ch\/fr\/produit\/hickory-wood-chunks-weber\/","og_locale":"fr_FR","og_type":"article","og_title":"Copeaux de bois de fumage Weber \u2013 Hickory 1.5kg - Grills et Saveurs","og_description":"Copeaux de fumaison pour un ar\u00f4me de grillade d\u00e9licat, disponible en sept saveurs : pacanier, pommier, cerisier, hickory, mesquite, h\u00eatre et whisky.","og_url":"https:\/\/www.grills-saveurs.ch\/fr\/produit\/hickory-wood-chunks-weber\/","og_site_name":"Grills et Saveurs","article_modified_time":"2024-03-22T14:42:33+00:00","og_image":[{"width":1000,"height":950,"url":"https:\/\/www.grills-saveurs.ch\/fr\/wp-content\/uploads\/2019\/03\/17619-Copeaux-de-bois-de-fumage-Weber-1.5kg-Hickory-Wood-Chunks-.png","type":"image\/png"}],"twitter_card":"summary_large_image","schema":{"@context":"https:\/\/schema.org","@graph":[{"@type":"WebSite","@id":"https:\/\/www.grills-saveurs.ch\/fr\/#website","url":"https:\/\/www.grills-saveurs.ch\/fr\/","name":"Grills et Saveurs","description":"Barbecues, Grills, Planchas, Chemin\u00e9es jardin - Lausanne, Suisse Romande","potentialAction":[{"@type":"SearchAction","target":{"@type":"EntryPoint","urlTemplate":"https:\/\/www.grills-saveurs.ch\/fr\/?s={search_term_string}"},"query-input":"required name=search_term_string"}],"inLanguage":"fr-FR"},{"@type":"ImageObject","@id":"https:\/\/www.grills-saveurs.ch\/fr\/produit\/hickory-wood-chunks-weber\/#primaryimage","inLanguage":"fr-FR","url":"https:\/\/www.grills-saveurs.ch\/fr\/wp-content\/uploads\/2019\/03\/17619-Copeaux-de-bois-de-fumage-Weber-1.5kg-Hickory-Wood-Chunks-.png","contentUrl":"https:\/\/www.grills-saveurs.ch\/fr\/wp-content\/uploads\/2019\/03\/17619-Copeaux-de-bois-de-fumage-Weber-1.5kg-Hickory-Wood-Chunks-.png","width":1000,"height":950,"caption":"17619 Copeaux de bois de fumage Weber 1.5kg Hickory Wood Chunks"},{"@type":"WebPage","@id":"https:\/\/www.grills-saveurs.ch\/fr\/produit\/hickory-wood-chunks-weber\/#webpage","url":"https:\/\/www.grills-saveurs.ch\/fr\/produit\/hickory-wood-chunks-weber\/","name":"Copeaux de bois de fumage Weber \u2013 Hickory 1.5kg - Grills et Saveurs","isPartOf":{"@id":"https:\/\/www.grills-saveurs.ch\/fr\/#website"},"primaryImageOfPage":{"@id":"https:\/\/www.grills-saveurs.ch\/fr\/produit\/hickory-wood-chunks-weber\/#primaryimage"},"datePublished":"2019-03-07T08:01:44+00:00","dateModified":"2024-03-22T14:42:33+00:00","description":"Copeaux de fumaison pour un ar\u00f4me de grillade d\u00e9licat, disponible en sept saveurs : pacanier, pommier, cerisier, hickory, mesquite, h\u00eatre et whisky.","breadcrumb":{"@id":"https:\/\/www.grills-saveurs.ch\/fr\/produit\/hickory-wood-chunks-weber\/#breadcrumb"},"inLanguage":"fr-FR","potentialAction":[{"@type":"ReadAction","target":["https:\/\/www.grills-saveurs.ch\/fr\/produit\/hickory-wood-chunks-weber\/"]}]},{"@type":"BreadcrumbList","@id":"https:\/\/www.grills-saveurs.ch\/fr\/produit\/hickory-wood-chunks-weber\/#breadcrumb","itemListElement":[{"@type":"ListItem","position":1,"name":"Accueil","item":"https:\/\/www.grills-saveurs.ch\/fr\/"},{"@type":"ListItem","position":2,"name":"Shop \/ Boutique","item":"https:\/\/www.grills-saveurs.ch\/fr\/boutique\/"},{"@type":"ListItem","position":3,"name":"Copeaux de bois de fumage Weber \u2013 Hickory 1.5kg"}]}]}},"_links":{"self":[{"href":"https:\/\/www.grills-saveurs.ch\/fr\/wp-json\/wp\/v2\/product\/1869"}],"collection":[{"href":"https:\/\/www.grills-saveurs.ch\/fr\/wp-json\/wp\/v2\/product"}],"about":[{"href":"https:\/\/www.grills-saveurs.ch\/fr\/wp-json\/wp\/v2\/types\/product"}],"wp:featuredmedia":[{"embeddable":true,"href":"https:\/\/www.grills-saveurs.ch\/fr\/wp-json\/wp\/v2\/media\/3636"}],"wp:attachment":[{"href":"https:\/\/www.grills-saveurs.ch\/fr\/wp-json\/wp\/v2\/media?parent=1869"}],"wp:term":[{"taxonomy":"product_cat","embeddable":true,"href":"https:\/\/www.grills-saveurs.ch\/fr\/wp-json\/wp\/v2\/product_cat?post=1869"},{"taxonomy":"product_tag","embeddable":true,"href":"https:\/\/www.grills-saveurs.ch\/fr\/wp-json\/wp\/v2\/product_tag?post=1869"}],"curies":[{"name":"wp","href":"https:\/\/api.w.org\/{rel}","templated":true}]}}