{"id":1870,"date":"2019-03-07T09:01:44","date_gmt":"2019-03-07T08:01:44","guid":{"rendered":"https:\/\/www.grills-saveurs.ch\/fr\/produit\/rouleaux-de-bois-weber-bois-de-cedre\/"},"modified":"2024-03-21T11:23:55","modified_gmt":"2024-03-21T10:23:55","slug":"rouleaux-de-bois-weber-bois-de-cedre","status":"publish","type":"product","link":"https:\/\/www.grills-saveurs.ch\/fr\/produit\/rouleaux-de-bois-weber-bois-de-cedre\/","title":{"rendered":"Wraps de bois Weber en c\u00e8dre"},"content":{"rendered":"<p>Rouleaux enveloppants en bois de c\u00e8dre.<\/p>\n<p>Entrez dans un nouvel univers de fumage avec le d\u00e9licat go\u00fbt de fum\u00e9e naturel du bois de c\u00e8dre. Enroulez du saumon, de la dinde ou tout autre type de viande dans ces fines feuilles de bois, et laissez-les gr\u00e9siller sur la grille. Les aliments prennent un d\u00e9licat go\u00fbt de fum\u00e9e et de nouvelles exp\u00e9riences vous attendent.<\/p>\n<p><strong>CARACT\u00c9RISTIQUES<\/strong><\/p>\n<ul>\n<li>Recommand\u00e9 pour fumer<\/li>\n<li>Pour obtenir un d\u00e9licat go\u00fbt de fum\u00e9e doux et fruit\u00e9<\/li>\n<li>Id\u00e9al pour le poisson, la viande et la volaille<\/li>\n<li>100% naturel<\/li>\n<li>8 pi\u00e8ces<\/li>\n<\/ul>\n","protected":false},"excerpt":{"rendered":"<p>17521<\/p>\n","protected":false},"featured_media":3639,"template":"","meta":[],"product_cat":[165],"product_tag":[84],"yoast_head":"<!-- This site is optimized with the Yoast SEO plugin v18.2 - https:\/\/yoast.com\/wordpress\/plugins\/seo\/ -->\n<title>Wraps de bois Weber en c\u00e8dre - Grills et Saveurs<\/title>\n<meta name=\"description\" content=\"Enroulez du saumon, de la dinde ou tout autre type de viande dans ces fines feuilles de bois, et laissez-les gr\u00e9siller sur la grille.\" \/>\n<meta name=\"robots\" content=\"index, follow, max-snippet:-1, max-image-preview:large, max-video-preview:-1\" \/>\n<link rel=\"canonical\" href=\"https:\/\/www.grills-saveurs.ch\/fr\/produit\/rouleaux-de-bois-weber-bois-de-cedre\/\" \/>\n<meta property=\"og:locale\" content=\"fr_FR\" \/>\n<meta property=\"og:type\" content=\"article\" \/>\n<meta property=\"og:title\" content=\"Wraps de bois Weber en c\u00e8dre - Grills et Saveurs\" \/>\n<meta property=\"og:description\" content=\"Enroulez du saumon, de la dinde ou tout autre type de viande dans ces fines feuilles de bois, et laissez-les gr\u00e9siller sur la grille.\" \/>\n<meta property=\"og:url\" content=\"https:\/\/www.grills-saveurs.ch\/fr\/produit\/rouleaux-de-bois-weber-bois-de-cedre\/\" \/>\n<meta property=\"og:site_name\" content=\"Grills et Saveurs\" \/>\n<meta property=\"article:modified_time\" content=\"2024-03-21T10:23:55+00:00\" \/>\n<meta property=\"og:image\" content=\"https:\/\/www.grills-saveurs.ch\/fr\/wp-content\/uploads\/2019\/03\/17521-Rouleaux-de-bois-Weber-en-c\u00e8dre-Red-Cedar-Wraps.png\" \/>\n\t<meta property=\"og:image:width\" content=\"1000\" \/>\n\t<meta property=\"og:image:height\" content=\"950\" \/>\n\t<meta property=\"og:image:type\" content=\"image\/png\" \/>\n<meta name=\"twitter:card\" content=\"summary_large_image\" \/>\n<meta name=\"twitter:label1\" content=\"Dur\u00e9e de lecture estim\u00e9e\" \/>\n\t<meta name=\"twitter:data1\" content=\"1 minute\" \/>\n<script type=\"application\/ld+json\" class=\"yoast-schema-graph\">{\"@context\":\"https:\/\/schema.org\",\"@graph\":[{\"@type\":\"WebSite\",\"@id\":\"https:\/\/www.grills-saveurs.ch\/fr\/#website\",\"url\":\"https:\/\/www.grills-saveurs.ch\/fr\/\",\"name\":\"Grills et Saveurs\",\"description\":\"Barbecues, Grills, Planchas, Chemin\u00e9es jardin - Lausanne, Suisse Romande\",\"potentialAction\":[{\"@type\":\"SearchAction\",\"target\":{\"@type\":\"EntryPoint\",\"urlTemplate\":\"https:\/\/www.grills-saveurs.ch\/fr\/?s={search_term_string}\"},\"query-input\":\"required name=search_term_string\"}],\"inLanguage\":\"fr-FR\"},{\"@type\":\"ImageObject\",\"@id\":\"https:\/\/www.grills-saveurs.ch\/fr\/produit\/rouleaux-de-bois-weber-bois-de-cedre\/#primaryimage\",\"inLanguage\":\"fr-FR\",\"url\":\"https:\/\/www.grills-saveurs.ch\/fr\/wp-content\/uploads\/2019\/03\/17521-Rouleaux-de-bois-Weber-en-c\u00e8dre-Red-Cedar-Wraps.png\",\"contentUrl\":\"https:\/\/www.grills-saveurs.ch\/fr\/wp-content\/uploads\/2019\/03\/17521-Rouleaux-de-bois-Weber-en-c\u00e8dre-Red-Cedar-Wraps.png\",\"width\":1000,\"height\":950,\"caption\":\"17521 Rouleaux de bois Weber en c\u00e8dre Red Cedar Wraps\"},{\"@type\":\"WebPage\",\"@id\":\"https:\/\/www.grills-saveurs.ch\/fr\/produit\/rouleaux-de-bois-weber-bois-de-cedre\/#webpage\",\"url\":\"https:\/\/www.grills-saveurs.ch\/fr\/produit\/rouleaux-de-bois-weber-bois-de-cedre\/\",\"name\":\"Wraps de bois Weber en c\u00e8dre - Grills et Saveurs\",\"isPartOf\":{\"@id\":\"https:\/\/www.grills-saveurs.ch\/fr\/#website\"},\"primaryImageOfPage\":{\"@id\":\"https:\/\/www.grills-saveurs.ch\/fr\/produit\/rouleaux-de-bois-weber-bois-de-cedre\/#primaryimage\"},\"datePublished\":\"2019-03-07T08:01:44+00:00\",\"dateModified\":\"2024-03-21T10:23:55+00:00\",\"description\":\"Enroulez du saumon, de la dinde ou tout autre type de viande dans ces fines feuilles de bois, et laissez-les gr\u00e9siller sur la grille.\",\"breadcrumb\":{\"@id\":\"https:\/\/www.grills-saveurs.ch\/fr\/produit\/rouleaux-de-bois-weber-bois-de-cedre\/#breadcrumb\"},\"inLanguage\":\"fr-FR\",\"potentialAction\":[{\"@type\":\"ReadAction\",\"target\":[\"https:\/\/www.grills-saveurs.ch\/fr\/produit\/rouleaux-de-bois-weber-bois-de-cedre\/\"]}]},{\"@type\":\"BreadcrumbList\",\"@id\":\"https:\/\/www.grills-saveurs.ch\/fr\/produit\/rouleaux-de-bois-weber-bois-de-cedre\/#breadcrumb\",\"itemListElement\":[{\"@type\":\"ListItem\",\"position\":1,\"name\":\"Accueil\",\"item\":\"https:\/\/www.grills-saveurs.ch\/fr\/\"},{\"@type\":\"ListItem\",\"position\":2,\"name\":\"Shop \/ Boutique\",\"item\":\"https:\/\/www.grills-saveurs.ch\/fr\/boutique\/\"},{\"@type\":\"ListItem\",\"position\":3,\"name\":\"Wraps de bois Weber en c\u00e8dre\"}]}]}<\/script>\n<!-- \/ Yoast SEO plugin. -->","yoast_head_json":{"title":"Wraps de bois Weber en c\u00e8dre - Grills et Saveurs","description":"Enroulez du saumon, de la dinde ou tout autre type de viande dans ces fines feuilles de bois, et laissez-les gr\u00e9siller sur la grille.","robots":{"index":"index","follow":"follow","max-snippet":"max-snippet:-1","max-image-preview":"max-image-preview:large","max-video-preview":"max-video-preview:-1"},"canonical":"https:\/\/www.grills-saveurs.ch\/fr\/produit\/rouleaux-de-bois-weber-bois-de-cedre\/","og_locale":"fr_FR","og_type":"article","og_title":"Wraps de bois Weber en c\u00e8dre - Grills et Saveurs","og_description":"Enroulez du saumon, de la dinde ou tout autre type de viande dans ces fines feuilles de bois, et laissez-les gr\u00e9siller sur la grille.","og_url":"https:\/\/www.grills-saveurs.ch\/fr\/produit\/rouleaux-de-bois-weber-bois-de-cedre\/","og_site_name":"Grills et Saveurs","article_modified_time":"2024-03-21T10:23:55+00:00","og_image":[{"width":1000,"height":950,"url":"https:\/\/www.grills-saveurs.ch\/fr\/wp-content\/uploads\/2019\/03\/17521-Rouleaux-de-bois-Weber-en-c\u00e8dre-Red-Cedar-Wraps.png","type":"image\/png"}],"twitter_card":"summary_large_image","twitter_misc":{"Dur\u00e9e de lecture estim\u00e9e":"1 minute"},"schema":{"@context":"https:\/\/schema.org","@graph":[{"@type":"WebSite","@id":"https:\/\/www.grills-saveurs.ch\/fr\/#website","url":"https:\/\/www.grills-saveurs.ch\/fr\/","name":"Grills et Saveurs","description":"Barbecues, Grills, Planchas, Chemin\u00e9es jardin - Lausanne, Suisse Romande","potentialAction":[{"@type":"SearchAction","target":{"@type":"EntryPoint","urlTemplate":"https:\/\/www.grills-saveurs.ch\/fr\/?s={search_term_string}"},"query-input":"required name=search_term_string"}],"inLanguage":"fr-FR"},{"@type":"ImageObject","@id":"https:\/\/www.grills-saveurs.ch\/fr\/produit\/rouleaux-de-bois-weber-bois-de-cedre\/#primaryimage","inLanguage":"fr-FR","url":"https:\/\/www.grills-saveurs.ch\/fr\/wp-content\/uploads\/2019\/03\/17521-Rouleaux-de-bois-Weber-en-c\u00e8dre-Red-Cedar-Wraps.png","contentUrl":"https:\/\/www.grills-saveurs.ch\/fr\/wp-content\/uploads\/2019\/03\/17521-Rouleaux-de-bois-Weber-en-c\u00e8dre-Red-Cedar-Wraps.png","width":1000,"height":950,"caption":"17521 Rouleaux de bois Weber en c\u00e8dre Red Cedar Wraps"},{"@type":"WebPage","@id":"https:\/\/www.grills-saveurs.ch\/fr\/produit\/rouleaux-de-bois-weber-bois-de-cedre\/#webpage","url":"https:\/\/www.grills-saveurs.ch\/fr\/produit\/rouleaux-de-bois-weber-bois-de-cedre\/","name":"Wraps de bois Weber en c\u00e8dre - Grills et Saveurs","isPartOf":{"@id":"https:\/\/www.grills-saveurs.ch\/fr\/#website"},"primaryImageOfPage":{"@id":"https:\/\/www.grills-saveurs.ch\/fr\/produit\/rouleaux-de-bois-weber-bois-de-cedre\/#primaryimage"},"datePublished":"2019-03-07T08:01:44+00:00","dateModified":"2024-03-21T10:23:55+00:00","description":"Enroulez du saumon, de la dinde ou tout autre type de viande dans ces fines feuilles de bois, et laissez-les gr\u00e9siller sur la grille.","breadcrumb":{"@id":"https:\/\/www.grills-saveurs.ch\/fr\/produit\/rouleaux-de-bois-weber-bois-de-cedre\/#breadcrumb"},"inLanguage":"fr-FR","potentialAction":[{"@type":"ReadAction","target":["https:\/\/www.grills-saveurs.ch\/fr\/produit\/rouleaux-de-bois-weber-bois-de-cedre\/"]}]},{"@type":"BreadcrumbList","@id":"https:\/\/www.grills-saveurs.ch\/fr\/produit\/rouleaux-de-bois-weber-bois-de-cedre\/#breadcrumb","itemListElement":[{"@type":"ListItem","position":1,"name":"Accueil","item":"https:\/\/www.grills-saveurs.ch\/fr\/"},{"@type":"ListItem","position":2,"name":"Shop \/ Boutique","item":"https:\/\/www.grills-saveurs.ch\/fr\/boutique\/"},{"@type":"ListItem","position":3,"name":"Wraps de bois Weber en c\u00e8dre"}]}]}},"_links":{"self":[{"href":"https:\/\/www.grills-saveurs.ch\/fr\/wp-json\/wp\/v2\/product\/1870"}],"collection":[{"href":"https:\/\/www.grills-saveurs.ch\/fr\/wp-json\/wp\/v2\/product"}],"about":[{"href":"https:\/\/www.grills-saveurs.ch\/fr\/wp-json\/wp\/v2\/types\/product"}],"wp:featuredmedia":[{"embeddable":true,"href":"https:\/\/www.grills-saveurs.ch\/fr\/wp-json\/wp\/v2\/media\/3639"}],"wp:attachment":[{"href":"https:\/\/www.grills-saveurs.ch\/fr\/wp-json\/wp\/v2\/media?parent=1870"}],"wp:term":[{"taxonomy":"product_cat","embeddable":true,"href":"https:\/\/www.grills-saveurs.ch\/fr\/wp-json\/wp\/v2\/product_cat?post=1870"},{"taxonomy":"product_tag","embeddable":true,"href":"https:\/\/www.grills-saveurs.ch\/fr\/wp-json\/wp\/v2\/product_tag?post=1870"}],"curies":[{"name":"wp","href":"https:\/\/api.w.org\/{rel}","templated":true}]}}