{"id":1871,"date":"2019-03-07T09:01:45","date_gmt":"2019-03-07T08:01:45","guid":{"rendered":"https:\/\/www.grills-saveurs.ch\/fr\/produit\/rouleaux-de-bois-weber-bois-de-cerisier\/"},"modified":"2024-03-21T11:27:41","modified_gmt":"2024-03-21T10:27:41","slug":"rouleaux-de-bois-weber-bois-de-cerisier","status":"publish","type":"product","link":"https:\/\/www.grills-saveurs.ch\/fr\/produit\/rouleaux-de-bois-weber-bois-de-cerisier\/","title":{"rendered":"Wraps de bois Weber en cerisier"},"content":{"rendered":"<p>Une touche d\u00e9licate de cerise douce sur un filet de poisson apportera une note l\u00e9g\u00e8re et rafra\u00eechissante \u00e0 votre assiette. Les wraps pour grillades sont de minces feuilles de bois qui impr\u00e8gnent et fument vos aliments, et peuvent \u00eatre utilis\u00e9es avec la plupart de vos morceaux de viande et de poisson pr\u00e9f\u00e9r\u00e9s.<\/p>\n<p><strong>CARACT\u00c9RISTIQUES<\/strong><\/p>\n<ul>\n<li>Recommand\u00e9 pour fumer<\/li>\n<li>Saveur sucr\u00e9e<\/li>\n<li>Intensit\u00e9 de fum\u00e9e l\u00e9g\u00e8re<\/li>\n<li>100% naturel<\/li>\n<li>8 pi\u00e8ces<\/li>\n<\/ul>\n","protected":false},"excerpt":{"rendered":"<p>17628<\/p>\n","protected":false},"featured_media":3630,"template":"","meta":[],"product_cat":[165],"product_tag":[84],"yoast_head":"<!-- This site is optimized with the Yoast SEO plugin v18.2 - https:\/\/yoast.com\/wordpress\/plugins\/seo\/ -->\n<title>Wraps de bois Weber en cerisier - Grills et Saveurs<\/title>\n<meta name=\"description\" content=\"Les wraps pour grillades sont de minces feuilles de bois qui impr\u00e8gnent et fument vos aliments. Ils peuvent \u00eatre utilis\u00e9s avec la plupart des viandes et poissons.\" \/>\n<meta name=\"robots\" content=\"index, follow, max-snippet:-1, max-image-preview:large, max-video-preview:-1\" \/>\n<link rel=\"canonical\" href=\"https:\/\/www.grills-saveurs.ch\/fr\/produit\/rouleaux-de-bois-weber-bois-de-cerisier\/\" \/>\n<meta property=\"og:locale\" content=\"fr_FR\" \/>\n<meta property=\"og:type\" content=\"article\" \/>\n<meta property=\"og:title\" content=\"Wraps de bois Weber en cerisier - Grills et Saveurs\" \/>\n<meta property=\"og:description\" content=\"Les wraps pour grillades sont de minces feuilles de bois qui impr\u00e8gnent et fument vos aliments. Ils peuvent \u00eatre utilis\u00e9s avec la plupart des viandes et poissons.\" \/>\n<meta property=\"og:url\" content=\"https:\/\/www.grills-saveurs.ch\/fr\/produit\/rouleaux-de-bois-weber-bois-de-cerisier\/\" \/>\n<meta property=\"og:site_name\" content=\"Grills et Saveurs\" \/>\n<meta property=\"article:modified_time\" content=\"2024-03-21T10:27:41+00:00\" \/>\n<meta property=\"og:image\" content=\"https:\/\/www.grills-saveurs.ch\/fr\/wp-content\/uploads\/2019\/03\/17628-Rouleaux-de-bois-Weber-en-cerisier-Cherry-Wood-Wraps.png\" \/>\n\t<meta property=\"og:image:width\" content=\"1000\" \/>\n\t<meta property=\"og:image:height\" content=\"950\" \/>\n\t<meta property=\"og:image:type\" content=\"image\/png\" \/>\n<meta name=\"twitter:card\" content=\"summary_large_image\" \/>\n<script type=\"application\/ld+json\" class=\"yoast-schema-graph\">{\"@context\":\"https:\/\/schema.org\",\"@graph\":[{\"@type\":\"WebSite\",\"@id\":\"https:\/\/www.grills-saveurs.ch\/fr\/#website\",\"url\":\"https:\/\/www.grills-saveurs.ch\/fr\/\",\"name\":\"Grills et Saveurs\",\"description\":\"Barbecues, Grills, Planchas, Chemin\u00e9es jardin - Lausanne, Suisse Romande\",\"potentialAction\":[{\"@type\":\"SearchAction\",\"target\":{\"@type\":\"EntryPoint\",\"urlTemplate\":\"https:\/\/www.grills-saveurs.ch\/fr\/?s={search_term_string}\"},\"query-input\":\"required name=search_term_string\"}],\"inLanguage\":\"fr-FR\"},{\"@type\":\"ImageObject\",\"@id\":\"https:\/\/www.grills-saveurs.ch\/fr\/produit\/rouleaux-de-bois-weber-bois-de-cerisier\/#primaryimage\",\"inLanguage\":\"fr-FR\",\"url\":\"https:\/\/www.grills-saveurs.ch\/fr\/wp-content\/uploads\/2019\/03\/17628-Rouleaux-de-bois-Weber-en-cerisier-Cherry-Wood-Wraps.png\",\"contentUrl\":\"https:\/\/www.grills-saveurs.ch\/fr\/wp-content\/uploads\/2019\/03\/17628-Rouleaux-de-bois-Weber-en-cerisier-Cherry-Wood-Wraps.png\",\"width\":1000,\"height\":950,\"caption\":\"17628 Rouleaux de bois Weber en cerisier Cherry Wood Wraps\"},{\"@type\":\"WebPage\",\"@id\":\"https:\/\/www.grills-saveurs.ch\/fr\/produit\/rouleaux-de-bois-weber-bois-de-cerisier\/#webpage\",\"url\":\"https:\/\/www.grills-saveurs.ch\/fr\/produit\/rouleaux-de-bois-weber-bois-de-cerisier\/\",\"name\":\"Wraps de bois Weber en cerisier - Grills et Saveurs\",\"isPartOf\":{\"@id\":\"https:\/\/www.grills-saveurs.ch\/fr\/#website\"},\"primaryImageOfPage\":{\"@id\":\"https:\/\/www.grills-saveurs.ch\/fr\/produit\/rouleaux-de-bois-weber-bois-de-cerisier\/#primaryimage\"},\"datePublished\":\"2019-03-07T08:01:45+00:00\",\"dateModified\":\"2024-03-21T10:27:41+00:00\",\"description\":\"Les wraps pour grillades sont de minces feuilles de bois qui impr\u00e8gnent et fument vos aliments. Ils peuvent \u00eatre utilis\u00e9s avec la plupart des viandes et poissons.\",\"breadcrumb\":{\"@id\":\"https:\/\/www.grills-saveurs.ch\/fr\/produit\/rouleaux-de-bois-weber-bois-de-cerisier\/#breadcrumb\"},\"inLanguage\":\"fr-FR\",\"potentialAction\":[{\"@type\":\"ReadAction\",\"target\":[\"https:\/\/www.grills-saveurs.ch\/fr\/produit\/rouleaux-de-bois-weber-bois-de-cerisier\/\"]}]},{\"@type\":\"BreadcrumbList\",\"@id\":\"https:\/\/www.grills-saveurs.ch\/fr\/produit\/rouleaux-de-bois-weber-bois-de-cerisier\/#breadcrumb\",\"itemListElement\":[{\"@type\":\"ListItem\",\"position\":1,\"name\":\"Accueil\",\"item\":\"https:\/\/www.grills-saveurs.ch\/fr\/\"},{\"@type\":\"ListItem\",\"position\":2,\"name\":\"Shop \/ Boutique\",\"item\":\"https:\/\/www.grills-saveurs.ch\/fr\/boutique\/\"},{\"@type\":\"ListItem\",\"position\":3,\"name\":\"Wraps de bois Weber en cerisier\"}]}]}<\/script>\n<!-- \/ Yoast SEO plugin. -->","yoast_head_json":{"title":"Wraps de bois Weber en cerisier - Grills et Saveurs","description":"Les wraps pour grillades sont de minces feuilles de bois qui impr\u00e8gnent et fument vos aliments. Ils peuvent \u00eatre utilis\u00e9s avec la plupart des viandes et poissons.","robots":{"index":"index","follow":"follow","max-snippet":"max-snippet:-1","max-image-preview":"max-image-preview:large","max-video-preview":"max-video-preview:-1"},"canonical":"https:\/\/www.grills-saveurs.ch\/fr\/produit\/rouleaux-de-bois-weber-bois-de-cerisier\/","og_locale":"fr_FR","og_type":"article","og_title":"Wraps de bois Weber en cerisier - Grills et Saveurs","og_description":"Les wraps pour grillades sont de minces feuilles de bois qui impr\u00e8gnent et fument vos aliments. Ils peuvent \u00eatre utilis\u00e9s avec la plupart des viandes et poissons.","og_url":"https:\/\/www.grills-saveurs.ch\/fr\/produit\/rouleaux-de-bois-weber-bois-de-cerisier\/","og_site_name":"Grills et Saveurs","article_modified_time":"2024-03-21T10:27:41+00:00","og_image":[{"width":1000,"height":950,"url":"https:\/\/www.grills-saveurs.ch\/fr\/wp-content\/uploads\/2019\/03\/17628-Rouleaux-de-bois-Weber-en-cerisier-Cherry-Wood-Wraps.png","type":"image\/png"}],"twitter_card":"summary_large_image","schema":{"@context":"https:\/\/schema.org","@graph":[{"@type":"WebSite","@id":"https:\/\/www.grills-saveurs.ch\/fr\/#website","url":"https:\/\/www.grills-saveurs.ch\/fr\/","name":"Grills et Saveurs","description":"Barbecues, Grills, Planchas, Chemin\u00e9es jardin - Lausanne, Suisse Romande","potentialAction":[{"@type":"SearchAction","target":{"@type":"EntryPoint","urlTemplate":"https:\/\/www.grills-saveurs.ch\/fr\/?s={search_term_string}"},"query-input":"required name=search_term_string"}],"inLanguage":"fr-FR"},{"@type":"ImageObject","@id":"https:\/\/www.grills-saveurs.ch\/fr\/produit\/rouleaux-de-bois-weber-bois-de-cerisier\/#primaryimage","inLanguage":"fr-FR","url":"https:\/\/www.grills-saveurs.ch\/fr\/wp-content\/uploads\/2019\/03\/17628-Rouleaux-de-bois-Weber-en-cerisier-Cherry-Wood-Wraps.png","contentUrl":"https:\/\/www.grills-saveurs.ch\/fr\/wp-content\/uploads\/2019\/03\/17628-Rouleaux-de-bois-Weber-en-cerisier-Cherry-Wood-Wraps.png","width":1000,"height":950,"caption":"17628 Rouleaux de bois Weber en cerisier Cherry Wood Wraps"},{"@type":"WebPage","@id":"https:\/\/www.grills-saveurs.ch\/fr\/produit\/rouleaux-de-bois-weber-bois-de-cerisier\/#webpage","url":"https:\/\/www.grills-saveurs.ch\/fr\/produit\/rouleaux-de-bois-weber-bois-de-cerisier\/","name":"Wraps de bois Weber en cerisier - Grills et Saveurs","isPartOf":{"@id":"https:\/\/www.grills-saveurs.ch\/fr\/#website"},"primaryImageOfPage":{"@id":"https:\/\/www.grills-saveurs.ch\/fr\/produit\/rouleaux-de-bois-weber-bois-de-cerisier\/#primaryimage"},"datePublished":"2019-03-07T08:01:45+00:00","dateModified":"2024-03-21T10:27:41+00:00","description":"Les wraps pour grillades sont de minces feuilles de bois qui impr\u00e8gnent et fument vos aliments. Ils peuvent \u00eatre utilis\u00e9s avec la plupart des viandes et poissons.","breadcrumb":{"@id":"https:\/\/www.grills-saveurs.ch\/fr\/produit\/rouleaux-de-bois-weber-bois-de-cerisier\/#breadcrumb"},"inLanguage":"fr-FR","potentialAction":[{"@type":"ReadAction","target":["https:\/\/www.grills-saveurs.ch\/fr\/produit\/rouleaux-de-bois-weber-bois-de-cerisier\/"]}]},{"@type":"BreadcrumbList","@id":"https:\/\/www.grills-saveurs.ch\/fr\/produit\/rouleaux-de-bois-weber-bois-de-cerisier\/#breadcrumb","itemListElement":[{"@type":"ListItem","position":1,"name":"Accueil","item":"https:\/\/www.grills-saveurs.ch\/fr\/"},{"@type":"ListItem","position":2,"name":"Shop \/ Boutique","item":"https:\/\/www.grills-saveurs.ch\/fr\/boutique\/"},{"@type":"ListItem","position":3,"name":"Wraps de bois Weber en cerisier"}]}]}},"_links":{"self":[{"href":"https:\/\/www.grills-saveurs.ch\/fr\/wp-json\/wp\/v2\/product\/1871"}],"collection":[{"href":"https:\/\/www.grills-saveurs.ch\/fr\/wp-json\/wp\/v2\/product"}],"about":[{"href":"https:\/\/www.grills-saveurs.ch\/fr\/wp-json\/wp\/v2\/types\/product"}],"wp:featuredmedia":[{"embeddable":true,"href":"https:\/\/www.grills-saveurs.ch\/fr\/wp-json\/wp\/v2\/media\/3630"}],"wp:attachment":[{"href":"https:\/\/www.grills-saveurs.ch\/fr\/wp-json\/wp\/v2\/media?parent=1871"}],"wp:term":[{"taxonomy":"product_cat","embeddable":true,"href":"https:\/\/www.grills-saveurs.ch\/fr\/wp-json\/wp\/v2\/product_cat?post=1871"},{"taxonomy":"product_tag","embeddable":true,"href":"https:\/\/www.grills-saveurs.ch\/fr\/wp-json\/wp\/v2\/product_tag?post=1871"}],"curies":[{"name":"wp","href":"https:\/\/api.w.org\/{rel}","templated":true}]}}