{"id":1872,"date":"2019-03-07T09:01:46","date_gmt":"2019-03-07T08:01:46","guid":{"rendered":"https:\/\/www.grills-saveurs.ch\/fr\/produit\/weber-planches-de-fumaison-cedre-petit-2-pieces\/"},"modified":"2024-03-21T11:22:05","modified_gmt":"2024-03-21T10:22:05","slug":"weber-planches-de-fumaison-cedre-petit-2-pieces","status":"publish","type":"product","link":"https:\/\/www.grills-saveurs.ch\/fr\/produit\/weber-planches-de-fumaison-cedre-petit-2-pieces\/","title":{"rendered":"Planches \u00e0 fumer Weber en c\u00e8dre &#8211; petites"},"content":{"rendered":"<p>Lot de 2, 15 x 30 cm<\/p>\n<p>Ne r\u00e9sistez pas, votre estomac r\u00e9clame un repas ou un en-cas fum\u00e9. Pendant que le barbecue d\u00e9marre, mettez votre poisson pr\u00e9f\u00e9r\u00e9 (saumon ou truite) sur la planche de bois. Ou bien essayez une gourmandise comme un brie ou un camembert fum\u00e9. Posez la planche sur le barbecue et le fumage commence.<\/p>\n","protected":false},"excerpt":{"rendered":"<p>17522<\/p>\n","protected":false},"featured_media":3626,"template":"","meta":[],"product_cat":[165],"product_tag":[84],"yoast_head":"<!-- This site is optimized with the Yoast SEO plugin v18.2 - https:\/\/yoast.com\/wordpress\/plugins\/seo\/ -->\n<title>Planches \u00e0 fumer Weber en c\u00e8dre - petites - Grills et Saveurs<\/title>\n<meta name=\"description\" content=\"Planches pour fumer du poisson, de la volaille, de la viande, etc. Posez la planche sur le barbecue et le fumage commence.\" \/>\n<meta name=\"robots\" content=\"index, follow, max-snippet:-1, max-image-preview:large, max-video-preview:-1\" \/>\n<link rel=\"canonical\" href=\"https:\/\/www.grills-saveurs.ch\/fr\/produit\/weber-planches-de-fumaison-cedre-petit-2-pieces\/\" \/>\n<meta property=\"og:locale\" content=\"fr_FR\" \/>\n<meta property=\"og:type\" content=\"article\" \/>\n<meta property=\"og:title\" content=\"Planches \u00e0 fumer Weber en c\u00e8dre - petites - Grills et Saveurs\" \/>\n<meta property=\"og:description\" content=\"Planches pour fumer du poisson, de la volaille, de la viande, etc. Posez la planche sur le barbecue et le fumage commence.\" \/>\n<meta property=\"og:url\" content=\"https:\/\/www.grills-saveurs.ch\/fr\/produit\/weber-planches-de-fumaison-cedre-petit-2-pieces\/\" \/>\n<meta property=\"og:site_name\" content=\"Grills et Saveurs\" \/>\n<meta property=\"article:modified_time\" content=\"2024-03-21T10:22:05+00:00\" \/>\n<meta property=\"og:image\" content=\"https:\/\/www.grills-saveurs.ch\/fr\/wp-content\/uploads\/2019\/03\/17522-Planches-\u00e0-fumer-Weber-en-c\u00e8dre-petites-.png\" \/>\n\t<meta property=\"og:image:width\" content=\"1000\" \/>\n\t<meta property=\"og:image:height\" content=\"950\" \/>\n\t<meta property=\"og:image:type\" content=\"image\/png\" \/>\n<meta name=\"twitter:card\" content=\"summary_large_image\" \/>\n<script type=\"application\/ld+json\" class=\"yoast-schema-graph\">{\"@context\":\"https:\/\/schema.org\",\"@graph\":[{\"@type\":\"WebSite\",\"@id\":\"https:\/\/www.grills-saveurs.ch\/fr\/#website\",\"url\":\"https:\/\/www.grills-saveurs.ch\/fr\/\",\"name\":\"Grills et Saveurs\",\"description\":\"Barbecues, Grills, Planchas, Chemin\u00e9es jardin - Lausanne, Suisse Romande\",\"potentialAction\":[{\"@type\":\"SearchAction\",\"target\":{\"@type\":\"EntryPoint\",\"urlTemplate\":\"https:\/\/www.grills-saveurs.ch\/fr\/?s={search_term_string}\"},\"query-input\":\"required name=search_term_string\"}],\"inLanguage\":\"fr-FR\"},{\"@type\":\"ImageObject\",\"@id\":\"https:\/\/www.grills-saveurs.ch\/fr\/produit\/weber-planches-de-fumaison-cedre-petit-2-pieces\/#primaryimage\",\"inLanguage\":\"fr-FR\",\"url\":\"https:\/\/www.grills-saveurs.ch\/fr\/wp-content\/uploads\/2019\/03\/17522-Planches-\u00e0-fumer-Weber-en-c\u00e8dre-petites-.png\",\"contentUrl\":\"https:\/\/www.grills-saveurs.ch\/fr\/wp-content\/uploads\/2019\/03\/17522-Planches-\u00e0-fumer-Weber-en-c\u00e8dre-petites-.png\",\"width\":1000,\"height\":950,\"caption\":\"17522 Planches \u00e0 fumer Weber en c\u00e8dre - petites\"},{\"@type\":\"WebPage\",\"@id\":\"https:\/\/www.grills-saveurs.ch\/fr\/produit\/weber-planches-de-fumaison-cedre-petit-2-pieces\/#webpage\",\"url\":\"https:\/\/www.grills-saveurs.ch\/fr\/produit\/weber-planches-de-fumaison-cedre-petit-2-pieces\/\",\"name\":\"Planches \u00e0 fumer Weber en c\u00e8dre - petites - Grills et Saveurs\",\"isPartOf\":{\"@id\":\"https:\/\/www.grills-saveurs.ch\/fr\/#website\"},\"primaryImageOfPage\":{\"@id\":\"https:\/\/www.grills-saveurs.ch\/fr\/produit\/weber-planches-de-fumaison-cedre-petit-2-pieces\/#primaryimage\"},\"datePublished\":\"2019-03-07T08:01:46+00:00\",\"dateModified\":\"2024-03-21T10:22:05+00:00\",\"description\":\"Planches pour fumer du poisson, de la volaille, de la viande, etc. Posez la planche sur le barbecue et le fumage commence.\",\"breadcrumb\":{\"@id\":\"https:\/\/www.grills-saveurs.ch\/fr\/produit\/weber-planches-de-fumaison-cedre-petit-2-pieces\/#breadcrumb\"},\"inLanguage\":\"fr-FR\",\"potentialAction\":[{\"@type\":\"ReadAction\",\"target\":[\"https:\/\/www.grills-saveurs.ch\/fr\/produit\/weber-planches-de-fumaison-cedre-petit-2-pieces\/\"]}]},{\"@type\":\"BreadcrumbList\",\"@id\":\"https:\/\/www.grills-saveurs.ch\/fr\/produit\/weber-planches-de-fumaison-cedre-petit-2-pieces\/#breadcrumb\",\"itemListElement\":[{\"@type\":\"ListItem\",\"position\":1,\"name\":\"Accueil\",\"item\":\"https:\/\/www.grills-saveurs.ch\/fr\/\"},{\"@type\":\"ListItem\",\"position\":2,\"name\":\"Shop \/ Boutique\",\"item\":\"https:\/\/www.grills-saveurs.ch\/fr\/boutique\/\"},{\"@type\":\"ListItem\",\"position\":3,\"name\":\"Planches \u00e0 fumer Weber en c\u00e8dre &#8211; petites\"}]}]}<\/script>\n<!-- \/ Yoast SEO plugin. -->","yoast_head_json":{"title":"Planches \u00e0 fumer Weber en c\u00e8dre - petites - Grills et Saveurs","description":"Planches pour fumer du poisson, de la volaille, de la viande, etc. Posez la planche sur le barbecue et le fumage commence.","robots":{"index":"index","follow":"follow","max-snippet":"max-snippet:-1","max-image-preview":"max-image-preview:large","max-video-preview":"max-video-preview:-1"},"canonical":"https:\/\/www.grills-saveurs.ch\/fr\/produit\/weber-planches-de-fumaison-cedre-petit-2-pieces\/","og_locale":"fr_FR","og_type":"article","og_title":"Planches \u00e0 fumer Weber en c\u00e8dre - petites - Grills et Saveurs","og_description":"Planches pour fumer du poisson, de la volaille, de la viande, etc. Posez la planche sur le barbecue et le fumage commence.","og_url":"https:\/\/www.grills-saveurs.ch\/fr\/produit\/weber-planches-de-fumaison-cedre-petit-2-pieces\/","og_site_name":"Grills et Saveurs","article_modified_time":"2024-03-21T10:22:05+00:00","og_image":[{"width":1000,"height":950,"url":"https:\/\/www.grills-saveurs.ch\/fr\/wp-content\/uploads\/2019\/03\/17522-Planches-\u00e0-fumer-Weber-en-c\u00e8dre-petites-.png","type":"image\/png"}],"twitter_card":"summary_large_image","schema":{"@context":"https:\/\/schema.org","@graph":[{"@type":"WebSite","@id":"https:\/\/www.grills-saveurs.ch\/fr\/#website","url":"https:\/\/www.grills-saveurs.ch\/fr\/","name":"Grills et Saveurs","description":"Barbecues, Grills, Planchas, Chemin\u00e9es jardin - Lausanne, Suisse Romande","potentialAction":[{"@type":"SearchAction","target":{"@type":"EntryPoint","urlTemplate":"https:\/\/www.grills-saveurs.ch\/fr\/?s={search_term_string}"},"query-input":"required name=search_term_string"}],"inLanguage":"fr-FR"},{"@type":"ImageObject","@id":"https:\/\/www.grills-saveurs.ch\/fr\/produit\/weber-planches-de-fumaison-cedre-petit-2-pieces\/#primaryimage","inLanguage":"fr-FR","url":"https:\/\/www.grills-saveurs.ch\/fr\/wp-content\/uploads\/2019\/03\/17522-Planches-\u00e0-fumer-Weber-en-c\u00e8dre-petites-.png","contentUrl":"https:\/\/www.grills-saveurs.ch\/fr\/wp-content\/uploads\/2019\/03\/17522-Planches-\u00e0-fumer-Weber-en-c\u00e8dre-petites-.png","width":1000,"height":950,"caption":"17522 Planches \u00e0 fumer Weber en c\u00e8dre - petites"},{"@type":"WebPage","@id":"https:\/\/www.grills-saveurs.ch\/fr\/produit\/weber-planches-de-fumaison-cedre-petit-2-pieces\/#webpage","url":"https:\/\/www.grills-saveurs.ch\/fr\/produit\/weber-planches-de-fumaison-cedre-petit-2-pieces\/","name":"Planches \u00e0 fumer Weber en c\u00e8dre - petites - Grills et Saveurs","isPartOf":{"@id":"https:\/\/www.grills-saveurs.ch\/fr\/#website"},"primaryImageOfPage":{"@id":"https:\/\/www.grills-saveurs.ch\/fr\/produit\/weber-planches-de-fumaison-cedre-petit-2-pieces\/#primaryimage"},"datePublished":"2019-03-07T08:01:46+00:00","dateModified":"2024-03-21T10:22:05+00:00","description":"Planches pour fumer du poisson, de la volaille, de la viande, etc. Posez la planche sur le barbecue et le fumage commence.","breadcrumb":{"@id":"https:\/\/www.grills-saveurs.ch\/fr\/produit\/weber-planches-de-fumaison-cedre-petit-2-pieces\/#breadcrumb"},"inLanguage":"fr-FR","potentialAction":[{"@type":"ReadAction","target":["https:\/\/www.grills-saveurs.ch\/fr\/produit\/weber-planches-de-fumaison-cedre-petit-2-pieces\/"]}]},{"@type":"BreadcrumbList","@id":"https:\/\/www.grills-saveurs.ch\/fr\/produit\/weber-planches-de-fumaison-cedre-petit-2-pieces\/#breadcrumb","itemListElement":[{"@type":"ListItem","position":1,"name":"Accueil","item":"https:\/\/www.grills-saveurs.ch\/fr\/"},{"@type":"ListItem","position":2,"name":"Shop \/ Boutique","item":"https:\/\/www.grills-saveurs.ch\/fr\/boutique\/"},{"@type":"ListItem","position":3,"name":"Planches \u00e0 fumer Weber en c\u00e8dre &#8211; petites"}]}]}},"_links":{"self":[{"href":"https:\/\/www.grills-saveurs.ch\/fr\/wp-json\/wp\/v2\/product\/1872"}],"collection":[{"href":"https:\/\/www.grills-saveurs.ch\/fr\/wp-json\/wp\/v2\/product"}],"about":[{"href":"https:\/\/www.grills-saveurs.ch\/fr\/wp-json\/wp\/v2\/types\/product"}],"wp:featuredmedia":[{"embeddable":true,"href":"https:\/\/www.grills-saveurs.ch\/fr\/wp-json\/wp\/v2\/media\/3626"}],"wp:attachment":[{"href":"https:\/\/www.grills-saveurs.ch\/fr\/wp-json\/wp\/v2\/media?parent=1872"}],"wp:term":[{"taxonomy":"product_cat","embeddable":true,"href":"https:\/\/www.grills-saveurs.ch\/fr\/wp-json\/wp\/v2\/product_cat?post=1872"},{"taxonomy":"product_tag","embeddable":true,"href":"https:\/\/www.grills-saveurs.ch\/fr\/wp-json\/wp\/v2\/product_tag?post=1872"}],"curies":[{"name":"wp","href":"https:\/\/api.w.org\/{rel}","templated":true}]}}