{"id":1887,"date":"2019-03-07T09:01:51","date_gmt":"2019-03-07T08:01:51","guid":{"rendered":"https:\/\/www.grills-saveurs.ch\/fr\/produit\/livre-de-recettes-grillades\/"},"modified":"2024-03-22T15:46:40","modified_gmt":"2024-03-22T14:46:40","slug":"livre-de-recettes-grillades","status":"publish","type":"product","link":"https:\/\/www.grills-saveurs.ch\/fr\/produit\/livre-de-recettes-grillades\/","title":{"rendered":"Livre de recettes \u00ab\u00a0Grillades au barbecue\u00a0\u00bb Weber"},"content":{"rendered":"<p>Quoi de plus convivial qu\u2019une bonne grillade \u00e0 savourer entre amis autour d\u2019un barbecue. Renouez avec le plaisir de pr\u00e9parer une belle pi\u00e8ce de viande gr\u00e2ce aux marinades, sauces et assaisonnements propos\u00e9s dans cet ouvrage.<\/p>\n<p>144 pages<\/p>\n","protected":false},"excerpt":{"rendered":"<p>315267<\/p>\n","protected":false},"featured_media":3584,"template":"","meta":[],"product_cat":[172],"product_tag":[84],"yoast_head":"<!-- This site is optimized with the Yoast SEO plugin v18.2 - https:\/\/yoast.com\/wordpress\/plugins\/seo\/ -->\n<title>Livre de recettes &quot;Grillades au barbecue&quot; Weber - Grills et Saveurs<\/title>\n<meta name=\"description\" content=\"Quoi de plus convivial qu\u2019une bonne grillade \u00e0 savourer entre amis autour d\u2019un barbecue. Renouez avec le plaisir de pr\u00e9parer une belle pi\u00e8ce de viande gr\u00e2ce aux marinades, sauces et assaisonnements propos\u00e9s dans cet ouvrage.\" \/>\n<meta name=\"robots\" content=\"index, follow, max-snippet:-1, max-image-preview:large, max-video-preview:-1\" \/>\n<link rel=\"canonical\" href=\"https:\/\/www.grills-saveurs.ch\/fr\/produit\/livre-de-recettes-grillades\/\" \/>\n<meta property=\"og:locale\" content=\"fr_FR\" \/>\n<meta property=\"og:type\" content=\"article\" \/>\n<meta property=\"og:title\" content=\"Livre de recettes &quot;Grillades au barbecue&quot; Weber - Grills et Saveurs\" \/>\n<meta property=\"og:description\" content=\"Quoi de plus convivial qu\u2019une bonne grillade \u00e0 savourer entre amis autour d\u2019un barbecue. Renouez avec le plaisir de pr\u00e9parer une belle pi\u00e8ce de viande gr\u00e2ce aux marinades, sauces et assaisonnements propos\u00e9s dans cet ouvrage.\" \/>\n<meta property=\"og:url\" content=\"https:\/\/www.grills-saveurs.ch\/fr\/produit\/livre-de-recettes-grillades\/\" \/>\n<meta property=\"og:site_name\" content=\"Grills et Saveurs\" \/>\n<meta property=\"article:modified_time\" content=\"2024-03-22T14:46:40+00:00\" \/>\n<meta property=\"og:image\" content=\"https:\/\/www.grills-saveurs.ch\/fr\/wp-content\/uploads\/2019\/03\/315267-Livre-de-recettes-Weber-Grillades-au-barbecue.png\" \/>\n\t<meta property=\"og:image:width\" content=\"1000\" \/>\n\t<meta property=\"og:image:height\" content=\"950\" \/>\n\t<meta property=\"og:image:type\" content=\"image\/png\" \/>\n<meta name=\"twitter:card\" content=\"summary_large_image\" \/>\n<script type=\"application\/ld+json\" class=\"yoast-schema-graph\">{\"@context\":\"https:\/\/schema.org\",\"@graph\":[{\"@type\":\"WebSite\",\"@id\":\"https:\/\/www.grills-saveurs.ch\/fr\/#website\",\"url\":\"https:\/\/www.grills-saveurs.ch\/fr\/\",\"name\":\"Grills et Saveurs\",\"description\":\"Barbecues, Grills, Planchas, Chemin\u00e9es jardin - Lausanne, Suisse Romande\",\"potentialAction\":[{\"@type\":\"SearchAction\",\"target\":{\"@type\":\"EntryPoint\",\"urlTemplate\":\"https:\/\/www.grills-saveurs.ch\/fr\/?s={search_term_string}\"},\"query-input\":\"required name=search_term_string\"}],\"inLanguage\":\"fr-FR\"},{\"@type\":\"ImageObject\",\"@id\":\"https:\/\/www.grills-saveurs.ch\/fr\/produit\/livre-de-recettes-grillades\/#primaryimage\",\"inLanguage\":\"fr-FR\",\"url\":\"https:\/\/www.grills-saveurs.ch\/fr\/wp-content\/uploads\/2019\/03\/315267-Livre-de-recettes-Weber-Grillades-au-barbecue.png\",\"contentUrl\":\"https:\/\/www.grills-saveurs.ch\/fr\/wp-content\/uploads\/2019\/03\/315267-Livre-de-recettes-Weber-Grillades-au-barbecue.png\",\"width\":1000,\"height\":950,\"caption\":\"315267 Livre de recettes Weber Grillades au barbecue\"},{\"@type\":\"WebPage\",\"@id\":\"https:\/\/www.grills-saveurs.ch\/fr\/produit\/livre-de-recettes-grillades\/#webpage\",\"url\":\"https:\/\/www.grills-saveurs.ch\/fr\/produit\/livre-de-recettes-grillades\/\",\"name\":\"Livre de recettes \\\"Grillades au barbecue\\\" Weber - Grills et Saveurs\",\"isPartOf\":{\"@id\":\"https:\/\/www.grills-saveurs.ch\/fr\/#website\"},\"primaryImageOfPage\":{\"@id\":\"https:\/\/www.grills-saveurs.ch\/fr\/produit\/livre-de-recettes-grillades\/#primaryimage\"},\"datePublished\":\"2019-03-07T08:01:51+00:00\",\"dateModified\":\"2024-03-22T14:46:40+00:00\",\"description\":\"Quoi de plus convivial qu\u2019une bonne grillade \u00e0 savourer entre amis autour d\u2019un barbecue. Renouez avec le plaisir de pr\u00e9parer une belle pi\u00e8ce de viande gr\u00e2ce aux marinades, sauces et assaisonnements propos\u00e9s dans cet ouvrage.\",\"breadcrumb\":{\"@id\":\"https:\/\/www.grills-saveurs.ch\/fr\/produit\/livre-de-recettes-grillades\/#breadcrumb\"},\"inLanguage\":\"fr-FR\",\"potentialAction\":[{\"@type\":\"ReadAction\",\"target\":[\"https:\/\/www.grills-saveurs.ch\/fr\/produit\/livre-de-recettes-grillades\/\"]}]},{\"@type\":\"BreadcrumbList\",\"@id\":\"https:\/\/www.grills-saveurs.ch\/fr\/produit\/livre-de-recettes-grillades\/#breadcrumb\",\"itemListElement\":[{\"@type\":\"ListItem\",\"position\":1,\"name\":\"Accueil\",\"item\":\"https:\/\/www.grills-saveurs.ch\/fr\/\"},{\"@type\":\"ListItem\",\"position\":2,\"name\":\"Shop \/ Boutique\",\"item\":\"https:\/\/www.grills-saveurs.ch\/fr\/boutique\/\"},{\"@type\":\"ListItem\",\"position\":3,\"name\":\"Livre de recettes \u00ab\u00a0Grillades au barbecue\u00a0\u00bb Weber\"}]}]}<\/script>\n<!-- \/ Yoast SEO plugin. -->","yoast_head_json":{"title":"Livre de recettes \"Grillades au barbecue\" Weber - Grills et Saveurs","description":"Quoi de plus convivial qu\u2019une bonne grillade \u00e0 savourer entre amis autour d\u2019un barbecue. Renouez avec le plaisir de pr\u00e9parer une belle pi\u00e8ce de viande gr\u00e2ce aux marinades, sauces et assaisonnements propos\u00e9s dans cet ouvrage.","robots":{"index":"index","follow":"follow","max-snippet":"max-snippet:-1","max-image-preview":"max-image-preview:large","max-video-preview":"max-video-preview:-1"},"canonical":"https:\/\/www.grills-saveurs.ch\/fr\/produit\/livre-de-recettes-grillades\/","og_locale":"fr_FR","og_type":"article","og_title":"Livre de recettes \"Grillades au barbecue\" Weber - Grills et Saveurs","og_description":"Quoi de plus convivial qu\u2019une bonne grillade \u00e0 savourer entre amis autour d\u2019un barbecue. Renouez avec le plaisir de pr\u00e9parer une belle pi\u00e8ce de viande gr\u00e2ce aux marinades, sauces et assaisonnements propos\u00e9s dans cet ouvrage.","og_url":"https:\/\/www.grills-saveurs.ch\/fr\/produit\/livre-de-recettes-grillades\/","og_site_name":"Grills et Saveurs","article_modified_time":"2024-03-22T14:46:40+00:00","og_image":[{"width":1000,"height":950,"url":"https:\/\/www.grills-saveurs.ch\/fr\/wp-content\/uploads\/2019\/03\/315267-Livre-de-recettes-Weber-Grillades-au-barbecue.png","type":"image\/png"}],"twitter_card":"summary_large_image","schema":{"@context":"https:\/\/schema.org","@graph":[{"@type":"WebSite","@id":"https:\/\/www.grills-saveurs.ch\/fr\/#website","url":"https:\/\/www.grills-saveurs.ch\/fr\/","name":"Grills et Saveurs","description":"Barbecues, Grills, Planchas, Chemin\u00e9es jardin - Lausanne, Suisse Romande","potentialAction":[{"@type":"SearchAction","target":{"@type":"EntryPoint","urlTemplate":"https:\/\/www.grills-saveurs.ch\/fr\/?s={search_term_string}"},"query-input":"required name=search_term_string"}],"inLanguage":"fr-FR"},{"@type":"ImageObject","@id":"https:\/\/www.grills-saveurs.ch\/fr\/produit\/livre-de-recettes-grillades\/#primaryimage","inLanguage":"fr-FR","url":"https:\/\/www.grills-saveurs.ch\/fr\/wp-content\/uploads\/2019\/03\/315267-Livre-de-recettes-Weber-Grillades-au-barbecue.png","contentUrl":"https:\/\/www.grills-saveurs.ch\/fr\/wp-content\/uploads\/2019\/03\/315267-Livre-de-recettes-Weber-Grillades-au-barbecue.png","width":1000,"height":950,"caption":"315267 Livre de recettes Weber Grillades au barbecue"},{"@type":"WebPage","@id":"https:\/\/www.grills-saveurs.ch\/fr\/produit\/livre-de-recettes-grillades\/#webpage","url":"https:\/\/www.grills-saveurs.ch\/fr\/produit\/livre-de-recettes-grillades\/","name":"Livre de recettes \"Grillades au barbecue\" Weber - Grills et Saveurs","isPartOf":{"@id":"https:\/\/www.grills-saveurs.ch\/fr\/#website"},"primaryImageOfPage":{"@id":"https:\/\/www.grills-saveurs.ch\/fr\/produit\/livre-de-recettes-grillades\/#primaryimage"},"datePublished":"2019-03-07T08:01:51+00:00","dateModified":"2024-03-22T14:46:40+00:00","description":"Quoi de plus convivial qu\u2019une bonne grillade \u00e0 savourer entre amis autour d\u2019un barbecue. Renouez avec le plaisir de pr\u00e9parer une belle pi\u00e8ce de viande gr\u00e2ce aux marinades, sauces et assaisonnements propos\u00e9s dans cet ouvrage.","breadcrumb":{"@id":"https:\/\/www.grills-saveurs.ch\/fr\/produit\/livre-de-recettes-grillades\/#breadcrumb"},"inLanguage":"fr-FR","potentialAction":[{"@type":"ReadAction","target":["https:\/\/www.grills-saveurs.ch\/fr\/produit\/livre-de-recettes-grillades\/"]}]},{"@type":"BreadcrumbList","@id":"https:\/\/www.grills-saveurs.ch\/fr\/produit\/livre-de-recettes-grillades\/#breadcrumb","itemListElement":[{"@type":"ListItem","position":1,"name":"Accueil","item":"https:\/\/www.grills-saveurs.ch\/fr\/"},{"@type":"ListItem","position":2,"name":"Shop \/ Boutique","item":"https:\/\/www.grills-saveurs.ch\/fr\/boutique\/"},{"@type":"ListItem","position":3,"name":"Livre de recettes \u00ab\u00a0Grillades au barbecue\u00a0\u00bb Weber"}]}]}},"_links":{"self":[{"href":"https:\/\/www.grills-saveurs.ch\/fr\/wp-json\/wp\/v2\/product\/1887"}],"collection":[{"href":"https:\/\/www.grills-saveurs.ch\/fr\/wp-json\/wp\/v2\/product"}],"about":[{"href":"https:\/\/www.grills-saveurs.ch\/fr\/wp-json\/wp\/v2\/types\/product"}],"wp:featuredmedia":[{"embeddable":true,"href":"https:\/\/www.grills-saveurs.ch\/fr\/wp-json\/wp\/v2\/media\/3584"}],"wp:attachment":[{"href":"https:\/\/www.grills-saveurs.ch\/fr\/wp-json\/wp\/v2\/media?parent=1887"}],"wp:term":[{"taxonomy":"product_cat","embeddable":true,"href":"https:\/\/www.grills-saveurs.ch\/fr\/wp-json\/wp\/v2\/product_cat?post=1887"},{"taxonomy":"product_tag","embeddable":true,"href":"https:\/\/www.grills-saveurs.ch\/fr\/wp-json\/wp\/v2\/product_tag?post=1887"}],"curies":[{"name":"wp","href":"https:\/\/api.w.org\/{rel}","templated":true}]}}