{"id":1939,"date":"2019-03-07T09:02:10","date_gmt":"2019-03-07T08:02:10","guid":{"rendered":"https:\/\/www.grills-saveurs.ch\/fr\/produit\/master-touch-gbs-special-edition-o57cm-black\/"},"modified":"2024-03-25T22:55:54","modified_gmt":"2024-03-25T21:55:54","slug":"master-touch-gbs-special-edition-o57cm-black","status":"publish","type":"product","link":"https:\/\/www.grills-saveurs.ch\/fr\/produit\/master-touch-gbs-special-edition-o57cm-black\/","title":{"rendered":"Master-Touch GBS Special Edition \u00d857cm, black"},"content":{"rendered":"<p>Vous avez d\u00e9j\u00e0 \u00e9tabli le menu et tous les d\u00e9tails sont r\u00e9gl\u00e9s. Il est temps d\u2019allumer les briquettes, de servir les boissons et de r\u00eaver au gr\u00e9sillement de vos aliments pos\u00e9s sur la grille de cuisson chaude. La cuisson au charbon revue &#8211; avec les fonctions innovantes, la praticit\u00e9 et l\u2019aspect sensationnel du barbecue \u00e0 charbon Master-Touch GBS \u00e9dition sp\u00e9ciale.<\/p>\n<p><strong>CARACT\u00c9RISTIQUES<\/strong><\/p>\n<ul>\n<li>Grilles de cuisson articul\u00e9es en acier inoxydable Gourmet BBQ System<\/li>\n<li>Grille foy\u00e8re en acier<\/li>\n<li>Foyer et couvercle en acier \u00e9maill\u00e9<\/li>\n<li>Thermom\u00e8tre int\u00e9gr\u00e9 au couvercle<\/li>\n<li>\u00c9tag\u00e8re m\u00e9tallique inf\u00e9rieure<\/li>\n<li>Poign\u00e9e de couvercle avec protection contre la chaleur<\/li>\n<li>Porte-couvercle tuck-away<\/li>\n<li>Cendrier haute capacit\u00e9, amovible, en aluminium<\/li>\n<li>Syst\u00e8me de nettoyage one-touch en acier inoxydable<\/li>\n<li>Montage du pied par clip de fixation\/goupille \u00e0 pousser<\/li>\n<li>Bol doseur de briquettes<\/li>\n<\/ul>\n<p><strong>D\u00c9TAILS<\/strong><\/p>\n<ul>\n<li>Dimensions &#8211; couvercle ferm\u00e9 (cm) : 106.7cm h x 75cm l x 61cm p<\/li>\n<li>Diam\u00e8tre (cm) : 57<\/li>\n<li>Type d\u2019\u00e9nergie : charbon<\/li>\n<li>Poign\u00e9es en nylon renforc\u00e9 \u00e0 la fibre de verre : 2<\/li>\n<li>Roulettes r\u00e9sistantes \u00e0 toutes les conditions climatiques : 2<\/li>\n<li>Crochets porte-ustensiles : 2<\/li>\n<li>Clapets de ventilation en aluminium : 1<\/li>\n<li>Paniers \u00e0 charbon char-basket : 2<\/li>\n<\/ul>\n<p>&nbsp;<\/p>\n","protected":false},"excerpt":{"rendered":"<p>14501904<\/p>\n","protected":false},"featured_media":3380,"template":"","meta":[],"product_cat":[183,15],"product_tag":[84],"yoast_head":"<!-- This site is optimized with the Yoast SEO plugin v18.2 - https:\/\/yoast.com\/wordpress\/plugins\/seo\/ -->\n<title>Master-Touch GBS Special Edition \u00d857cm, black - Grills et Saveurs<\/title>\n<meta name=\"description\" content=\"Il est temps d\u2019allumer les briquettes, de servir les boissons et de r\u00eaver au gr\u00e9sillement de vos aliments pos\u00e9s sur la grille de cuisson chaude.\" \/>\n<meta name=\"robots\" content=\"index, follow, max-snippet:-1, max-image-preview:large, max-video-preview:-1\" \/>\n<link rel=\"canonical\" href=\"https:\/\/www.grills-saveurs.ch\/fr\/produit\/master-touch-gbs-special-edition-o57cm-black\/\" \/>\n<meta property=\"og:locale\" content=\"fr_FR\" \/>\n<meta property=\"og:type\" content=\"article\" \/>\n<meta property=\"og:title\" content=\"Master-Touch GBS Special Edition \u00d857cm, black - Grills et Saveurs\" \/>\n<meta property=\"og:description\" content=\"Il est temps d\u2019allumer les briquettes, de servir les boissons et de r\u00eaver au gr\u00e9sillement de vos aliments pos\u00e9s sur la grille de cuisson chaude.\" \/>\n<meta property=\"og:url\" content=\"https:\/\/www.grills-saveurs.ch\/fr\/produit\/master-touch-gbs-special-edition-o57cm-black\/\" \/>\n<meta property=\"og:site_name\" content=\"Grills et Saveurs\" \/>\n<meta property=\"article:modified_time\" content=\"2024-03-25T21:55:54+00:00\" \/>\n<meta property=\"og:image\" content=\"https:\/\/www.grills-saveurs.ch\/fr\/wp-content\/uploads\/2019\/03\/14501004_Barbecue_a_charbon_Master-Touch_GBS_edition_special_57_cm_.png\" \/>\n\t<meta property=\"og:image:width\" content=\"1000\" \/>\n\t<meta property=\"og:image:height\" content=\"950\" \/>\n\t<meta property=\"og:image:type\" content=\"image\/png\" \/>\n<meta name=\"twitter:card\" content=\"summary_large_image\" \/>\n<meta name=\"twitter:label1\" content=\"Dur\u00e9e de lecture estim\u00e9e\" \/>\n\t<meta name=\"twitter:data1\" content=\"1 minute\" \/>\n<script type=\"application\/ld+json\" class=\"yoast-schema-graph\">{\"@context\":\"https:\/\/schema.org\",\"@graph\":[{\"@type\":\"WebSite\",\"@id\":\"https:\/\/www.grills-saveurs.ch\/fr\/#website\",\"url\":\"https:\/\/www.grills-saveurs.ch\/fr\/\",\"name\":\"Grills et Saveurs\",\"description\":\"Barbecues, Grills, Planchas, Chemin\u00e9es jardin - Lausanne, Suisse Romande\",\"potentialAction\":[{\"@type\":\"SearchAction\",\"target\":{\"@type\":\"EntryPoint\",\"urlTemplate\":\"https:\/\/www.grills-saveurs.ch\/fr\/?s={search_term_string}\"},\"query-input\":\"required name=search_term_string\"}],\"inLanguage\":\"fr-FR\"},{\"@type\":\"ImageObject\",\"@id\":\"https:\/\/www.grills-saveurs.ch\/fr\/produit\/master-touch-gbs-special-edition-o57cm-black\/#primaryimage\",\"inLanguage\":\"fr-FR\",\"url\":\"https:\/\/www.grills-saveurs.ch\/fr\/wp-content\/uploads\/2019\/03\/14501004_Barbecue_a_charbon_Master-Touch_GBS_edition_special_57_cm_.png\",\"contentUrl\":\"https:\/\/www.grills-saveurs.ch\/fr\/wp-content\/uploads\/2019\/03\/14501004_Barbecue_a_charbon_Master-Touch_GBS_edition_special_57_cm_.png\",\"width\":1000,\"height\":950},{\"@type\":\"WebPage\",\"@id\":\"https:\/\/www.grills-saveurs.ch\/fr\/produit\/master-touch-gbs-special-edition-o57cm-black\/#webpage\",\"url\":\"https:\/\/www.grills-saveurs.ch\/fr\/produit\/master-touch-gbs-special-edition-o57cm-black\/\",\"name\":\"Master-Touch GBS Special Edition \u00d857cm, black - Grills et Saveurs\",\"isPartOf\":{\"@id\":\"https:\/\/www.grills-saveurs.ch\/fr\/#website\"},\"primaryImageOfPage\":{\"@id\":\"https:\/\/www.grills-saveurs.ch\/fr\/produit\/master-touch-gbs-special-edition-o57cm-black\/#primaryimage\"},\"datePublished\":\"2019-03-07T08:02:10+00:00\",\"dateModified\":\"2024-03-25T21:55:54+00:00\",\"description\":\"Il est temps d\u2019allumer les briquettes, de servir les boissons et de r\u00eaver au gr\u00e9sillement de vos aliments pos\u00e9s sur la grille de cuisson chaude.\",\"breadcrumb\":{\"@id\":\"https:\/\/www.grills-saveurs.ch\/fr\/produit\/master-touch-gbs-special-edition-o57cm-black\/#breadcrumb\"},\"inLanguage\":\"fr-FR\",\"potentialAction\":[{\"@type\":\"ReadAction\",\"target\":[\"https:\/\/www.grills-saveurs.ch\/fr\/produit\/master-touch-gbs-special-edition-o57cm-black\/\"]}]},{\"@type\":\"BreadcrumbList\",\"@id\":\"https:\/\/www.grills-saveurs.ch\/fr\/produit\/master-touch-gbs-special-edition-o57cm-black\/#breadcrumb\",\"itemListElement\":[{\"@type\":\"ListItem\",\"position\":1,\"name\":\"Accueil\",\"item\":\"https:\/\/www.grills-saveurs.ch\/fr\/\"},{\"@type\":\"ListItem\",\"position\":2,\"name\":\"Shop \/ Boutique\",\"item\":\"https:\/\/www.grills-saveurs.ch\/fr\/boutique\/\"},{\"@type\":\"ListItem\",\"position\":3,\"name\":\"Master-Touch GBS Special Edition \u00d857cm, black\"}]}]}<\/script>\n<!-- \/ Yoast SEO plugin. -->","yoast_head_json":{"title":"Master-Touch GBS Special Edition \u00d857cm, black - Grills et Saveurs","description":"Il est temps d\u2019allumer les briquettes, de servir les boissons et de r\u00eaver au gr\u00e9sillement de vos aliments pos\u00e9s sur la grille de cuisson chaude.","robots":{"index":"index","follow":"follow","max-snippet":"max-snippet:-1","max-image-preview":"max-image-preview:large","max-video-preview":"max-video-preview:-1"},"canonical":"https:\/\/www.grills-saveurs.ch\/fr\/produit\/master-touch-gbs-special-edition-o57cm-black\/","og_locale":"fr_FR","og_type":"article","og_title":"Master-Touch GBS Special Edition \u00d857cm, black - Grills et Saveurs","og_description":"Il est temps d\u2019allumer les briquettes, de servir les boissons et de r\u00eaver au gr\u00e9sillement de vos aliments pos\u00e9s sur la grille de cuisson chaude.","og_url":"https:\/\/www.grills-saveurs.ch\/fr\/produit\/master-touch-gbs-special-edition-o57cm-black\/","og_site_name":"Grills et Saveurs","article_modified_time":"2024-03-25T21:55:54+00:00","og_image":[{"width":1000,"height":950,"url":"https:\/\/www.grills-saveurs.ch\/fr\/wp-content\/uploads\/2019\/03\/14501004_Barbecue_a_charbon_Master-Touch_GBS_edition_special_57_cm_.png","type":"image\/png"}],"twitter_card":"summary_large_image","twitter_misc":{"Dur\u00e9e de lecture estim\u00e9e":"1 minute"},"schema":{"@context":"https:\/\/schema.org","@graph":[{"@type":"WebSite","@id":"https:\/\/www.grills-saveurs.ch\/fr\/#website","url":"https:\/\/www.grills-saveurs.ch\/fr\/","name":"Grills et Saveurs","description":"Barbecues, Grills, Planchas, Chemin\u00e9es jardin - Lausanne, Suisse Romande","potentialAction":[{"@type":"SearchAction","target":{"@type":"EntryPoint","urlTemplate":"https:\/\/www.grills-saveurs.ch\/fr\/?s={search_term_string}"},"query-input":"required name=search_term_string"}],"inLanguage":"fr-FR"},{"@type":"ImageObject","@id":"https:\/\/www.grills-saveurs.ch\/fr\/produit\/master-touch-gbs-special-edition-o57cm-black\/#primaryimage","inLanguage":"fr-FR","url":"https:\/\/www.grills-saveurs.ch\/fr\/wp-content\/uploads\/2019\/03\/14501004_Barbecue_a_charbon_Master-Touch_GBS_edition_special_57_cm_.png","contentUrl":"https:\/\/www.grills-saveurs.ch\/fr\/wp-content\/uploads\/2019\/03\/14501004_Barbecue_a_charbon_Master-Touch_GBS_edition_special_57_cm_.png","width":1000,"height":950},{"@type":"WebPage","@id":"https:\/\/www.grills-saveurs.ch\/fr\/produit\/master-touch-gbs-special-edition-o57cm-black\/#webpage","url":"https:\/\/www.grills-saveurs.ch\/fr\/produit\/master-touch-gbs-special-edition-o57cm-black\/","name":"Master-Touch GBS Special Edition \u00d857cm, black - Grills et Saveurs","isPartOf":{"@id":"https:\/\/www.grills-saveurs.ch\/fr\/#website"},"primaryImageOfPage":{"@id":"https:\/\/www.grills-saveurs.ch\/fr\/produit\/master-touch-gbs-special-edition-o57cm-black\/#primaryimage"},"datePublished":"2019-03-07T08:02:10+00:00","dateModified":"2024-03-25T21:55:54+00:00","description":"Il est temps d\u2019allumer les briquettes, de servir les boissons et de r\u00eaver au gr\u00e9sillement de vos aliments pos\u00e9s sur la grille de cuisson chaude.","breadcrumb":{"@id":"https:\/\/www.grills-saveurs.ch\/fr\/produit\/master-touch-gbs-special-edition-o57cm-black\/#breadcrumb"},"inLanguage":"fr-FR","potentialAction":[{"@type":"ReadAction","target":["https:\/\/www.grills-saveurs.ch\/fr\/produit\/master-touch-gbs-special-edition-o57cm-black\/"]}]},{"@type":"BreadcrumbList","@id":"https:\/\/www.grills-saveurs.ch\/fr\/produit\/master-touch-gbs-special-edition-o57cm-black\/#breadcrumb","itemListElement":[{"@type":"ListItem","position":1,"name":"Accueil","item":"https:\/\/www.grills-saveurs.ch\/fr\/"},{"@type":"ListItem","position":2,"name":"Shop \/ Boutique","item":"https:\/\/www.grills-saveurs.ch\/fr\/boutique\/"},{"@type":"ListItem","position":3,"name":"Master-Touch GBS Special Edition \u00d857cm, black"}]}]}},"_links":{"self":[{"href":"https:\/\/www.grills-saveurs.ch\/fr\/wp-json\/wp\/v2\/product\/1939"}],"collection":[{"href":"https:\/\/www.grills-saveurs.ch\/fr\/wp-json\/wp\/v2\/product"}],"about":[{"href":"https:\/\/www.grills-saveurs.ch\/fr\/wp-json\/wp\/v2\/types\/product"}],"wp:featuredmedia":[{"embeddable":true,"href":"https:\/\/www.grills-saveurs.ch\/fr\/wp-json\/wp\/v2\/media\/3380"}],"wp:attachment":[{"href":"https:\/\/www.grills-saveurs.ch\/fr\/wp-json\/wp\/v2\/media?parent=1939"}],"wp:term":[{"taxonomy":"product_cat","embeddable":true,"href":"https:\/\/www.grills-saveurs.ch\/fr\/wp-json\/wp\/v2\/product_cat?post=1939"},{"taxonomy":"product_tag","embeddable":true,"href":"https:\/\/www.grills-saveurs.ch\/fr\/wp-json\/wp\/v2\/product_tag?post=1939"}],"curies":[{"name":"wp","href":"https:\/\/api.w.org\/{rel}","templated":true}]}}