{"id":1955,"date":"2019-03-07T09:02:15","date_gmt":"2019-03-07T08:02:15","guid":{"rendered":"https:\/\/www.grills-saveurs.ch\/fr\/produit\/table-de-travail-weber\/"},"modified":"2024-03-21T14:36:09","modified_gmt":"2024-03-21T13:36:09","slug":"table-de-travail-weber","status":"publish","type":"product","link":"https:\/\/www.grills-saveurs.ch\/fr\/produit\/table-de-travail-weber\/","title":{"rendered":"Table de travail Weber"},"content":{"rendered":"<div>Profitez de vos invit\u00e9s tout en effectuant les derni\u00e8res pr\u00e9parations devant le barbecue. Que ce soit pour couper du pain ou pour m\u00e9langer la salade, ce plan de travail en bambou offre un espace suppl\u00e9mentaire juste \u00e0 c\u00f4t\u00e9 du barbecue \u00e0 charbon. Et son pied m\u00e9tallique garantit une surface de travail stable.<\/div>\n<p><strong>Compatible :<\/strong> Tous les barbecues Bar-B-Kettle \u00d847 cm et plus et barbecues \u00e0 charbon Weber\u00ae \u00d857 cm<\/p>\n<p><strong>Mat\u00e9riau :\u00a0<\/strong>bambou, aluminium, acier inoxydable, plastique<br \/>\n<strong>Conseils de nettoyage :<\/strong> lavage \u00e0 la main<br \/>\n<strong>Caract\u00e9ristiques :<\/strong><br \/>\nPlan de travail en bambou de haute qualit\u00e9<br \/>\nFacile \u00e0 assembler et \u00e0 d\u00e9monter<br \/>\nRangement compact<br \/>\nSe verrouille sur le barbecue pour un soutien maximal<br \/>\nSupporte jusqu&rsquo;\u00e0 6 kg<br \/>\nR\u00e9glable pour s&rsquo;adapter aux barbecues \u00e0 charbon weber\u00ae bar-b-kettle \u00f847 cm et \u00f857 cm<\/p>\n","protected":false},"excerpt":{"rendered":"<p>17638<\/p>\n","protected":false},"featured_media":2594,"template":"","meta":[],"product_cat":[174],"product_tag":[84],"yoast_head":"<!-- This site is optimized with the Yoast SEO plugin v18.2 - https:\/\/yoast.com\/wordpress\/plugins\/seo\/ -->\n<title>Table de travail Weber - Grills et Saveurs<\/title>\n<meta name=\"robots\" content=\"index, follow, max-snippet:-1, max-image-preview:large, max-video-preview:-1\" \/>\n<link rel=\"canonical\" href=\"https:\/\/www.grills-saveurs.ch\/fr\/produit\/table-de-travail-weber\/\" \/>\n<meta property=\"og:locale\" content=\"fr_FR\" \/>\n<meta property=\"og:type\" content=\"article\" \/>\n<meta property=\"og:title\" content=\"Table de travail Weber - Grills et Saveurs\" \/>\n<meta property=\"og:description\" content=\"17638\" \/>\n<meta property=\"og:url\" content=\"https:\/\/www.grills-saveurs.ch\/fr\/produit\/table-de-travail-weber\/\" \/>\n<meta property=\"og:site_name\" content=\"Grills et Saveurs\" \/>\n<meta property=\"article:modified_time\" content=\"2024-03-21T13:36:09+00:00\" \/>\n<meta property=\"og:image\" content=\"https:\/\/www.grills-saveurs.ch\/fr\/wp-content\/uploads\/2019\/03\/17638.png\" \/>\n\t<meta property=\"og:image:width\" content=\"1000\" \/>\n\t<meta property=\"og:image:height\" content=\"950\" \/>\n\t<meta property=\"og:image:type\" content=\"image\/png\" \/>\n<meta name=\"twitter:card\" content=\"summary_large_image\" \/>\n<meta name=\"twitter:label1\" content=\"Dur\u00e9e de lecture estim\u00e9e\" \/>\n\t<meta name=\"twitter:data1\" content=\"1 minute\" \/>\n<script type=\"application\/ld+json\" class=\"yoast-schema-graph\">{\"@context\":\"https:\/\/schema.org\",\"@graph\":[{\"@type\":\"WebSite\",\"@id\":\"https:\/\/www.grills-saveurs.ch\/fr\/#website\",\"url\":\"https:\/\/www.grills-saveurs.ch\/fr\/\",\"name\":\"Grills et Saveurs\",\"description\":\"Barbecues, Grills, Planchas, Chemin\u00e9es jardin - Lausanne, Suisse Romande\",\"potentialAction\":[{\"@type\":\"SearchAction\",\"target\":{\"@type\":\"EntryPoint\",\"urlTemplate\":\"https:\/\/www.grills-saveurs.ch\/fr\/?s={search_term_string}\"},\"query-input\":\"required name=search_term_string\"}],\"inLanguage\":\"fr-FR\"},{\"@type\":\"ImageObject\",\"@id\":\"https:\/\/www.grills-saveurs.ch\/fr\/produit\/table-de-travail-weber\/#primaryimage\",\"inLanguage\":\"fr-FR\",\"url\":\"https:\/\/www.grills-saveurs.ch\/fr\/wp-content\/uploads\/2019\/03\/17638.png\",\"contentUrl\":\"https:\/\/www.grills-saveurs.ch\/fr\/wp-content\/uploads\/2019\/03\/17638.png\",\"width\":1000,\"height\":950,\"caption\":\"plan de travail lat\u00e9ral\"},{\"@type\":\"WebPage\",\"@id\":\"https:\/\/www.grills-saveurs.ch\/fr\/produit\/table-de-travail-weber\/#webpage\",\"url\":\"https:\/\/www.grills-saveurs.ch\/fr\/produit\/table-de-travail-weber\/\",\"name\":\"Table de travail Weber - Grills et Saveurs\",\"isPartOf\":{\"@id\":\"https:\/\/www.grills-saveurs.ch\/fr\/#website\"},\"primaryImageOfPage\":{\"@id\":\"https:\/\/www.grills-saveurs.ch\/fr\/produit\/table-de-travail-weber\/#primaryimage\"},\"datePublished\":\"2019-03-07T08:02:15+00:00\",\"dateModified\":\"2024-03-21T13:36:09+00:00\",\"breadcrumb\":{\"@id\":\"https:\/\/www.grills-saveurs.ch\/fr\/produit\/table-de-travail-weber\/#breadcrumb\"},\"inLanguage\":\"fr-FR\",\"potentialAction\":[{\"@type\":\"ReadAction\",\"target\":[\"https:\/\/www.grills-saveurs.ch\/fr\/produit\/table-de-travail-weber\/\"]}]},{\"@type\":\"BreadcrumbList\",\"@id\":\"https:\/\/www.grills-saveurs.ch\/fr\/produit\/table-de-travail-weber\/#breadcrumb\",\"itemListElement\":[{\"@type\":\"ListItem\",\"position\":1,\"name\":\"Accueil\",\"item\":\"https:\/\/www.grills-saveurs.ch\/fr\/\"},{\"@type\":\"ListItem\",\"position\":2,\"name\":\"Shop \/ Boutique\",\"item\":\"https:\/\/www.grills-saveurs.ch\/fr\/boutique\/\"},{\"@type\":\"ListItem\",\"position\":3,\"name\":\"Table de travail Weber\"}]}]}<\/script>\n<!-- \/ Yoast SEO plugin. -->","yoast_head_json":{"title":"Table de travail Weber - Grills et Saveurs","robots":{"index":"index","follow":"follow","max-snippet":"max-snippet:-1","max-image-preview":"max-image-preview:large","max-video-preview":"max-video-preview:-1"},"canonical":"https:\/\/www.grills-saveurs.ch\/fr\/produit\/table-de-travail-weber\/","og_locale":"fr_FR","og_type":"article","og_title":"Table de travail Weber - Grills et Saveurs","og_description":"17638","og_url":"https:\/\/www.grills-saveurs.ch\/fr\/produit\/table-de-travail-weber\/","og_site_name":"Grills et Saveurs","article_modified_time":"2024-03-21T13:36:09+00:00","og_image":[{"width":1000,"height":950,"url":"https:\/\/www.grills-saveurs.ch\/fr\/wp-content\/uploads\/2019\/03\/17638.png","type":"image\/png"}],"twitter_card":"summary_large_image","twitter_misc":{"Dur\u00e9e de lecture estim\u00e9e":"1 minute"},"schema":{"@context":"https:\/\/schema.org","@graph":[{"@type":"WebSite","@id":"https:\/\/www.grills-saveurs.ch\/fr\/#website","url":"https:\/\/www.grills-saveurs.ch\/fr\/","name":"Grills et Saveurs","description":"Barbecues, Grills, Planchas, Chemin\u00e9es jardin - Lausanne, Suisse Romande","potentialAction":[{"@type":"SearchAction","target":{"@type":"EntryPoint","urlTemplate":"https:\/\/www.grills-saveurs.ch\/fr\/?s={search_term_string}"},"query-input":"required name=search_term_string"}],"inLanguage":"fr-FR"},{"@type":"ImageObject","@id":"https:\/\/www.grills-saveurs.ch\/fr\/produit\/table-de-travail-weber\/#primaryimage","inLanguage":"fr-FR","url":"https:\/\/www.grills-saveurs.ch\/fr\/wp-content\/uploads\/2019\/03\/17638.png","contentUrl":"https:\/\/www.grills-saveurs.ch\/fr\/wp-content\/uploads\/2019\/03\/17638.png","width":1000,"height":950,"caption":"plan de travail lat\u00e9ral"},{"@type":"WebPage","@id":"https:\/\/www.grills-saveurs.ch\/fr\/produit\/table-de-travail-weber\/#webpage","url":"https:\/\/www.grills-saveurs.ch\/fr\/produit\/table-de-travail-weber\/","name":"Table de travail Weber - Grills et Saveurs","isPartOf":{"@id":"https:\/\/www.grills-saveurs.ch\/fr\/#website"},"primaryImageOfPage":{"@id":"https:\/\/www.grills-saveurs.ch\/fr\/produit\/table-de-travail-weber\/#primaryimage"},"datePublished":"2019-03-07T08:02:15+00:00","dateModified":"2024-03-21T13:36:09+00:00","breadcrumb":{"@id":"https:\/\/www.grills-saveurs.ch\/fr\/produit\/table-de-travail-weber\/#breadcrumb"},"inLanguage":"fr-FR","potentialAction":[{"@type":"ReadAction","target":["https:\/\/www.grills-saveurs.ch\/fr\/produit\/table-de-travail-weber\/"]}]},{"@type":"BreadcrumbList","@id":"https:\/\/www.grills-saveurs.ch\/fr\/produit\/table-de-travail-weber\/#breadcrumb","itemListElement":[{"@type":"ListItem","position":1,"name":"Accueil","item":"https:\/\/www.grills-saveurs.ch\/fr\/"},{"@type":"ListItem","position":2,"name":"Shop \/ Boutique","item":"https:\/\/www.grills-saveurs.ch\/fr\/boutique\/"},{"@type":"ListItem","position":3,"name":"Table de travail Weber"}]}]}},"_links":{"self":[{"href":"https:\/\/www.grills-saveurs.ch\/fr\/wp-json\/wp\/v2\/product\/1955"}],"collection":[{"href":"https:\/\/www.grills-saveurs.ch\/fr\/wp-json\/wp\/v2\/product"}],"about":[{"href":"https:\/\/www.grills-saveurs.ch\/fr\/wp-json\/wp\/v2\/types\/product"}],"wp:featuredmedia":[{"embeddable":true,"href":"https:\/\/www.grills-saveurs.ch\/fr\/wp-json\/wp\/v2\/media\/2594"}],"wp:attachment":[{"href":"https:\/\/www.grills-saveurs.ch\/fr\/wp-json\/wp\/v2\/media?parent=1955"}],"wp:term":[{"taxonomy":"product_cat","embeddable":true,"href":"https:\/\/www.grills-saveurs.ch\/fr\/wp-json\/wp\/v2\/product_cat?post=1955"},{"taxonomy":"product_tag","embeddable":true,"href":"https:\/\/www.grills-saveurs.ch\/fr\/wp-json\/wp\/v2\/product_tag?post=1955"}],"curies":[{"name":"wp","href":"https:\/\/api.w.org\/{rel}","templated":true}]}}