{"id":1983,"date":"2019-03-07T09:02:26","date_gmt":"2019-03-07T08:02:26","guid":{"rendered":"https:\/\/www.grills-saveurs.ch\/fr\/produit\/weber-porte-epis-de-mais\/"},"modified":"2024-03-21T14:40:05","modified_gmt":"2024-03-21T13:40:05","slug":"porte-epis-de-mais-barbecue-weber","status":"publish","type":"product","link":"https:\/\/www.grills-saveurs.ch\/fr\/produit\/porte-epis-de-mais-barbecue-weber\/","title":{"rendered":"Porte-\u00e9pis de ma\u00efs pour barbecue Weber"},"content":{"rendered":"<h2 class=\"js-fit-text\">LE GO\u00dbT SUCCULENT DU MA\u00cfS GRILL\u00c9<\/h2>\n<p>L\u2019\u00e9pi de ma\u00efs frais grill\u00e9 au beurre est un incontournable du pique-nique dans le jardin. Le kit support pour ma\u00efs comprend huit broches robustes avec manches en nylon pour que la manipulation et le beurrage des plus gros \u00e9pis soient aussi faciles que la premi\u00e8re bouch\u00e9e.<\/p>\n<div class=\"bee__flyout__label\"><strong>Conseils de nettoyage :<\/strong> Lavage \u00e0 la main<\/div>\n<div><strong>Mat\u00e9riau :<\/strong> Acier inoxydable<\/div>\n<p><strong>Caract\u00e9ristiques :<br \/>\n<\/strong>Manche en nylon avec prise de pouce pour une manipulation s\u00fbre et confortable<br \/>\nBroches qui s\u2019encastrent pour en optimiser le rangement dans l\u2019\u00e9tui<br \/>\nComprend 8 broches \u00e0 ma\u00efs<\/p>\n","protected":false},"excerpt":{"rendered":"<p>6489<\/p>\n","protected":false},"featured_media":2551,"template":"","meta":[],"product_cat":[116],"product_tag":[84],"yoast_head":"<!-- This site is optimized with the Yoast SEO plugin v18.2 - https:\/\/yoast.com\/wordpress\/plugins\/seo\/ -->\n<title>Porte-\u00e9pis de ma\u00efs pour barbecue Weber - Grills et Saveurs<\/title>\n<meta name=\"description\" content=\"L\u2019\u00e9pi de ma\u00efs frais grill\u00e9 au beurre est un incontournable du pique-nique dans le jardin. Le kit support pour ma\u00efs comprend huit broches robustes avec manches en nylon pour que la manipulation et le beurrage des plus gros \u00e9pis soient aussi faciles que la premi\u00e8re bouch\u00e9e.\" \/>\n<meta name=\"robots\" content=\"index, follow, max-snippet:-1, max-image-preview:large, max-video-preview:-1\" \/>\n<link rel=\"canonical\" href=\"https:\/\/www.grills-saveurs.ch\/fr\/produit\/porte-epis-de-mais-barbecue-weber\/\" \/>\n<meta property=\"og:locale\" content=\"fr_FR\" \/>\n<meta property=\"og:type\" content=\"article\" \/>\n<meta property=\"og:title\" content=\"Porte-\u00e9pis de ma\u00efs pour barbecue Weber - Grills et Saveurs\" \/>\n<meta property=\"og:description\" content=\"L\u2019\u00e9pi de ma\u00efs frais grill\u00e9 au beurre est un incontournable du pique-nique dans le jardin. Le kit support pour ma\u00efs comprend huit broches robustes avec manches en nylon pour que la manipulation et le beurrage des plus gros \u00e9pis soient aussi faciles que la premi\u00e8re bouch\u00e9e.\" \/>\n<meta property=\"og:url\" content=\"https:\/\/www.grills-saveurs.ch\/fr\/produit\/porte-epis-de-mais-barbecue-weber\/\" \/>\n<meta property=\"og:site_name\" content=\"Grills et Saveurs\" \/>\n<meta property=\"article:modified_time\" content=\"2024-03-21T13:40:05+00:00\" \/>\n<meta property=\"og:image\" content=\"https:\/\/www.grills-saveurs.ch\/fr\/wp-content\/uploads\/2019\/03\/6489.png\" \/>\n\t<meta property=\"og:image:width\" content=\"1000\" \/>\n\t<meta property=\"og:image:height\" content=\"950\" \/>\n\t<meta property=\"og:image:type\" content=\"image\/png\" \/>\n<meta name=\"twitter:card\" content=\"summary_large_image\" \/>\n<meta name=\"twitter:label1\" content=\"Dur\u00e9e de lecture estim\u00e9e\" \/>\n\t<meta name=\"twitter:data1\" content=\"1 minute\" \/>\n<script type=\"application\/ld+json\" class=\"yoast-schema-graph\">{\"@context\":\"https:\/\/schema.org\",\"@graph\":[{\"@type\":\"WebSite\",\"@id\":\"https:\/\/www.grills-saveurs.ch\/fr\/#website\",\"url\":\"https:\/\/www.grills-saveurs.ch\/fr\/\",\"name\":\"Grills et Saveurs\",\"description\":\"Barbecues, Grills, Planchas, Chemin\u00e9es jardin - Lausanne, Suisse Romande\",\"potentialAction\":[{\"@type\":\"SearchAction\",\"target\":{\"@type\":\"EntryPoint\",\"urlTemplate\":\"https:\/\/www.grills-saveurs.ch\/fr\/?s={search_term_string}\"},\"query-input\":\"required name=search_term_string\"}],\"inLanguage\":\"fr-FR\"},{\"@type\":\"ImageObject\",\"@id\":\"https:\/\/www.grills-saveurs.ch\/fr\/produit\/porte-epis-de-mais-barbecue-weber\/#primaryimage\",\"inLanguage\":\"fr-FR\",\"url\":\"https:\/\/www.grills-saveurs.ch\/fr\/wp-content\/uploads\/2019\/03\/6489.png\",\"contentUrl\":\"https:\/\/www.grills-saveurs.ch\/fr\/wp-content\/uploads\/2019\/03\/6489.png\",\"width\":1000,\"height\":950,\"caption\":\"Kit support pour ma\u00efs\"},{\"@type\":\"WebPage\",\"@id\":\"https:\/\/www.grills-saveurs.ch\/fr\/produit\/porte-epis-de-mais-barbecue-weber\/#webpage\",\"url\":\"https:\/\/www.grills-saveurs.ch\/fr\/produit\/porte-epis-de-mais-barbecue-weber\/\",\"name\":\"Porte-\u00e9pis de ma\u00efs pour barbecue Weber - Grills et Saveurs\",\"isPartOf\":{\"@id\":\"https:\/\/www.grills-saveurs.ch\/fr\/#website\"},\"primaryImageOfPage\":{\"@id\":\"https:\/\/www.grills-saveurs.ch\/fr\/produit\/porte-epis-de-mais-barbecue-weber\/#primaryimage\"},\"datePublished\":\"2019-03-07T08:02:26+00:00\",\"dateModified\":\"2024-03-21T13:40:05+00:00\",\"description\":\"L\u2019\u00e9pi de ma\u00efs frais grill\u00e9 au beurre est un incontournable du pique-nique dans le jardin. Le kit support pour ma\u00efs comprend huit broches robustes avec manches en nylon pour que la manipulation et le beurrage des plus gros \u00e9pis soient aussi faciles que la premi\u00e8re bouch\u00e9e.\",\"breadcrumb\":{\"@id\":\"https:\/\/www.grills-saveurs.ch\/fr\/produit\/porte-epis-de-mais-barbecue-weber\/#breadcrumb\"},\"inLanguage\":\"fr-FR\",\"potentialAction\":[{\"@type\":\"ReadAction\",\"target\":[\"https:\/\/www.grills-saveurs.ch\/fr\/produit\/porte-epis-de-mais-barbecue-weber\/\"]}]},{\"@type\":\"BreadcrumbList\",\"@id\":\"https:\/\/www.grills-saveurs.ch\/fr\/produit\/porte-epis-de-mais-barbecue-weber\/#breadcrumb\",\"itemListElement\":[{\"@type\":\"ListItem\",\"position\":1,\"name\":\"Accueil\",\"item\":\"https:\/\/www.grills-saveurs.ch\/fr\/\"},{\"@type\":\"ListItem\",\"position\":2,\"name\":\"Shop \/ Boutique\",\"item\":\"https:\/\/www.grills-saveurs.ch\/fr\/boutique\/\"},{\"@type\":\"ListItem\",\"position\":3,\"name\":\"Porte-\u00e9pis de ma\u00efs pour barbecue Weber\"}]}]}<\/script>\n<!-- \/ Yoast SEO plugin. -->","yoast_head_json":{"title":"Porte-\u00e9pis de ma\u00efs pour barbecue Weber - Grills et Saveurs","description":"L\u2019\u00e9pi de ma\u00efs frais grill\u00e9 au beurre est un incontournable du pique-nique dans le jardin. Le kit support pour ma\u00efs comprend huit broches robustes avec manches en nylon pour que la manipulation et le beurrage des plus gros \u00e9pis soient aussi faciles que la premi\u00e8re bouch\u00e9e.","robots":{"index":"index","follow":"follow","max-snippet":"max-snippet:-1","max-image-preview":"max-image-preview:large","max-video-preview":"max-video-preview:-1"},"canonical":"https:\/\/www.grills-saveurs.ch\/fr\/produit\/porte-epis-de-mais-barbecue-weber\/","og_locale":"fr_FR","og_type":"article","og_title":"Porte-\u00e9pis de ma\u00efs pour barbecue Weber - Grills et Saveurs","og_description":"L\u2019\u00e9pi de ma\u00efs frais grill\u00e9 au beurre est un incontournable du pique-nique dans le jardin. Le kit support pour ma\u00efs comprend huit broches robustes avec manches en nylon pour que la manipulation et le beurrage des plus gros \u00e9pis soient aussi faciles que la premi\u00e8re bouch\u00e9e.","og_url":"https:\/\/www.grills-saveurs.ch\/fr\/produit\/porte-epis-de-mais-barbecue-weber\/","og_site_name":"Grills et Saveurs","article_modified_time":"2024-03-21T13:40:05+00:00","og_image":[{"width":1000,"height":950,"url":"https:\/\/www.grills-saveurs.ch\/fr\/wp-content\/uploads\/2019\/03\/6489.png","type":"image\/png"}],"twitter_card":"summary_large_image","twitter_misc":{"Dur\u00e9e de lecture estim\u00e9e":"1 minute"},"schema":{"@context":"https:\/\/schema.org","@graph":[{"@type":"WebSite","@id":"https:\/\/www.grills-saveurs.ch\/fr\/#website","url":"https:\/\/www.grills-saveurs.ch\/fr\/","name":"Grills et Saveurs","description":"Barbecues, Grills, Planchas, Chemin\u00e9es jardin - Lausanne, Suisse Romande","potentialAction":[{"@type":"SearchAction","target":{"@type":"EntryPoint","urlTemplate":"https:\/\/www.grills-saveurs.ch\/fr\/?s={search_term_string}"},"query-input":"required name=search_term_string"}],"inLanguage":"fr-FR"},{"@type":"ImageObject","@id":"https:\/\/www.grills-saveurs.ch\/fr\/produit\/porte-epis-de-mais-barbecue-weber\/#primaryimage","inLanguage":"fr-FR","url":"https:\/\/www.grills-saveurs.ch\/fr\/wp-content\/uploads\/2019\/03\/6489.png","contentUrl":"https:\/\/www.grills-saveurs.ch\/fr\/wp-content\/uploads\/2019\/03\/6489.png","width":1000,"height":950,"caption":"Kit support pour ma\u00efs"},{"@type":"WebPage","@id":"https:\/\/www.grills-saveurs.ch\/fr\/produit\/porte-epis-de-mais-barbecue-weber\/#webpage","url":"https:\/\/www.grills-saveurs.ch\/fr\/produit\/porte-epis-de-mais-barbecue-weber\/","name":"Porte-\u00e9pis de ma\u00efs pour barbecue Weber - Grills et Saveurs","isPartOf":{"@id":"https:\/\/www.grills-saveurs.ch\/fr\/#website"},"primaryImageOfPage":{"@id":"https:\/\/www.grills-saveurs.ch\/fr\/produit\/porte-epis-de-mais-barbecue-weber\/#primaryimage"},"datePublished":"2019-03-07T08:02:26+00:00","dateModified":"2024-03-21T13:40:05+00:00","description":"L\u2019\u00e9pi de ma\u00efs frais grill\u00e9 au beurre est un incontournable du pique-nique dans le jardin. Le kit support pour ma\u00efs comprend huit broches robustes avec manches en nylon pour que la manipulation et le beurrage des plus gros \u00e9pis soient aussi faciles que la premi\u00e8re bouch\u00e9e.","breadcrumb":{"@id":"https:\/\/www.grills-saveurs.ch\/fr\/produit\/porte-epis-de-mais-barbecue-weber\/#breadcrumb"},"inLanguage":"fr-FR","potentialAction":[{"@type":"ReadAction","target":["https:\/\/www.grills-saveurs.ch\/fr\/produit\/porte-epis-de-mais-barbecue-weber\/"]}]},{"@type":"BreadcrumbList","@id":"https:\/\/www.grills-saveurs.ch\/fr\/produit\/porte-epis-de-mais-barbecue-weber\/#breadcrumb","itemListElement":[{"@type":"ListItem","position":1,"name":"Accueil","item":"https:\/\/www.grills-saveurs.ch\/fr\/"},{"@type":"ListItem","position":2,"name":"Shop \/ Boutique","item":"https:\/\/www.grills-saveurs.ch\/fr\/boutique\/"},{"@type":"ListItem","position":3,"name":"Porte-\u00e9pis de ma\u00efs pour barbecue Weber"}]}]}},"_links":{"self":[{"href":"https:\/\/www.grills-saveurs.ch\/fr\/wp-json\/wp\/v2\/product\/1983"}],"collection":[{"href":"https:\/\/www.grills-saveurs.ch\/fr\/wp-json\/wp\/v2\/product"}],"about":[{"href":"https:\/\/www.grills-saveurs.ch\/fr\/wp-json\/wp\/v2\/types\/product"}],"wp:featuredmedia":[{"embeddable":true,"href":"https:\/\/www.grills-saveurs.ch\/fr\/wp-json\/wp\/v2\/media\/2551"}],"wp:attachment":[{"href":"https:\/\/www.grills-saveurs.ch\/fr\/wp-json\/wp\/v2\/media?parent=1983"}],"wp:term":[{"taxonomy":"product_cat","embeddable":true,"href":"https:\/\/www.grills-saveurs.ch\/fr\/wp-json\/wp\/v2\/product_cat?post=1983"},{"taxonomy":"product_tag","embeddable":true,"href":"https:\/\/www.grills-saveurs.ch\/fr\/wp-json\/wp\/v2\/product_tag?post=1983"}],"curies":[{"name":"wp","href":"https:\/\/api.w.org\/{rel}","templated":true}]}}