{"id":1991,"date":"2019-03-07T09:02:30","date_gmt":"2019-03-07T08:02:30","guid":{"rendered":"https:\/\/www.grills-saveurs.ch\/fr\/produit\/insert-wok-weber-gbs\/"},"modified":"2024-03-22T13:55:38","modified_gmt":"2024-03-22T12:55:38","slug":"insert-wok-weber-gbs","status":"publish","type":"product","link":"https:\/\/www.grills-saveurs.ch\/fr\/produit\/insert-wok-weber-gbs\/","title":{"rendered":"Po\u00eale Plancha Weber &#8211; GBS"},"content":{"rendered":"<div class=\"bee__pdp-hero__headline--bottom\">\n<p>Rien de tel que de se r\u00e9veiller le matin et de profiter de l\u2019air frais et du calme de son jardin ! Sortez du lit, allumez votre barbecue et pr\u00e9parez un d\u00e9licieux petit-d\u00e9jeuner sur la <strong>plancha Gourmet BBQ System<\/strong> en fonte \u00e9maill\u00e9e. Elle chauffe de fa\u00e7on rapide et uniforme, pour garantir des pancakes l\u00e9gers, des galettes de pomme de terre dor\u00e9es, du pain perdu copieux et du lard gr\u00e9sillant.<\/p>\n<p><strong>CARACT\u00c9RISTIQUES<\/strong><\/p>\n<ul>\n<li>Plancha en fonte \u00e9maill\u00e9e offrant une r\u00e9tention et une distribution de chaleur exceptionnelles pour une cuisson uniforme des aliments.<\/li>\n<li>Con\u00e7ue pour tenir dans la grille de cuisson Gourmet BBQ System (voir ci-dessous).<\/li>\n<\/ul>\n<p><strong>D\u00c9COUVREZ LE GOURMET BARBECUE SYSTEM<\/strong><\/p>\n<div>\n<p>Avec le <a href=\"https:\/\/www.grills-saveurs.ch\/fr\/product-category\/barbecues-weber\/accessoires-weber\/cuisson\/gourmet-bbq-system-gbs\/\">Gourmet BBQ System<\/a>, transformez votre barbecue en v\u00e9ritable cuisine tout-en-un. Il suffit de changer d\u2019accessoire en fonction de ce que vous pr\u00e9parez.<\/p>\n<p>Le Gourmet BBQ System Weber consiste en une grille dont la partie centrale est amovible, et de toute une s\u00e9rie d\u2019accessoires GBS. Du wok \u00e0 la plancha, de la cocotte au tout nouveau gaufrier la grille pr\u00e9sente 2 fonctions : elle peut \u00eatre utilis\u00e9e comme une grille de cuisson classique ou en combinaison avec les diff\u00e9rents accessoires qui s\u2019adaptent parfaitement \u00e0 la partie centrale. Pas besoin d\u2019attendre le week-end pour les exp\u00e9riences, dans un quotidien tr\u00e9pidant, l\u2019ambiance chaleureuse du barbecue est tr\u00e8s attirante !<\/p>\n<\/div>\n<\/div>\n","protected":false},"excerpt":{"rendered":"<p>7421<\/p>\n","protected":false},"featured_media":3246,"template":"","meta":[],"product_cat":[117],"product_tag":[84],"yoast_head":"<!-- This site is optimized with the Yoast SEO plugin v18.2 - https:\/\/yoast.com\/wordpress\/plugins\/seo\/ -->\n<title>Po\u00eale Plancha Weber - GBS - Grills et Saveurs<\/title>\n<meta name=\"description\" content=\"La plancha en fonte \u00e9maill\u00e9e offre une r\u00e9tention et une distribution de chaleur exceptionnelles pour une cuisson uniforme des aliments.\" \/>\n<meta name=\"robots\" content=\"index, follow, max-snippet:-1, max-image-preview:large, max-video-preview:-1\" \/>\n<link rel=\"canonical\" href=\"https:\/\/www.grills-saveurs.ch\/fr\/produit\/insert-wok-weber-gbs\/\" \/>\n<meta property=\"og:locale\" content=\"fr_FR\" \/>\n<meta property=\"og:type\" content=\"article\" \/>\n<meta property=\"og:title\" content=\"Po\u00eale Plancha Weber - GBS - Grills et Saveurs\" \/>\n<meta property=\"og:description\" content=\"La plancha en fonte \u00e9maill\u00e9e offre une r\u00e9tention et une distribution de chaleur exceptionnelles pour une cuisson uniforme des aliments.\" \/>\n<meta property=\"og:url\" content=\"https:\/\/www.grills-saveurs.ch\/fr\/produit\/insert-wok-weber-gbs\/\" \/>\n<meta property=\"og:site_name\" content=\"Grills et Saveurs\" \/>\n<meta property=\"article:modified_time\" content=\"2024-03-22T12:55:38+00:00\" \/>\n<meta property=\"og:image\" content=\"https:\/\/www.grills-saveurs.ch\/fr\/wp-content\/uploads\/2019\/03\/7421_Poele_Plancha_GBS.png\" \/>\n\t<meta property=\"og:image:width\" content=\"1000\" \/>\n\t<meta property=\"og:image:height\" content=\"950\" \/>\n\t<meta property=\"og:image:type\" content=\"image\/png\" \/>\n<meta name=\"twitter:card\" content=\"summary_large_image\" \/>\n<meta name=\"twitter:label1\" content=\"Dur\u00e9e de lecture estim\u00e9e\" \/>\n\t<meta name=\"twitter:data1\" content=\"1 minute\" \/>\n<script type=\"application\/ld+json\" class=\"yoast-schema-graph\">{\"@context\":\"https:\/\/schema.org\",\"@graph\":[{\"@type\":\"WebSite\",\"@id\":\"https:\/\/www.grills-saveurs.ch\/fr\/#website\",\"url\":\"https:\/\/www.grills-saveurs.ch\/fr\/\",\"name\":\"Grills et Saveurs\",\"description\":\"Barbecues, Grills, Planchas, Chemin\u00e9es jardin - Lausanne, Suisse Romande\",\"potentialAction\":[{\"@type\":\"SearchAction\",\"target\":{\"@type\":\"EntryPoint\",\"urlTemplate\":\"https:\/\/www.grills-saveurs.ch\/fr\/?s={search_term_string}\"},\"query-input\":\"required name=search_term_string\"}],\"inLanguage\":\"fr-FR\"},{\"@type\":\"ImageObject\",\"@id\":\"https:\/\/www.grills-saveurs.ch\/fr\/produit\/insert-wok-weber-gbs\/#primaryimage\",\"inLanguage\":\"fr-FR\",\"url\":\"https:\/\/www.grills-saveurs.ch\/fr\/wp-content\/uploads\/2019\/03\/7421_Poele_Plancha_GBS.png\",\"contentUrl\":\"https:\/\/www.grills-saveurs.ch\/fr\/wp-content\/uploads\/2019\/03\/7421_Poele_Plancha_GBS.png\",\"width\":1000,\"height\":950,\"caption\":\"7421 Po\u00eale Plancha GBS Gourmet BBQ System\"},{\"@type\":\"WebPage\",\"@id\":\"https:\/\/www.grills-saveurs.ch\/fr\/produit\/insert-wok-weber-gbs\/#webpage\",\"url\":\"https:\/\/www.grills-saveurs.ch\/fr\/produit\/insert-wok-weber-gbs\/\",\"name\":\"Po\u00eale Plancha Weber - GBS - Grills et Saveurs\",\"isPartOf\":{\"@id\":\"https:\/\/www.grills-saveurs.ch\/fr\/#website\"},\"primaryImageOfPage\":{\"@id\":\"https:\/\/www.grills-saveurs.ch\/fr\/produit\/insert-wok-weber-gbs\/#primaryimage\"},\"datePublished\":\"2019-03-07T08:02:30+00:00\",\"dateModified\":\"2024-03-22T12:55:38+00:00\",\"description\":\"La plancha en fonte \u00e9maill\u00e9e offre une r\u00e9tention et une distribution de chaleur exceptionnelles pour une cuisson uniforme des aliments.\",\"breadcrumb\":{\"@id\":\"https:\/\/www.grills-saveurs.ch\/fr\/produit\/insert-wok-weber-gbs\/#breadcrumb\"},\"inLanguage\":\"fr-FR\",\"potentialAction\":[{\"@type\":\"ReadAction\",\"target\":[\"https:\/\/www.grills-saveurs.ch\/fr\/produit\/insert-wok-weber-gbs\/\"]}]},{\"@type\":\"BreadcrumbList\",\"@id\":\"https:\/\/www.grills-saveurs.ch\/fr\/produit\/insert-wok-weber-gbs\/#breadcrumb\",\"itemListElement\":[{\"@type\":\"ListItem\",\"position\":1,\"name\":\"Accueil\",\"item\":\"https:\/\/www.grills-saveurs.ch\/fr\/\"},{\"@type\":\"ListItem\",\"position\":2,\"name\":\"Shop \/ Boutique\",\"item\":\"https:\/\/www.grills-saveurs.ch\/fr\/boutique\/\"},{\"@type\":\"ListItem\",\"position\":3,\"name\":\"Po\u00eale Plancha Weber &#8211; GBS\"}]}]}<\/script>\n<!-- \/ Yoast SEO plugin. -->","yoast_head_json":{"title":"Po\u00eale Plancha Weber - GBS - Grills et Saveurs","description":"La plancha en fonte \u00e9maill\u00e9e offre une r\u00e9tention et une distribution de chaleur exceptionnelles pour une cuisson uniforme des aliments.","robots":{"index":"index","follow":"follow","max-snippet":"max-snippet:-1","max-image-preview":"max-image-preview:large","max-video-preview":"max-video-preview:-1"},"canonical":"https:\/\/www.grills-saveurs.ch\/fr\/produit\/insert-wok-weber-gbs\/","og_locale":"fr_FR","og_type":"article","og_title":"Po\u00eale Plancha Weber - GBS - Grills et Saveurs","og_description":"La plancha en fonte \u00e9maill\u00e9e offre une r\u00e9tention et une distribution de chaleur exceptionnelles pour une cuisson uniforme des aliments.","og_url":"https:\/\/www.grills-saveurs.ch\/fr\/produit\/insert-wok-weber-gbs\/","og_site_name":"Grills et Saveurs","article_modified_time":"2024-03-22T12:55:38+00:00","og_image":[{"width":1000,"height":950,"url":"https:\/\/www.grills-saveurs.ch\/fr\/wp-content\/uploads\/2019\/03\/7421_Poele_Plancha_GBS.png","type":"image\/png"}],"twitter_card":"summary_large_image","twitter_misc":{"Dur\u00e9e de lecture estim\u00e9e":"1 minute"},"schema":{"@context":"https:\/\/schema.org","@graph":[{"@type":"WebSite","@id":"https:\/\/www.grills-saveurs.ch\/fr\/#website","url":"https:\/\/www.grills-saveurs.ch\/fr\/","name":"Grills et Saveurs","description":"Barbecues, Grills, Planchas, Chemin\u00e9es jardin - Lausanne, Suisse Romande","potentialAction":[{"@type":"SearchAction","target":{"@type":"EntryPoint","urlTemplate":"https:\/\/www.grills-saveurs.ch\/fr\/?s={search_term_string}"},"query-input":"required name=search_term_string"}],"inLanguage":"fr-FR"},{"@type":"ImageObject","@id":"https:\/\/www.grills-saveurs.ch\/fr\/produit\/insert-wok-weber-gbs\/#primaryimage","inLanguage":"fr-FR","url":"https:\/\/www.grills-saveurs.ch\/fr\/wp-content\/uploads\/2019\/03\/7421_Poele_Plancha_GBS.png","contentUrl":"https:\/\/www.grills-saveurs.ch\/fr\/wp-content\/uploads\/2019\/03\/7421_Poele_Plancha_GBS.png","width":1000,"height":950,"caption":"7421 Po\u00eale Plancha GBS Gourmet BBQ System"},{"@type":"WebPage","@id":"https:\/\/www.grills-saveurs.ch\/fr\/produit\/insert-wok-weber-gbs\/#webpage","url":"https:\/\/www.grills-saveurs.ch\/fr\/produit\/insert-wok-weber-gbs\/","name":"Po\u00eale Plancha Weber - GBS - Grills et Saveurs","isPartOf":{"@id":"https:\/\/www.grills-saveurs.ch\/fr\/#website"},"primaryImageOfPage":{"@id":"https:\/\/www.grills-saveurs.ch\/fr\/produit\/insert-wok-weber-gbs\/#primaryimage"},"datePublished":"2019-03-07T08:02:30+00:00","dateModified":"2024-03-22T12:55:38+00:00","description":"La plancha en fonte \u00e9maill\u00e9e offre une r\u00e9tention et une distribution de chaleur exceptionnelles pour une cuisson uniforme des aliments.","breadcrumb":{"@id":"https:\/\/www.grills-saveurs.ch\/fr\/produit\/insert-wok-weber-gbs\/#breadcrumb"},"inLanguage":"fr-FR","potentialAction":[{"@type":"ReadAction","target":["https:\/\/www.grills-saveurs.ch\/fr\/produit\/insert-wok-weber-gbs\/"]}]},{"@type":"BreadcrumbList","@id":"https:\/\/www.grills-saveurs.ch\/fr\/produit\/insert-wok-weber-gbs\/#breadcrumb","itemListElement":[{"@type":"ListItem","position":1,"name":"Accueil","item":"https:\/\/www.grills-saveurs.ch\/fr\/"},{"@type":"ListItem","position":2,"name":"Shop \/ Boutique","item":"https:\/\/www.grills-saveurs.ch\/fr\/boutique\/"},{"@type":"ListItem","position":3,"name":"Po\u00eale Plancha Weber &#8211; GBS"}]}]}},"_links":{"self":[{"href":"https:\/\/www.grills-saveurs.ch\/fr\/wp-json\/wp\/v2\/product\/1991"}],"collection":[{"href":"https:\/\/www.grills-saveurs.ch\/fr\/wp-json\/wp\/v2\/product"}],"about":[{"href":"https:\/\/www.grills-saveurs.ch\/fr\/wp-json\/wp\/v2\/types\/product"}],"wp:featuredmedia":[{"embeddable":true,"href":"https:\/\/www.grills-saveurs.ch\/fr\/wp-json\/wp\/v2\/media\/3246"}],"wp:attachment":[{"href":"https:\/\/www.grills-saveurs.ch\/fr\/wp-json\/wp\/v2\/media?parent=1991"}],"wp:term":[{"taxonomy":"product_cat","embeddable":true,"href":"https:\/\/www.grills-saveurs.ch\/fr\/wp-json\/wp\/v2\/product_cat?post=1991"},{"taxonomy":"product_tag","embeddable":true,"href":"https:\/\/www.grills-saveurs.ch\/fr\/wp-json\/wp\/v2\/product_tag?post=1991"}],"curies":[{"name":"wp","href":"https:\/\/api.w.org\/{rel}","templated":true}]}}