{"id":4537,"date":"2019-05-28T16:20:16","date_gmt":"2019-05-28T14:20:16","guid":{"rendered":"https:\/\/www.grills-saveurs.ch\/fr\/produit\/distributeur-de-gaz-summit-e-s-470\/"},"modified":"2024-03-25T22:42:42","modified_gmt":"2024-03-25T21:42:42","slug":"distributeur-de-gaz-summit-e-s-470","status":"publish","type":"product","link":"https:\/\/www.grills-saveurs.ch\/fr\/produit\/distributeur-de-gaz-summit-e-s-470\/","title":{"rendered":"Distributeur de gaz Summit E\/S 470"},"content":{"rendered":"","protected":false},"excerpt":{"rendered":"<p>79169<\/p>\n","protected":false},"featured_media":4260,"template":"","meta":[],"product_cat":[183,179],"product_tag":[84],"yoast_head":"<!-- This site is optimized with the Yoast SEO plugin v18.2 - https:\/\/yoast.com\/wordpress\/plugins\/seo\/ -->\n<title>Distributeur de gaz Summit E\/S 470 - Grills et Saveurs<\/title>\n<meta name=\"robots\" content=\"index, follow, max-snippet:-1, max-image-preview:large, max-video-preview:-1\" \/>\n<link rel=\"canonical\" href=\"https:\/\/www.grills-saveurs.ch\/fr\/produit\/distributeur-de-gaz-summit-e-s-470\/\" \/>\n<meta property=\"og:locale\" content=\"fr_FR\" \/>\n<meta property=\"og:type\" content=\"article\" \/>\n<meta property=\"og:title\" content=\"Distributeur de gaz Summit E\/S 470 - Grills et Saveurs\" \/>\n<meta property=\"og:description\" content=\"79169\" \/>\n<meta property=\"og:url\" content=\"https:\/\/www.grills-saveurs.ch\/fr\/produit\/distributeur-de-gaz-summit-e-s-470\/\" \/>\n<meta property=\"og:site_name\" content=\"Grills et Saveurs\" \/>\n<meta property=\"article:modified_time\" content=\"2024-03-25T21:42:42+00:00\" \/>\n<meta property=\"og:image\" content=\"https:\/\/www.grills-saveurs.ch\/fr\/wp-content\/uploads\/2019\/05\/logo-piece-detachee-weber.png\" \/>\n\t<meta property=\"og:image:width\" content=\"389\" \/>\n\t<meta property=\"og:image:height\" content=\"372\" \/>\n\t<meta property=\"og:image:type\" content=\"image\/png\" \/>\n<meta name=\"twitter:card\" content=\"summary_large_image\" \/>\n<script type=\"application\/ld+json\" class=\"yoast-schema-graph\">{\"@context\":\"https:\/\/schema.org\",\"@graph\":[{\"@type\":\"WebSite\",\"@id\":\"https:\/\/www.grills-saveurs.ch\/fr\/#website\",\"url\":\"https:\/\/www.grills-saveurs.ch\/fr\/\",\"name\":\"Grills et Saveurs\",\"description\":\"Barbecues, Grills, Planchas, Chemin\u00e9es jardin - Lausanne, Suisse Romande\",\"potentialAction\":[{\"@type\":\"SearchAction\",\"target\":{\"@type\":\"EntryPoint\",\"urlTemplate\":\"https:\/\/www.grills-saveurs.ch\/fr\/?s={search_term_string}\"},\"query-input\":\"required name=search_term_string\"}],\"inLanguage\":\"fr-FR\"},{\"@type\":\"ImageObject\",\"@id\":\"https:\/\/www.grills-saveurs.ch\/fr\/produit\/distributeur-de-gaz-summit-e-s-470\/#primaryimage\",\"inLanguage\":\"fr-FR\",\"url\":\"https:\/\/www.grills-saveurs.ch\/fr\/wp-content\/uploads\/2019\/05\/logo-piece-detachee-weber.png\",\"contentUrl\":\"https:\/\/www.grills-saveurs.ch\/fr\/wp-content\/uploads\/2019\/05\/logo-piece-detachee-weber.png\",\"width\":389,\"height\":372,\"caption\":\"Pi\u00e8ce d\u00e9tach\u00e9e Weber\"},{\"@type\":\"WebPage\",\"@id\":\"https:\/\/www.grills-saveurs.ch\/fr\/produit\/distributeur-de-gaz-summit-e-s-470\/#webpage\",\"url\":\"https:\/\/www.grills-saveurs.ch\/fr\/produit\/distributeur-de-gaz-summit-e-s-470\/\",\"name\":\"Distributeur de gaz Summit E\/S 470 - Grills et Saveurs\",\"isPartOf\":{\"@id\":\"https:\/\/www.grills-saveurs.ch\/fr\/#website\"},\"primaryImageOfPage\":{\"@id\":\"https:\/\/www.grills-saveurs.ch\/fr\/produit\/distributeur-de-gaz-summit-e-s-470\/#primaryimage\"},\"datePublished\":\"2019-05-28T14:20:16+00:00\",\"dateModified\":\"2024-03-25T21:42:42+00:00\",\"breadcrumb\":{\"@id\":\"https:\/\/www.grills-saveurs.ch\/fr\/produit\/distributeur-de-gaz-summit-e-s-470\/#breadcrumb\"},\"inLanguage\":\"fr-FR\",\"potentialAction\":[{\"@type\":\"ReadAction\",\"target\":[\"https:\/\/www.grills-saveurs.ch\/fr\/produit\/distributeur-de-gaz-summit-e-s-470\/\"]}]},{\"@type\":\"BreadcrumbList\",\"@id\":\"https:\/\/www.grills-saveurs.ch\/fr\/produit\/distributeur-de-gaz-summit-e-s-470\/#breadcrumb\",\"itemListElement\":[{\"@type\":\"ListItem\",\"position\":1,\"name\":\"Accueil\",\"item\":\"https:\/\/www.grills-saveurs.ch\/fr\/\"},{\"@type\":\"ListItem\",\"position\":2,\"name\":\"Shop \/ Boutique\",\"item\":\"https:\/\/www.grills-saveurs.ch\/fr\/boutique\/\"},{\"@type\":\"ListItem\",\"position\":3,\"name\":\"Distributeur de gaz Summit E\/S 470\"}]}]}<\/script>\n<!-- \/ Yoast SEO plugin. -->","yoast_head_json":{"title":"Distributeur de gaz Summit E\/S 470 - Grills et Saveurs","robots":{"index":"index","follow":"follow","max-snippet":"max-snippet:-1","max-image-preview":"max-image-preview:large","max-video-preview":"max-video-preview:-1"},"canonical":"https:\/\/www.grills-saveurs.ch\/fr\/produit\/distributeur-de-gaz-summit-e-s-470\/","og_locale":"fr_FR","og_type":"article","og_title":"Distributeur de gaz Summit E\/S 470 - Grills et Saveurs","og_description":"79169","og_url":"https:\/\/www.grills-saveurs.ch\/fr\/produit\/distributeur-de-gaz-summit-e-s-470\/","og_site_name":"Grills et Saveurs","article_modified_time":"2024-03-25T21:42:42+00:00","og_image":[{"width":389,"height":372,"url":"https:\/\/www.grills-saveurs.ch\/fr\/wp-content\/uploads\/2019\/05\/logo-piece-detachee-weber.png","type":"image\/png"}],"twitter_card":"summary_large_image","schema":{"@context":"https:\/\/schema.org","@graph":[{"@type":"WebSite","@id":"https:\/\/www.grills-saveurs.ch\/fr\/#website","url":"https:\/\/www.grills-saveurs.ch\/fr\/","name":"Grills et Saveurs","description":"Barbecues, Grills, Planchas, Chemin\u00e9es jardin - Lausanne, Suisse Romande","potentialAction":[{"@type":"SearchAction","target":{"@type":"EntryPoint","urlTemplate":"https:\/\/www.grills-saveurs.ch\/fr\/?s={search_term_string}"},"query-input":"required name=search_term_string"}],"inLanguage":"fr-FR"},{"@type":"ImageObject","@id":"https:\/\/www.grills-saveurs.ch\/fr\/produit\/distributeur-de-gaz-summit-e-s-470\/#primaryimage","inLanguage":"fr-FR","url":"https:\/\/www.grills-saveurs.ch\/fr\/wp-content\/uploads\/2019\/05\/logo-piece-detachee-weber.png","contentUrl":"https:\/\/www.grills-saveurs.ch\/fr\/wp-content\/uploads\/2019\/05\/logo-piece-detachee-weber.png","width":389,"height":372,"caption":"Pi\u00e8ce d\u00e9tach\u00e9e Weber"},{"@type":"WebPage","@id":"https:\/\/www.grills-saveurs.ch\/fr\/produit\/distributeur-de-gaz-summit-e-s-470\/#webpage","url":"https:\/\/www.grills-saveurs.ch\/fr\/produit\/distributeur-de-gaz-summit-e-s-470\/","name":"Distributeur de gaz Summit E\/S 470 - Grills et Saveurs","isPartOf":{"@id":"https:\/\/www.grills-saveurs.ch\/fr\/#website"},"primaryImageOfPage":{"@id":"https:\/\/www.grills-saveurs.ch\/fr\/produit\/distributeur-de-gaz-summit-e-s-470\/#primaryimage"},"datePublished":"2019-05-28T14:20:16+00:00","dateModified":"2024-03-25T21:42:42+00:00","breadcrumb":{"@id":"https:\/\/www.grills-saveurs.ch\/fr\/produit\/distributeur-de-gaz-summit-e-s-470\/#breadcrumb"},"inLanguage":"fr-FR","potentialAction":[{"@type":"ReadAction","target":["https:\/\/www.grills-saveurs.ch\/fr\/produit\/distributeur-de-gaz-summit-e-s-470\/"]}]},{"@type":"BreadcrumbList","@id":"https:\/\/www.grills-saveurs.ch\/fr\/produit\/distributeur-de-gaz-summit-e-s-470\/#breadcrumb","itemListElement":[{"@type":"ListItem","position":1,"name":"Accueil","item":"https:\/\/www.grills-saveurs.ch\/fr\/"},{"@type":"ListItem","position":2,"name":"Shop \/ Boutique","item":"https:\/\/www.grills-saveurs.ch\/fr\/boutique\/"},{"@type":"ListItem","position":3,"name":"Distributeur de gaz Summit E\/S 470"}]}]}},"_links":{"self":[{"href":"https:\/\/www.grills-saveurs.ch\/fr\/wp-json\/wp\/v2\/product\/4537"}],"collection":[{"href":"https:\/\/www.grills-saveurs.ch\/fr\/wp-json\/wp\/v2\/product"}],"about":[{"href":"https:\/\/www.grills-saveurs.ch\/fr\/wp-json\/wp\/v2\/types\/product"}],"wp:featuredmedia":[{"embeddable":true,"href":"https:\/\/www.grills-saveurs.ch\/fr\/wp-json\/wp\/v2\/media\/4260"}],"wp:attachment":[{"href":"https:\/\/www.grills-saveurs.ch\/fr\/wp-json\/wp\/v2\/media?parent=4537"}],"wp:term":[{"taxonomy":"product_cat","embeddable":true,"href":"https:\/\/www.grills-saveurs.ch\/fr\/wp-json\/wp\/v2\/product_cat?post=4537"},{"taxonomy":"product_tag","embeddable":true,"href":"https:\/\/www.grills-saveurs.ch\/fr\/wp-json\/wp\/v2\/product_tag?post=4537"}],"curies":[{"name":"wp","href":"https:\/\/api.w.org\/{rel}","templated":true}]}}