{"id":4802,"date":"2019-12-04T10:44:46","date_gmt":"2019-12-04T09:44:46","guid":{"rendered":"https:\/\/www.grills-saveurs.ch\/fr\/?post_type=product&#038;p=4802"},"modified":"2024-06-04T18:56:20","modified_gmt":"2024-06-04T16:56:20","slug":"barbecue-a-pellets-weber-smokefire-ex4-gbs-pre-commande","status":"publish","type":"product","link":"https:\/\/www.grills-saveurs.ch\/fr\/produit\/barbecue-a-pellets-weber-smokefire-ex4-gbs-pre-commande\/","title":{"rendered":"Barbecue \u00e0 pellets Weber SmokeFire EX4 GBS"},"content":{"rendered":"<h3>LE BARBECUE LE PLUS INNOVANT DE L&rsquo;HISTOIRE DE WEBER<\/h3>\n<p>En tant que revendeur officiel Weber World Experience en Suisse romande, nous sommes fiers de vous pr\u00e9senter en avant-premi\u00e8re la nouvelle r\u00e9f\u00e9rence en mati\u00e8re de barbecue aux granul\u00e9s de bois : le nouveau SmokeFire.<\/p>\n<p><strong>Le nouveau barbecue \u00e0 pellets innovant SmokeFire EX4 GBS est le seul dont vous aurez besoin, polyvalent et indispensable pour tout cuisiner, des steaks parfaitement grill\u00e9s aux c\u00f4telettes fum\u00e9es.<br \/>\n<\/strong><strong>Le EX4 est le choix id\u00e9al pour une famille de 4 \u00e0 6 personnes.<\/strong><\/p>\n<p>Alliant avec succ\u00e8s les saveurs authentiques du grill \u00e0 charbon et la commodit\u00e9 des BBQ \u00e0 gaz, il poss\u00e8de aussi la pr\u00e9cision et les fonctions high tech que seul un grill \u00e9lectrique peut offrir.<\/p>\n<p>Le SmokeFire est un barbecue au bois tout-en-un qui permet de saisir des steaks, de fumer de la poitrine de b\u0153uf ou de faire cuire des tartes.<br \/>\nLa pr\u00e9cision du contr\u00f4le de temp\u00e9ratures permet de n&rsquo;avoir aucune limite en termes de saveur et de temps.<\/p>\n<p><a href=\"https:\/\/www.grills-saveurs.ch\/fr\/2019\/12\/04\/nouveau-barbecue-a-pellets-weber-smokefire\/\">En savoir plus dans notre article de blog d\u00e9di\u00e9 au SmokeFire.<\/a><\/p>\n<p><strong>CARACT\u00c9RISTIQUES :<\/strong><\/p>\n<ul>\n<li>Plage de temp\u00e9rature de 95 \u00e0 315 \u00b0 C<\/li>\n<li>Cuve et couvercle en acier \u00e9maill\u00e9<\/li>\n<li>Le syst\u00e8me de cuisson haute performance permet un rapide pr\u00e9chauffage et un maintien automatique de la temp\u00e9rature<\/li>\n<li>Con\u00e7u pour g\u00e9rer plusieurs types de cuisson simultan\u00e9ment : low &amp; slow ou saisie<\/li>\n<li>\u00c9quip\u00e9 du Weber Connect, il est directement reli\u00e9 \u00e0 votre smartphone afin de vous indiquer les \u00e9tapes de cuisson<\/li>\n<li>Diff\u00e9rentes m\u00e9thodes de cuisson possibles : directe pour saisir, indirecte pour r\u00f4tir et low &amp; slow pour le fumage et la cuisson basse temp\u00e9rature<\/li>\n<li><a href=\"https:\/\/www.grills-saveurs.ch\/fr\/product-category\/barbecues-weber\/accessoires-weber\/cuisson\/gourmet-bbq-system-gbs\/#shop\" target=\"_blank\" rel=\"noopener\">Grille de cuisson principale GBS<\/a> en acier inox : 45 x 61 cm<\/li>\n<li>Grille de cuisson secondaire : 25 x 61 cm<\/li>\n<li>Barres Flavorizer : r\u00e9cup\u00e9ration des jus de cuisson pour ajouter une saveur fum\u00e9e irr\u00e9sistible<\/li>\n<li>\u00c9cran de contr\u00f4le de la temp\u00e9rature LCD et Wifi<\/li>\n<li>R\u00e9servoir \u00e0 pellets (granul\u00e9s de bois) avec remplissage automatique (jusqu&rsquo;\u00e0 9 kg de capacit\u00e9)<\/li>\n<li>Plateau sp\u00e9cial avec bacs r\u00e9cup\u00e9rateurs pour la graisse et les cendres<\/li>\n<li>Plan de travail en acier inoxydable avec crochets porte-ustensiles<\/li>\n<li>4 roulettes r\u00e9sistantes pour un d\u00e9placement facile<\/li>\n<\/ul>\n<p><strong>DIMENSIONS :<\/strong><\/p>\n<ul>\n<li>Couvercle ouvert : 162.6 cm H x 114.3 cm L x 76.2 cm P<\/li>\n<li>Couvercle ferm\u00e9 : 116.8 cm H x 114.3 cm L x 76.2 cm P<\/li>\n<\/ul>\n","protected":false},"excerpt":{"rendered":"<p>22511094<\/p>\n","protected":false},"featured_media":4816,"template":"","meta":[],"product_cat":[15],"product_tag":[84],"yoast_head":"<!-- This site is optimized with the Yoast SEO plugin v18.2 - https:\/\/yoast.com\/wordpress\/plugins\/seo\/ -->\n<title>Barbecue \u00e0 pellets Weber SmokeFire EX4 GBS - Grills et Saveurs<\/title>\n<meta name=\"description\" content=\"Le nouveau barbecue \u00e0 pellets SmokeFire EX4 GBS est le seul dont vous aurez besoin pour tout cuisiner, des steaks parfaitement grill\u00e9s aux c\u00f4telettes fum\u00e9es\" \/>\n<meta name=\"robots\" content=\"index, follow, max-snippet:-1, max-image-preview:large, max-video-preview:-1\" \/>\n<link rel=\"canonical\" href=\"https:\/\/www.grills-saveurs.ch\/fr\/produit\/barbecue-a-pellets-weber-smokefire-ex4-gbs-pre-commande\/\" \/>\n<meta property=\"og:locale\" content=\"fr_FR\" \/>\n<meta property=\"og:type\" content=\"article\" \/>\n<meta property=\"og:title\" content=\"Barbecue \u00e0 pellets Weber SmokeFire EX4 GBS - Grills et Saveurs\" \/>\n<meta property=\"og:description\" content=\"Le nouveau barbecue \u00e0 pellets SmokeFire EX4 GBS est le seul dont vous aurez besoin pour tout cuisiner, des steaks parfaitement grill\u00e9s aux c\u00f4telettes fum\u00e9es\" \/>\n<meta property=\"og:url\" content=\"https:\/\/www.grills-saveurs.ch\/fr\/produit\/barbecue-a-pellets-weber-smokefire-ex4-gbs-pre-commande\/\" \/>\n<meta property=\"og:site_name\" content=\"Grills et Saveurs\" \/>\n<meta property=\"article:modified_time\" content=\"2024-06-04T16:56:20+00:00\" \/>\n<meta property=\"og:image\" content=\"https:\/\/www.grills-saveurs.ch\/fr\/wp-content\/uploads\/2019\/12\/Barbecue-Weber-SmokeFire.jpg\" \/>\n\t<meta property=\"og:image:width\" content=\"368\" \/>\n\t<meta property=\"og:image:height\" content=\"350\" \/>\n\t<meta property=\"og:image:type\" content=\"image\/jpeg\" \/>\n<meta name=\"twitter:card\" content=\"summary_large_image\" \/>\n<meta name=\"twitter:label1\" content=\"Dur\u00e9e de lecture estim\u00e9e\" \/>\n\t<meta name=\"twitter:data1\" content=\"2 minutes\" \/>\n<script type=\"application\/ld+json\" class=\"yoast-schema-graph\">{\"@context\":\"https:\/\/schema.org\",\"@graph\":[{\"@type\":\"WebSite\",\"@id\":\"https:\/\/www.grills-saveurs.ch\/fr\/#website\",\"url\":\"https:\/\/www.grills-saveurs.ch\/fr\/\",\"name\":\"Grills et Saveurs\",\"description\":\"Barbecues, Grills, Planchas, Chemin\u00e9es jardin - Lausanne, Suisse Romande\",\"potentialAction\":[{\"@type\":\"SearchAction\",\"target\":{\"@type\":\"EntryPoint\",\"urlTemplate\":\"https:\/\/www.grills-saveurs.ch\/fr\/?s={search_term_string}\"},\"query-input\":\"required name=search_term_string\"}],\"inLanguage\":\"fr-FR\"},{\"@type\":\"ImageObject\",\"@id\":\"https:\/\/www.grills-saveurs.ch\/fr\/produit\/barbecue-a-pellets-weber-smokefire-ex4-gbs-pre-commande\/#primaryimage\",\"inLanguage\":\"fr-FR\",\"url\":\"https:\/\/www.grills-saveurs.ch\/fr\/wp-content\/uploads\/2019\/12\/Barbecue-Weber-SmokeFire.jpg\",\"contentUrl\":\"https:\/\/www.grills-saveurs.ch\/fr\/wp-content\/uploads\/2019\/12\/Barbecue-Weber-SmokeFire.jpg\",\"width\":368,\"height\":350,\"caption\":\"Nouveau Barbecue \u00e0 pellets Weber SmokeFire EX4 GBS\"},{\"@type\":\"WebPage\",\"@id\":\"https:\/\/www.grills-saveurs.ch\/fr\/produit\/barbecue-a-pellets-weber-smokefire-ex4-gbs-pre-commande\/#webpage\",\"url\":\"https:\/\/www.grills-saveurs.ch\/fr\/produit\/barbecue-a-pellets-weber-smokefire-ex4-gbs-pre-commande\/\",\"name\":\"Barbecue \u00e0 pellets Weber SmokeFire EX4 GBS - Grills et Saveurs\",\"isPartOf\":{\"@id\":\"https:\/\/www.grills-saveurs.ch\/fr\/#website\"},\"primaryImageOfPage\":{\"@id\":\"https:\/\/www.grills-saveurs.ch\/fr\/produit\/barbecue-a-pellets-weber-smokefire-ex4-gbs-pre-commande\/#primaryimage\"},\"datePublished\":\"2019-12-04T09:44:46+00:00\",\"dateModified\":\"2024-06-04T16:56:20+00:00\",\"description\":\"Le nouveau barbecue \u00e0 pellets SmokeFire EX4 GBS est le seul dont vous aurez besoin pour tout cuisiner, des steaks parfaitement grill\u00e9s aux c\u00f4telettes fum\u00e9es\",\"breadcrumb\":{\"@id\":\"https:\/\/www.grills-saveurs.ch\/fr\/produit\/barbecue-a-pellets-weber-smokefire-ex4-gbs-pre-commande\/#breadcrumb\"},\"inLanguage\":\"fr-FR\",\"potentialAction\":[{\"@type\":\"ReadAction\",\"target\":[\"https:\/\/www.grills-saveurs.ch\/fr\/produit\/barbecue-a-pellets-weber-smokefire-ex4-gbs-pre-commande\/\"]}]},{\"@type\":\"BreadcrumbList\",\"@id\":\"https:\/\/www.grills-saveurs.ch\/fr\/produit\/barbecue-a-pellets-weber-smokefire-ex4-gbs-pre-commande\/#breadcrumb\",\"itemListElement\":[{\"@type\":\"ListItem\",\"position\":1,\"name\":\"Accueil\",\"item\":\"https:\/\/www.grills-saveurs.ch\/fr\/\"},{\"@type\":\"ListItem\",\"position\":2,\"name\":\"Shop \/ Boutique\",\"item\":\"https:\/\/www.grills-saveurs.ch\/fr\/boutique\/\"},{\"@type\":\"ListItem\",\"position\":3,\"name\":\"Barbecue \u00e0 pellets Weber SmokeFire EX4 GBS\"}]}]}<\/script>\n<!-- \/ Yoast SEO plugin. -->","yoast_head_json":{"title":"Barbecue \u00e0 pellets Weber SmokeFire EX4 GBS - Grills et Saveurs","description":"Le nouveau barbecue \u00e0 pellets SmokeFire EX4 GBS est le seul dont vous aurez besoin pour tout cuisiner, des steaks parfaitement grill\u00e9s aux c\u00f4telettes fum\u00e9es","robots":{"index":"index","follow":"follow","max-snippet":"max-snippet:-1","max-image-preview":"max-image-preview:large","max-video-preview":"max-video-preview:-1"},"canonical":"https:\/\/www.grills-saveurs.ch\/fr\/produit\/barbecue-a-pellets-weber-smokefire-ex4-gbs-pre-commande\/","og_locale":"fr_FR","og_type":"article","og_title":"Barbecue \u00e0 pellets Weber SmokeFire EX4 GBS - Grills et Saveurs","og_description":"Le nouveau barbecue \u00e0 pellets SmokeFire EX4 GBS est le seul dont vous aurez besoin pour tout cuisiner, des steaks parfaitement grill\u00e9s aux c\u00f4telettes fum\u00e9es","og_url":"https:\/\/www.grills-saveurs.ch\/fr\/produit\/barbecue-a-pellets-weber-smokefire-ex4-gbs-pre-commande\/","og_site_name":"Grills et Saveurs","article_modified_time":"2024-06-04T16:56:20+00:00","og_image":[{"width":368,"height":350,"url":"https:\/\/www.grills-saveurs.ch\/fr\/wp-content\/uploads\/2019\/12\/Barbecue-Weber-SmokeFire.jpg","type":"image\/jpeg"}],"twitter_card":"summary_large_image","twitter_misc":{"Dur\u00e9e de lecture estim\u00e9e":"2 minutes"},"schema":{"@context":"https:\/\/schema.org","@graph":[{"@type":"WebSite","@id":"https:\/\/www.grills-saveurs.ch\/fr\/#website","url":"https:\/\/www.grills-saveurs.ch\/fr\/","name":"Grills et Saveurs","description":"Barbecues, Grills, Planchas, Chemin\u00e9es jardin - Lausanne, Suisse Romande","potentialAction":[{"@type":"SearchAction","target":{"@type":"EntryPoint","urlTemplate":"https:\/\/www.grills-saveurs.ch\/fr\/?s={search_term_string}"},"query-input":"required name=search_term_string"}],"inLanguage":"fr-FR"},{"@type":"ImageObject","@id":"https:\/\/www.grills-saveurs.ch\/fr\/produit\/barbecue-a-pellets-weber-smokefire-ex4-gbs-pre-commande\/#primaryimage","inLanguage":"fr-FR","url":"https:\/\/www.grills-saveurs.ch\/fr\/wp-content\/uploads\/2019\/12\/Barbecue-Weber-SmokeFire.jpg","contentUrl":"https:\/\/www.grills-saveurs.ch\/fr\/wp-content\/uploads\/2019\/12\/Barbecue-Weber-SmokeFire.jpg","width":368,"height":350,"caption":"Nouveau Barbecue \u00e0 pellets Weber SmokeFire EX4 GBS"},{"@type":"WebPage","@id":"https:\/\/www.grills-saveurs.ch\/fr\/produit\/barbecue-a-pellets-weber-smokefire-ex4-gbs-pre-commande\/#webpage","url":"https:\/\/www.grills-saveurs.ch\/fr\/produit\/barbecue-a-pellets-weber-smokefire-ex4-gbs-pre-commande\/","name":"Barbecue \u00e0 pellets Weber SmokeFire EX4 GBS - Grills et Saveurs","isPartOf":{"@id":"https:\/\/www.grills-saveurs.ch\/fr\/#website"},"primaryImageOfPage":{"@id":"https:\/\/www.grills-saveurs.ch\/fr\/produit\/barbecue-a-pellets-weber-smokefire-ex4-gbs-pre-commande\/#primaryimage"},"datePublished":"2019-12-04T09:44:46+00:00","dateModified":"2024-06-04T16:56:20+00:00","description":"Le nouveau barbecue \u00e0 pellets SmokeFire EX4 GBS est le seul dont vous aurez besoin pour tout cuisiner, des steaks parfaitement grill\u00e9s aux c\u00f4telettes fum\u00e9es","breadcrumb":{"@id":"https:\/\/www.grills-saveurs.ch\/fr\/produit\/barbecue-a-pellets-weber-smokefire-ex4-gbs-pre-commande\/#breadcrumb"},"inLanguage":"fr-FR","potentialAction":[{"@type":"ReadAction","target":["https:\/\/www.grills-saveurs.ch\/fr\/produit\/barbecue-a-pellets-weber-smokefire-ex4-gbs-pre-commande\/"]}]},{"@type":"BreadcrumbList","@id":"https:\/\/www.grills-saveurs.ch\/fr\/produit\/barbecue-a-pellets-weber-smokefire-ex4-gbs-pre-commande\/#breadcrumb","itemListElement":[{"@type":"ListItem","position":1,"name":"Accueil","item":"https:\/\/www.grills-saveurs.ch\/fr\/"},{"@type":"ListItem","position":2,"name":"Shop \/ Boutique","item":"https:\/\/www.grills-saveurs.ch\/fr\/boutique\/"},{"@type":"ListItem","position":3,"name":"Barbecue \u00e0 pellets Weber SmokeFire EX4 GBS"}]}]}},"_links":{"self":[{"href":"https:\/\/www.grills-saveurs.ch\/fr\/wp-json\/wp\/v2\/product\/4802"}],"collection":[{"href":"https:\/\/www.grills-saveurs.ch\/fr\/wp-json\/wp\/v2\/product"}],"about":[{"href":"https:\/\/www.grills-saveurs.ch\/fr\/wp-json\/wp\/v2\/types\/product"}],"wp:featuredmedia":[{"embeddable":true,"href":"https:\/\/www.grills-saveurs.ch\/fr\/wp-json\/wp\/v2\/media\/4816"}],"wp:attachment":[{"href":"https:\/\/www.grills-saveurs.ch\/fr\/wp-json\/wp\/v2\/media?parent=4802"}],"wp:term":[{"taxonomy":"product_cat","embeddable":true,"href":"https:\/\/www.grills-saveurs.ch\/fr\/wp-json\/wp\/v2\/product_cat?post=4802"},{"taxonomy":"product_tag","embeddable":true,"href":"https:\/\/www.grills-saveurs.ch\/fr\/wp-json\/wp\/v2\/product_tag?post=4802"}],"curies":[{"name":"wp","href":"https:\/\/api.w.org\/{rel}","templated":true}]}}