{"id":5066,"date":"2020-03-30T10:14:44","date_gmt":"2020-03-30T08:14:44","guid":{"rendered":"https:\/\/www.grills-saveurs.ch\/fr\/produit\/spirit-sp-335-premium-gbs-inox\/"},"modified":"2025-03-22T18:07:29","modified_gmt":"2025-03-22T17:07:29","slug":"spirit-sp-335-premium-gbs-inox","status":"publish","type":"product","link":"https:\/\/www.grills-saveurs.ch\/fr\/produit\/spirit-sp-335-premium-gbs-inox\/","title":{"rendered":"Barbecue \u00e0 gaz \u2013 Spirit Premium SP-335 GBS, inox"},"content":{"rendered":"<p>Le grill \u00e0 gaz Spirit Premium SP-335 GBS au look moderne en acier inoxydable est \u00e9quip\u00e9 de tout ce dont vous avez besoin pour griller un repas entier. Gr\u00e2ce \u00e0 la Sear Zone, le syst\u00e8me de chauffage haute performance de Weber, vous pouvez griller vos steaks \u00e0 la perfection et pr\u00e9parer les accompagnements et les sauces en parall\u00e8le sur le r\u00e9chaud lat\u00e9ral. Avec ses \u00e9l\u00e9ments en acier inoxydable, cet BBQ est construit pour l&rsquo;\u00e9ternit\u00e9 et offre des possibilit\u00e9s infinies avec sa grille GBS !<\/p>\n<p><strong>CARACT\u00c9RISTIQUES<\/strong><\/p>\n<ul>\n<li>Grille de cuisson en acier inoxydable Gourmet BBQ System<\/li>\n<li>Syst\u00e8me d\u2019allumage pi\u00e9zo\u00e9lectronique et tube Crossover<\/li>\n<li>Barres Flavorizer en acier inoxydable<\/li>\n<li>Couvercle en acier inoxydable<\/li>\n<li>Thermom\u00e8tre int\u00e9gr\u00e9 au couvercle<\/li>\n<li>Plans de travail en acier inoxydable<\/li>\n<li>Placard<\/li>\n<li>Porte en acier inoxydable<\/li>\n<li>Cache bouteille de gaz<\/li>\n<li>Plateau amovible avec bac de r\u00e9cup\u00e9ration de graisse<\/li>\n<li>Commande Infinite br\u00fbleurs<\/li>\n<li>Poign\u00e9e de couvercle en acier inoxydable<\/li>\n<\/ul>\n<p><strong>D\u00c9TAILS<\/strong><\/p>\n<ul>\n<li>Br\u00fbleurs principaux : 9.38 kw<\/li>\n<li>Br\u00fbleur sear station : 2.20 kw<\/li>\n<li>R\u00e9chaud lat\u00e9ral : 3.52 kw<\/li>\n<li>Dimensions \u2013 couvercle ouvert : 160.1cm h x 132.1cm l x 81.3cm p<\/li>\n<li>Dimensions \u2013 couvercle ferm\u00e9 : 115.6cm h x 132.1cm l x 61cm p<\/li>\n<li>Surface principale de cuisson (cm\u00b2) : 60 x 45<\/li>\n<li>Surface de la grille de r\u00e9chauffage (cm\u00b2) : 60 x 12<\/li>\n<li>Br\u00fbleurs en acier inoxydable : 3<\/li>\n<li>Type d\u2019\u00e9nergie :\u00a0bouteille rechargeable vendue s\u00e9par\u00e9ment<\/li>\n<li>Plans de travail : 2<\/li>\n<li>Bouton r\u00e9glage en m\u00e9tal : 5<\/li>\n<li>Roulettes pivotantes : 2<\/li>\n<li>Roulettes pivotantes autobloquantes : 2<\/li>\n<li>Crochets porte-ustensiles : 6<\/li>\n<li>Type de pile : AA<\/li>\n<li>Piles : 1<\/li>\n<\/ul>\n","protected":false},"excerpt":{"rendered":"<p>46802394<\/p>\n","protected":false},"featured_media":5136,"template":"","meta":[],"product_cat":[260],"product_tag":[84],"yoast_head":"<!-- This site is optimized with the Yoast SEO plugin v18.2 - https:\/\/yoast.com\/wordpress\/plugins\/seo\/ -->\n<title>Barbecue \u00e0 gaz \u2013 Spirit Premium SP-335 GBS, inox - Grills et Saveurs<\/title>\n<meta name=\"description\" content=\"Le gril \u00e0 gaz Spirit Premium SP-335 GBS au look moderne en acier inoxydable est \u00e9quip\u00e9 de tout ce dont vous avez besoin pour griller un repas entier.\" \/>\n<meta name=\"robots\" content=\"index, follow, max-snippet:-1, max-image-preview:large, max-video-preview:-1\" \/>\n<link rel=\"canonical\" href=\"https:\/\/www.grills-saveurs.ch\/fr\/produit\/spirit-sp-335-premium-gbs-inox\/\" \/>\n<meta property=\"og:locale\" content=\"fr_FR\" \/>\n<meta property=\"og:type\" content=\"article\" \/>\n<meta property=\"og:title\" content=\"Barbecue \u00e0 gaz \u2013 Spirit Premium SP-335 GBS, inox - Grills et Saveurs\" \/>\n<meta property=\"og:description\" content=\"Le gril \u00e0 gaz Spirit Premium SP-335 GBS au look moderne en acier inoxydable est \u00e9quip\u00e9 de tout ce dont vous avez besoin pour griller un repas entier.\" \/>\n<meta property=\"og:url\" content=\"https:\/\/www.grills-saveurs.ch\/fr\/produit\/spirit-sp-335-premium-gbs-inox\/\" \/>\n<meta property=\"og:site_name\" content=\"Grills et Saveurs\" \/>\n<meta property=\"article:modified_time\" content=\"2025-03-22T17:07:29+00:00\" \/>\n<meta property=\"og:image\" content=\"https:\/\/www.grills-saveurs.ch\/fr\/wp-content\/uploads\/2020\/03\/46802304-weber-spirit-sp-335-inox.png\" \/>\n\t<meta property=\"og:image:width\" content=\"1000\" \/>\n\t<meta property=\"og:image:height\" content=\"950\" \/>\n\t<meta property=\"og:image:type\" content=\"image\/png\" \/>\n<meta name=\"twitter:card\" content=\"summary_large_image\" \/>\n<meta name=\"twitter:label1\" content=\"Dur\u00e9e de lecture estim\u00e9e\" \/>\n\t<meta name=\"twitter:data1\" content=\"1 minute\" \/>\n<script type=\"application\/ld+json\" class=\"yoast-schema-graph\">{\"@context\":\"https:\/\/schema.org\",\"@graph\":[{\"@type\":\"WebSite\",\"@id\":\"https:\/\/www.grills-saveurs.ch\/fr\/#website\",\"url\":\"https:\/\/www.grills-saveurs.ch\/fr\/\",\"name\":\"Grills et Saveurs\",\"description\":\"Barbecues, Grills, Planchas, Chemin\u00e9es jardin - Lausanne, Suisse Romande\",\"potentialAction\":[{\"@type\":\"SearchAction\",\"target\":{\"@type\":\"EntryPoint\",\"urlTemplate\":\"https:\/\/www.grills-saveurs.ch\/fr\/?s={search_term_string}\"},\"query-input\":\"required name=search_term_string\"}],\"inLanguage\":\"fr-FR\"},{\"@type\":\"ImageObject\",\"@id\":\"https:\/\/www.grills-saveurs.ch\/fr\/produit\/spirit-sp-335-premium-gbs-inox\/#primaryimage\",\"inLanguage\":\"fr-FR\",\"url\":\"https:\/\/www.grills-saveurs.ch\/fr\/wp-content\/uploads\/2020\/03\/46802304-weber-spirit-sp-335-inox.png\",\"contentUrl\":\"https:\/\/www.grills-saveurs.ch\/fr\/wp-content\/uploads\/2020\/03\/46802304-weber-spirit-sp-335-inox.png\",\"width\":1000,\"height\":950,\"caption\":\"Barbecue Weber Spirit SP-335 Inox 46802304\"},{\"@type\":\"WebPage\",\"@id\":\"https:\/\/www.grills-saveurs.ch\/fr\/produit\/spirit-sp-335-premium-gbs-inox\/#webpage\",\"url\":\"https:\/\/www.grills-saveurs.ch\/fr\/produit\/spirit-sp-335-premium-gbs-inox\/\",\"name\":\"Barbecue \u00e0 gaz \u2013 Spirit Premium SP-335 GBS, inox - Grills et Saveurs\",\"isPartOf\":{\"@id\":\"https:\/\/www.grills-saveurs.ch\/fr\/#website\"},\"primaryImageOfPage\":{\"@id\":\"https:\/\/www.grills-saveurs.ch\/fr\/produit\/spirit-sp-335-premium-gbs-inox\/#primaryimage\"},\"datePublished\":\"2020-03-30T08:14:44+00:00\",\"dateModified\":\"2025-03-22T17:07:29+00:00\",\"description\":\"Le gril \u00e0 gaz Spirit Premium SP-335 GBS au look moderne en acier inoxydable est \u00e9quip\u00e9 de tout ce dont vous avez besoin pour griller un repas entier.\",\"breadcrumb\":{\"@id\":\"https:\/\/www.grills-saveurs.ch\/fr\/produit\/spirit-sp-335-premium-gbs-inox\/#breadcrumb\"},\"inLanguage\":\"fr-FR\",\"potentialAction\":[{\"@type\":\"ReadAction\",\"target\":[\"https:\/\/www.grills-saveurs.ch\/fr\/produit\/spirit-sp-335-premium-gbs-inox\/\"]}]},{\"@type\":\"BreadcrumbList\",\"@id\":\"https:\/\/www.grills-saveurs.ch\/fr\/produit\/spirit-sp-335-premium-gbs-inox\/#breadcrumb\",\"itemListElement\":[{\"@type\":\"ListItem\",\"position\":1,\"name\":\"Accueil\",\"item\":\"https:\/\/www.grills-saveurs.ch\/fr\/\"},{\"@type\":\"ListItem\",\"position\":2,\"name\":\"Shop \/ Boutique\",\"item\":\"https:\/\/www.grills-saveurs.ch\/fr\/boutique\/\"},{\"@type\":\"ListItem\",\"position\":3,\"name\":\"Barbecue \u00e0 gaz \u2013 Spirit Premium SP-335 GBS, inox\"}]}]}<\/script>\n<!-- \/ Yoast SEO plugin. -->","yoast_head_json":{"title":"Barbecue \u00e0 gaz \u2013 Spirit Premium SP-335 GBS, inox - Grills et Saveurs","description":"Le gril \u00e0 gaz Spirit Premium SP-335 GBS au look moderne en acier inoxydable est \u00e9quip\u00e9 de tout ce dont vous avez besoin pour griller un repas entier.","robots":{"index":"index","follow":"follow","max-snippet":"max-snippet:-1","max-image-preview":"max-image-preview:large","max-video-preview":"max-video-preview:-1"},"canonical":"https:\/\/www.grills-saveurs.ch\/fr\/produit\/spirit-sp-335-premium-gbs-inox\/","og_locale":"fr_FR","og_type":"article","og_title":"Barbecue \u00e0 gaz \u2013 Spirit Premium SP-335 GBS, inox - Grills et Saveurs","og_description":"Le gril \u00e0 gaz Spirit Premium SP-335 GBS au look moderne en acier inoxydable est \u00e9quip\u00e9 de tout ce dont vous avez besoin pour griller un repas entier.","og_url":"https:\/\/www.grills-saveurs.ch\/fr\/produit\/spirit-sp-335-premium-gbs-inox\/","og_site_name":"Grills et Saveurs","article_modified_time":"2025-03-22T17:07:29+00:00","og_image":[{"width":1000,"height":950,"url":"https:\/\/www.grills-saveurs.ch\/fr\/wp-content\/uploads\/2020\/03\/46802304-weber-spirit-sp-335-inox.png","type":"image\/png"}],"twitter_card":"summary_large_image","twitter_misc":{"Dur\u00e9e de lecture estim\u00e9e":"1 minute"},"schema":{"@context":"https:\/\/schema.org","@graph":[{"@type":"WebSite","@id":"https:\/\/www.grills-saveurs.ch\/fr\/#website","url":"https:\/\/www.grills-saveurs.ch\/fr\/","name":"Grills et Saveurs","description":"Barbecues, Grills, Planchas, Chemin\u00e9es jardin - Lausanne, Suisse Romande","potentialAction":[{"@type":"SearchAction","target":{"@type":"EntryPoint","urlTemplate":"https:\/\/www.grills-saveurs.ch\/fr\/?s={search_term_string}"},"query-input":"required name=search_term_string"}],"inLanguage":"fr-FR"},{"@type":"ImageObject","@id":"https:\/\/www.grills-saveurs.ch\/fr\/produit\/spirit-sp-335-premium-gbs-inox\/#primaryimage","inLanguage":"fr-FR","url":"https:\/\/www.grills-saveurs.ch\/fr\/wp-content\/uploads\/2020\/03\/46802304-weber-spirit-sp-335-inox.png","contentUrl":"https:\/\/www.grills-saveurs.ch\/fr\/wp-content\/uploads\/2020\/03\/46802304-weber-spirit-sp-335-inox.png","width":1000,"height":950,"caption":"Barbecue Weber Spirit SP-335 Inox 46802304"},{"@type":"WebPage","@id":"https:\/\/www.grills-saveurs.ch\/fr\/produit\/spirit-sp-335-premium-gbs-inox\/#webpage","url":"https:\/\/www.grills-saveurs.ch\/fr\/produit\/spirit-sp-335-premium-gbs-inox\/","name":"Barbecue \u00e0 gaz \u2013 Spirit Premium SP-335 GBS, inox - Grills et Saveurs","isPartOf":{"@id":"https:\/\/www.grills-saveurs.ch\/fr\/#website"},"primaryImageOfPage":{"@id":"https:\/\/www.grills-saveurs.ch\/fr\/produit\/spirit-sp-335-premium-gbs-inox\/#primaryimage"},"datePublished":"2020-03-30T08:14:44+00:00","dateModified":"2025-03-22T17:07:29+00:00","description":"Le gril \u00e0 gaz Spirit Premium SP-335 GBS au look moderne en acier inoxydable est \u00e9quip\u00e9 de tout ce dont vous avez besoin pour griller un repas entier.","breadcrumb":{"@id":"https:\/\/www.grills-saveurs.ch\/fr\/produit\/spirit-sp-335-premium-gbs-inox\/#breadcrumb"},"inLanguage":"fr-FR","potentialAction":[{"@type":"ReadAction","target":["https:\/\/www.grills-saveurs.ch\/fr\/produit\/spirit-sp-335-premium-gbs-inox\/"]}]},{"@type":"BreadcrumbList","@id":"https:\/\/www.grills-saveurs.ch\/fr\/produit\/spirit-sp-335-premium-gbs-inox\/#breadcrumb","itemListElement":[{"@type":"ListItem","position":1,"name":"Accueil","item":"https:\/\/www.grills-saveurs.ch\/fr\/"},{"@type":"ListItem","position":2,"name":"Shop \/ Boutique","item":"https:\/\/www.grills-saveurs.ch\/fr\/boutique\/"},{"@type":"ListItem","position":3,"name":"Barbecue \u00e0 gaz \u2013 Spirit Premium SP-335 GBS, inox"}]}]}},"_links":{"self":[{"href":"https:\/\/www.grills-saveurs.ch\/fr\/wp-json\/wp\/v2\/product\/5066"}],"collection":[{"href":"https:\/\/www.grills-saveurs.ch\/fr\/wp-json\/wp\/v2\/product"}],"about":[{"href":"https:\/\/www.grills-saveurs.ch\/fr\/wp-json\/wp\/v2\/types\/product"}],"wp:featuredmedia":[{"embeddable":true,"href":"https:\/\/www.grills-saveurs.ch\/fr\/wp-json\/wp\/v2\/media\/5136"}],"wp:attachment":[{"href":"https:\/\/www.grills-saveurs.ch\/fr\/wp-json\/wp\/v2\/media?parent=5066"}],"wp:term":[{"taxonomy":"product_cat","embeddable":true,"href":"https:\/\/www.grills-saveurs.ch\/fr\/wp-json\/wp\/v2\/product_cat?post=5066"},{"taxonomy":"product_tag","embeddable":true,"href":"https:\/\/www.grills-saveurs.ch\/fr\/wp-json\/wp\/v2\/product_tag?post=5066"}],"curies":[{"name":"wp","href":"https:\/\/api.w.org\/{rel}","templated":true}]}}