{"id":5071,"date":"2020-03-30T10:14:45","date_gmt":"2020-03-30T08:14:45","guid":{"rendered":"https:\/\/www.grills-saveurs.ch\/fr\/produit\/weber-connect-smart-grilling-hub\/"},"modified":"2024-03-21T11:37:07","modified_gmt":"2024-03-21T10:37:07","slug":"weber-connect-smart-grilling-hub","status":"publish","type":"product","link":"https:\/\/www.grills-saveurs.ch\/fr\/produit\/weber-connect-smart-grilling-hub\/","title":{"rendered":"Weber Connect Smart Grilling Hub"},"content":{"rendered":"<h4 class=\"js-fit-text\">TRANSFORMEZ VOTRE BARBECUE EN BARBECUE CONNECT\u00c9<\/h4>\n<p>L&rsquo;assistant Weber Connect Smart Grilling Hub est votre secret pour cuire les aliments \u00e0 la perfection. Il s&rsquo;agit d&rsquo;un assistant barbecue qui vous accompagne pas-\u00e0-pas en envoyant des notifications directement sur votre smartphone pour vous donner toutes sortes d&rsquo;informations, du compte \u00e0 rebours pour la cuisson d&rsquo;un produit jusqu&rsquo;\u00e0 l&rsquo;indication du moment o\u00f9 il est pr\u00eat \u00e0 \u00eatre retourn\u00e9\/servi. Un simple coup d&rsquo;\u0153il \u00e0 votre t\u00e9l\u00e9phone suffit pour v\u00e9rifier que tout grille \u00e0 la perfection.<\/p>\n<h6><a href=\"https:\/\/youtu.be\/aejIRUEQGFY\" target=\"_blank\" rel=\"noopener\"><img loading=\"lazy\" class=\"alignnone\" src=\"https:\/\/www.spectacle-vivant-bretagne.fr\/\/uploads\/2018\/05\/youtube-picto.png\" alt=\"youtube picto |\" width=\"45\" height=\"31\" \/><\/a><a href=\"https:\/\/youtu.be\/aejIRUEQGFY\" target=\"_blank\" rel=\"noopener\">Voir la vid\u00e9o\u00a0<\/a><\/h6>\n<p><iframe loading=\"lazy\" width=\"560\" height=\"315\" src=\"https:\/\/www.youtube.com\/embed\/aejIRUEQGFY\" frameborder=\"0\" allow=\"accelerometer; autoplay; encrypted-media; gyroscope; picture-in-picture\" allowfullscreen><\/iframe><\/p>\n<ul>\n<li>Notifications pour retourner\/servir les aliments<\/li>\n<li>S\u00e9lection du niveau de cuisson (steak \u00e0 point) et alertes lorsque l&rsquo;aliment est pr\u00eat<\/li>\n<li>Compte \u00e0 rebours du temps de cuisson id\u00e9al et temps de cuisson estim\u00e9<\/li>\n<li>Assistant pas-\u00e0-pas, de la pr\u00e9paration \u00e0 la d\u00e9gustation<\/li>\n<li>S&rsquo;utilise avec l&rsquo;application gratuite Weber Connect sur iOS et Android<\/li>\n<li>Compatible avec tous les barbecues<\/li>\n<\/ul>\n<p><button class=\"bee__button bee__button--edgy bee__button--flyout flyout-trigger active\" aria-controls=\"8OioGx0B\" aria-expanded=\"false\"><span class=\"bee__button__text\">CARACT\u00c9RISTIQUES<\/span><\/button><\/p>\n<div id=\"8OioGx0B\" class=\"flyout-content bee__flyout__content bee__flyout__part bee__flyout__content--full-width\" hidden=\"true\">\n<div class=\"bee__flyout__content--inner\">\n<div><\/div>\n<\/div>\n<\/div>\n<ul>\n<li>Une sonde \u00e0 viande et une sonde de temp\u00e9rature ambiante fournies<\/li>\n<li>Connexion possible de quatre sondes<\/li>\n<li>Batterie rechargeable en USB<\/li>\n<li>Connexion Wifi et Bluetooth<\/li>\n<li>Affichage LED 9 segments<\/li>\n<li>Aimant int\u00e9gr\u00e9<\/li>\n<li>Dimensions du produit : 7.49cm H x 9.8cm L x 3.4cm P<\/li>\n<\/ul>\n<p><em>(!) Une compatibilit\u00e9 avec les appareils de Huawei et Xiaomi ne peut pas \u00eatre garantie..<\/em><\/p>\n","protected":false},"excerpt":{"rendered":"<p>3202<\/p>\n","protected":false},"featured_media":5164,"template":"","meta":[],"product_cat":[118],"product_tag":[84],"yoast_head":"<!-- This site is optimized with the Yoast SEO plugin v18.2 - https:\/\/yoast.com\/wordpress\/plugins\/seo\/ -->\n<title>Weber Connect Smart Grilling Hub - Grills et Saveurs<\/title>\n<meta name=\"description\" content=\"L&#039;assistant Weber Connect Smart Grilling Hub est votre secret pour cuire les aliments \u00e0 la perfection. Un assistant qui vous accompagne pas-\u00e0-pas ...\" \/>\n<meta name=\"robots\" content=\"index, follow, max-snippet:-1, max-image-preview:large, max-video-preview:-1\" \/>\n<link rel=\"canonical\" href=\"https:\/\/www.grills-saveurs.ch\/fr\/produit\/weber-connect-smart-grilling-hub\/\" \/>\n<meta property=\"og:locale\" content=\"fr_FR\" \/>\n<meta property=\"og:type\" content=\"article\" \/>\n<meta property=\"og:title\" content=\"Weber Connect Smart Grilling Hub - Grills et Saveurs\" \/>\n<meta property=\"og:description\" content=\"L&#039;assistant Weber Connect Smart Grilling Hub est votre secret pour cuire les aliments \u00e0 la perfection. Un assistant qui vous accompagne pas-\u00e0-pas ...\" \/>\n<meta property=\"og:url\" content=\"https:\/\/www.grills-saveurs.ch\/fr\/produit\/weber-connect-smart-grilling-hub\/\" \/>\n<meta property=\"og:site_name\" content=\"Grills et Saveurs\" \/>\n<meta property=\"article:modified_time\" content=\"2024-03-21T10:37:07+00:00\" \/>\n<meta property=\"og:image\" content=\"https:\/\/www.grills-saveurs.ch\/fr\/wp-content\/uploads\/2020\/03\/3202-Weber-Connect-smart-grilling-hub-1.png\" \/>\n\t<meta property=\"og:image:width\" content=\"1000\" \/>\n\t<meta property=\"og:image:height\" content=\"950\" \/>\n\t<meta property=\"og:image:type\" content=\"image\/png\" \/>\n<meta name=\"twitter:card\" content=\"summary_large_image\" \/>\n<meta name=\"twitter:label1\" content=\"Dur\u00e9e de lecture estim\u00e9e\" \/>\n\t<meta name=\"twitter:data1\" content=\"1 minute\" \/>\n<script type=\"application\/ld+json\" class=\"yoast-schema-graph\">{\"@context\":\"https:\/\/schema.org\",\"@graph\":[{\"@type\":\"WebSite\",\"@id\":\"https:\/\/www.grills-saveurs.ch\/fr\/#website\",\"url\":\"https:\/\/www.grills-saveurs.ch\/fr\/\",\"name\":\"Grills et Saveurs\",\"description\":\"Barbecues, Grills, Planchas, Chemin\u00e9es jardin - Lausanne, Suisse Romande\",\"potentialAction\":[{\"@type\":\"SearchAction\",\"target\":{\"@type\":\"EntryPoint\",\"urlTemplate\":\"https:\/\/www.grills-saveurs.ch\/fr\/?s={search_term_string}\"},\"query-input\":\"required name=search_term_string\"}],\"inLanguage\":\"fr-FR\"},{\"@type\":\"ImageObject\",\"@id\":\"https:\/\/www.grills-saveurs.ch\/fr\/produit\/weber-connect-smart-grilling-hub\/#primaryimage\",\"inLanguage\":\"fr-FR\",\"url\":\"https:\/\/www.grills-saveurs.ch\/fr\/wp-content\/uploads\/2020\/03\/3202-Weber-Connect-smart-grilling-hub-1.png\",\"contentUrl\":\"https:\/\/www.grills-saveurs.ch\/fr\/wp-content\/uploads\/2020\/03\/3202-Weber-Connect-smart-grilling-hub-1.png\",\"width\":1000,\"height\":950,\"caption\":\"Weber Connect Smart Grilling Hub\"},{\"@type\":\"WebPage\",\"@id\":\"https:\/\/www.grills-saveurs.ch\/fr\/produit\/weber-connect-smart-grilling-hub\/#webpage\",\"url\":\"https:\/\/www.grills-saveurs.ch\/fr\/produit\/weber-connect-smart-grilling-hub\/\",\"name\":\"Weber Connect Smart Grilling Hub - Grills et Saveurs\",\"isPartOf\":{\"@id\":\"https:\/\/www.grills-saveurs.ch\/fr\/#website\"},\"primaryImageOfPage\":{\"@id\":\"https:\/\/www.grills-saveurs.ch\/fr\/produit\/weber-connect-smart-grilling-hub\/#primaryimage\"},\"datePublished\":\"2020-03-30T08:14:45+00:00\",\"dateModified\":\"2024-03-21T10:37:07+00:00\",\"description\":\"L'assistant Weber Connect Smart Grilling Hub est votre secret pour cuire les aliments \u00e0 la perfection. Un assistant qui vous accompagne pas-\u00e0-pas ...\",\"breadcrumb\":{\"@id\":\"https:\/\/www.grills-saveurs.ch\/fr\/produit\/weber-connect-smart-grilling-hub\/#breadcrumb\"},\"inLanguage\":\"fr-FR\",\"potentialAction\":[{\"@type\":\"ReadAction\",\"target\":[\"https:\/\/www.grills-saveurs.ch\/fr\/produit\/weber-connect-smart-grilling-hub\/\"]}]},{\"@type\":\"BreadcrumbList\",\"@id\":\"https:\/\/www.grills-saveurs.ch\/fr\/produit\/weber-connect-smart-grilling-hub\/#breadcrumb\",\"itemListElement\":[{\"@type\":\"ListItem\",\"position\":1,\"name\":\"Accueil\",\"item\":\"https:\/\/www.grills-saveurs.ch\/fr\/\"},{\"@type\":\"ListItem\",\"position\":2,\"name\":\"Shop \/ Boutique\",\"item\":\"https:\/\/www.grills-saveurs.ch\/fr\/boutique\/\"},{\"@type\":\"ListItem\",\"position\":3,\"name\":\"Weber Connect Smart Grilling Hub\"}]}]}<\/script>\n<!-- \/ Yoast SEO plugin. -->","yoast_head_json":{"title":"Weber Connect Smart Grilling Hub - Grills et Saveurs","description":"L'assistant Weber Connect Smart Grilling Hub est votre secret pour cuire les aliments \u00e0 la perfection. Un assistant qui vous accompagne pas-\u00e0-pas ...","robots":{"index":"index","follow":"follow","max-snippet":"max-snippet:-1","max-image-preview":"max-image-preview:large","max-video-preview":"max-video-preview:-1"},"canonical":"https:\/\/www.grills-saveurs.ch\/fr\/produit\/weber-connect-smart-grilling-hub\/","og_locale":"fr_FR","og_type":"article","og_title":"Weber Connect Smart Grilling Hub - Grills et Saveurs","og_description":"L'assistant Weber Connect Smart Grilling Hub est votre secret pour cuire les aliments \u00e0 la perfection. Un assistant qui vous accompagne pas-\u00e0-pas ...","og_url":"https:\/\/www.grills-saveurs.ch\/fr\/produit\/weber-connect-smart-grilling-hub\/","og_site_name":"Grills et Saveurs","article_modified_time":"2024-03-21T10:37:07+00:00","og_image":[{"width":1000,"height":950,"url":"https:\/\/www.grills-saveurs.ch\/fr\/wp-content\/uploads\/2020\/03\/3202-Weber-Connect-smart-grilling-hub-1.png","type":"image\/png"}],"twitter_card":"summary_large_image","twitter_misc":{"Dur\u00e9e de lecture estim\u00e9e":"1 minute"},"schema":{"@context":"https:\/\/schema.org","@graph":[{"@type":"WebSite","@id":"https:\/\/www.grills-saveurs.ch\/fr\/#website","url":"https:\/\/www.grills-saveurs.ch\/fr\/","name":"Grills et Saveurs","description":"Barbecues, Grills, Planchas, Chemin\u00e9es jardin - Lausanne, Suisse Romande","potentialAction":[{"@type":"SearchAction","target":{"@type":"EntryPoint","urlTemplate":"https:\/\/www.grills-saveurs.ch\/fr\/?s={search_term_string}"},"query-input":"required name=search_term_string"}],"inLanguage":"fr-FR"},{"@type":"ImageObject","@id":"https:\/\/www.grills-saveurs.ch\/fr\/produit\/weber-connect-smart-grilling-hub\/#primaryimage","inLanguage":"fr-FR","url":"https:\/\/www.grills-saveurs.ch\/fr\/wp-content\/uploads\/2020\/03\/3202-Weber-Connect-smart-grilling-hub-1.png","contentUrl":"https:\/\/www.grills-saveurs.ch\/fr\/wp-content\/uploads\/2020\/03\/3202-Weber-Connect-smart-grilling-hub-1.png","width":1000,"height":950,"caption":"Weber Connect Smart Grilling Hub"},{"@type":"WebPage","@id":"https:\/\/www.grills-saveurs.ch\/fr\/produit\/weber-connect-smart-grilling-hub\/#webpage","url":"https:\/\/www.grills-saveurs.ch\/fr\/produit\/weber-connect-smart-grilling-hub\/","name":"Weber Connect Smart Grilling Hub - Grills et Saveurs","isPartOf":{"@id":"https:\/\/www.grills-saveurs.ch\/fr\/#website"},"primaryImageOfPage":{"@id":"https:\/\/www.grills-saveurs.ch\/fr\/produit\/weber-connect-smart-grilling-hub\/#primaryimage"},"datePublished":"2020-03-30T08:14:45+00:00","dateModified":"2024-03-21T10:37:07+00:00","description":"L'assistant Weber Connect Smart Grilling Hub est votre secret pour cuire les aliments \u00e0 la perfection. Un assistant qui vous accompagne pas-\u00e0-pas ...","breadcrumb":{"@id":"https:\/\/www.grills-saveurs.ch\/fr\/produit\/weber-connect-smart-grilling-hub\/#breadcrumb"},"inLanguage":"fr-FR","potentialAction":[{"@type":"ReadAction","target":["https:\/\/www.grills-saveurs.ch\/fr\/produit\/weber-connect-smart-grilling-hub\/"]}]},{"@type":"BreadcrumbList","@id":"https:\/\/www.grills-saveurs.ch\/fr\/produit\/weber-connect-smart-grilling-hub\/#breadcrumb","itemListElement":[{"@type":"ListItem","position":1,"name":"Accueil","item":"https:\/\/www.grills-saveurs.ch\/fr\/"},{"@type":"ListItem","position":2,"name":"Shop \/ Boutique","item":"https:\/\/www.grills-saveurs.ch\/fr\/boutique\/"},{"@type":"ListItem","position":3,"name":"Weber Connect Smart Grilling Hub"}]}]}},"_links":{"self":[{"href":"https:\/\/www.grills-saveurs.ch\/fr\/wp-json\/wp\/v2\/product\/5071"}],"collection":[{"href":"https:\/\/www.grills-saveurs.ch\/fr\/wp-json\/wp\/v2\/product"}],"about":[{"href":"https:\/\/www.grills-saveurs.ch\/fr\/wp-json\/wp\/v2\/types\/product"}],"wp:featuredmedia":[{"embeddable":true,"href":"https:\/\/www.grills-saveurs.ch\/fr\/wp-json\/wp\/v2\/media\/5164"}],"wp:attachment":[{"href":"https:\/\/www.grills-saveurs.ch\/fr\/wp-json\/wp\/v2\/media?parent=5071"}],"wp:term":[{"taxonomy":"product_cat","embeddable":true,"href":"https:\/\/www.grills-saveurs.ch\/fr\/wp-json\/wp\/v2\/product_cat?post=5071"},{"taxonomy":"product_tag","embeddable":true,"href":"https:\/\/www.grills-saveurs.ch\/fr\/wp-json\/wp\/v2\/product_tag?post=5071"}],"curies":[{"name":"wp","href":"https:\/\/api.w.org\/{rel}","templated":true}]}}