{"id":5072,"date":"2020-03-30T10:14:46","date_gmt":"2020-03-30T08:14:46","guid":{"rendered":"https:\/\/www.grills-saveurs.ch\/fr\/produit\/plancha-genesis-ii\/"},"modified":"2024-08-25T18:23:01","modified_gmt":"2024-08-25T16:23:01","slug":"plancha-genesis-ii","status":"publish","type":"product","link":"https:\/\/www.grills-saveurs.ch\/fr\/produit\/plancha-genesis-ii\/","title":{"rendered":"Plancha Genesis II Weber"},"content":{"rendered":"<p><strong>Pour Genesis II s\u00e9ries 4 et 6 br\u00fbleurs<\/strong><\/p>\n<p>La plancha deluxe remplace une grille de cuisson dans votre barbecue \u00e0 gaz Genesis II. Id\u00e9al pour griller des aliments d\u00e9licats, tels que les coquilles Saint-Jacques, les \u0153ufs, les l\u00e9gumes \u00e9minc\u00e9s et les aliments plus petits qui risqueraient en g\u00e9n\u00e9ral de tomber \u00e0 travers les grilles de cuisson. Sa surface de cuisson inclin\u00e9e permet \u00e0 la graisse de s\u2019\u00e9vacuer d\u2019elle-m\u00eame. De plus, elle est confectionn\u00e9e dans un mat\u00e9riau semi-brillant faciles \u00e0 nettoyer.<\/p>\n<p><b>Remplace une grille de cuisson dans votre barbecue Weber Genesis II<\/b><\/p>\n<p><strong>CARACT\u00c9RISTIQUES<\/strong><\/p>\n<ul>\n<li>Remplace une grille de cuisson dans votre barbecue Weber Genesis II<\/li>\n<li>Id\u00e9al pour la cuisson d&rsquo;une grande vari\u00e9t\u00e9 d&rsquo;aliments, y compris les viandes, les fruits de mer, les fruits et l\u00e9gumes, les sandwichs de type panini ou les \u0153ufs et les cr\u00eapes<\/li>\n<li>La surface \u00e9maill\u00e9e de porcelaine brillante est facile \u00e0 nettoyer et ne n\u00e9cessite pas d&rsquo;assaisonnement<\/li>\n<li>La fonte d&rsquo;acier chauffe uniform\u00e9ment et maintient la temp\u00e9rature pour une cuisson sup\u00e9rieure des aliments<\/li>\n<li>La surface de cuisson \u00e0 angle doux \u00e9vacue l&rsquo;exc\u00e8s de liquide loin des aliments<\/li>\n<li>Mat\u00e9riau : fonte \u00e9maill\u00e9e de porcelaine<\/li>\n<li>Compatible : barbecues \u00e0 gaz des s\u00e9ries Genesis II 400 et Genesis II 600 (mod\u00e8le 2019 et ult\u00e9rieur). Barbecues \u00e0 gaz des s\u00e9ries Genesis II 400 et Genesis II 600 (mod\u00e8les 2017, 2018. Attention, il faut ajouter la <a href=\"https:\/\/www.grills-saveurs.ch\/fr\/produit\/grille-de-cuisson-en-fonte-emaille-gbs-genesis-ii\/\">grille r\u00e9f\u00e9rence 66090<\/a>).<\/li>\n<\/ul>\n<p>&nbsp;<\/p>\n","protected":false},"excerpt":{"rendered":"<p>7665<\/p>\n","protected":false},"featured_media":5461,"template":"","meta":[],"product_cat":[162],"product_tag":[84],"yoast_head":"<!-- This site is optimized with the Yoast SEO plugin v18.2 - https:\/\/yoast.com\/wordpress\/plugins\/seo\/ -->\n<title>Plancha Genesis II Weber - Grills et Saveurs<\/title>\n<meta name=\"description\" content=\"La plancha deluxe remplace une grille de cuisson dans votre barbecue \u00e0 gaz Genesis II. Id\u00e9al pour griller des aliments d\u00e9licats, tels que les coquilles ...\" \/>\n<meta name=\"robots\" content=\"index, follow, max-snippet:-1, max-image-preview:large, max-video-preview:-1\" \/>\n<link rel=\"canonical\" href=\"https:\/\/www.grills-saveurs.ch\/fr\/produit\/plancha-genesis-ii\/\" \/>\n<meta property=\"og:locale\" content=\"fr_FR\" \/>\n<meta property=\"og:type\" content=\"article\" \/>\n<meta property=\"og:title\" content=\"Plancha Genesis II Weber - Grills et Saveurs\" \/>\n<meta property=\"og:description\" content=\"La plancha deluxe remplace une grille de cuisson dans votre barbecue \u00e0 gaz Genesis II. Id\u00e9al pour griller des aliments d\u00e9licats, tels que les coquilles ...\" \/>\n<meta property=\"og:url\" content=\"https:\/\/www.grills-saveurs.ch\/fr\/produit\/plancha-genesis-ii\/\" \/>\n<meta property=\"og:site_name\" content=\"Grills et Saveurs\" \/>\n<meta property=\"article:modified_time\" content=\"2024-08-25T16:23:01+00:00\" \/>\n<meta property=\"og:image\" content=\"https:\/\/www.grills-saveurs.ch\/fr\/wp-content\/uploads\/2020\/03\/7665B_1800x1800.png\" \/>\n\t<meta property=\"og:image:width\" content=\"1000\" \/>\n\t<meta property=\"og:image:height\" content=\"950\" \/>\n\t<meta property=\"og:image:type\" content=\"image\/png\" \/>\n<meta name=\"twitter:card\" content=\"summary_large_image\" \/>\n<meta name=\"twitter:label1\" content=\"Dur\u00e9e de lecture estim\u00e9e\" \/>\n\t<meta name=\"twitter:data1\" content=\"1 minute\" \/>\n<script type=\"application\/ld+json\" class=\"yoast-schema-graph\">{\"@context\":\"https:\/\/schema.org\",\"@graph\":[{\"@type\":\"WebSite\",\"@id\":\"https:\/\/www.grills-saveurs.ch\/fr\/#website\",\"url\":\"https:\/\/www.grills-saveurs.ch\/fr\/\",\"name\":\"Grills et Saveurs\",\"description\":\"Barbecues, Grills, Planchas, Chemin\u00e9es jardin - Lausanne, Suisse Romande\",\"potentialAction\":[{\"@type\":\"SearchAction\",\"target\":{\"@type\":\"EntryPoint\",\"urlTemplate\":\"https:\/\/www.grills-saveurs.ch\/fr\/?s={search_term_string}\"},\"query-input\":\"required name=search_term_string\"}],\"inLanguage\":\"fr-FR\"},{\"@type\":\"ImageObject\",\"@id\":\"https:\/\/www.grills-saveurs.ch\/fr\/produit\/plancha-genesis-ii\/#primaryimage\",\"inLanguage\":\"fr-FR\",\"url\":\"https:\/\/www.grills-saveurs.ch\/fr\/wp-content\/uploads\/2020\/03\/7665B_1800x1800.png\",\"contentUrl\":\"https:\/\/www.grills-saveurs.ch\/fr\/wp-content\/uploads\/2020\/03\/7665B_1800x1800.png\",\"width\":1000,\"height\":950,\"caption\":\"Plancha Genesis II Weber 7665\"},{\"@type\":\"WebPage\",\"@id\":\"https:\/\/www.grills-saveurs.ch\/fr\/produit\/plancha-genesis-ii\/#webpage\",\"url\":\"https:\/\/www.grills-saveurs.ch\/fr\/produit\/plancha-genesis-ii\/\",\"name\":\"Plancha Genesis II Weber - Grills et Saveurs\",\"isPartOf\":{\"@id\":\"https:\/\/www.grills-saveurs.ch\/fr\/#website\"},\"primaryImageOfPage\":{\"@id\":\"https:\/\/www.grills-saveurs.ch\/fr\/produit\/plancha-genesis-ii\/#primaryimage\"},\"datePublished\":\"2020-03-30T08:14:46+00:00\",\"dateModified\":\"2024-08-25T16:23:01+00:00\",\"description\":\"La plancha deluxe remplace une grille de cuisson dans votre barbecue \u00e0 gaz Genesis II. Id\u00e9al pour griller des aliments d\u00e9licats, tels que les coquilles ...\",\"breadcrumb\":{\"@id\":\"https:\/\/www.grills-saveurs.ch\/fr\/produit\/plancha-genesis-ii\/#breadcrumb\"},\"inLanguage\":\"fr-FR\",\"potentialAction\":[{\"@type\":\"ReadAction\",\"target\":[\"https:\/\/www.grills-saveurs.ch\/fr\/produit\/plancha-genesis-ii\/\"]}]},{\"@type\":\"BreadcrumbList\",\"@id\":\"https:\/\/www.grills-saveurs.ch\/fr\/produit\/plancha-genesis-ii\/#breadcrumb\",\"itemListElement\":[{\"@type\":\"ListItem\",\"position\":1,\"name\":\"Accueil\",\"item\":\"https:\/\/www.grills-saveurs.ch\/fr\/\"},{\"@type\":\"ListItem\",\"position\":2,\"name\":\"Shop \/ Boutique\",\"item\":\"https:\/\/www.grills-saveurs.ch\/fr\/boutique\/\"},{\"@type\":\"ListItem\",\"position\":3,\"name\":\"Plancha Genesis II Weber\"}]}]}<\/script>\n<!-- \/ Yoast SEO plugin. -->","yoast_head_json":{"title":"Plancha Genesis II Weber - Grills et Saveurs","description":"La plancha deluxe remplace une grille de cuisson dans votre barbecue \u00e0 gaz Genesis II. Id\u00e9al pour griller des aliments d\u00e9licats, tels que les coquilles ...","robots":{"index":"index","follow":"follow","max-snippet":"max-snippet:-1","max-image-preview":"max-image-preview:large","max-video-preview":"max-video-preview:-1"},"canonical":"https:\/\/www.grills-saveurs.ch\/fr\/produit\/plancha-genesis-ii\/","og_locale":"fr_FR","og_type":"article","og_title":"Plancha Genesis II Weber - Grills et Saveurs","og_description":"La plancha deluxe remplace une grille de cuisson dans votre barbecue \u00e0 gaz Genesis II. Id\u00e9al pour griller des aliments d\u00e9licats, tels que les coquilles ...","og_url":"https:\/\/www.grills-saveurs.ch\/fr\/produit\/plancha-genesis-ii\/","og_site_name":"Grills et Saveurs","article_modified_time":"2024-08-25T16:23:01+00:00","og_image":[{"width":1000,"height":950,"url":"https:\/\/www.grills-saveurs.ch\/fr\/wp-content\/uploads\/2020\/03\/7665B_1800x1800.png","type":"image\/png"}],"twitter_card":"summary_large_image","twitter_misc":{"Dur\u00e9e de lecture estim\u00e9e":"1 minute"},"schema":{"@context":"https:\/\/schema.org","@graph":[{"@type":"WebSite","@id":"https:\/\/www.grills-saveurs.ch\/fr\/#website","url":"https:\/\/www.grills-saveurs.ch\/fr\/","name":"Grills et Saveurs","description":"Barbecues, Grills, Planchas, Chemin\u00e9es jardin - Lausanne, Suisse Romande","potentialAction":[{"@type":"SearchAction","target":{"@type":"EntryPoint","urlTemplate":"https:\/\/www.grills-saveurs.ch\/fr\/?s={search_term_string}"},"query-input":"required name=search_term_string"}],"inLanguage":"fr-FR"},{"@type":"ImageObject","@id":"https:\/\/www.grills-saveurs.ch\/fr\/produit\/plancha-genesis-ii\/#primaryimage","inLanguage":"fr-FR","url":"https:\/\/www.grills-saveurs.ch\/fr\/wp-content\/uploads\/2020\/03\/7665B_1800x1800.png","contentUrl":"https:\/\/www.grills-saveurs.ch\/fr\/wp-content\/uploads\/2020\/03\/7665B_1800x1800.png","width":1000,"height":950,"caption":"Plancha Genesis II Weber 7665"},{"@type":"WebPage","@id":"https:\/\/www.grills-saveurs.ch\/fr\/produit\/plancha-genesis-ii\/#webpage","url":"https:\/\/www.grills-saveurs.ch\/fr\/produit\/plancha-genesis-ii\/","name":"Plancha Genesis II Weber - Grills et Saveurs","isPartOf":{"@id":"https:\/\/www.grills-saveurs.ch\/fr\/#website"},"primaryImageOfPage":{"@id":"https:\/\/www.grills-saveurs.ch\/fr\/produit\/plancha-genesis-ii\/#primaryimage"},"datePublished":"2020-03-30T08:14:46+00:00","dateModified":"2024-08-25T16:23:01+00:00","description":"La plancha deluxe remplace une grille de cuisson dans votre barbecue \u00e0 gaz Genesis II. Id\u00e9al pour griller des aliments d\u00e9licats, tels que les coquilles ...","breadcrumb":{"@id":"https:\/\/www.grills-saveurs.ch\/fr\/produit\/plancha-genesis-ii\/#breadcrumb"},"inLanguage":"fr-FR","potentialAction":[{"@type":"ReadAction","target":["https:\/\/www.grills-saveurs.ch\/fr\/produit\/plancha-genesis-ii\/"]}]},{"@type":"BreadcrumbList","@id":"https:\/\/www.grills-saveurs.ch\/fr\/produit\/plancha-genesis-ii\/#breadcrumb","itemListElement":[{"@type":"ListItem","position":1,"name":"Accueil","item":"https:\/\/www.grills-saveurs.ch\/fr\/"},{"@type":"ListItem","position":2,"name":"Shop \/ Boutique","item":"https:\/\/www.grills-saveurs.ch\/fr\/boutique\/"},{"@type":"ListItem","position":3,"name":"Plancha Genesis II Weber"}]}]}},"_links":{"self":[{"href":"https:\/\/www.grills-saveurs.ch\/fr\/wp-json\/wp\/v2\/product\/5072"}],"collection":[{"href":"https:\/\/www.grills-saveurs.ch\/fr\/wp-json\/wp\/v2\/product"}],"about":[{"href":"https:\/\/www.grills-saveurs.ch\/fr\/wp-json\/wp\/v2\/types\/product"}],"wp:featuredmedia":[{"embeddable":true,"href":"https:\/\/www.grills-saveurs.ch\/fr\/wp-json\/wp\/v2\/media\/5461"}],"wp:attachment":[{"href":"https:\/\/www.grills-saveurs.ch\/fr\/wp-json\/wp\/v2\/media?parent=5072"}],"wp:term":[{"taxonomy":"product_cat","embeddable":true,"href":"https:\/\/www.grills-saveurs.ch\/fr\/wp-json\/wp\/v2\/product_cat?post=5072"},{"taxonomy":"product_tag","embeddable":true,"href":"https:\/\/www.grills-saveurs.ch\/fr\/wp-json\/wp\/v2\/product_tag?post=5072"}],"curies":[{"name":"wp","href":"https:\/\/api.w.org\/{rel}","templated":true}]}}