{"id":5073,"date":"2020-03-30T10:14:46","date_gmt":"2020-03-30T08:14:46","guid":{"rendered":"https:\/\/www.grills-saveurs.ch\/fr\/produit\/housse-de-barbecue-premium-smokefire-ex4\/"},"modified":"2024-11-06T15:53:07","modified_gmt":"2024-11-06T14:53:07","slug":"housse-de-barbecue-premium-smokefire-ex4","status":"publish","type":"product","link":"https:\/\/www.grills-saveurs.ch\/fr\/produit\/housse-de-barbecue-premium-smokefire-ex4\/","title":{"rendered":"Housse de barbecue Premium Weber &#8211; Smokefire EX4"},"content":{"rendered":"<div>La housse Premium l\u00e9g\u00e8re et durable permet de garder votre barbecue comme neuf. Sa mati\u00e8re r\u00e9sistante \u00e0 l&rsquo;eau permet de garder une surface propre et \u00e9l\u00e9gante pendant des ann\u00e9es.<\/div>\n<div><\/div>\n<div><strong><br \/>\nCARACT\u00c9RISTIQUES<\/strong><\/div>\n<ul>\n<li>Mat\u00e9riau : polyester<\/li>\n<li>Conseils de nettoyage :\u00a0nettoyer \u00e0 la main uniquement<\/li>\n<li>Tissu anti-UV r\u00e9siste \u00e0 la d\u00e9coloration<\/li>\n<li>La mati\u00e8re respirante et r\u00e9sistante aux intemp\u00e9ries prot\u00e8ge le barbecue des intemp\u00e9ries<\/li>\n<li>Les sangles permettent \u00e0 la housse de rester bien en place<\/li>\n<li>Compatible: Barbecue \u00e0 pellets SmokeFire EX4<\/li>\n<\/ul>\n","protected":false},"excerpt":{"rendered":"<p>7192<\/p>\n","protected":false},"featured_media":5113,"template":"","meta":[],"product_cat":[181,124],"product_tag":[84],"yoast_head":"<!-- This site is optimized with the Yoast SEO plugin v18.2 - https:\/\/yoast.com\/wordpress\/plugins\/seo\/ -->\n<title>Housse de barbecue Premium Weber - Smokefire EX4 - Grills et Saveurs<\/title>\n<meta name=\"description\" content=\"La housse Premium l\u00e9g\u00e8re et durable permet de garder votre barbecue comme neuf. Sa mati\u00e8re r\u00e9sistante \u00e0 l&#039;eau permet de garder...\" \/>\n<meta name=\"robots\" content=\"index, follow, max-snippet:-1, max-image-preview:large, max-video-preview:-1\" \/>\n<link rel=\"canonical\" href=\"https:\/\/www.grills-saveurs.ch\/fr\/produit\/housse-de-barbecue-premium-smokefire-ex4\/\" \/>\n<meta property=\"og:locale\" content=\"fr_FR\" \/>\n<meta property=\"og:type\" content=\"article\" \/>\n<meta property=\"og:title\" content=\"Housse de barbecue Premium Weber - Smokefire EX4 - Grills et Saveurs\" \/>\n<meta property=\"og:description\" content=\"La housse Premium l\u00e9g\u00e8re et durable permet de garder votre barbecue comme neuf. Sa mati\u00e8re r\u00e9sistante \u00e0 l&#039;eau permet de garder...\" \/>\n<meta property=\"og:url\" content=\"https:\/\/www.grills-saveurs.ch\/fr\/produit\/housse-de-barbecue-premium-smokefire-ex4\/\" \/>\n<meta property=\"og:site_name\" content=\"Grills et Saveurs\" \/>\n<meta property=\"article:modified_time\" content=\"2024-11-06T14:53:07+00:00\" \/>\n<meta property=\"og:image\" content=\"https:\/\/www.grills-saveurs.ch\/fr\/wp-content\/uploads\/2020\/03\/7192-housse-bbq-weber-smokefire-ex4-3.png\" \/>\n\t<meta property=\"og:image:width\" content=\"1000\" \/>\n\t<meta property=\"og:image:height\" content=\"950\" \/>\n\t<meta property=\"og:image:type\" content=\"image\/png\" \/>\n<meta name=\"twitter:card\" content=\"summary_large_image\" \/>\n<script type=\"application\/ld+json\" class=\"yoast-schema-graph\">{\"@context\":\"https:\/\/schema.org\",\"@graph\":[{\"@type\":\"WebSite\",\"@id\":\"https:\/\/www.grills-saveurs.ch\/fr\/#website\",\"url\":\"https:\/\/www.grills-saveurs.ch\/fr\/\",\"name\":\"Grills et Saveurs\",\"description\":\"Barbecues, Grills, Planchas, Chemin\u00e9es jardin - Lausanne, Suisse Romande\",\"potentialAction\":[{\"@type\":\"SearchAction\",\"target\":{\"@type\":\"EntryPoint\",\"urlTemplate\":\"https:\/\/www.grills-saveurs.ch\/fr\/?s={search_term_string}\"},\"query-input\":\"required name=search_term_string\"}],\"inLanguage\":\"fr-FR\"},{\"@type\":\"ImageObject\",\"@id\":\"https:\/\/www.grills-saveurs.ch\/fr\/produit\/housse-de-barbecue-premium-smokefire-ex4\/#primaryimage\",\"inLanguage\":\"fr-FR\",\"url\":\"https:\/\/www.grills-saveurs.ch\/fr\/wp-content\/uploads\/2020\/03\/7192-housse-bbq-weber-smokefire-ex4-3.png\",\"contentUrl\":\"https:\/\/www.grills-saveurs.ch\/fr\/wp-content\/uploads\/2020\/03\/7192-housse-bbq-weber-smokefire-ex4-3.png\",\"width\":1000,\"height\":950,\"caption\":\"Housse Premium Barbecue Weber Smokefire EX4\"},{\"@type\":\"WebPage\",\"@id\":\"https:\/\/www.grills-saveurs.ch\/fr\/produit\/housse-de-barbecue-premium-smokefire-ex4\/#webpage\",\"url\":\"https:\/\/www.grills-saveurs.ch\/fr\/produit\/housse-de-barbecue-premium-smokefire-ex4\/\",\"name\":\"Housse de barbecue Premium Weber - Smokefire EX4 - Grills et Saveurs\",\"isPartOf\":{\"@id\":\"https:\/\/www.grills-saveurs.ch\/fr\/#website\"},\"primaryImageOfPage\":{\"@id\":\"https:\/\/www.grills-saveurs.ch\/fr\/produit\/housse-de-barbecue-premium-smokefire-ex4\/#primaryimage\"},\"datePublished\":\"2020-03-30T08:14:46+00:00\",\"dateModified\":\"2024-11-06T14:53:07+00:00\",\"description\":\"La housse Premium l\u00e9g\u00e8re et durable permet de garder votre barbecue comme neuf. Sa mati\u00e8re r\u00e9sistante \u00e0 l'eau permet de garder...\",\"breadcrumb\":{\"@id\":\"https:\/\/www.grills-saveurs.ch\/fr\/produit\/housse-de-barbecue-premium-smokefire-ex4\/#breadcrumb\"},\"inLanguage\":\"fr-FR\",\"potentialAction\":[{\"@type\":\"ReadAction\",\"target\":[\"https:\/\/www.grills-saveurs.ch\/fr\/produit\/housse-de-barbecue-premium-smokefire-ex4\/\"]}]},{\"@type\":\"BreadcrumbList\",\"@id\":\"https:\/\/www.grills-saveurs.ch\/fr\/produit\/housse-de-barbecue-premium-smokefire-ex4\/#breadcrumb\",\"itemListElement\":[{\"@type\":\"ListItem\",\"position\":1,\"name\":\"Accueil\",\"item\":\"https:\/\/www.grills-saveurs.ch\/fr\/\"},{\"@type\":\"ListItem\",\"position\":2,\"name\":\"Shop \/ Boutique\",\"item\":\"https:\/\/www.grills-saveurs.ch\/fr\/boutique\/\"},{\"@type\":\"ListItem\",\"position\":3,\"name\":\"Housse de barbecue Premium Weber &#8211; Smokefire EX4\"}]}]}<\/script>\n<!-- \/ Yoast SEO plugin. -->","yoast_head_json":{"title":"Housse de barbecue Premium Weber - Smokefire EX4 - Grills et Saveurs","description":"La housse Premium l\u00e9g\u00e8re et durable permet de garder votre barbecue comme neuf. Sa mati\u00e8re r\u00e9sistante \u00e0 l'eau permet de garder...","robots":{"index":"index","follow":"follow","max-snippet":"max-snippet:-1","max-image-preview":"max-image-preview:large","max-video-preview":"max-video-preview:-1"},"canonical":"https:\/\/www.grills-saveurs.ch\/fr\/produit\/housse-de-barbecue-premium-smokefire-ex4\/","og_locale":"fr_FR","og_type":"article","og_title":"Housse de barbecue Premium Weber - Smokefire EX4 - Grills et Saveurs","og_description":"La housse Premium l\u00e9g\u00e8re et durable permet de garder votre barbecue comme neuf. Sa mati\u00e8re r\u00e9sistante \u00e0 l'eau permet de garder...","og_url":"https:\/\/www.grills-saveurs.ch\/fr\/produit\/housse-de-barbecue-premium-smokefire-ex4\/","og_site_name":"Grills et Saveurs","article_modified_time":"2024-11-06T14:53:07+00:00","og_image":[{"width":1000,"height":950,"url":"https:\/\/www.grills-saveurs.ch\/fr\/wp-content\/uploads\/2020\/03\/7192-housse-bbq-weber-smokefire-ex4-3.png","type":"image\/png"}],"twitter_card":"summary_large_image","schema":{"@context":"https:\/\/schema.org","@graph":[{"@type":"WebSite","@id":"https:\/\/www.grills-saveurs.ch\/fr\/#website","url":"https:\/\/www.grills-saveurs.ch\/fr\/","name":"Grills et Saveurs","description":"Barbecues, Grills, Planchas, Chemin\u00e9es jardin - Lausanne, Suisse Romande","potentialAction":[{"@type":"SearchAction","target":{"@type":"EntryPoint","urlTemplate":"https:\/\/www.grills-saveurs.ch\/fr\/?s={search_term_string}"},"query-input":"required name=search_term_string"}],"inLanguage":"fr-FR"},{"@type":"ImageObject","@id":"https:\/\/www.grills-saveurs.ch\/fr\/produit\/housse-de-barbecue-premium-smokefire-ex4\/#primaryimage","inLanguage":"fr-FR","url":"https:\/\/www.grills-saveurs.ch\/fr\/wp-content\/uploads\/2020\/03\/7192-housse-bbq-weber-smokefire-ex4-3.png","contentUrl":"https:\/\/www.grills-saveurs.ch\/fr\/wp-content\/uploads\/2020\/03\/7192-housse-bbq-weber-smokefire-ex4-3.png","width":1000,"height":950,"caption":"Housse Premium Barbecue Weber Smokefire EX4"},{"@type":"WebPage","@id":"https:\/\/www.grills-saveurs.ch\/fr\/produit\/housse-de-barbecue-premium-smokefire-ex4\/#webpage","url":"https:\/\/www.grills-saveurs.ch\/fr\/produit\/housse-de-barbecue-premium-smokefire-ex4\/","name":"Housse de barbecue Premium Weber - Smokefire EX4 - Grills et Saveurs","isPartOf":{"@id":"https:\/\/www.grills-saveurs.ch\/fr\/#website"},"primaryImageOfPage":{"@id":"https:\/\/www.grills-saveurs.ch\/fr\/produit\/housse-de-barbecue-premium-smokefire-ex4\/#primaryimage"},"datePublished":"2020-03-30T08:14:46+00:00","dateModified":"2024-11-06T14:53:07+00:00","description":"La housse Premium l\u00e9g\u00e8re et durable permet de garder votre barbecue comme neuf. Sa mati\u00e8re r\u00e9sistante \u00e0 l'eau permet de garder...","breadcrumb":{"@id":"https:\/\/www.grills-saveurs.ch\/fr\/produit\/housse-de-barbecue-premium-smokefire-ex4\/#breadcrumb"},"inLanguage":"fr-FR","potentialAction":[{"@type":"ReadAction","target":["https:\/\/www.grills-saveurs.ch\/fr\/produit\/housse-de-barbecue-premium-smokefire-ex4\/"]}]},{"@type":"BreadcrumbList","@id":"https:\/\/www.grills-saveurs.ch\/fr\/produit\/housse-de-barbecue-premium-smokefire-ex4\/#breadcrumb","itemListElement":[{"@type":"ListItem","position":1,"name":"Accueil","item":"https:\/\/www.grills-saveurs.ch\/fr\/"},{"@type":"ListItem","position":2,"name":"Shop \/ Boutique","item":"https:\/\/www.grills-saveurs.ch\/fr\/boutique\/"},{"@type":"ListItem","position":3,"name":"Housse de barbecue Premium Weber &#8211; Smokefire EX4"}]}]}},"_links":{"self":[{"href":"https:\/\/www.grills-saveurs.ch\/fr\/wp-json\/wp\/v2\/product\/5073"}],"collection":[{"href":"https:\/\/www.grills-saveurs.ch\/fr\/wp-json\/wp\/v2\/product"}],"about":[{"href":"https:\/\/www.grills-saveurs.ch\/fr\/wp-json\/wp\/v2\/types\/product"}],"wp:featuredmedia":[{"embeddable":true,"href":"https:\/\/www.grills-saveurs.ch\/fr\/wp-json\/wp\/v2\/media\/5113"}],"wp:attachment":[{"href":"https:\/\/www.grills-saveurs.ch\/fr\/wp-json\/wp\/v2\/media?parent=5073"}],"wp:term":[{"taxonomy":"product_cat","embeddable":true,"href":"https:\/\/www.grills-saveurs.ch\/fr\/wp-json\/wp\/v2\/product_cat?post=5073"},{"taxonomy":"product_tag","embeddable":true,"href":"https:\/\/www.grills-saveurs.ch\/fr\/wp-json\/wp\/v2\/product_tag?post=5073"}],"curies":[{"name":"wp","href":"https:\/\/api.w.org\/{rel}","templated":true}]}}