{"id":5077,"date":"2020-03-30T10:14:47","date_gmt":"2020-03-30T08:14:47","guid":{"rendered":"https:\/\/www.grills-saveurs.ch\/fr\/produit\/plat-a-fond-cannele-ceramique-47-x-28-cm\/"},"modified":"2024-03-22T13:47:43","modified_gmt":"2024-03-22T12:47:43","slug":"plat-a-fond-cannele-ceramique-47-x-28-cm","status":"publish","type":"product","link":"https:\/\/www.grills-saveurs.ch\/fr\/produit\/plat-a-fond-cannele-ceramique-47-x-28-cm\/","title":{"rendered":"Plat \u00e0 fond cannel\u00e9 c\u00e9ramique Weber"},"content":{"rendered":"<p>Le plat \u00e0 fond cannel\u00e9 en c\u00e9ramique est parfait pour griller et servir des plats tels que le poisson, la viande, les l\u00e9gumes et les aliments plus petits qui, sinon, passeraient \u00e0 travers les grilles. Le fond textur\u00e9 du plat est parfait pour ajouter des marques de grillade au steak.<\/p>\n<p><strong>CARACT\u00c9RISTIQUES<\/strong><\/p>\n<ul>\n<li>Parfait pour griller et servir des plats tels que le poisson, la viande et les l\u00e9gumes, avec un fond textur\u00e9 pour les grillades<\/li>\n<li>Con\u00e7u pour verser des sauces et des jus sans renverser<\/li>\n<li>C\u00e9ramique r\u00e9sistante aux rayures<\/li>\n<li>Compatible au lave-vaisselle<\/li>\n<\/ul>\n","protected":false},"excerpt":{"rendered":"<p>17886<\/p>\n","protected":false},"featured_media":5451,"template":"","meta":[],"product_cat":[158,160],"product_tag":[84],"yoast_head":"<!-- This site is optimized with the Yoast SEO plugin v18.2 - https:\/\/yoast.com\/wordpress\/plugins\/seo\/ -->\n<title>Plat \u00e0 fond cannel\u00e9 c\u00e9ramique Weber - Grills et Saveurs<\/title>\n<meta name=\"description\" content=\"Le plat \u00e0 fond cannel\u00e9 en c\u00e9ramique est parfait pour griller et servir des plats tels que le poisson, la viande, les l\u00e9gumes et les aliments plus petits ...\" \/>\n<meta name=\"robots\" content=\"index, follow, max-snippet:-1, max-image-preview:large, max-video-preview:-1\" \/>\n<link rel=\"canonical\" href=\"https:\/\/www.grills-saveurs.ch\/fr\/produit\/plat-a-fond-cannele-ceramique-47-x-28-cm\/\" \/>\n<meta property=\"og:locale\" content=\"fr_FR\" \/>\n<meta property=\"og:type\" content=\"article\" \/>\n<meta property=\"og:title\" content=\"Plat \u00e0 fond cannel\u00e9 c\u00e9ramique Weber - Grills et Saveurs\" \/>\n<meta property=\"og:description\" content=\"Le plat \u00e0 fond cannel\u00e9 en c\u00e9ramique est parfait pour griller et servir des plats tels que le poisson, la viande, les l\u00e9gumes et les aliments plus petits ...\" \/>\n<meta property=\"og:url\" content=\"https:\/\/www.grills-saveurs.ch\/fr\/produit\/plat-a-fond-cannele-ceramique-47-x-28-cm\/\" \/>\n<meta property=\"og:site_name\" content=\"Grills et Saveurs\" \/>\n<meta property=\"article:modified_time\" content=\"2024-03-22T12:47:43+00:00\" \/>\n<meta property=\"og:image\" content=\"https:\/\/www.grills-saveurs.ch\/fr\/wp-content\/uploads\/2020\/03\/17886M3.png\" \/>\n\t<meta property=\"og:image:width\" content=\"1000\" \/>\n\t<meta property=\"og:image:height\" content=\"950\" \/>\n\t<meta property=\"og:image:type\" content=\"image\/png\" \/>\n<meta name=\"twitter:card\" content=\"summary_large_image\" \/>\n<script type=\"application\/ld+json\" class=\"yoast-schema-graph\">{\"@context\":\"https:\/\/schema.org\",\"@graph\":[{\"@type\":\"WebSite\",\"@id\":\"https:\/\/www.grills-saveurs.ch\/fr\/#website\",\"url\":\"https:\/\/www.grills-saveurs.ch\/fr\/\",\"name\":\"Grills et Saveurs\",\"description\":\"Barbecues, Grills, Planchas, Chemin\u00e9es jardin - Lausanne, Suisse Romande\",\"potentialAction\":[{\"@type\":\"SearchAction\",\"target\":{\"@type\":\"EntryPoint\",\"urlTemplate\":\"https:\/\/www.grills-saveurs.ch\/fr\/?s={search_term_string}\"},\"query-input\":\"required name=search_term_string\"}],\"inLanguage\":\"fr-FR\"},{\"@type\":\"ImageObject\",\"@id\":\"https:\/\/www.grills-saveurs.ch\/fr\/produit\/plat-a-fond-cannele-ceramique-47-x-28-cm\/#primaryimage\",\"inLanguage\":\"fr-FR\",\"url\":\"https:\/\/www.grills-saveurs.ch\/fr\/wp-content\/uploads\/2020\/03\/17886M3.png\",\"contentUrl\":\"https:\/\/www.grills-saveurs.ch\/fr\/wp-content\/uploads\/2020\/03\/17886M3.png\",\"width\":1000,\"height\":950,\"caption\":\"Plat \u00e0 fond cannel\u00e9 en c\u00e9ramique Weber 17886\"},{\"@type\":\"WebPage\",\"@id\":\"https:\/\/www.grills-saveurs.ch\/fr\/produit\/plat-a-fond-cannele-ceramique-47-x-28-cm\/#webpage\",\"url\":\"https:\/\/www.grills-saveurs.ch\/fr\/produit\/plat-a-fond-cannele-ceramique-47-x-28-cm\/\",\"name\":\"Plat \u00e0 fond cannel\u00e9 c\u00e9ramique Weber - Grills et Saveurs\",\"isPartOf\":{\"@id\":\"https:\/\/www.grills-saveurs.ch\/fr\/#website\"},\"primaryImageOfPage\":{\"@id\":\"https:\/\/www.grills-saveurs.ch\/fr\/produit\/plat-a-fond-cannele-ceramique-47-x-28-cm\/#primaryimage\"},\"datePublished\":\"2020-03-30T08:14:47+00:00\",\"dateModified\":\"2024-03-22T12:47:43+00:00\",\"description\":\"Le plat \u00e0 fond cannel\u00e9 en c\u00e9ramique est parfait pour griller et servir des plats tels que le poisson, la viande, les l\u00e9gumes et les aliments plus petits ...\",\"breadcrumb\":{\"@id\":\"https:\/\/www.grills-saveurs.ch\/fr\/produit\/plat-a-fond-cannele-ceramique-47-x-28-cm\/#breadcrumb\"},\"inLanguage\":\"fr-FR\",\"potentialAction\":[{\"@type\":\"ReadAction\",\"target\":[\"https:\/\/www.grills-saveurs.ch\/fr\/produit\/plat-a-fond-cannele-ceramique-47-x-28-cm\/\"]}]},{\"@type\":\"BreadcrumbList\",\"@id\":\"https:\/\/www.grills-saveurs.ch\/fr\/produit\/plat-a-fond-cannele-ceramique-47-x-28-cm\/#breadcrumb\",\"itemListElement\":[{\"@type\":\"ListItem\",\"position\":1,\"name\":\"Accueil\",\"item\":\"https:\/\/www.grills-saveurs.ch\/fr\/\"},{\"@type\":\"ListItem\",\"position\":2,\"name\":\"Shop \/ Boutique\",\"item\":\"https:\/\/www.grills-saveurs.ch\/fr\/boutique\/\"},{\"@type\":\"ListItem\",\"position\":3,\"name\":\"Plat \u00e0 fond cannel\u00e9 c\u00e9ramique Weber\"}]}]}<\/script>\n<!-- \/ Yoast SEO plugin. -->","yoast_head_json":{"title":"Plat \u00e0 fond cannel\u00e9 c\u00e9ramique Weber - Grills et Saveurs","description":"Le plat \u00e0 fond cannel\u00e9 en c\u00e9ramique est parfait pour griller et servir des plats tels que le poisson, la viande, les l\u00e9gumes et les aliments plus petits ...","robots":{"index":"index","follow":"follow","max-snippet":"max-snippet:-1","max-image-preview":"max-image-preview:large","max-video-preview":"max-video-preview:-1"},"canonical":"https:\/\/www.grills-saveurs.ch\/fr\/produit\/plat-a-fond-cannele-ceramique-47-x-28-cm\/","og_locale":"fr_FR","og_type":"article","og_title":"Plat \u00e0 fond cannel\u00e9 c\u00e9ramique Weber - Grills et Saveurs","og_description":"Le plat \u00e0 fond cannel\u00e9 en c\u00e9ramique est parfait pour griller et servir des plats tels que le poisson, la viande, les l\u00e9gumes et les aliments plus petits ...","og_url":"https:\/\/www.grills-saveurs.ch\/fr\/produit\/plat-a-fond-cannele-ceramique-47-x-28-cm\/","og_site_name":"Grills et Saveurs","article_modified_time":"2024-03-22T12:47:43+00:00","og_image":[{"width":1000,"height":950,"url":"https:\/\/www.grills-saveurs.ch\/fr\/wp-content\/uploads\/2020\/03\/17886M3.png","type":"image\/png"}],"twitter_card":"summary_large_image","schema":{"@context":"https:\/\/schema.org","@graph":[{"@type":"WebSite","@id":"https:\/\/www.grills-saveurs.ch\/fr\/#website","url":"https:\/\/www.grills-saveurs.ch\/fr\/","name":"Grills et Saveurs","description":"Barbecues, Grills, Planchas, Chemin\u00e9es jardin - Lausanne, Suisse Romande","potentialAction":[{"@type":"SearchAction","target":{"@type":"EntryPoint","urlTemplate":"https:\/\/www.grills-saveurs.ch\/fr\/?s={search_term_string}"},"query-input":"required name=search_term_string"}],"inLanguage":"fr-FR"},{"@type":"ImageObject","@id":"https:\/\/www.grills-saveurs.ch\/fr\/produit\/plat-a-fond-cannele-ceramique-47-x-28-cm\/#primaryimage","inLanguage":"fr-FR","url":"https:\/\/www.grills-saveurs.ch\/fr\/wp-content\/uploads\/2020\/03\/17886M3.png","contentUrl":"https:\/\/www.grills-saveurs.ch\/fr\/wp-content\/uploads\/2020\/03\/17886M3.png","width":1000,"height":950,"caption":"Plat \u00e0 fond cannel\u00e9 en c\u00e9ramique Weber 17886"},{"@type":"WebPage","@id":"https:\/\/www.grills-saveurs.ch\/fr\/produit\/plat-a-fond-cannele-ceramique-47-x-28-cm\/#webpage","url":"https:\/\/www.grills-saveurs.ch\/fr\/produit\/plat-a-fond-cannele-ceramique-47-x-28-cm\/","name":"Plat \u00e0 fond cannel\u00e9 c\u00e9ramique Weber - Grills et Saveurs","isPartOf":{"@id":"https:\/\/www.grills-saveurs.ch\/fr\/#website"},"primaryImageOfPage":{"@id":"https:\/\/www.grills-saveurs.ch\/fr\/produit\/plat-a-fond-cannele-ceramique-47-x-28-cm\/#primaryimage"},"datePublished":"2020-03-30T08:14:47+00:00","dateModified":"2024-03-22T12:47:43+00:00","description":"Le plat \u00e0 fond cannel\u00e9 en c\u00e9ramique est parfait pour griller et servir des plats tels que le poisson, la viande, les l\u00e9gumes et les aliments plus petits ...","breadcrumb":{"@id":"https:\/\/www.grills-saveurs.ch\/fr\/produit\/plat-a-fond-cannele-ceramique-47-x-28-cm\/#breadcrumb"},"inLanguage":"fr-FR","potentialAction":[{"@type":"ReadAction","target":["https:\/\/www.grills-saveurs.ch\/fr\/produit\/plat-a-fond-cannele-ceramique-47-x-28-cm\/"]}]},{"@type":"BreadcrumbList","@id":"https:\/\/www.grills-saveurs.ch\/fr\/produit\/plat-a-fond-cannele-ceramique-47-x-28-cm\/#breadcrumb","itemListElement":[{"@type":"ListItem","position":1,"name":"Accueil","item":"https:\/\/www.grills-saveurs.ch\/fr\/"},{"@type":"ListItem","position":2,"name":"Shop \/ Boutique","item":"https:\/\/www.grills-saveurs.ch\/fr\/boutique\/"},{"@type":"ListItem","position":3,"name":"Plat \u00e0 fond cannel\u00e9 c\u00e9ramique Weber"}]}]}},"_links":{"self":[{"href":"https:\/\/www.grills-saveurs.ch\/fr\/wp-json\/wp\/v2\/product\/5077"}],"collection":[{"href":"https:\/\/www.grills-saveurs.ch\/fr\/wp-json\/wp\/v2\/product"}],"about":[{"href":"https:\/\/www.grills-saveurs.ch\/fr\/wp-json\/wp\/v2\/types\/product"}],"wp:featuredmedia":[{"embeddable":true,"href":"https:\/\/www.grills-saveurs.ch\/fr\/wp-json\/wp\/v2\/media\/5451"}],"wp:attachment":[{"href":"https:\/\/www.grills-saveurs.ch\/fr\/wp-json\/wp\/v2\/media?parent=5077"}],"wp:term":[{"taxonomy":"product_cat","embeddable":true,"href":"https:\/\/www.grills-saveurs.ch\/fr\/wp-json\/wp\/v2\/product_cat?post=5077"},{"taxonomy":"product_tag","embeddable":true,"href":"https:\/\/www.grills-saveurs.ch\/fr\/wp-json\/wp\/v2\/product_tag?post=5077"}],"curies":[{"name":"wp","href":"https:\/\/api.w.org\/{rel}","templated":true}]}}