{"id":5078,"date":"2020-03-30T10:14:48","date_gmt":"2020-03-30T08:14:48","guid":{"rendered":"https:\/\/www.grills-saveurs.ch\/fr\/produit\/lampe-grill-n-go\/"},"modified":"2024-09-05T12:09:20","modified_gmt":"2024-09-05T10:09:20","slug":"lampe-grill-n-go","status":"publish","type":"product","link":"https:\/\/www.grills-saveurs.ch\/fr\/produit\/lampe-grill-n-go\/","title":{"rendered":"Lampe Grill &lsquo;n Go Weber"},"content":{"rendered":"<p>Lampe Grill &lsquo;n Go \u00e0 gaz Weber est une lampe multifonctionnelle qui se fixe facilement \u00e0 la poign\u00e9e du barbecue et se d\u00e9tache \u00e9galement pour plus de lumi\u00e8re l\u00e0 o\u00f9 vous en avez besoin. Son capteur de mouvement s&rsquo;allume lorsque le couvercle est ouvert et s&rsquo;\u00e9teint une fois ferm\u00e9 pour \u00e9conomiser la batterie et pour plus de facilit\u00e9 lors de la cuisson.<\/p>\n<p>CARACT\u00c9RISTIQUES<\/p>\n<ul>\n<li>S\u2019attache facilement \u00e0 la poign\u00e9e du barbecue<\/li>\n<li>D\u00e9tachable pour \u00e9clairer o\u00f9 vous en avez besoin<\/li>\n<li>Lumi\u00e8res LED qui \u00e9clairent la surface de cuisson enti\u00e8re<\/li>\n<li>Capteur de mouvement avec un interrupteur marche \/ arr\u00eat pour \u00e9conomiser la dur\u00e9e de vie de la batterie<\/li>\n<li>Piles non incluses<\/li>\n<li>Compatible : Poign\u00e9es rondes sur les barbecues \u00e0 gaz Spirit, Genesis et Summit (2007 et plus r\u00e9cents). Convient \u00e0 tous les barbecues \u00e0 gaz Spirit II, Genesis II.<\/li>\n<\/ul>\n","protected":false},"excerpt":{"rendered":"<p>7662<\/p>\n","protected":false},"featured_media":5436,"template":"","meta":[],"product_cat":[183,176],"product_tag":[84],"yoast_head":"<!-- This site is optimized with the Yoast SEO plugin v18.2 - https:\/\/yoast.com\/wordpress\/plugins\/seo\/ -->\n<title>Lampe Grill &#039;n Go Weber - Grills et Saveurs<\/title>\n<meta name=\"description\" content=\"Lampe Grill &#039;n Go \u00e0 gaz Weber est une lampe multifonctionnelle qui se fixe facilement \u00e0 la poign\u00e9e du barbecue et se d\u00e9tache \u00e9galement pour plus de ...\" \/>\n<meta name=\"robots\" content=\"index, follow, max-snippet:-1, max-image-preview:large, max-video-preview:-1\" \/>\n<link rel=\"canonical\" href=\"https:\/\/www.grills-saveurs.ch\/fr\/produit\/lampe-grill-n-go\/\" \/>\n<meta property=\"og:locale\" content=\"fr_FR\" \/>\n<meta property=\"og:type\" content=\"article\" \/>\n<meta property=\"og:title\" content=\"Lampe Grill &#039;n Go Weber - Grills et Saveurs\" \/>\n<meta property=\"og:description\" content=\"Lampe Grill &#039;n Go \u00e0 gaz Weber est une lampe multifonctionnelle qui se fixe facilement \u00e0 la poign\u00e9e du barbecue et se d\u00e9tache \u00e9galement pour plus de ...\" \/>\n<meta property=\"og:url\" content=\"https:\/\/www.grills-saveurs.ch\/fr\/produit\/lampe-grill-n-go\/\" \/>\n<meta property=\"og:site_name\" content=\"Grills et Saveurs\" \/>\n<meta property=\"article:modified_time\" content=\"2024-09-05T10:09:20+00:00\" \/>\n<meta property=\"og:image\" content=\"https:\/\/www.grills-saveurs.ch\/fr\/wp-content\/uploads\/2020\/03\/7661_7662C_rev2.png\" \/>\n\t<meta property=\"og:image:width\" content=\"1000\" \/>\n\t<meta property=\"og:image:height\" content=\"950\" \/>\n\t<meta property=\"og:image:type\" content=\"image\/png\" \/>\n<meta name=\"twitter:card\" content=\"summary_large_image\" \/>\n<meta name=\"twitter:label1\" content=\"Dur\u00e9e de lecture estim\u00e9e\" \/>\n\t<meta name=\"twitter:data1\" content=\"1 minute\" \/>\n<script type=\"application\/ld+json\" class=\"yoast-schema-graph\">{\"@context\":\"https:\/\/schema.org\",\"@graph\":[{\"@type\":\"WebSite\",\"@id\":\"https:\/\/www.grills-saveurs.ch\/fr\/#website\",\"url\":\"https:\/\/www.grills-saveurs.ch\/fr\/\",\"name\":\"Grills et Saveurs\",\"description\":\"Barbecues, Grills, Planchas, Chemin\u00e9es jardin - Lausanne, Suisse Romande\",\"potentialAction\":[{\"@type\":\"SearchAction\",\"target\":{\"@type\":\"EntryPoint\",\"urlTemplate\":\"https:\/\/www.grills-saveurs.ch\/fr\/?s={search_term_string}\"},\"query-input\":\"required name=search_term_string\"}],\"inLanguage\":\"fr-FR\"},{\"@type\":\"ImageObject\",\"@id\":\"https:\/\/www.grills-saveurs.ch\/fr\/produit\/lampe-grill-n-go\/#primaryimage\",\"inLanguage\":\"fr-FR\",\"url\":\"https:\/\/www.grills-saveurs.ch\/fr\/wp-content\/uploads\/2020\/03\/7661_7662C_rev2.png\",\"contentUrl\":\"https:\/\/www.grills-saveurs.ch\/fr\/wp-content\/uploads\/2020\/03\/7661_7662C_rev2.png\",\"width\":1000,\"height\":950,\"caption\":\"Lampe Grill 'n Go 7662 Weber\"},{\"@type\":\"WebPage\",\"@id\":\"https:\/\/www.grills-saveurs.ch\/fr\/produit\/lampe-grill-n-go\/#webpage\",\"url\":\"https:\/\/www.grills-saveurs.ch\/fr\/produit\/lampe-grill-n-go\/\",\"name\":\"Lampe Grill 'n Go Weber - Grills et Saveurs\",\"isPartOf\":{\"@id\":\"https:\/\/www.grills-saveurs.ch\/fr\/#website\"},\"primaryImageOfPage\":{\"@id\":\"https:\/\/www.grills-saveurs.ch\/fr\/produit\/lampe-grill-n-go\/#primaryimage\"},\"datePublished\":\"2020-03-30T08:14:48+00:00\",\"dateModified\":\"2024-09-05T10:09:20+00:00\",\"description\":\"Lampe Grill 'n Go \u00e0 gaz Weber est une lampe multifonctionnelle qui se fixe facilement \u00e0 la poign\u00e9e du barbecue et se d\u00e9tache \u00e9galement pour plus de ...\",\"breadcrumb\":{\"@id\":\"https:\/\/www.grills-saveurs.ch\/fr\/produit\/lampe-grill-n-go\/#breadcrumb\"},\"inLanguage\":\"fr-FR\",\"potentialAction\":[{\"@type\":\"ReadAction\",\"target\":[\"https:\/\/www.grills-saveurs.ch\/fr\/produit\/lampe-grill-n-go\/\"]}]},{\"@type\":\"BreadcrumbList\",\"@id\":\"https:\/\/www.grills-saveurs.ch\/fr\/produit\/lampe-grill-n-go\/#breadcrumb\",\"itemListElement\":[{\"@type\":\"ListItem\",\"position\":1,\"name\":\"Accueil\",\"item\":\"https:\/\/www.grills-saveurs.ch\/fr\/\"},{\"@type\":\"ListItem\",\"position\":2,\"name\":\"Shop \/ Boutique\",\"item\":\"https:\/\/www.grills-saveurs.ch\/fr\/boutique\/\"},{\"@type\":\"ListItem\",\"position\":3,\"name\":\"Lampe Grill &lsquo;n Go Weber\"}]}]}<\/script>\n<!-- \/ Yoast SEO plugin. -->","yoast_head_json":{"title":"Lampe Grill 'n Go Weber - Grills et Saveurs","description":"Lampe Grill 'n Go \u00e0 gaz Weber est une lampe multifonctionnelle qui se fixe facilement \u00e0 la poign\u00e9e du barbecue et se d\u00e9tache \u00e9galement pour plus de ...","robots":{"index":"index","follow":"follow","max-snippet":"max-snippet:-1","max-image-preview":"max-image-preview:large","max-video-preview":"max-video-preview:-1"},"canonical":"https:\/\/www.grills-saveurs.ch\/fr\/produit\/lampe-grill-n-go\/","og_locale":"fr_FR","og_type":"article","og_title":"Lampe Grill 'n Go Weber - Grills et Saveurs","og_description":"Lampe Grill 'n Go \u00e0 gaz Weber est une lampe multifonctionnelle qui se fixe facilement \u00e0 la poign\u00e9e du barbecue et se d\u00e9tache \u00e9galement pour plus de ...","og_url":"https:\/\/www.grills-saveurs.ch\/fr\/produit\/lampe-grill-n-go\/","og_site_name":"Grills et Saveurs","article_modified_time":"2024-09-05T10:09:20+00:00","og_image":[{"width":1000,"height":950,"url":"https:\/\/www.grills-saveurs.ch\/fr\/wp-content\/uploads\/2020\/03\/7661_7662C_rev2.png","type":"image\/png"}],"twitter_card":"summary_large_image","twitter_misc":{"Dur\u00e9e de lecture estim\u00e9e":"1 minute"},"schema":{"@context":"https:\/\/schema.org","@graph":[{"@type":"WebSite","@id":"https:\/\/www.grills-saveurs.ch\/fr\/#website","url":"https:\/\/www.grills-saveurs.ch\/fr\/","name":"Grills et Saveurs","description":"Barbecues, Grills, Planchas, Chemin\u00e9es jardin - Lausanne, Suisse Romande","potentialAction":[{"@type":"SearchAction","target":{"@type":"EntryPoint","urlTemplate":"https:\/\/www.grills-saveurs.ch\/fr\/?s={search_term_string}"},"query-input":"required name=search_term_string"}],"inLanguage":"fr-FR"},{"@type":"ImageObject","@id":"https:\/\/www.grills-saveurs.ch\/fr\/produit\/lampe-grill-n-go\/#primaryimage","inLanguage":"fr-FR","url":"https:\/\/www.grills-saveurs.ch\/fr\/wp-content\/uploads\/2020\/03\/7661_7662C_rev2.png","contentUrl":"https:\/\/www.grills-saveurs.ch\/fr\/wp-content\/uploads\/2020\/03\/7661_7662C_rev2.png","width":1000,"height":950,"caption":"Lampe Grill 'n Go 7662 Weber"},{"@type":"WebPage","@id":"https:\/\/www.grills-saveurs.ch\/fr\/produit\/lampe-grill-n-go\/#webpage","url":"https:\/\/www.grills-saveurs.ch\/fr\/produit\/lampe-grill-n-go\/","name":"Lampe Grill 'n Go Weber - Grills et Saveurs","isPartOf":{"@id":"https:\/\/www.grills-saveurs.ch\/fr\/#website"},"primaryImageOfPage":{"@id":"https:\/\/www.grills-saveurs.ch\/fr\/produit\/lampe-grill-n-go\/#primaryimage"},"datePublished":"2020-03-30T08:14:48+00:00","dateModified":"2024-09-05T10:09:20+00:00","description":"Lampe Grill 'n Go \u00e0 gaz Weber est une lampe multifonctionnelle qui se fixe facilement \u00e0 la poign\u00e9e du barbecue et se d\u00e9tache \u00e9galement pour plus de ...","breadcrumb":{"@id":"https:\/\/www.grills-saveurs.ch\/fr\/produit\/lampe-grill-n-go\/#breadcrumb"},"inLanguage":"fr-FR","potentialAction":[{"@type":"ReadAction","target":["https:\/\/www.grills-saveurs.ch\/fr\/produit\/lampe-grill-n-go\/"]}]},{"@type":"BreadcrumbList","@id":"https:\/\/www.grills-saveurs.ch\/fr\/produit\/lampe-grill-n-go\/#breadcrumb","itemListElement":[{"@type":"ListItem","position":1,"name":"Accueil","item":"https:\/\/www.grills-saveurs.ch\/fr\/"},{"@type":"ListItem","position":2,"name":"Shop \/ Boutique","item":"https:\/\/www.grills-saveurs.ch\/fr\/boutique\/"},{"@type":"ListItem","position":3,"name":"Lampe Grill &lsquo;n Go Weber"}]}]}},"_links":{"self":[{"href":"https:\/\/www.grills-saveurs.ch\/fr\/wp-json\/wp\/v2\/product\/5078"}],"collection":[{"href":"https:\/\/www.grills-saveurs.ch\/fr\/wp-json\/wp\/v2\/product"}],"about":[{"href":"https:\/\/www.grills-saveurs.ch\/fr\/wp-json\/wp\/v2\/types\/product"}],"wp:featuredmedia":[{"embeddable":true,"href":"https:\/\/www.grills-saveurs.ch\/fr\/wp-json\/wp\/v2\/media\/5436"}],"wp:attachment":[{"href":"https:\/\/www.grills-saveurs.ch\/fr\/wp-json\/wp\/v2\/media?parent=5078"}],"wp:term":[{"taxonomy":"product_cat","embeddable":true,"href":"https:\/\/www.grills-saveurs.ch\/fr\/wp-json\/wp\/v2\/product_cat?post=5078"},{"taxonomy":"product_tag","embeddable":true,"href":"https:\/\/www.grills-saveurs.ch\/fr\/wp-json\/wp\/v2\/product_tag?post=5078"}],"curies":[{"name":"wp","href":"https:\/\/api.w.org\/{rel}","templated":true}]}}