{"id":5080,"date":"2020-03-30T10:14:48","date_gmt":"2020-03-30T08:14:48","guid":{"rendered":"https:\/\/www.grills-saveurs.ch\/fr\/produit\/couteau-de-chef-deluxe\/"},"modified":"2024-03-22T14:35:23","modified_gmt":"2024-03-22T13:35:23","slug":"couteau-a-pain-deluxe","status":"publish","type":"product","link":"https:\/\/www.grills-saveurs.ch\/fr\/produit\/couteau-a-pain-deluxe\/","title":{"rendered":"Couteau \u00e0 pain Deluxe Weber"},"content":{"rendered":"<p>Servez des petits pains chauds pour le petit d\u00e9jeuner ou concluez votre menu par une assiette de beurre aux herbes accompagn\u00e9 de tranches de pain grill\u00e9. Fabriqu\u00e9 en acier inoxydable et con\u00e7u pour offrir une prise en main optimale, le couteau \u00e0 pain Deluxe est l&rsquo;outil id\u00e9al pour trancher le pain en beaut\u00e9.<\/p>\n<p><strong>CARACT\u00c9RISTIQUES<\/strong><\/p>\n<ul>\n<li>Acier inoxydable allemand de haute qualit\u00e9<\/li>\n<li>Poign\u00e9e ergonomique assurant une bonne prise en main<\/li>\n<li>La poign\u00e9e offre un bon \u00e9quilibre<\/li>\n<li>Conseils de nettoyage : lavage \u00e0 la main<\/li>\n<\/ul>\n","protected":false},"excerpt":{"rendered":"<p>17070<\/p>\n","protected":false},"featured_media":5424,"template":"","meta":[],"product_cat":[183,157,158],"product_tag":[84],"yoast_head":"<!-- This site is optimized with the Yoast SEO plugin v18.2 - https:\/\/yoast.com\/wordpress\/plugins\/seo\/ -->\n<title>Couteau \u00e0 pain Deluxe Weber - Grills et Saveurs<\/title>\n<meta name=\"description\" content=\"ervez des petits pains chauds pour le petit d\u00e9jeuner ou concluez votre menu par une assiette de beurre aux herbes accompagn\u00e9 de tranches de pain grill\u00e9.\" \/>\n<meta name=\"robots\" content=\"index, follow, max-snippet:-1, max-image-preview:large, max-video-preview:-1\" \/>\n<link rel=\"canonical\" href=\"https:\/\/www.grills-saveurs.ch\/fr\/produit\/couteau-a-pain-deluxe\/\" \/>\n<meta property=\"og:locale\" content=\"fr_FR\" \/>\n<meta property=\"og:type\" content=\"article\" \/>\n<meta property=\"og:title\" content=\"Couteau \u00e0 pain Deluxe Weber - Grills et Saveurs\" \/>\n<meta property=\"og:description\" content=\"ervez des petits pains chauds pour le petit d\u00e9jeuner ou concluez votre menu par une assiette de beurre aux herbes accompagn\u00e9 de tranches de pain grill\u00e9.\" \/>\n<meta property=\"og:url\" content=\"https:\/\/www.grills-saveurs.ch\/fr\/produit\/couteau-a-pain-deluxe\/\" \/>\n<meta property=\"og:site_name\" content=\"Grills et Saveurs\" \/>\n<meta property=\"article:modified_time\" content=\"2024-03-22T13:35:23+00:00\" \/>\n<meta property=\"og:image\" content=\"https:\/\/www.grills-saveurs.ch\/fr\/wp-content\/uploads\/2020\/03\/17072C.png\" \/>\n\t<meta property=\"og:image:width\" content=\"1000\" \/>\n\t<meta property=\"og:image:height\" content=\"950\" \/>\n\t<meta property=\"og:image:type\" content=\"image\/png\" \/>\n<meta name=\"twitter:card\" content=\"summary_large_image\" \/>\n<script type=\"application\/ld+json\" class=\"yoast-schema-graph\">{\"@context\":\"https:\/\/schema.org\",\"@graph\":[{\"@type\":\"WebSite\",\"@id\":\"https:\/\/www.grills-saveurs.ch\/fr\/#website\",\"url\":\"https:\/\/www.grills-saveurs.ch\/fr\/\",\"name\":\"Grills et Saveurs\",\"description\":\"Barbecues, Grills, Planchas, Chemin\u00e9es jardin - Lausanne, Suisse Romande\",\"potentialAction\":[{\"@type\":\"SearchAction\",\"target\":{\"@type\":\"EntryPoint\",\"urlTemplate\":\"https:\/\/www.grills-saveurs.ch\/fr\/?s={search_term_string}\"},\"query-input\":\"required name=search_term_string\"}],\"inLanguage\":\"fr-FR\"},{\"@type\":\"ImageObject\",\"@id\":\"https:\/\/www.grills-saveurs.ch\/fr\/produit\/couteau-a-pain-deluxe\/#primaryimage\",\"inLanguage\":\"fr-FR\",\"url\":\"https:\/\/www.grills-saveurs.ch\/fr\/wp-content\/uploads\/2020\/03\/17072C.png\",\"contentUrl\":\"https:\/\/www.grills-saveurs.ch\/fr\/wp-content\/uploads\/2020\/03\/17072C.png\",\"width\":1000,\"height\":950,\"caption\":\"Couteau \u00e0 pain Deluxe Weber 17072\"},{\"@type\":\"WebPage\",\"@id\":\"https:\/\/www.grills-saveurs.ch\/fr\/produit\/couteau-a-pain-deluxe\/#webpage\",\"url\":\"https:\/\/www.grills-saveurs.ch\/fr\/produit\/couteau-a-pain-deluxe\/\",\"name\":\"Couteau \u00e0 pain Deluxe Weber - Grills et Saveurs\",\"isPartOf\":{\"@id\":\"https:\/\/www.grills-saveurs.ch\/fr\/#website\"},\"primaryImageOfPage\":{\"@id\":\"https:\/\/www.grills-saveurs.ch\/fr\/produit\/couteau-a-pain-deluxe\/#primaryimage\"},\"datePublished\":\"2020-03-30T08:14:48+00:00\",\"dateModified\":\"2024-03-22T13:35:23+00:00\",\"description\":\"ervez des petits pains chauds pour le petit d\u00e9jeuner ou concluez votre menu par une assiette de beurre aux herbes accompagn\u00e9 de tranches de pain grill\u00e9.\",\"breadcrumb\":{\"@id\":\"https:\/\/www.grills-saveurs.ch\/fr\/produit\/couteau-a-pain-deluxe\/#breadcrumb\"},\"inLanguage\":\"fr-FR\",\"potentialAction\":[{\"@type\":\"ReadAction\",\"target\":[\"https:\/\/www.grills-saveurs.ch\/fr\/produit\/couteau-a-pain-deluxe\/\"]}]},{\"@type\":\"BreadcrumbList\",\"@id\":\"https:\/\/www.grills-saveurs.ch\/fr\/produit\/couteau-a-pain-deluxe\/#breadcrumb\",\"itemListElement\":[{\"@type\":\"ListItem\",\"position\":1,\"name\":\"Accueil\",\"item\":\"https:\/\/www.grills-saveurs.ch\/fr\/\"},{\"@type\":\"ListItem\",\"position\":2,\"name\":\"Shop \/ Boutique\",\"item\":\"https:\/\/www.grills-saveurs.ch\/fr\/boutique\/\"},{\"@type\":\"ListItem\",\"position\":3,\"name\":\"Couteau \u00e0 pain Deluxe Weber\"}]}]}<\/script>\n<!-- \/ Yoast SEO plugin. -->","yoast_head_json":{"title":"Couteau \u00e0 pain Deluxe Weber - Grills et Saveurs","description":"ervez des petits pains chauds pour le petit d\u00e9jeuner ou concluez votre menu par une assiette de beurre aux herbes accompagn\u00e9 de tranches de pain grill\u00e9.","robots":{"index":"index","follow":"follow","max-snippet":"max-snippet:-1","max-image-preview":"max-image-preview:large","max-video-preview":"max-video-preview:-1"},"canonical":"https:\/\/www.grills-saveurs.ch\/fr\/produit\/couteau-a-pain-deluxe\/","og_locale":"fr_FR","og_type":"article","og_title":"Couteau \u00e0 pain Deluxe Weber - Grills et Saveurs","og_description":"ervez des petits pains chauds pour le petit d\u00e9jeuner ou concluez votre menu par une assiette de beurre aux herbes accompagn\u00e9 de tranches de pain grill\u00e9.","og_url":"https:\/\/www.grills-saveurs.ch\/fr\/produit\/couteau-a-pain-deluxe\/","og_site_name":"Grills et Saveurs","article_modified_time":"2024-03-22T13:35:23+00:00","og_image":[{"width":1000,"height":950,"url":"https:\/\/www.grills-saveurs.ch\/fr\/wp-content\/uploads\/2020\/03\/17072C.png","type":"image\/png"}],"twitter_card":"summary_large_image","schema":{"@context":"https:\/\/schema.org","@graph":[{"@type":"WebSite","@id":"https:\/\/www.grills-saveurs.ch\/fr\/#website","url":"https:\/\/www.grills-saveurs.ch\/fr\/","name":"Grills et Saveurs","description":"Barbecues, Grills, Planchas, Chemin\u00e9es jardin - Lausanne, Suisse Romande","potentialAction":[{"@type":"SearchAction","target":{"@type":"EntryPoint","urlTemplate":"https:\/\/www.grills-saveurs.ch\/fr\/?s={search_term_string}"},"query-input":"required name=search_term_string"}],"inLanguage":"fr-FR"},{"@type":"ImageObject","@id":"https:\/\/www.grills-saveurs.ch\/fr\/produit\/couteau-a-pain-deluxe\/#primaryimage","inLanguage":"fr-FR","url":"https:\/\/www.grills-saveurs.ch\/fr\/wp-content\/uploads\/2020\/03\/17072C.png","contentUrl":"https:\/\/www.grills-saveurs.ch\/fr\/wp-content\/uploads\/2020\/03\/17072C.png","width":1000,"height":950,"caption":"Couteau \u00e0 pain Deluxe Weber 17072"},{"@type":"WebPage","@id":"https:\/\/www.grills-saveurs.ch\/fr\/produit\/couteau-a-pain-deluxe\/#webpage","url":"https:\/\/www.grills-saveurs.ch\/fr\/produit\/couteau-a-pain-deluxe\/","name":"Couteau \u00e0 pain Deluxe Weber - Grills et Saveurs","isPartOf":{"@id":"https:\/\/www.grills-saveurs.ch\/fr\/#website"},"primaryImageOfPage":{"@id":"https:\/\/www.grills-saveurs.ch\/fr\/produit\/couteau-a-pain-deluxe\/#primaryimage"},"datePublished":"2020-03-30T08:14:48+00:00","dateModified":"2024-03-22T13:35:23+00:00","description":"ervez des petits pains chauds pour le petit d\u00e9jeuner ou concluez votre menu par une assiette de beurre aux herbes accompagn\u00e9 de tranches de pain grill\u00e9.","breadcrumb":{"@id":"https:\/\/www.grills-saveurs.ch\/fr\/produit\/couteau-a-pain-deluxe\/#breadcrumb"},"inLanguage":"fr-FR","potentialAction":[{"@type":"ReadAction","target":["https:\/\/www.grills-saveurs.ch\/fr\/produit\/couteau-a-pain-deluxe\/"]}]},{"@type":"BreadcrumbList","@id":"https:\/\/www.grills-saveurs.ch\/fr\/produit\/couteau-a-pain-deluxe\/#breadcrumb","itemListElement":[{"@type":"ListItem","position":1,"name":"Accueil","item":"https:\/\/www.grills-saveurs.ch\/fr\/"},{"@type":"ListItem","position":2,"name":"Shop \/ Boutique","item":"https:\/\/www.grills-saveurs.ch\/fr\/boutique\/"},{"@type":"ListItem","position":3,"name":"Couteau \u00e0 pain Deluxe Weber"}]}]}},"_links":{"self":[{"href":"https:\/\/www.grills-saveurs.ch\/fr\/wp-json\/wp\/v2\/product\/5080"}],"collection":[{"href":"https:\/\/www.grills-saveurs.ch\/fr\/wp-json\/wp\/v2\/product"}],"about":[{"href":"https:\/\/www.grills-saveurs.ch\/fr\/wp-json\/wp\/v2\/types\/product"}],"wp:featuredmedia":[{"embeddable":true,"href":"https:\/\/www.grills-saveurs.ch\/fr\/wp-json\/wp\/v2\/media\/5424"}],"wp:attachment":[{"href":"https:\/\/www.grills-saveurs.ch\/fr\/wp-json\/wp\/v2\/media?parent=5080"}],"wp:term":[{"taxonomy":"product_cat","embeddable":true,"href":"https:\/\/www.grills-saveurs.ch\/fr\/wp-json\/wp\/v2\/product_cat?post=5080"},{"taxonomy":"product_tag","embeddable":true,"href":"https:\/\/www.grills-saveurs.ch\/fr\/wp-json\/wp\/v2\/product_tag?post=5080"}],"curies":[{"name":"wp","href":"https:\/\/api.w.org\/{rel}","templated":true}]}}