{"id":5085,"date":"2020-03-30T10:14:50","date_gmt":"2020-03-30T08:14:50","guid":{"rendered":"https:\/\/www.grills-saveurs.ch\/fr\/produit\/moule-a-tarte-ceramique-o-30-cm\/"},"modified":"2024-03-22T14:39:05","modified_gmt":"2024-03-22T13:39:05","slug":"moule-a-tarte-ceramique-o-30-cm","status":"publish","type":"product","link":"https:\/\/www.grills-saveurs.ch\/fr\/produit\/moule-a-tarte-ceramique-o-30-cm\/","title":{"rendered":"Moule \u00e0 tarte c\u00e9ramique 30 cm Weber"},"content":{"rendered":"<p>Con\u00e7u pour cuire des g\u00e2teaux, tartes et desserts sur ou hors du barbecue. La surface lisse emp\u00eache le fond de coller \u00e0 la c\u00e9ramique, et les larges poign\u00e9es permettent de transporter facilement le plat du barbecue \u00e0 la cuisine.<\/p>\n<p><strong>CARACT\u00c9RISTIQUES<\/strong><\/p>\n<ul>\n<li>Con\u00e7u pour griller des g\u00e2teaux, tartes et desserts<\/li>\n<li>Ses larges poign\u00e9es permettent de le transporter facilement du barbecue \u00e0 la cuisine<\/li>\n<li>C\u00e9ramique r\u00e9sistante aux rayures, compatible lave-vaisselle<\/li>\n<li>Mat\u00e9riau : c\u00e9ramique<\/li>\n<li>Conseils de nettoyage : passe au lave-vaisselle<\/li>\n<\/ul>\n","protected":false},"excerpt":{"rendered":"<p>17887<\/p>\n","protected":false},"featured_media":5362,"template":"","meta":[],"product_cat":[158],"product_tag":[84],"yoast_head":"<!-- This site is optimized with the Yoast SEO plugin v18.2 - https:\/\/yoast.com\/wordpress\/plugins\/seo\/ -->\n<title>Moule \u00e0 tarte c\u00e9ramique 30 cm Weber - Grills et Saveurs<\/title>\n<meta name=\"description\" content=\"Con\u00e7u pour cuire des g\u00e2teaux, tartes et desserts sur ou hors du barbecue. La surface lisse emp\u00eache le fond de coller \u00e0 la c\u00e9ramique, et les larges ...\" \/>\n<meta name=\"robots\" content=\"index, follow, max-snippet:-1, max-image-preview:large, max-video-preview:-1\" \/>\n<link rel=\"canonical\" href=\"https:\/\/www.grills-saveurs.ch\/fr\/produit\/moule-a-tarte-ceramique-o-30-cm\/\" \/>\n<meta property=\"og:locale\" content=\"fr_FR\" \/>\n<meta property=\"og:type\" content=\"article\" \/>\n<meta property=\"og:title\" content=\"Moule \u00e0 tarte c\u00e9ramique 30 cm Weber - Grills et Saveurs\" \/>\n<meta property=\"og:description\" content=\"Con\u00e7u pour cuire des g\u00e2teaux, tartes et desserts sur ou hors du barbecue. La surface lisse emp\u00eache le fond de coller \u00e0 la c\u00e9ramique, et les larges ...\" \/>\n<meta property=\"og:url\" content=\"https:\/\/www.grills-saveurs.ch\/fr\/produit\/moule-a-tarte-ceramique-o-30-cm\/\" \/>\n<meta property=\"og:site_name\" content=\"Grills et Saveurs\" \/>\n<meta property=\"article:modified_time\" content=\"2024-03-22T13:39:05+00:00\" \/>\n<meta property=\"og:image\" content=\"https:\/\/www.grills-saveurs.ch\/fr\/wp-content\/uploads\/2020\/03\/17887M3.png\" \/>\n\t<meta property=\"og:image:width\" content=\"1000\" \/>\n\t<meta property=\"og:image:height\" content=\"950\" \/>\n\t<meta property=\"og:image:type\" content=\"image\/png\" \/>\n<meta name=\"twitter:card\" content=\"summary_large_image\" \/>\n<script type=\"application\/ld+json\" class=\"yoast-schema-graph\">{\"@context\":\"https:\/\/schema.org\",\"@graph\":[{\"@type\":\"WebSite\",\"@id\":\"https:\/\/www.grills-saveurs.ch\/fr\/#website\",\"url\":\"https:\/\/www.grills-saveurs.ch\/fr\/\",\"name\":\"Grills et Saveurs\",\"description\":\"Barbecues, Grills, Planchas, Chemin\u00e9es jardin - Lausanne, Suisse Romande\",\"potentialAction\":[{\"@type\":\"SearchAction\",\"target\":{\"@type\":\"EntryPoint\",\"urlTemplate\":\"https:\/\/www.grills-saveurs.ch\/fr\/?s={search_term_string}\"},\"query-input\":\"required name=search_term_string\"}],\"inLanguage\":\"fr-FR\"},{\"@type\":\"ImageObject\",\"@id\":\"https:\/\/www.grills-saveurs.ch\/fr\/produit\/moule-a-tarte-ceramique-o-30-cm\/#primaryimage\",\"inLanguage\":\"fr-FR\",\"url\":\"https:\/\/www.grills-saveurs.ch\/fr\/wp-content\/uploads\/2020\/03\/17887M3.png\",\"contentUrl\":\"https:\/\/www.grills-saveurs.ch\/fr\/wp-content\/uploads\/2020\/03\/17887M3.png\",\"width\":1000,\"height\":950,\"caption\":\"Moule \u00e0 tarte en c\u00e9ramique 30 cm 17887\"},{\"@type\":\"WebPage\",\"@id\":\"https:\/\/www.grills-saveurs.ch\/fr\/produit\/moule-a-tarte-ceramique-o-30-cm\/#webpage\",\"url\":\"https:\/\/www.grills-saveurs.ch\/fr\/produit\/moule-a-tarte-ceramique-o-30-cm\/\",\"name\":\"Moule \u00e0 tarte c\u00e9ramique 30 cm Weber - Grills et Saveurs\",\"isPartOf\":{\"@id\":\"https:\/\/www.grills-saveurs.ch\/fr\/#website\"},\"primaryImageOfPage\":{\"@id\":\"https:\/\/www.grills-saveurs.ch\/fr\/produit\/moule-a-tarte-ceramique-o-30-cm\/#primaryimage\"},\"datePublished\":\"2020-03-30T08:14:50+00:00\",\"dateModified\":\"2024-03-22T13:39:05+00:00\",\"description\":\"Con\u00e7u pour cuire des g\u00e2teaux, tartes et desserts sur ou hors du barbecue. La surface lisse emp\u00eache le fond de coller \u00e0 la c\u00e9ramique, et les larges ...\",\"breadcrumb\":{\"@id\":\"https:\/\/www.grills-saveurs.ch\/fr\/produit\/moule-a-tarte-ceramique-o-30-cm\/#breadcrumb\"},\"inLanguage\":\"fr-FR\",\"potentialAction\":[{\"@type\":\"ReadAction\",\"target\":[\"https:\/\/www.grills-saveurs.ch\/fr\/produit\/moule-a-tarte-ceramique-o-30-cm\/\"]}]},{\"@type\":\"BreadcrumbList\",\"@id\":\"https:\/\/www.grills-saveurs.ch\/fr\/produit\/moule-a-tarte-ceramique-o-30-cm\/#breadcrumb\",\"itemListElement\":[{\"@type\":\"ListItem\",\"position\":1,\"name\":\"Accueil\",\"item\":\"https:\/\/www.grills-saveurs.ch\/fr\/\"},{\"@type\":\"ListItem\",\"position\":2,\"name\":\"Shop \/ Boutique\",\"item\":\"https:\/\/www.grills-saveurs.ch\/fr\/boutique\/\"},{\"@type\":\"ListItem\",\"position\":3,\"name\":\"Moule \u00e0 tarte c\u00e9ramique 30 cm Weber\"}]}]}<\/script>\n<!-- \/ Yoast SEO plugin. -->","yoast_head_json":{"title":"Moule \u00e0 tarte c\u00e9ramique 30 cm Weber - Grills et Saveurs","description":"Con\u00e7u pour cuire des g\u00e2teaux, tartes et desserts sur ou hors du barbecue. La surface lisse emp\u00eache le fond de coller \u00e0 la c\u00e9ramique, et les larges ...","robots":{"index":"index","follow":"follow","max-snippet":"max-snippet:-1","max-image-preview":"max-image-preview:large","max-video-preview":"max-video-preview:-1"},"canonical":"https:\/\/www.grills-saveurs.ch\/fr\/produit\/moule-a-tarte-ceramique-o-30-cm\/","og_locale":"fr_FR","og_type":"article","og_title":"Moule \u00e0 tarte c\u00e9ramique 30 cm Weber - Grills et Saveurs","og_description":"Con\u00e7u pour cuire des g\u00e2teaux, tartes et desserts sur ou hors du barbecue. La surface lisse emp\u00eache le fond de coller \u00e0 la c\u00e9ramique, et les larges ...","og_url":"https:\/\/www.grills-saveurs.ch\/fr\/produit\/moule-a-tarte-ceramique-o-30-cm\/","og_site_name":"Grills et Saveurs","article_modified_time":"2024-03-22T13:39:05+00:00","og_image":[{"width":1000,"height":950,"url":"https:\/\/www.grills-saveurs.ch\/fr\/wp-content\/uploads\/2020\/03\/17887M3.png","type":"image\/png"}],"twitter_card":"summary_large_image","schema":{"@context":"https:\/\/schema.org","@graph":[{"@type":"WebSite","@id":"https:\/\/www.grills-saveurs.ch\/fr\/#website","url":"https:\/\/www.grills-saveurs.ch\/fr\/","name":"Grills et Saveurs","description":"Barbecues, Grills, Planchas, Chemin\u00e9es jardin - Lausanne, Suisse Romande","potentialAction":[{"@type":"SearchAction","target":{"@type":"EntryPoint","urlTemplate":"https:\/\/www.grills-saveurs.ch\/fr\/?s={search_term_string}"},"query-input":"required name=search_term_string"}],"inLanguage":"fr-FR"},{"@type":"ImageObject","@id":"https:\/\/www.grills-saveurs.ch\/fr\/produit\/moule-a-tarte-ceramique-o-30-cm\/#primaryimage","inLanguage":"fr-FR","url":"https:\/\/www.grills-saveurs.ch\/fr\/wp-content\/uploads\/2020\/03\/17887M3.png","contentUrl":"https:\/\/www.grills-saveurs.ch\/fr\/wp-content\/uploads\/2020\/03\/17887M3.png","width":1000,"height":950,"caption":"Moule \u00e0 tarte en c\u00e9ramique 30 cm 17887"},{"@type":"WebPage","@id":"https:\/\/www.grills-saveurs.ch\/fr\/produit\/moule-a-tarte-ceramique-o-30-cm\/#webpage","url":"https:\/\/www.grills-saveurs.ch\/fr\/produit\/moule-a-tarte-ceramique-o-30-cm\/","name":"Moule \u00e0 tarte c\u00e9ramique 30 cm Weber - Grills et Saveurs","isPartOf":{"@id":"https:\/\/www.grills-saveurs.ch\/fr\/#website"},"primaryImageOfPage":{"@id":"https:\/\/www.grills-saveurs.ch\/fr\/produit\/moule-a-tarte-ceramique-o-30-cm\/#primaryimage"},"datePublished":"2020-03-30T08:14:50+00:00","dateModified":"2024-03-22T13:39:05+00:00","description":"Con\u00e7u pour cuire des g\u00e2teaux, tartes et desserts sur ou hors du barbecue. La surface lisse emp\u00eache le fond de coller \u00e0 la c\u00e9ramique, et les larges ...","breadcrumb":{"@id":"https:\/\/www.grills-saveurs.ch\/fr\/produit\/moule-a-tarte-ceramique-o-30-cm\/#breadcrumb"},"inLanguage":"fr-FR","potentialAction":[{"@type":"ReadAction","target":["https:\/\/www.grills-saveurs.ch\/fr\/produit\/moule-a-tarte-ceramique-o-30-cm\/"]}]},{"@type":"BreadcrumbList","@id":"https:\/\/www.grills-saveurs.ch\/fr\/produit\/moule-a-tarte-ceramique-o-30-cm\/#breadcrumb","itemListElement":[{"@type":"ListItem","position":1,"name":"Accueil","item":"https:\/\/www.grills-saveurs.ch\/fr\/"},{"@type":"ListItem","position":2,"name":"Shop \/ Boutique","item":"https:\/\/www.grills-saveurs.ch\/fr\/boutique\/"},{"@type":"ListItem","position":3,"name":"Moule \u00e0 tarte c\u00e9ramique 30 cm Weber"}]}]}},"_links":{"self":[{"href":"https:\/\/www.grills-saveurs.ch\/fr\/wp-json\/wp\/v2\/product\/5085"}],"collection":[{"href":"https:\/\/www.grills-saveurs.ch\/fr\/wp-json\/wp\/v2\/product"}],"about":[{"href":"https:\/\/www.grills-saveurs.ch\/fr\/wp-json\/wp\/v2\/types\/product"}],"wp:featuredmedia":[{"embeddable":true,"href":"https:\/\/www.grills-saveurs.ch\/fr\/wp-json\/wp\/v2\/media\/5362"}],"wp:attachment":[{"href":"https:\/\/www.grills-saveurs.ch\/fr\/wp-json\/wp\/v2\/media?parent=5085"}],"wp:term":[{"taxonomy":"product_cat","embeddable":true,"href":"https:\/\/www.grills-saveurs.ch\/fr\/wp-json\/wp\/v2\/product_cat?post=5085"},{"taxonomy":"product_tag","embeddable":true,"href":"https:\/\/www.grills-saveurs.ch\/fr\/wp-json\/wp\/v2\/product_tag?post=5085"}],"curies":[{"name":"wp","href":"https:\/\/api.w.org\/{rel}","templated":true}]}}