{"id":5088,"date":"2020-03-30T10:14:51","date_gmt":"2020-03-30T08:14:51","guid":{"rendered":"https:\/\/www.grills-saveurs.ch\/fr\/produit\/tapis-de-protection-du-sol-120-x-80-cm\/"},"modified":"2024-03-22T15:23:47","modified_gmt":"2024-03-22T14:23:47","slug":"tapis-de-protection-du-sol-120-x-80-cm","status":"publish","type":"product","link":"https:\/\/www.grills-saveurs.ch\/fr\/produit\/tapis-de-protection-du-sol-120-x-80-cm\/","title":{"rendered":"Tapis de protection du sol Weber"},"content":{"rendered":"<div>Placez votre barbecue sur votre tapis de protection du sol Weber pour prot\u00e9ger la surface sous votre barbecue de la graisse, des aliments et des \u00e9l\u00e9ments m\u00e9t\u00e9orologiques. Le mat\u00e9riau supporte une chaleur \u00e9lev\u00e9e, est r\u00e9sistant aux intemp\u00e9ries et est anti-bact\u00e9rien.<\/div>\n<p class=\"text-grey\"><strong>CARACT\u00c9RISTIQUES<\/strong><\/p>\n<ul>\n<li class=\"text-grey\">Mat\u00e9riau\u00a0: Dessus : 100 % polypropyl\u00e8ne, au dos : caoutchouc PVC sans phtalate<\/li>\n<li>\n<div class=\"bee__flyout__value bee__flyout__label--fullwidth\">Antibact\u00e9rien<\/div>\n<\/li>\n<li>\n<div class=\"bee__flyout__value bee__flyout__label--fullwidth\">Facile \u00e0 nettoyer<\/div>\n<\/li>\n<li>\n<div class=\"bee__flyout__value bee__flyout__label--fullwidth\">Enti\u00e8rement recyclable<\/div>\n<\/li>\n<\/ul>\n","protected":false},"excerpt":{"rendered":"<p>17897<\/p>\n","protected":false},"featured_media":5350,"template":"","meta":[],"product_cat":[116,124],"product_tag":[84],"yoast_head":"<!-- This site is optimized with the Yoast SEO plugin v18.2 - https:\/\/yoast.com\/wordpress\/plugins\/seo\/ -->\n<title>Tapis de protection du sol Weber - Grills et Saveurs<\/title>\n<meta name=\"description\" content=\"Placez votre barbecue sur votre tapis de protection du sol Weber pour prot\u00e9ger la surface sous votre barbecue de la graisse, des aliments et des \u00e9l\u00e9ments ...\" \/>\n<meta name=\"robots\" content=\"index, follow, max-snippet:-1, max-image-preview:large, max-video-preview:-1\" \/>\n<link rel=\"canonical\" href=\"https:\/\/www.grills-saveurs.ch\/fr\/produit\/tapis-de-protection-du-sol-120-x-80-cm\/\" \/>\n<meta property=\"og:locale\" content=\"fr_FR\" \/>\n<meta property=\"og:type\" content=\"article\" \/>\n<meta property=\"og:title\" content=\"Tapis de protection du sol Weber - Grills et Saveurs\" \/>\n<meta property=\"og:description\" content=\"Placez votre barbecue sur votre tapis de protection du sol Weber pour prot\u00e9ger la surface sous votre barbecue de la graisse, des aliments et des \u00e9l\u00e9ments ...\" \/>\n<meta property=\"og:url\" content=\"https:\/\/www.grills-saveurs.ch\/fr\/produit\/tapis-de-protection-du-sol-120-x-80-cm\/\" \/>\n<meta property=\"og:site_name\" content=\"Grills et Saveurs\" \/>\n<meta property=\"article:modified_time\" content=\"2024-03-22T14:23:47+00:00\" \/>\n<meta property=\"og:image\" content=\"https:\/\/www.grills-saveurs.ch\/fr\/wp-content\/uploads\/2020\/03\/17897A.png\" \/>\n\t<meta property=\"og:image:width\" content=\"1000\" \/>\n\t<meta property=\"og:image:height\" content=\"950\" \/>\n\t<meta property=\"og:image:type\" content=\"image\/png\" \/>\n<meta name=\"twitter:card\" content=\"summary_large_image\" \/>\n<script type=\"application\/ld+json\" class=\"yoast-schema-graph\">{\"@context\":\"https:\/\/schema.org\",\"@graph\":[{\"@type\":\"WebSite\",\"@id\":\"https:\/\/www.grills-saveurs.ch\/fr\/#website\",\"url\":\"https:\/\/www.grills-saveurs.ch\/fr\/\",\"name\":\"Grills et Saveurs\",\"description\":\"Barbecues, Grills, Planchas, Chemin\u00e9es jardin - Lausanne, Suisse Romande\",\"potentialAction\":[{\"@type\":\"SearchAction\",\"target\":{\"@type\":\"EntryPoint\",\"urlTemplate\":\"https:\/\/www.grills-saveurs.ch\/fr\/?s={search_term_string}\"},\"query-input\":\"required name=search_term_string\"}],\"inLanguage\":\"fr-FR\"},{\"@type\":\"ImageObject\",\"@id\":\"https:\/\/www.grills-saveurs.ch\/fr\/produit\/tapis-de-protection-du-sol-120-x-80-cm\/#primaryimage\",\"inLanguage\":\"fr-FR\",\"url\":\"https:\/\/www.grills-saveurs.ch\/fr\/wp-content\/uploads\/2020\/03\/17897A.png\",\"contentUrl\":\"https:\/\/www.grills-saveurs.ch\/fr\/wp-content\/uploads\/2020\/03\/17897A.png\",\"width\":1000,\"height\":950,\"caption\":\"Tapis de protection du sol 120 x 80 cm Weber 17897\"},{\"@type\":\"WebPage\",\"@id\":\"https:\/\/www.grills-saveurs.ch\/fr\/produit\/tapis-de-protection-du-sol-120-x-80-cm\/#webpage\",\"url\":\"https:\/\/www.grills-saveurs.ch\/fr\/produit\/tapis-de-protection-du-sol-120-x-80-cm\/\",\"name\":\"Tapis de protection du sol Weber - Grills et Saveurs\",\"isPartOf\":{\"@id\":\"https:\/\/www.grills-saveurs.ch\/fr\/#website\"},\"primaryImageOfPage\":{\"@id\":\"https:\/\/www.grills-saveurs.ch\/fr\/produit\/tapis-de-protection-du-sol-120-x-80-cm\/#primaryimage\"},\"datePublished\":\"2020-03-30T08:14:51+00:00\",\"dateModified\":\"2024-03-22T14:23:47+00:00\",\"description\":\"Placez votre barbecue sur votre tapis de protection du sol Weber pour prot\u00e9ger la surface sous votre barbecue de la graisse, des aliments et des \u00e9l\u00e9ments ...\",\"breadcrumb\":{\"@id\":\"https:\/\/www.grills-saveurs.ch\/fr\/produit\/tapis-de-protection-du-sol-120-x-80-cm\/#breadcrumb\"},\"inLanguage\":\"fr-FR\",\"potentialAction\":[{\"@type\":\"ReadAction\",\"target\":[\"https:\/\/www.grills-saveurs.ch\/fr\/produit\/tapis-de-protection-du-sol-120-x-80-cm\/\"]}]},{\"@type\":\"BreadcrumbList\",\"@id\":\"https:\/\/www.grills-saveurs.ch\/fr\/produit\/tapis-de-protection-du-sol-120-x-80-cm\/#breadcrumb\",\"itemListElement\":[{\"@type\":\"ListItem\",\"position\":1,\"name\":\"Accueil\",\"item\":\"https:\/\/www.grills-saveurs.ch\/fr\/\"},{\"@type\":\"ListItem\",\"position\":2,\"name\":\"Shop \/ Boutique\",\"item\":\"https:\/\/www.grills-saveurs.ch\/fr\/boutique\/\"},{\"@type\":\"ListItem\",\"position\":3,\"name\":\"Tapis de protection du sol Weber\"}]}]}<\/script>\n<!-- \/ Yoast SEO plugin. -->","yoast_head_json":{"title":"Tapis de protection du sol Weber - Grills et Saveurs","description":"Placez votre barbecue sur votre tapis de protection du sol Weber pour prot\u00e9ger la surface sous votre barbecue de la graisse, des aliments et des \u00e9l\u00e9ments ...","robots":{"index":"index","follow":"follow","max-snippet":"max-snippet:-1","max-image-preview":"max-image-preview:large","max-video-preview":"max-video-preview:-1"},"canonical":"https:\/\/www.grills-saveurs.ch\/fr\/produit\/tapis-de-protection-du-sol-120-x-80-cm\/","og_locale":"fr_FR","og_type":"article","og_title":"Tapis de protection du sol Weber - Grills et Saveurs","og_description":"Placez votre barbecue sur votre tapis de protection du sol Weber pour prot\u00e9ger la surface sous votre barbecue de la graisse, des aliments et des \u00e9l\u00e9ments ...","og_url":"https:\/\/www.grills-saveurs.ch\/fr\/produit\/tapis-de-protection-du-sol-120-x-80-cm\/","og_site_name":"Grills et Saveurs","article_modified_time":"2024-03-22T14:23:47+00:00","og_image":[{"width":1000,"height":950,"url":"https:\/\/www.grills-saveurs.ch\/fr\/wp-content\/uploads\/2020\/03\/17897A.png","type":"image\/png"}],"twitter_card":"summary_large_image","schema":{"@context":"https:\/\/schema.org","@graph":[{"@type":"WebSite","@id":"https:\/\/www.grills-saveurs.ch\/fr\/#website","url":"https:\/\/www.grills-saveurs.ch\/fr\/","name":"Grills et Saveurs","description":"Barbecues, Grills, Planchas, Chemin\u00e9es jardin - Lausanne, Suisse Romande","potentialAction":[{"@type":"SearchAction","target":{"@type":"EntryPoint","urlTemplate":"https:\/\/www.grills-saveurs.ch\/fr\/?s={search_term_string}"},"query-input":"required name=search_term_string"}],"inLanguage":"fr-FR"},{"@type":"ImageObject","@id":"https:\/\/www.grills-saveurs.ch\/fr\/produit\/tapis-de-protection-du-sol-120-x-80-cm\/#primaryimage","inLanguage":"fr-FR","url":"https:\/\/www.grills-saveurs.ch\/fr\/wp-content\/uploads\/2020\/03\/17897A.png","contentUrl":"https:\/\/www.grills-saveurs.ch\/fr\/wp-content\/uploads\/2020\/03\/17897A.png","width":1000,"height":950,"caption":"Tapis de protection du sol 120 x 80 cm Weber 17897"},{"@type":"WebPage","@id":"https:\/\/www.grills-saveurs.ch\/fr\/produit\/tapis-de-protection-du-sol-120-x-80-cm\/#webpage","url":"https:\/\/www.grills-saveurs.ch\/fr\/produit\/tapis-de-protection-du-sol-120-x-80-cm\/","name":"Tapis de protection du sol Weber - Grills et Saveurs","isPartOf":{"@id":"https:\/\/www.grills-saveurs.ch\/fr\/#website"},"primaryImageOfPage":{"@id":"https:\/\/www.grills-saveurs.ch\/fr\/produit\/tapis-de-protection-du-sol-120-x-80-cm\/#primaryimage"},"datePublished":"2020-03-30T08:14:51+00:00","dateModified":"2024-03-22T14:23:47+00:00","description":"Placez votre barbecue sur votre tapis de protection du sol Weber pour prot\u00e9ger la surface sous votre barbecue de la graisse, des aliments et des \u00e9l\u00e9ments ...","breadcrumb":{"@id":"https:\/\/www.grills-saveurs.ch\/fr\/produit\/tapis-de-protection-du-sol-120-x-80-cm\/#breadcrumb"},"inLanguage":"fr-FR","potentialAction":[{"@type":"ReadAction","target":["https:\/\/www.grills-saveurs.ch\/fr\/produit\/tapis-de-protection-du-sol-120-x-80-cm\/"]}]},{"@type":"BreadcrumbList","@id":"https:\/\/www.grills-saveurs.ch\/fr\/produit\/tapis-de-protection-du-sol-120-x-80-cm\/#breadcrumb","itemListElement":[{"@type":"ListItem","position":1,"name":"Accueil","item":"https:\/\/www.grills-saveurs.ch\/fr\/"},{"@type":"ListItem","position":2,"name":"Shop \/ Boutique","item":"https:\/\/www.grills-saveurs.ch\/fr\/boutique\/"},{"@type":"ListItem","position":3,"name":"Tapis de protection du sol Weber"}]}]}},"_links":{"self":[{"href":"https:\/\/www.grills-saveurs.ch\/fr\/wp-json\/wp\/v2\/product\/5088"}],"collection":[{"href":"https:\/\/www.grills-saveurs.ch\/fr\/wp-json\/wp\/v2\/product"}],"about":[{"href":"https:\/\/www.grills-saveurs.ch\/fr\/wp-json\/wp\/v2\/types\/product"}],"wp:featuredmedia":[{"embeddable":true,"href":"https:\/\/www.grills-saveurs.ch\/fr\/wp-json\/wp\/v2\/media\/5350"}],"wp:attachment":[{"href":"https:\/\/www.grills-saveurs.ch\/fr\/wp-json\/wp\/v2\/media?parent=5088"}],"wp:term":[{"taxonomy":"product_cat","embeddable":true,"href":"https:\/\/www.grills-saveurs.ch\/fr\/wp-json\/wp\/v2\/product_cat?post=5088"},{"taxonomy":"product_tag","embeddable":true,"href":"https:\/\/www.grills-saveurs.ch\/fr\/wp-json\/wp\/v2\/product_tag?post=5088"}],"curies":[{"name":"wp","href":"https:\/\/api.w.org\/{rel}","templated":true}]}}