{"id":5094,"date":"2020-03-30T10:14:53","date_gmt":"2020-03-30T08:14:53","guid":{"rendered":"https:\/\/www.grills-saveurs.ch\/fr\/produit\/grattoir-pour-plancha-28-cm\/"},"modified":"2024-03-22T15:05:20","modified_gmt":"2024-03-22T14:05:20","slug":"grattoir-pour-plancha-28-cm","status":"publish","type":"product","link":"https:\/\/www.grills-saveurs.ch\/fr\/produit\/grattoir-pour-plancha-28-cm\/","title":{"rendered":"Grattoir pour plancha 28 cm Weber"},"content":{"rendered":"<p>Le grattoir r\u00e9sistant pour plancha en inox enl\u00e8ve la graisse et les aliments coll\u00e9s sur votre plancha. Avec son bord tranchant et son manche en silicone anti-d\u00e9rapant, cet accessoire robuste et stable d\u00e9tache et \u00e9limine les aliments br\u00fbl\u00e9s.<\/p>\n<p><strong>CARACT\u00c9RISTIQUES<\/strong><\/p>\n<ul>\n<li>Mat\u00e9riau : acier inoxydable extra-\u00e9pais et r\u00e9sistant<\/li>\n<li>Le bord tranchant permet de d\u00e9tacher facilement la graisse et les aliments coll\u00e9s.<\/li>\n<li>Manche en silicone anti-d\u00e9rapant<\/li>\n<li>Conseils de nettoyage : passe au lave-vaisselle<\/li>\n<\/ul>\n","protected":false},"excerpt":{"rendered":"<p>6207<\/p>\n","protected":false},"featured_media":5321,"template":"","meta":[],"product_cat":[162,122],"product_tag":[84],"yoast_head":"<!-- This site is optimized with the Yoast SEO plugin v18.2 - https:\/\/yoast.com\/wordpress\/plugins\/seo\/ -->\n<title>Grattoir pour plancha 28 cm Weber - Grills et Saveurs<\/title>\n<meta name=\"description\" content=\"Le grattoir r\u00e9sistant pour plancha en inox enl\u00e8ve la graisse et les aliments coll\u00e9s sur votre plancha. Avec son bord tranchant et son manche ...\" \/>\n<meta name=\"robots\" content=\"index, follow, max-snippet:-1, max-image-preview:large, max-video-preview:-1\" \/>\n<link rel=\"canonical\" href=\"https:\/\/www.grills-saveurs.ch\/fr\/produit\/grattoir-pour-plancha-28-cm\/\" \/>\n<meta property=\"og:locale\" content=\"fr_FR\" \/>\n<meta property=\"og:type\" content=\"article\" \/>\n<meta property=\"og:title\" content=\"Grattoir pour plancha 28 cm Weber - Grills et Saveurs\" \/>\n<meta property=\"og:description\" content=\"Le grattoir r\u00e9sistant pour plancha en inox enl\u00e8ve la graisse et les aliments coll\u00e9s sur votre plancha. Avec son bord tranchant et son manche ...\" \/>\n<meta property=\"og:url\" content=\"https:\/\/www.grills-saveurs.ch\/fr\/produit\/grattoir-pour-plancha-28-cm\/\" \/>\n<meta property=\"og:site_name\" content=\"Grills et Saveurs\" \/>\n<meta property=\"article:modified_time\" content=\"2024-03-22T14:05:20+00:00\" \/>\n<meta property=\"og:image\" content=\"https:\/\/www.grills-saveurs.ch\/fr\/wp-content\/uploads\/2020\/03\/6207A.png\" \/>\n\t<meta property=\"og:image:width\" content=\"1000\" \/>\n\t<meta property=\"og:image:height\" content=\"950\" \/>\n\t<meta property=\"og:image:type\" content=\"image\/png\" \/>\n<meta name=\"twitter:card\" content=\"summary_large_image\" \/>\n<script type=\"application\/ld+json\" class=\"yoast-schema-graph\">{\"@context\":\"https:\/\/schema.org\",\"@graph\":[{\"@type\":\"WebSite\",\"@id\":\"https:\/\/www.grills-saveurs.ch\/fr\/#website\",\"url\":\"https:\/\/www.grills-saveurs.ch\/fr\/\",\"name\":\"Grills et Saveurs\",\"description\":\"Barbecues, Grills, Planchas, Chemin\u00e9es jardin - Lausanne, Suisse Romande\",\"potentialAction\":[{\"@type\":\"SearchAction\",\"target\":{\"@type\":\"EntryPoint\",\"urlTemplate\":\"https:\/\/www.grills-saveurs.ch\/fr\/?s={search_term_string}\"},\"query-input\":\"required name=search_term_string\"}],\"inLanguage\":\"fr-FR\"},{\"@type\":\"ImageObject\",\"@id\":\"https:\/\/www.grills-saveurs.ch\/fr\/produit\/grattoir-pour-plancha-28-cm\/#primaryimage\",\"inLanguage\":\"fr-FR\",\"url\":\"https:\/\/www.grills-saveurs.ch\/fr\/wp-content\/uploads\/2020\/03\/6207A.png\",\"contentUrl\":\"https:\/\/www.grills-saveurs.ch\/fr\/wp-content\/uploads\/2020\/03\/6207A.png\",\"width\":1000,\"height\":950,\"caption\":\"Grattoir pour plancha 28 cm 6207\"},{\"@type\":\"WebPage\",\"@id\":\"https:\/\/www.grills-saveurs.ch\/fr\/produit\/grattoir-pour-plancha-28-cm\/#webpage\",\"url\":\"https:\/\/www.grills-saveurs.ch\/fr\/produit\/grattoir-pour-plancha-28-cm\/\",\"name\":\"Grattoir pour plancha 28 cm Weber - Grills et Saveurs\",\"isPartOf\":{\"@id\":\"https:\/\/www.grills-saveurs.ch\/fr\/#website\"},\"primaryImageOfPage\":{\"@id\":\"https:\/\/www.grills-saveurs.ch\/fr\/produit\/grattoir-pour-plancha-28-cm\/#primaryimage\"},\"datePublished\":\"2020-03-30T08:14:53+00:00\",\"dateModified\":\"2024-03-22T14:05:20+00:00\",\"description\":\"Le grattoir r\u00e9sistant pour plancha en inox enl\u00e8ve la graisse et les aliments coll\u00e9s sur votre plancha. Avec son bord tranchant et son manche ...\",\"breadcrumb\":{\"@id\":\"https:\/\/www.grills-saveurs.ch\/fr\/produit\/grattoir-pour-plancha-28-cm\/#breadcrumb\"},\"inLanguage\":\"fr-FR\",\"potentialAction\":[{\"@type\":\"ReadAction\",\"target\":[\"https:\/\/www.grills-saveurs.ch\/fr\/produit\/grattoir-pour-plancha-28-cm\/\"]}]},{\"@type\":\"BreadcrumbList\",\"@id\":\"https:\/\/www.grills-saveurs.ch\/fr\/produit\/grattoir-pour-plancha-28-cm\/#breadcrumb\",\"itemListElement\":[{\"@type\":\"ListItem\",\"position\":1,\"name\":\"Accueil\",\"item\":\"https:\/\/www.grills-saveurs.ch\/fr\/\"},{\"@type\":\"ListItem\",\"position\":2,\"name\":\"Shop \/ Boutique\",\"item\":\"https:\/\/www.grills-saveurs.ch\/fr\/boutique\/\"},{\"@type\":\"ListItem\",\"position\":3,\"name\":\"Grattoir pour plancha 28 cm Weber\"}]}]}<\/script>\n<!-- \/ Yoast SEO plugin. -->","yoast_head_json":{"title":"Grattoir pour plancha 28 cm Weber - Grills et Saveurs","description":"Le grattoir r\u00e9sistant pour plancha en inox enl\u00e8ve la graisse et les aliments coll\u00e9s sur votre plancha. Avec son bord tranchant et son manche ...","robots":{"index":"index","follow":"follow","max-snippet":"max-snippet:-1","max-image-preview":"max-image-preview:large","max-video-preview":"max-video-preview:-1"},"canonical":"https:\/\/www.grills-saveurs.ch\/fr\/produit\/grattoir-pour-plancha-28-cm\/","og_locale":"fr_FR","og_type":"article","og_title":"Grattoir pour plancha 28 cm Weber - Grills et Saveurs","og_description":"Le grattoir r\u00e9sistant pour plancha en inox enl\u00e8ve la graisse et les aliments coll\u00e9s sur votre plancha. Avec son bord tranchant et son manche ...","og_url":"https:\/\/www.grills-saveurs.ch\/fr\/produit\/grattoir-pour-plancha-28-cm\/","og_site_name":"Grills et Saveurs","article_modified_time":"2024-03-22T14:05:20+00:00","og_image":[{"width":1000,"height":950,"url":"https:\/\/www.grills-saveurs.ch\/fr\/wp-content\/uploads\/2020\/03\/6207A.png","type":"image\/png"}],"twitter_card":"summary_large_image","schema":{"@context":"https:\/\/schema.org","@graph":[{"@type":"WebSite","@id":"https:\/\/www.grills-saveurs.ch\/fr\/#website","url":"https:\/\/www.grills-saveurs.ch\/fr\/","name":"Grills et Saveurs","description":"Barbecues, Grills, Planchas, Chemin\u00e9es jardin - Lausanne, Suisse Romande","potentialAction":[{"@type":"SearchAction","target":{"@type":"EntryPoint","urlTemplate":"https:\/\/www.grills-saveurs.ch\/fr\/?s={search_term_string}"},"query-input":"required name=search_term_string"}],"inLanguage":"fr-FR"},{"@type":"ImageObject","@id":"https:\/\/www.grills-saveurs.ch\/fr\/produit\/grattoir-pour-plancha-28-cm\/#primaryimage","inLanguage":"fr-FR","url":"https:\/\/www.grills-saveurs.ch\/fr\/wp-content\/uploads\/2020\/03\/6207A.png","contentUrl":"https:\/\/www.grills-saveurs.ch\/fr\/wp-content\/uploads\/2020\/03\/6207A.png","width":1000,"height":950,"caption":"Grattoir pour plancha 28 cm 6207"},{"@type":"WebPage","@id":"https:\/\/www.grills-saveurs.ch\/fr\/produit\/grattoir-pour-plancha-28-cm\/#webpage","url":"https:\/\/www.grills-saveurs.ch\/fr\/produit\/grattoir-pour-plancha-28-cm\/","name":"Grattoir pour plancha 28 cm Weber - Grills et Saveurs","isPartOf":{"@id":"https:\/\/www.grills-saveurs.ch\/fr\/#website"},"primaryImageOfPage":{"@id":"https:\/\/www.grills-saveurs.ch\/fr\/produit\/grattoir-pour-plancha-28-cm\/#primaryimage"},"datePublished":"2020-03-30T08:14:53+00:00","dateModified":"2024-03-22T14:05:20+00:00","description":"Le grattoir r\u00e9sistant pour plancha en inox enl\u00e8ve la graisse et les aliments coll\u00e9s sur votre plancha. Avec son bord tranchant et son manche ...","breadcrumb":{"@id":"https:\/\/www.grills-saveurs.ch\/fr\/produit\/grattoir-pour-plancha-28-cm\/#breadcrumb"},"inLanguage":"fr-FR","potentialAction":[{"@type":"ReadAction","target":["https:\/\/www.grills-saveurs.ch\/fr\/produit\/grattoir-pour-plancha-28-cm\/"]}]},{"@type":"BreadcrumbList","@id":"https:\/\/www.grills-saveurs.ch\/fr\/produit\/grattoir-pour-plancha-28-cm\/#breadcrumb","itemListElement":[{"@type":"ListItem","position":1,"name":"Accueil","item":"https:\/\/www.grills-saveurs.ch\/fr\/"},{"@type":"ListItem","position":2,"name":"Shop \/ Boutique","item":"https:\/\/www.grills-saveurs.ch\/fr\/boutique\/"},{"@type":"ListItem","position":3,"name":"Grattoir pour plancha 28 cm Weber"}]}]}},"_links":{"self":[{"href":"https:\/\/www.grills-saveurs.ch\/fr\/wp-json\/wp\/v2\/product\/5094"}],"collection":[{"href":"https:\/\/www.grills-saveurs.ch\/fr\/wp-json\/wp\/v2\/product"}],"about":[{"href":"https:\/\/www.grills-saveurs.ch\/fr\/wp-json\/wp\/v2\/types\/product"}],"wp:featuredmedia":[{"embeddable":true,"href":"https:\/\/www.grills-saveurs.ch\/fr\/wp-json\/wp\/v2\/media\/5321"}],"wp:attachment":[{"href":"https:\/\/www.grills-saveurs.ch\/fr\/wp-json\/wp\/v2\/media?parent=5094"}],"wp:term":[{"taxonomy":"product_cat","embeddable":true,"href":"https:\/\/www.grills-saveurs.ch\/fr\/wp-json\/wp\/v2\/product_cat?post=5094"},{"taxonomy":"product_tag","embeddable":true,"href":"https:\/\/www.grills-saveurs.ch\/fr\/wp-json\/wp\/v2\/product_tag?post=5094"}],"curies":[{"name":"wp","href":"https:\/\/api.w.org\/{rel}","templated":true}]}}