{"id":5095,"date":"2020-03-30T10:14:53","date_gmt":"2020-03-30T08:14:53","guid":{"rendered":"https:\/\/www.grills-saveurs.ch\/fr\/produit\/pellets-granules-blend-100-naturels-9-kg\/"},"modified":"2025-03-10T10:37:16","modified_gmt":"2025-03-10T09:37:16","slug":"pellets-granules-blend-100-naturels-9-kg","status":"publish","type":"product","link":"https:\/\/www.grills-saveurs.ch\/fr\/produit\/pellets-granules-blend-100-naturels-9-kg\/","title":{"rendered":"Pellets 100 % naturels Grill Academy Blend 9 kg"},"content":{"rendered":"<div>Les pellets (granul\u00e9s de bois) SmokeFire ont \u00e9t\u00e9 soigneusement cr\u00e9es pour un barbecue exceptionnel. Con\u00e7us pour sublimer la saveur de vos aliments sans liants, juste un authentique go\u00fbt bois\u00e9.<\/div>\n<div><\/div>\n<div><strong><br \/>\nCARACT\u00c9RISTIQUES<\/strong><\/div>\n<ul>\n<li>Con\u00e7us pour sublimer la saveur de vos aliments.<\/li>\n<li>Authentique go\u00fbt bois\u00e9.<\/li>\n<li>34\u00a0% \u00e9rable, 33\u00a0% hickory, 33\u00a0% cerisier, 0\u00a0% de liants, 100\u00a0% de saveur (ratio calcul\u00e9 au poids).<\/li>\n<li>Mod\u00e9r\u00e9\u00a0: \u00e9quilibr\u00e9 et savoureux avec un fini doux et sucr\u00e9.<\/li>\n<li>Se marie bien avec\u00a0: b\u0153uf, volaille, porc, agneau, gibier, fruits de mer, l\u00e9gumes, p\u00e2tisseries et pizza.<\/li>\n<li>Mat\u00e9riau : bois dur 100 % naturel.<\/li>\n<li>Compatible : barbecues \u00e0 pellets Weber SmokeFire et tous les autres barbecues \u00e0 pellets.<\/li>\n<\/ul>\n","protected":false},"excerpt":{"rendered":"<p>190101<\/p>\n","protected":false},"featured_media":5118,"template":"","meta":[],"product_cat":[260,165],"product_tag":[84],"yoast_head":"<!-- This site is optimized with the Yoast SEO plugin v18.2 - https:\/\/yoast.com\/wordpress\/plugins\/seo\/ -->\n<title>Pellets 100 % naturels Grill Academy Blend 9 kg - Grills et Saveurs<\/title>\n<meta name=\"description\" content=\"Les pellets (granul\u00e9s de bois) SmokeFire ont \u00e9t\u00e9 soigneusement cr\u00e9es pour un barbecue exceptionnel. Con\u00e7us pour sublimer la saveur ...\" \/>\n<meta name=\"robots\" content=\"index, follow, max-snippet:-1, max-image-preview:large, max-video-preview:-1\" \/>\n<link rel=\"canonical\" href=\"https:\/\/www.grills-saveurs.ch\/fr\/produit\/pellets-granules-blend-100-naturels-9-kg\/\" \/>\n<meta property=\"og:locale\" content=\"fr_FR\" \/>\n<meta property=\"og:type\" content=\"article\" \/>\n<meta property=\"og:title\" content=\"Pellets 100 % naturels Grill Academy Blend 9 kg - Grills et Saveurs\" \/>\n<meta property=\"og:description\" content=\"Les pellets (granul\u00e9s de bois) SmokeFire ont \u00e9t\u00e9 soigneusement cr\u00e9es pour un barbecue exceptionnel. Con\u00e7us pour sublimer la saveur ...\" \/>\n<meta property=\"og:url\" content=\"https:\/\/www.grills-saveurs.ch\/fr\/produit\/pellets-granules-blend-100-naturels-9-kg\/\" \/>\n<meta property=\"og:site_name\" content=\"Grills et Saveurs\" \/>\n<meta property=\"article:modified_time\" content=\"2025-03-10T09:37:16+00:00\" \/>\n<meta property=\"og:image\" content=\"https:\/\/www.grills-saveurs.ch\/fr\/wp-content\/uploads\/2020\/03\/190101-pellets-smokefire-weber.png\" \/>\n\t<meta property=\"og:image:width\" content=\"1000\" \/>\n\t<meta property=\"og:image:height\" content=\"950\" \/>\n\t<meta property=\"og:image:type\" content=\"image\/png\" \/>\n<meta name=\"twitter:card\" content=\"summary_large_image\" \/>\n<meta name=\"twitter:label1\" content=\"Dur\u00e9e de lecture estim\u00e9e\" \/>\n\t<meta name=\"twitter:data1\" content=\"1 minute\" \/>\n<script type=\"application\/ld+json\" class=\"yoast-schema-graph\">{\"@context\":\"https:\/\/schema.org\",\"@graph\":[{\"@type\":\"WebSite\",\"@id\":\"https:\/\/www.grills-saveurs.ch\/fr\/#website\",\"url\":\"https:\/\/www.grills-saveurs.ch\/fr\/\",\"name\":\"Grills et Saveurs\",\"description\":\"Barbecues, Grills, Planchas, Chemin\u00e9es jardin - Lausanne, Suisse Romande\",\"potentialAction\":[{\"@type\":\"SearchAction\",\"target\":{\"@type\":\"EntryPoint\",\"urlTemplate\":\"https:\/\/www.grills-saveurs.ch\/fr\/?s={search_term_string}\"},\"query-input\":\"required name=search_term_string\"}],\"inLanguage\":\"fr-FR\"},{\"@type\":\"ImageObject\",\"@id\":\"https:\/\/www.grills-saveurs.ch\/fr\/produit\/pellets-granules-blend-100-naturels-9-kg\/#primaryimage\",\"inLanguage\":\"fr-FR\",\"url\":\"https:\/\/www.grills-saveurs.ch\/fr\/wp-content\/uploads\/2020\/03\/190101-pellets-smokefire-weber.png\",\"contentUrl\":\"https:\/\/www.grills-saveurs.ch\/fr\/wp-content\/uploads\/2020\/03\/190101-pellets-smokefire-weber.png\",\"width\":1000,\"height\":950,\"caption\":\"Pellets Weber (granul\u00e9s de bois) 100 % naturels Grill Academy Blend 9 kg 190101\"},{\"@type\":\"WebPage\",\"@id\":\"https:\/\/www.grills-saveurs.ch\/fr\/produit\/pellets-granules-blend-100-naturels-9-kg\/#webpage\",\"url\":\"https:\/\/www.grills-saveurs.ch\/fr\/produit\/pellets-granules-blend-100-naturels-9-kg\/\",\"name\":\"Pellets 100 % naturels Grill Academy Blend 9 kg - Grills et Saveurs\",\"isPartOf\":{\"@id\":\"https:\/\/www.grills-saveurs.ch\/fr\/#website\"},\"primaryImageOfPage\":{\"@id\":\"https:\/\/www.grills-saveurs.ch\/fr\/produit\/pellets-granules-blend-100-naturels-9-kg\/#primaryimage\"},\"datePublished\":\"2020-03-30T08:14:53+00:00\",\"dateModified\":\"2025-03-10T09:37:16+00:00\",\"description\":\"Les pellets (granul\u00e9s de bois) SmokeFire ont \u00e9t\u00e9 soigneusement cr\u00e9es pour un barbecue exceptionnel. Con\u00e7us pour sublimer la saveur ...\",\"breadcrumb\":{\"@id\":\"https:\/\/www.grills-saveurs.ch\/fr\/produit\/pellets-granules-blend-100-naturels-9-kg\/#breadcrumb\"},\"inLanguage\":\"fr-FR\",\"potentialAction\":[{\"@type\":\"ReadAction\",\"target\":[\"https:\/\/www.grills-saveurs.ch\/fr\/produit\/pellets-granules-blend-100-naturels-9-kg\/\"]}]},{\"@type\":\"BreadcrumbList\",\"@id\":\"https:\/\/www.grills-saveurs.ch\/fr\/produit\/pellets-granules-blend-100-naturels-9-kg\/#breadcrumb\",\"itemListElement\":[{\"@type\":\"ListItem\",\"position\":1,\"name\":\"Accueil\",\"item\":\"https:\/\/www.grills-saveurs.ch\/fr\/\"},{\"@type\":\"ListItem\",\"position\":2,\"name\":\"Shop \/ Boutique\",\"item\":\"https:\/\/www.grills-saveurs.ch\/fr\/boutique\/\"},{\"@type\":\"ListItem\",\"position\":3,\"name\":\"Pellets 100 % naturels Grill Academy Blend 9 kg\"}]}]}<\/script>\n<!-- \/ Yoast SEO plugin. -->","yoast_head_json":{"title":"Pellets 100 % naturels Grill Academy Blend 9 kg - Grills et Saveurs","description":"Les pellets (granul\u00e9s de bois) SmokeFire ont \u00e9t\u00e9 soigneusement cr\u00e9es pour un barbecue exceptionnel. Con\u00e7us pour sublimer la saveur ...","robots":{"index":"index","follow":"follow","max-snippet":"max-snippet:-1","max-image-preview":"max-image-preview:large","max-video-preview":"max-video-preview:-1"},"canonical":"https:\/\/www.grills-saveurs.ch\/fr\/produit\/pellets-granules-blend-100-naturels-9-kg\/","og_locale":"fr_FR","og_type":"article","og_title":"Pellets 100 % naturels Grill Academy Blend 9 kg - Grills et Saveurs","og_description":"Les pellets (granul\u00e9s de bois) SmokeFire ont \u00e9t\u00e9 soigneusement cr\u00e9es pour un barbecue exceptionnel. Con\u00e7us pour sublimer la saveur ...","og_url":"https:\/\/www.grills-saveurs.ch\/fr\/produit\/pellets-granules-blend-100-naturels-9-kg\/","og_site_name":"Grills et Saveurs","article_modified_time":"2025-03-10T09:37:16+00:00","og_image":[{"width":1000,"height":950,"url":"https:\/\/www.grills-saveurs.ch\/fr\/wp-content\/uploads\/2020\/03\/190101-pellets-smokefire-weber.png","type":"image\/png"}],"twitter_card":"summary_large_image","twitter_misc":{"Dur\u00e9e de lecture estim\u00e9e":"1 minute"},"schema":{"@context":"https:\/\/schema.org","@graph":[{"@type":"WebSite","@id":"https:\/\/www.grills-saveurs.ch\/fr\/#website","url":"https:\/\/www.grills-saveurs.ch\/fr\/","name":"Grills et Saveurs","description":"Barbecues, Grills, Planchas, Chemin\u00e9es jardin - Lausanne, Suisse Romande","potentialAction":[{"@type":"SearchAction","target":{"@type":"EntryPoint","urlTemplate":"https:\/\/www.grills-saveurs.ch\/fr\/?s={search_term_string}"},"query-input":"required name=search_term_string"}],"inLanguage":"fr-FR"},{"@type":"ImageObject","@id":"https:\/\/www.grills-saveurs.ch\/fr\/produit\/pellets-granules-blend-100-naturels-9-kg\/#primaryimage","inLanguage":"fr-FR","url":"https:\/\/www.grills-saveurs.ch\/fr\/wp-content\/uploads\/2020\/03\/190101-pellets-smokefire-weber.png","contentUrl":"https:\/\/www.grills-saveurs.ch\/fr\/wp-content\/uploads\/2020\/03\/190101-pellets-smokefire-weber.png","width":1000,"height":950,"caption":"Pellets Weber (granul\u00e9s de bois) 100 % naturels Grill Academy Blend 9 kg 190101"},{"@type":"WebPage","@id":"https:\/\/www.grills-saveurs.ch\/fr\/produit\/pellets-granules-blend-100-naturels-9-kg\/#webpage","url":"https:\/\/www.grills-saveurs.ch\/fr\/produit\/pellets-granules-blend-100-naturels-9-kg\/","name":"Pellets 100 % naturels Grill Academy Blend 9 kg - Grills et Saveurs","isPartOf":{"@id":"https:\/\/www.grills-saveurs.ch\/fr\/#website"},"primaryImageOfPage":{"@id":"https:\/\/www.grills-saveurs.ch\/fr\/produit\/pellets-granules-blend-100-naturels-9-kg\/#primaryimage"},"datePublished":"2020-03-30T08:14:53+00:00","dateModified":"2025-03-10T09:37:16+00:00","description":"Les pellets (granul\u00e9s de bois) SmokeFire ont \u00e9t\u00e9 soigneusement cr\u00e9es pour un barbecue exceptionnel. Con\u00e7us pour sublimer la saveur ...","breadcrumb":{"@id":"https:\/\/www.grills-saveurs.ch\/fr\/produit\/pellets-granules-blend-100-naturels-9-kg\/#breadcrumb"},"inLanguage":"fr-FR","potentialAction":[{"@type":"ReadAction","target":["https:\/\/www.grills-saveurs.ch\/fr\/produit\/pellets-granules-blend-100-naturels-9-kg\/"]}]},{"@type":"BreadcrumbList","@id":"https:\/\/www.grills-saveurs.ch\/fr\/produit\/pellets-granules-blend-100-naturels-9-kg\/#breadcrumb","itemListElement":[{"@type":"ListItem","position":1,"name":"Accueil","item":"https:\/\/www.grills-saveurs.ch\/fr\/"},{"@type":"ListItem","position":2,"name":"Shop \/ Boutique","item":"https:\/\/www.grills-saveurs.ch\/fr\/boutique\/"},{"@type":"ListItem","position":3,"name":"Pellets 100 % naturels Grill Academy Blend 9 kg"}]}]}},"_links":{"self":[{"href":"https:\/\/www.grills-saveurs.ch\/fr\/wp-json\/wp\/v2\/product\/5095"}],"collection":[{"href":"https:\/\/www.grills-saveurs.ch\/fr\/wp-json\/wp\/v2\/product"}],"about":[{"href":"https:\/\/www.grills-saveurs.ch\/fr\/wp-json\/wp\/v2\/types\/product"}],"wp:featuredmedia":[{"embeddable":true,"href":"https:\/\/www.grills-saveurs.ch\/fr\/wp-json\/wp\/v2\/media\/5118"}],"wp:attachment":[{"href":"https:\/\/www.grills-saveurs.ch\/fr\/wp-json\/wp\/v2\/media?parent=5095"}],"wp:term":[{"taxonomy":"product_cat","embeddable":true,"href":"https:\/\/www.grills-saveurs.ch\/fr\/wp-json\/wp\/v2\/product_cat?post=5095"},{"taxonomy":"product_tag","embeddable":true,"href":"https:\/\/www.grills-saveurs.ch\/fr\/wp-json\/wp\/v2\/product_tag?post=5095"}],"curies":[{"name":"wp","href":"https:\/\/api.w.org\/{rel}","templated":true}]}}