{"id":5098,"date":"2020-03-30T10:14:57","date_gmt":"2020-03-30T08:14:57","guid":{"rendered":"https:\/\/www.grills-saveurs.ch\/fr\/produit\/barquettes-x10-smokefire-et-summit\/"},"modified":"2024-03-25T22:30:25","modified_gmt":"2024-03-25T21:30:25","slug":"barquettes-x10-smokefire-et-summit","status":"publish","type":"product","link":"https:\/\/www.grills-saveurs.ch\/fr\/produit\/barquettes-x10-smokefire-et-summit\/","title":{"rendered":"Barquettes jetables Weber, longues &#8211; SmokeFire et Summit"},"content":{"rendered":"<p>Une simple barquette peut vous \u00e9viter beaucoup d\u2019entretien. Elle tapisse le bac \u00e0 graisse de votre barbecue pour une \u00e9limination de la graisse facile et propre.<\/p>\n<p><strong>CARACT\u00c9RISTIQUES<\/strong><\/p>\n<ul>\n<li>Rev\u00eatements en papier aluminium pour bac de r\u00e9cup\u00e9ration de graisse<\/li>\n<li>Quantit\u00e9 : 10<\/li>\n<li>Conseils de nettoyage : laver \u00e0 la main avant utilisation<\/li>\n<li>Compatible : Barbecues \u00e0 pellets SmokeFire EX4\/EX6, s\u00e9rie de barbecues \u00e0 gaz Summit 400\/600, Summit Gold 6 br\u00fbleurs, Summit Platinum 6\u00a0br\u00fbleurs et Genesis II 400\/600.<\/li>\n<\/ul>\n","protected":false},"excerpt":{"rendered":"<p>6498<\/p>\n","protected":false},"featured_media":5124,"template":"","meta":[],"product_cat":[181,169],"product_tag":[84],"yoast_head":"<!-- This site is optimized with the Yoast SEO plugin v18.2 - https:\/\/yoast.com\/wordpress\/plugins\/seo\/ -->\n<title>Barquettes jetables Weber, longues - SmokeFire et Summit - Grills et Saveurs<\/title>\n<meta name=\"description\" content=\"Une simple barquette peut vous \u00e9viter beaucoup d\u2019entretien. Elle tapisse le bac \u00e0 graisse de votre barbecue pour une \u00e9limination ....\" \/>\n<meta name=\"robots\" content=\"index, follow, max-snippet:-1, max-image-preview:large, max-video-preview:-1\" \/>\n<link rel=\"canonical\" href=\"https:\/\/www.grills-saveurs.ch\/fr\/produit\/barquettes-x10-smokefire-et-summit\/\" \/>\n<meta property=\"og:locale\" content=\"fr_FR\" \/>\n<meta property=\"og:type\" content=\"article\" \/>\n<meta property=\"og:title\" content=\"Barquettes jetables Weber, longues - SmokeFire et Summit - Grills et Saveurs\" \/>\n<meta property=\"og:description\" content=\"Une simple barquette peut vous \u00e9viter beaucoup d\u2019entretien. Elle tapisse le bac \u00e0 graisse de votre barbecue pour une \u00e9limination ....\" \/>\n<meta property=\"og:url\" content=\"https:\/\/www.grills-saveurs.ch\/fr\/produit\/barquettes-x10-smokefire-et-summit\/\" \/>\n<meta property=\"og:site_name\" content=\"Grills et Saveurs\" \/>\n<meta property=\"article:modified_time\" content=\"2024-03-25T21:30:25+00:00\" \/>\n<meta property=\"og:image\" content=\"https:\/\/www.grills-saveurs.ch\/fr\/wp-content\/uploads\/2020\/03\/6498-barquettes-weber-smokefire-1.png\" \/>\n\t<meta property=\"og:image:width\" content=\"1000\" \/>\n\t<meta property=\"og:image:height\" content=\"950\" \/>\n\t<meta property=\"og:image:type\" content=\"image\/png\" \/>\n<meta name=\"twitter:card\" content=\"summary_large_image\" \/>\n<script type=\"application\/ld+json\" class=\"yoast-schema-graph\">{\"@context\":\"https:\/\/schema.org\",\"@graph\":[{\"@type\":\"WebSite\",\"@id\":\"https:\/\/www.grills-saveurs.ch\/fr\/#website\",\"url\":\"https:\/\/www.grills-saveurs.ch\/fr\/\",\"name\":\"Grills et Saveurs\",\"description\":\"Barbecues, Grills, Planchas, Chemin\u00e9es jardin - Lausanne, Suisse Romande\",\"potentialAction\":[{\"@type\":\"SearchAction\",\"target\":{\"@type\":\"EntryPoint\",\"urlTemplate\":\"https:\/\/www.grills-saveurs.ch\/fr\/?s={search_term_string}\"},\"query-input\":\"required name=search_term_string\"}],\"inLanguage\":\"fr-FR\"},{\"@type\":\"ImageObject\",\"@id\":\"https:\/\/www.grills-saveurs.ch\/fr\/produit\/barquettes-x10-smokefire-et-summit\/#primaryimage\",\"inLanguage\":\"fr-FR\",\"url\":\"https:\/\/www.grills-saveurs.ch\/fr\/wp-content\/uploads\/2020\/03\/6498-barquettes-weber-smokefire-1.png\",\"contentUrl\":\"https:\/\/www.grills-saveurs.ch\/fr\/wp-content\/uploads\/2020\/03\/6498-barquettes-weber-smokefire-1.png\",\"width\":1000,\"height\":950,\"caption\":\"6498 Barquettes Weber Smokefire\"},{\"@type\":\"WebPage\",\"@id\":\"https:\/\/www.grills-saveurs.ch\/fr\/produit\/barquettes-x10-smokefire-et-summit\/#webpage\",\"url\":\"https:\/\/www.grills-saveurs.ch\/fr\/produit\/barquettes-x10-smokefire-et-summit\/\",\"name\":\"Barquettes jetables Weber, longues - SmokeFire et Summit - Grills et Saveurs\",\"isPartOf\":{\"@id\":\"https:\/\/www.grills-saveurs.ch\/fr\/#website\"},\"primaryImageOfPage\":{\"@id\":\"https:\/\/www.grills-saveurs.ch\/fr\/produit\/barquettes-x10-smokefire-et-summit\/#primaryimage\"},\"datePublished\":\"2020-03-30T08:14:57+00:00\",\"dateModified\":\"2024-03-25T21:30:25+00:00\",\"description\":\"Une simple barquette peut vous \u00e9viter beaucoup d\u2019entretien. Elle tapisse le bac \u00e0 graisse de votre barbecue pour une \u00e9limination ....\",\"breadcrumb\":{\"@id\":\"https:\/\/www.grills-saveurs.ch\/fr\/produit\/barquettes-x10-smokefire-et-summit\/#breadcrumb\"},\"inLanguage\":\"fr-FR\",\"potentialAction\":[{\"@type\":\"ReadAction\",\"target\":[\"https:\/\/www.grills-saveurs.ch\/fr\/produit\/barquettes-x10-smokefire-et-summit\/\"]}]},{\"@type\":\"BreadcrumbList\",\"@id\":\"https:\/\/www.grills-saveurs.ch\/fr\/produit\/barquettes-x10-smokefire-et-summit\/#breadcrumb\",\"itemListElement\":[{\"@type\":\"ListItem\",\"position\":1,\"name\":\"Accueil\",\"item\":\"https:\/\/www.grills-saveurs.ch\/fr\/\"},{\"@type\":\"ListItem\",\"position\":2,\"name\":\"Shop \/ Boutique\",\"item\":\"https:\/\/www.grills-saveurs.ch\/fr\/boutique\/\"},{\"@type\":\"ListItem\",\"position\":3,\"name\":\"Barquettes jetables Weber, longues &#8211; SmokeFire et Summit\"}]}]}<\/script>\n<!-- \/ Yoast SEO plugin. -->","yoast_head_json":{"title":"Barquettes jetables Weber, longues - SmokeFire et Summit - Grills et Saveurs","description":"Une simple barquette peut vous \u00e9viter beaucoup d\u2019entretien. Elle tapisse le bac \u00e0 graisse de votre barbecue pour une \u00e9limination ....","robots":{"index":"index","follow":"follow","max-snippet":"max-snippet:-1","max-image-preview":"max-image-preview:large","max-video-preview":"max-video-preview:-1"},"canonical":"https:\/\/www.grills-saveurs.ch\/fr\/produit\/barquettes-x10-smokefire-et-summit\/","og_locale":"fr_FR","og_type":"article","og_title":"Barquettes jetables Weber, longues - SmokeFire et Summit - Grills et Saveurs","og_description":"Une simple barquette peut vous \u00e9viter beaucoup d\u2019entretien. Elle tapisse le bac \u00e0 graisse de votre barbecue pour une \u00e9limination ....","og_url":"https:\/\/www.grills-saveurs.ch\/fr\/produit\/barquettes-x10-smokefire-et-summit\/","og_site_name":"Grills et Saveurs","article_modified_time":"2024-03-25T21:30:25+00:00","og_image":[{"width":1000,"height":950,"url":"https:\/\/www.grills-saveurs.ch\/fr\/wp-content\/uploads\/2020\/03\/6498-barquettes-weber-smokefire-1.png","type":"image\/png"}],"twitter_card":"summary_large_image","schema":{"@context":"https:\/\/schema.org","@graph":[{"@type":"WebSite","@id":"https:\/\/www.grills-saveurs.ch\/fr\/#website","url":"https:\/\/www.grills-saveurs.ch\/fr\/","name":"Grills et Saveurs","description":"Barbecues, Grills, Planchas, Chemin\u00e9es jardin - Lausanne, Suisse Romande","potentialAction":[{"@type":"SearchAction","target":{"@type":"EntryPoint","urlTemplate":"https:\/\/www.grills-saveurs.ch\/fr\/?s={search_term_string}"},"query-input":"required name=search_term_string"}],"inLanguage":"fr-FR"},{"@type":"ImageObject","@id":"https:\/\/www.grills-saveurs.ch\/fr\/produit\/barquettes-x10-smokefire-et-summit\/#primaryimage","inLanguage":"fr-FR","url":"https:\/\/www.grills-saveurs.ch\/fr\/wp-content\/uploads\/2020\/03\/6498-barquettes-weber-smokefire-1.png","contentUrl":"https:\/\/www.grills-saveurs.ch\/fr\/wp-content\/uploads\/2020\/03\/6498-barquettes-weber-smokefire-1.png","width":1000,"height":950,"caption":"6498 Barquettes Weber Smokefire"},{"@type":"WebPage","@id":"https:\/\/www.grills-saveurs.ch\/fr\/produit\/barquettes-x10-smokefire-et-summit\/#webpage","url":"https:\/\/www.grills-saveurs.ch\/fr\/produit\/barquettes-x10-smokefire-et-summit\/","name":"Barquettes jetables Weber, longues - SmokeFire et Summit - Grills et Saveurs","isPartOf":{"@id":"https:\/\/www.grills-saveurs.ch\/fr\/#website"},"primaryImageOfPage":{"@id":"https:\/\/www.grills-saveurs.ch\/fr\/produit\/barquettes-x10-smokefire-et-summit\/#primaryimage"},"datePublished":"2020-03-30T08:14:57+00:00","dateModified":"2024-03-25T21:30:25+00:00","description":"Une simple barquette peut vous \u00e9viter beaucoup d\u2019entretien. Elle tapisse le bac \u00e0 graisse de votre barbecue pour une \u00e9limination ....","breadcrumb":{"@id":"https:\/\/www.grills-saveurs.ch\/fr\/produit\/barquettes-x10-smokefire-et-summit\/#breadcrumb"},"inLanguage":"fr-FR","potentialAction":[{"@type":"ReadAction","target":["https:\/\/www.grills-saveurs.ch\/fr\/produit\/barquettes-x10-smokefire-et-summit\/"]}]},{"@type":"BreadcrumbList","@id":"https:\/\/www.grills-saveurs.ch\/fr\/produit\/barquettes-x10-smokefire-et-summit\/#breadcrumb","itemListElement":[{"@type":"ListItem","position":1,"name":"Accueil","item":"https:\/\/www.grills-saveurs.ch\/fr\/"},{"@type":"ListItem","position":2,"name":"Shop \/ Boutique","item":"https:\/\/www.grills-saveurs.ch\/fr\/boutique\/"},{"@type":"ListItem","position":3,"name":"Barquettes jetables Weber, longues &#8211; SmokeFire et Summit"}]}]}},"_links":{"self":[{"href":"https:\/\/www.grills-saveurs.ch\/fr\/wp-json\/wp\/v2\/product\/5098"}],"collection":[{"href":"https:\/\/www.grills-saveurs.ch\/fr\/wp-json\/wp\/v2\/product"}],"about":[{"href":"https:\/\/www.grills-saveurs.ch\/fr\/wp-json\/wp\/v2\/types\/product"}],"wp:featuredmedia":[{"embeddable":true,"href":"https:\/\/www.grills-saveurs.ch\/fr\/wp-json\/wp\/v2\/media\/5124"}],"wp:attachment":[{"href":"https:\/\/www.grills-saveurs.ch\/fr\/wp-json\/wp\/v2\/media?parent=5098"}],"wp:term":[{"taxonomy":"product_cat","embeddable":true,"href":"https:\/\/www.grills-saveurs.ch\/fr\/wp-json\/wp\/v2\/product_cat?post=5098"},{"taxonomy":"product_tag","embeddable":true,"href":"https:\/\/www.grills-saveurs.ch\/fr\/wp-json\/wp\/v2\/product_tag?post=5098"}],"curies":[{"name":"wp","href":"https:\/\/api.w.org\/{rel}","templated":true}]}}