{"id":5102,"date":"2020-03-30T10:14:58","date_gmt":"2020-03-30T08:14:58","guid":{"rendered":"https:\/\/www.grills-saveurs.ch\/fr\/produit\/recureur-pour-plancha\/"},"modified":"2024-03-21T11:19:27","modified_gmt":"2024-03-21T10:19:27","slug":"recureur-pour-plancha","status":"publish","type":"product","link":"https:\/\/www.grills-saveurs.ch\/fr\/produit\/recureur-pour-plancha\/","title":{"rendered":"R\u00e9cureur pour plancha Weber"},"content":{"rendered":"<p>L&rsquo;\u00e9ponge m\u00e9tallique pour plancha enl\u00e8ve les aliments coll\u00e9s tout en prot\u00e9geant la surface lisse de votre plancha. Placez le r\u00e9cureur sur la plancha et appuyez doucement sur le bouton du manche vers le bas pour lib\u00e9rer le savon.<\/p>\n<p><strong>Compatible avec les <a href=\"https:\/\/www.grills-saveurs.ch\/fr\/produit\/tete-de-remplacement-pour-eponge-metallique-weber\/\">t\u00eates de remplacement pour \u00e9ponge m\u00e9tallique Weber r\u00e9f. 6210<\/a>.<\/strong><\/p>\n<p><strong>CARACT\u00c9RISTIQUES<\/strong><\/p>\n<ul>\n<li>Enl\u00e8ve les aliments qui ont attach\u00e9 tout en prot\u00e9geant la surface lisse de la plancha<\/li>\n<li>Fil r\u00e9sistant<\/li>\n<li>La t\u00eate est facilement d\u00e9tachable et rempla\u00e7able.<\/li>\n<li>Mat\u00e9riau : fil robuste<\/li>\n<li>Dimensions du produit : 10cm H x 10cm L x 10cm P<\/li>\n<\/ul>\n","protected":false},"excerpt":{"rendered":"<p>6209<\/p>\n","protected":false},"featured_media":5183,"template":"","meta":[],"product_cat":[162,167,122],"product_tag":[84],"yoast_head":"<!-- This site is optimized with the Yoast SEO plugin v18.2 - https:\/\/yoast.com\/wordpress\/plugins\/seo\/ -->\n<title>R\u00e9cureur pour plancha Weber - Grills et Saveurs<\/title>\n<meta name=\"description\" content=\"L&#039;\u00e9ponge m\u00e9tallique pour plancha enl\u00e8ve les aliments coll\u00e9s tout en prot\u00e9geant la surface lisse de votre plancha. Placez le r\u00e9cureur sur la plancha et ...\" \/>\n<meta name=\"robots\" content=\"index, follow, max-snippet:-1, max-image-preview:large, max-video-preview:-1\" \/>\n<link rel=\"canonical\" href=\"https:\/\/www.grills-saveurs.ch\/fr\/produit\/recureur-pour-plancha\/\" \/>\n<meta property=\"og:locale\" content=\"fr_FR\" \/>\n<meta property=\"og:type\" content=\"article\" \/>\n<meta property=\"og:title\" content=\"R\u00e9cureur pour plancha Weber - Grills et Saveurs\" \/>\n<meta property=\"og:description\" content=\"L&#039;\u00e9ponge m\u00e9tallique pour plancha enl\u00e8ve les aliments coll\u00e9s tout en prot\u00e9geant la surface lisse de votre plancha. Placez le r\u00e9cureur sur la plancha et ...\" \/>\n<meta property=\"og:url\" content=\"https:\/\/www.grills-saveurs.ch\/fr\/produit\/recureur-pour-plancha\/\" \/>\n<meta property=\"og:site_name\" content=\"Grills et Saveurs\" \/>\n<meta property=\"article:modified_time\" content=\"2024-03-21T10:19:27+00:00\" \/>\n<meta property=\"og:image\" content=\"https:\/\/www.grills-saveurs.ch\/fr\/wp-content\/uploads\/2020\/03\/6209_recureur-pour_plancha_weber.png\" \/>\n\t<meta property=\"og:image:width\" content=\"1000\" \/>\n\t<meta property=\"og:image:height\" content=\"950\" \/>\n\t<meta property=\"og:image:type\" content=\"image\/png\" \/>\n<meta name=\"twitter:card\" content=\"summary_large_image\" \/>\n<meta name=\"twitter:label1\" content=\"Dur\u00e9e de lecture estim\u00e9e\" \/>\n\t<meta name=\"twitter:data1\" content=\"1 minute\" \/>\n<script type=\"application\/ld+json\" class=\"yoast-schema-graph\">{\"@context\":\"https:\/\/schema.org\",\"@graph\":[{\"@type\":\"WebSite\",\"@id\":\"https:\/\/www.grills-saveurs.ch\/fr\/#website\",\"url\":\"https:\/\/www.grills-saveurs.ch\/fr\/\",\"name\":\"Grills et Saveurs\",\"description\":\"Barbecues, Grills, Planchas, Chemin\u00e9es jardin - Lausanne, Suisse Romande\",\"potentialAction\":[{\"@type\":\"SearchAction\",\"target\":{\"@type\":\"EntryPoint\",\"urlTemplate\":\"https:\/\/www.grills-saveurs.ch\/fr\/?s={search_term_string}\"},\"query-input\":\"required name=search_term_string\"}],\"inLanguage\":\"fr-FR\"},{\"@type\":\"ImageObject\",\"@id\":\"https:\/\/www.grills-saveurs.ch\/fr\/produit\/recureur-pour-plancha\/#primaryimage\",\"inLanguage\":\"fr-FR\",\"url\":\"https:\/\/www.grills-saveurs.ch\/fr\/wp-content\/uploads\/2020\/03\/6209_recureur-pour_plancha_weber.png\",\"contentUrl\":\"https:\/\/www.grills-saveurs.ch\/fr\/wp-content\/uploads\/2020\/03\/6209_recureur-pour_plancha_weber.png\",\"width\":1000,\"height\":950,\"caption\":\"R\u00e9cureur pour plancha Weber 6209\"},{\"@type\":\"WebPage\",\"@id\":\"https:\/\/www.grills-saveurs.ch\/fr\/produit\/recureur-pour-plancha\/#webpage\",\"url\":\"https:\/\/www.grills-saveurs.ch\/fr\/produit\/recureur-pour-plancha\/\",\"name\":\"R\u00e9cureur pour plancha Weber - Grills et Saveurs\",\"isPartOf\":{\"@id\":\"https:\/\/www.grills-saveurs.ch\/fr\/#website\"},\"primaryImageOfPage\":{\"@id\":\"https:\/\/www.grills-saveurs.ch\/fr\/produit\/recureur-pour-plancha\/#primaryimage\"},\"datePublished\":\"2020-03-30T08:14:58+00:00\",\"dateModified\":\"2024-03-21T10:19:27+00:00\",\"description\":\"L'\u00e9ponge m\u00e9tallique pour plancha enl\u00e8ve les aliments coll\u00e9s tout en prot\u00e9geant la surface lisse de votre plancha. Placez le r\u00e9cureur sur la plancha et ...\",\"breadcrumb\":{\"@id\":\"https:\/\/www.grills-saveurs.ch\/fr\/produit\/recureur-pour-plancha\/#breadcrumb\"},\"inLanguage\":\"fr-FR\",\"potentialAction\":[{\"@type\":\"ReadAction\",\"target\":[\"https:\/\/www.grills-saveurs.ch\/fr\/produit\/recureur-pour-plancha\/\"]}]},{\"@type\":\"BreadcrumbList\",\"@id\":\"https:\/\/www.grills-saveurs.ch\/fr\/produit\/recureur-pour-plancha\/#breadcrumb\",\"itemListElement\":[{\"@type\":\"ListItem\",\"position\":1,\"name\":\"Accueil\",\"item\":\"https:\/\/www.grills-saveurs.ch\/fr\/\"},{\"@type\":\"ListItem\",\"position\":2,\"name\":\"Shop \/ Boutique\",\"item\":\"https:\/\/www.grills-saveurs.ch\/fr\/boutique\/\"},{\"@type\":\"ListItem\",\"position\":3,\"name\":\"R\u00e9cureur pour plancha Weber\"}]}]}<\/script>\n<!-- \/ Yoast SEO plugin. -->","yoast_head_json":{"title":"R\u00e9cureur pour plancha Weber - Grills et Saveurs","description":"L'\u00e9ponge m\u00e9tallique pour plancha enl\u00e8ve les aliments coll\u00e9s tout en prot\u00e9geant la surface lisse de votre plancha. Placez le r\u00e9cureur sur la plancha et ...","robots":{"index":"index","follow":"follow","max-snippet":"max-snippet:-1","max-image-preview":"max-image-preview:large","max-video-preview":"max-video-preview:-1"},"canonical":"https:\/\/www.grills-saveurs.ch\/fr\/produit\/recureur-pour-plancha\/","og_locale":"fr_FR","og_type":"article","og_title":"R\u00e9cureur pour plancha Weber - Grills et Saveurs","og_description":"L'\u00e9ponge m\u00e9tallique pour plancha enl\u00e8ve les aliments coll\u00e9s tout en prot\u00e9geant la surface lisse de votre plancha. Placez le r\u00e9cureur sur la plancha et ...","og_url":"https:\/\/www.grills-saveurs.ch\/fr\/produit\/recureur-pour-plancha\/","og_site_name":"Grills et Saveurs","article_modified_time":"2024-03-21T10:19:27+00:00","og_image":[{"width":1000,"height":950,"url":"https:\/\/www.grills-saveurs.ch\/fr\/wp-content\/uploads\/2020\/03\/6209_recureur-pour_plancha_weber.png","type":"image\/png"}],"twitter_card":"summary_large_image","twitter_misc":{"Dur\u00e9e de lecture estim\u00e9e":"1 minute"},"schema":{"@context":"https:\/\/schema.org","@graph":[{"@type":"WebSite","@id":"https:\/\/www.grills-saveurs.ch\/fr\/#website","url":"https:\/\/www.grills-saveurs.ch\/fr\/","name":"Grills et Saveurs","description":"Barbecues, Grills, Planchas, Chemin\u00e9es jardin - Lausanne, Suisse Romande","potentialAction":[{"@type":"SearchAction","target":{"@type":"EntryPoint","urlTemplate":"https:\/\/www.grills-saveurs.ch\/fr\/?s={search_term_string}"},"query-input":"required name=search_term_string"}],"inLanguage":"fr-FR"},{"@type":"ImageObject","@id":"https:\/\/www.grills-saveurs.ch\/fr\/produit\/recureur-pour-plancha\/#primaryimage","inLanguage":"fr-FR","url":"https:\/\/www.grills-saveurs.ch\/fr\/wp-content\/uploads\/2020\/03\/6209_recureur-pour_plancha_weber.png","contentUrl":"https:\/\/www.grills-saveurs.ch\/fr\/wp-content\/uploads\/2020\/03\/6209_recureur-pour_plancha_weber.png","width":1000,"height":950,"caption":"R\u00e9cureur pour plancha Weber 6209"},{"@type":"WebPage","@id":"https:\/\/www.grills-saveurs.ch\/fr\/produit\/recureur-pour-plancha\/#webpage","url":"https:\/\/www.grills-saveurs.ch\/fr\/produit\/recureur-pour-plancha\/","name":"R\u00e9cureur pour plancha Weber - Grills et Saveurs","isPartOf":{"@id":"https:\/\/www.grills-saveurs.ch\/fr\/#website"},"primaryImageOfPage":{"@id":"https:\/\/www.grills-saveurs.ch\/fr\/produit\/recureur-pour-plancha\/#primaryimage"},"datePublished":"2020-03-30T08:14:58+00:00","dateModified":"2024-03-21T10:19:27+00:00","description":"L'\u00e9ponge m\u00e9tallique pour plancha enl\u00e8ve les aliments coll\u00e9s tout en prot\u00e9geant la surface lisse de votre plancha. Placez le r\u00e9cureur sur la plancha et ...","breadcrumb":{"@id":"https:\/\/www.grills-saveurs.ch\/fr\/produit\/recureur-pour-plancha\/#breadcrumb"},"inLanguage":"fr-FR","potentialAction":[{"@type":"ReadAction","target":["https:\/\/www.grills-saveurs.ch\/fr\/produit\/recureur-pour-plancha\/"]}]},{"@type":"BreadcrumbList","@id":"https:\/\/www.grills-saveurs.ch\/fr\/produit\/recureur-pour-plancha\/#breadcrumb","itemListElement":[{"@type":"ListItem","position":1,"name":"Accueil","item":"https:\/\/www.grills-saveurs.ch\/fr\/"},{"@type":"ListItem","position":2,"name":"Shop \/ Boutique","item":"https:\/\/www.grills-saveurs.ch\/fr\/boutique\/"},{"@type":"ListItem","position":3,"name":"R\u00e9cureur pour plancha Weber"}]}]}},"_links":{"self":[{"href":"https:\/\/www.grills-saveurs.ch\/fr\/wp-json\/wp\/v2\/product\/5102"}],"collection":[{"href":"https:\/\/www.grills-saveurs.ch\/fr\/wp-json\/wp\/v2\/product"}],"about":[{"href":"https:\/\/www.grills-saveurs.ch\/fr\/wp-json\/wp\/v2\/types\/product"}],"wp:featuredmedia":[{"embeddable":true,"href":"https:\/\/www.grills-saveurs.ch\/fr\/wp-json\/wp\/v2\/media\/5183"}],"wp:attachment":[{"href":"https:\/\/www.grills-saveurs.ch\/fr\/wp-json\/wp\/v2\/media?parent=5102"}],"wp:term":[{"taxonomy":"product_cat","embeddable":true,"href":"https:\/\/www.grills-saveurs.ch\/fr\/wp-json\/wp\/v2\/product_cat?post=5102"},{"taxonomy":"product_tag","embeddable":true,"href":"https:\/\/www.grills-saveurs.ch\/fr\/wp-json\/wp\/v2\/product_tag?post=5102"}],"curies":[{"name":"wp","href":"https:\/\/api.w.org\/{rel}","templated":true}]}}