{"id":5104,"date":"2020-03-30T10:14:58","date_gmt":"2020-03-30T08:14:58","guid":{"rendered":"https:\/\/www.grills-saveurs.ch\/fr\/produit\/nettoyant-pour-grille-weber-300-ml\/"},"modified":"2024-03-22T15:18:39","modified_gmt":"2024-03-22T14:18:39","slug":"nettoyant-pour-grille-weber-300-ml","status":"publish","type":"product","link":"https:\/\/www.grills-saveurs.ch\/fr\/produit\/nettoyant-pour-grille-weber-300-ml\/","title":{"rendered":"Nettoyant pour grille de cuisson Weber"},"content":{"rendered":"<p>Le nettoyant pour grille haute performance est un spray de brume fine qui simplifie le nettoyage de vos grilles et de l&rsquo;int\u00e9rieur de votre cuve de cuisson. Pulv\u00e9risez et attendez 30 secondes pour d\u00e9tacher la graisse et les r\u00e9sidus d&rsquo;aliments, puis essuyez.<\/p>\n<p><strong>CARACT\u00c9RISTIQUES<\/strong><\/p>\n<ul>\n<li>Biod\u00e9gradable<\/li>\n<li>Pas d&rsquo;ingr\u00e9dient dangereux<\/li>\n<li>Pour tous les barbecues<\/li>\n<li>300ml<\/li>\n<\/ul>\n","protected":false},"excerpt":{"rendered":"<p>17875<\/p>\n","protected":false},"featured_media":5301,"template":"","meta":[],"product_cat":[122],"product_tag":[84],"yoast_head":"<!-- This site is optimized with the Yoast SEO plugin v18.2 - https:\/\/yoast.com\/wordpress\/plugins\/seo\/ -->\n<title>Nettoyant pour grille de cuisson Weber - Grills et Saveurs<\/title>\n<meta name=\"description\" content=\"Le nettoyant pour grille haute performance est un spray de brume fine qui simplifie le nettoyage de vos grilles et de l&#039;int\u00e9rieur de votre cuve de cuisson.\" \/>\n<meta name=\"robots\" content=\"index, follow, max-snippet:-1, max-image-preview:large, max-video-preview:-1\" \/>\n<link rel=\"canonical\" href=\"https:\/\/www.grills-saveurs.ch\/fr\/produit\/nettoyant-pour-grille-weber-300-ml\/\" \/>\n<meta property=\"og:locale\" content=\"fr_FR\" \/>\n<meta property=\"og:type\" content=\"article\" \/>\n<meta property=\"og:title\" content=\"Nettoyant pour grille de cuisson Weber - Grills et Saveurs\" \/>\n<meta property=\"og:description\" content=\"Le nettoyant pour grille haute performance est un spray de brume fine qui simplifie le nettoyage de vos grilles et de l&#039;int\u00e9rieur de votre cuve de cuisson.\" \/>\n<meta property=\"og:url\" content=\"https:\/\/www.grills-saveurs.ch\/fr\/produit\/nettoyant-pour-grille-weber-300-ml\/\" \/>\n<meta property=\"og:site_name\" content=\"Grills et Saveurs\" \/>\n<meta property=\"article:modified_time\" content=\"2024-03-22T14:18:39+00:00\" \/>\n<meta property=\"og:image\" content=\"https:\/\/www.grills-saveurs.ch\/fr\/wp-content\/uploads\/2020\/03\/17875.png\" \/>\n\t<meta property=\"og:image:width\" content=\"1000\" \/>\n\t<meta property=\"og:image:height\" content=\"950\" \/>\n\t<meta property=\"og:image:type\" content=\"image\/png\" \/>\n<meta name=\"twitter:card\" content=\"summary_large_image\" \/>\n<script type=\"application\/ld+json\" class=\"yoast-schema-graph\">{\"@context\":\"https:\/\/schema.org\",\"@graph\":[{\"@type\":\"WebSite\",\"@id\":\"https:\/\/www.grills-saveurs.ch\/fr\/#website\",\"url\":\"https:\/\/www.grills-saveurs.ch\/fr\/\",\"name\":\"Grills et Saveurs\",\"description\":\"Barbecues, Grills, Planchas, Chemin\u00e9es jardin - Lausanne, Suisse Romande\",\"potentialAction\":[{\"@type\":\"SearchAction\",\"target\":{\"@type\":\"EntryPoint\",\"urlTemplate\":\"https:\/\/www.grills-saveurs.ch\/fr\/?s={search_term_string}\"},\"query-input\":\"required name=search_term_string\"}],\"inLanguage\":\"fr-FR\"},{\"@type\":\"ImageObject\",\"@id\":\"https:\/\/www.grills-saveurs.ch\/fr\/produit\/nettoyant-pour-grille-weber-300-ml\/#primaryimage\",\"inLanguage\":\"fr-FR\",\"url\":\"https:\/\/www.grills-saveurs.ch\/fr\/wp-content\/uploads\/2020\/03\/17875.png\",\"contentUrl\":\"https:\/\/www.grills-saveurs.ch\/fr\/wp-content\/uploads\/2020\/03\/17875.png\",\"width\":1000,\"height\":950,\"caption\":\"Nettoyant pour grille Weber 17875\"},{\"@type\":\"WebPage\",\"@id\":\"https:\/\/www.grills-saveurs.ch\/fr\/produit\/nettoyant-pour-grille-weber-300-ml\/#webpage\",\"url\":\"https:\/\/www.grills-saveurs.ch\/fr\/produit\/nettoyant-pour-grille-weber-300-ml\/\",\"name\":\"Nettoyant pour grille de cuisson Weber - Grills et Saveurs\",\"isPartOf\":{\"@id\":\"https:\/\/www.grills-saveurs.ch\/fr\/#website\"},\"primaryImageOfPage\":{\"@id\":\"https:\/\/www.grills-saveurs.ch\/fr\/produit\/nettoyant-pour-grille-weber-300-ml\/#primaryimage\"},\"datePublished\":\"2020-03-30T08:14:58+00:00\",\"dateModified\":\"2024-03-22T14:18:39+00:00\",\"description\":\"Le nettoyant pour grille haute performance est un spray de brume fine qui simplifie le nettoyage de vos grilles et de l'int\u00e9rieur de votre cuve de cuisson.\",\"breadcrumb\":{\"@id\":\"https:\/\/www.grills-saveurs.ch\/fr\/produit\/nettoyant-pour-grille-weber-300-ml\/#breadcrumb\"},\"inLanguage\":\"fr-FR\",\"potentialAction\":[{\"@type\":\"ReadAction\",\"target\":[\"https:\/\/www.grills-saveurs.ch\/fr\/produit\/nettoyant-pour-grille-weber-300-ml\/\"]}]},{\"@type\":\"BreadcrumbList\",\"@id\":\"https:\/\/www.grills-saveurs.ch\/fr\/produit\/nettoyant-pour-grille-weber-300-ml\/#breadcrumb\",\"itemListElement\":[{\"@type\":\"ListItem\",\"position\":1,\"name\":\"Accueil\",\"item\":\"https:\/\/www.grills-saveurs.ch\/fr\/\"},{\"@type\":\"ListItem\",\"position\":2,\"name\":\"Shop \/ Boutique\",\"item\":\"https:\/\/www.grills-saveurs.ch\/fr\/boutique\/\"},{\"@type\":\"ListItem\",\"position\":3,\"name\":\"Nettoyant pour grille de cuisson Weber\"}]}]}<\/script>\n<!-- \/ Yoast SEO plugin. -->","yoast_head_json":{"title":"Nettoyant pour grille de cuisson Weber - Grills et Saveurs","description":"Le nettoyant pour grille haute performance est un spray de brume fine qui simplifie le nettoyage de vos grilles et de l'int\u00e9rieur de votre cuve de cuisson.","robots":{"index":"index","follow":"follow","max-snippet":"max-snippet:-1","max-image-preview":"max-image-preview:large","max-video-preview":"max-video-preview:-1"},"canonical":"https:\/\/www.grills-saveurs.ch\/fr\/produit\/nettoyant-pour-grille-weber-300-ml\/","og_locale":"fr_FR","og_type":"article","og_title":"Nettoyant pour grille de cuisson Weber - Grills et Saveurs","og_description":"Le nettoyant pour grille haute performance est un spray de brume fine qui simplifie le nettoyage de vos grilles et de l'int\u00e9rieur de votre cuve de cuisson.","og_url":"https:\/\/www.grills-saveurs.ch\/fr\/produit\/nettoyant-pour-grille-weber-300-ml\/","og_site_name":"Grills et Saveurs","article_modified_time":"2024-03-22T14:18:39+00:00","og_image":[{"width":1000,"height":950,"url":"https:\/\/www.grills-saveurs.ch\/fr\/wp-content\/uploads\/2020\/03\/17875.png","type":"image\/png"}],"twitter_card":"summary_large_image","schema":{"@context":"https:\/\/schema.org","@graph":[{"@type":"WebSite","@id":"https:\/\/www.grills-saveurs.ch\/fr\/#website","url":"https:\/\/www.grills-saveurs.ch\/fr\/","name":"Grills et Saveurs","description":"Barbecues, Grills, Planchas, Chemin\u00e9es jardin - Lausanne, Suisse Romande","potentialAction":[{"@type":"SearchAction","target":{"@type":"EntryPoint","urlTemplate":"https:\/\/www.grills-saveurs.ch\/fr\/?s={search_term_string}"},"query-input":"required name=search_term_string"}],"inLanguage":"fr-FR"},{"@type":"ImageObject","@id":"https:\/\/www.grills-saveurs.ch\/fr\/produit\/nettoyant-pour-grille-weber-300-ml\/#primaryimage","inLanguage":"fr-FR","url":"https:\/\/www.grills-saveurs.ch\/fr\/wp-content\/uploads\/2020\/03\/17875.png","contentUrl":"https:\/\/www.grills-saveurs.ch\/fr\/wp-content\/uploads\/2020\/03\/17875.png","width":1000,"height":950,"caption":"Nettoyant pour grille Weber 17875"},{"@type":"WebPage","@id":"https:\/\/www.grills-saveurs.ch\/fr\/produit\/nettoyant-pour-grille-weber-300-ml\/#webpage","url":"https:\/\/www.grills-saveurs.ch\/fr\/produit\/nettoyant-pour-grille-weber-300-ml\/","name":"Nettoyant pour grille de cuisson Weber - Grills et Saveurs","isPartOf":{"@id":"https:\/\/www.grills-saveurs.ch\/fr\/#website"},"primaryImageOfPage":{"@id":"https:\/\/www.grills-saveurs.ch\/fr\/produit\/nettoyant-pour-grille-weber-300-ml\/#primaryimage"},"datePublished":"2020-03-30T08:14:58+00:00","dateModified":"2024-03-22T14:18:39+00:00","description":"Le nettoyant pour grille haute performance est un spray de brume fine qui simplifie le nettoyage de vos grilles et de l'int\u00e9rieur de votre cuve de cuisson.","breadcrumb":{"@id":"https:\/\/www.grills-saveurs.ch\/fr\/produit\/nettoyant-pour-grille-weber-300-ml\/#breadcrumb"},"inLanguage":"fr-FR","potentialAction":[{"@type":"ReadAction","target":["https:\/\/www.grills-saveurs.ch\/fr\/produit\/nettoyant-pour-grille-weber-300-ml\/"]}]},{"@type":"BreadcrumbList","@id":"https:\/\/www.grills-saveurs.ch\/fr\/produit\/nettoyant-pour-grille-weber-300-ml\/#breadcrumb","itemListElement":[{"@type":"ListItem","position":1,"name":"Accueil","item":"https:\/\/www.grills-saveurs.ch\/fr\/"},{"@type":"ListItem","position":2,"name":"Shop \/ Boutique","item":"https:\/\/www.grills-saveurs.ch\/fr\/boutique\/"},{"@type":"ListItem","position":3,"name":"Nettoyant pour grille de cuisson Weber"}]}]}},"_links":{"self":[{"href":"https:\/\/www.grills-saveurs.ch\/fr\/wp-json\/wp\/v2\/product\/5104"}],"collection":[{"href":"https:\/\/www.grills-saveurs.ch\/fr\/wp-json\/wp\/v2\/product"}],"about":[{"href":"https:\/\/www.grills-saveurs.ch\/fr\/wp-json\/wp\/v2\/types\/product"}],"wp:featuredmedia":[{"embeddable":true,"href":"https:\/\/www.grills-saveurs.ch\/fr\/wp-json\/wp\/v2\/media\/5301"}],"wp:attachment":[{"href":"https:\/\/www.grills-saveurs.ch\/fr\/wp-json\/wp\/v2\/media?parent=5104"}],"wp:term":[{"taxonomy":"product_cat","embeddable":true,"href":"https:\/\/www.grills-saveurs.ch\/fr\/wp-json\/wp\/v2\/product_cat?post=5104"},{"taxonomy":"product_tag","embeddable":true,"href":"https:\/\/www.grills-saveurs.ch\/fr\/wp-json\/wp\/v2\/product_tag?post=5104"}],"curies":[{"name":"wp","href":"https:\/\/api.w.org\/{rel}","templated":true}]}}