{"id":5106,"date":"2020-03-30T10:14:59","date_gmt":"2020-03-30T08:14:59","guid":{"rendered":"https:\/\/www.grills-saveurs.ch\/fr\/produit\/planches-a-portion-en-cedre-4-pieces\/"},"modified":"2024-03-21T11:21:01","modified_gmt":"2024-03-21T10:21:01","slug":"planches-a-portion-en-cedre-4-pieces","status":"publish","type":"product","link":"https:\/\/www.grills-saveurs.ch\/fr\/produit\/planches-a-portion-en-cedre-4-pieces\/","title":{"rendered":"Planches \u00e0 portion en c\u00e8dre Weber"},"content":{"rendered":"<p>Pour la cuisson d&rsquo;un filet de poisson fin, la planche de c\u00e8dre fait toute la diff\u00e9rence. Le c\u00e8dre apporte un merveilleux go\u00fbt fum\u00e9, tandis que la planche \u00e9vite que les aliments les plus d\u00e9licats n\u2019adh\u00e8rent \u00e0 la grille de cuisson.<\/p>\n<p><strong>CARACT\u00c9RISTIQUES<\/strong><\/p>\n<ul>\n<li>Quantit\u00e9 : lot de 4<\/li>\n<li>Recommand\u00e9es pour le fumage du fromage, des l\u00e9gumes, du poisson et de la volaille<\/li>\n<li>Go\u00fbt fum\u00e9 doux<\/li>\n<li>100 % naturel<\/li>\n<li>Saveur sucr\u00e9e<\/li>\n<li>Dimensions du produit : 1.08cm H x 10.92cm L x 14.99cm P<\/li>\n<\/ul>\n","protected":false},"excerpt":{"rendered":"<p>17832<\/p>\n","protected":false},"featured_media":5187,"template":"","meta":[],"product_cat":[165],"product_tag":[84],"yoast_head":"<!-- This site is optimized with the Yoast SEO plugin v18.2 - https:\/\/yoast.com\/wordpress\/plugins\/seo\/ -->\n<title>Planches \u00e0 portion en c\u00e8dre Weber - Grills et Saveurs<\/title>\n<meta name=\"description\" content=\"Pour la cuisson d&#039;un filet de poisson fin, la planche de c\u00e8dre fait toute la diff\u00e9rence. Le c\u00e8dre apporte un merveilleux ...\" \/>\n<meta name=\"robots\" content=\"index, follow, max-snippet:-1, max-image-preview:large, max-video-preview:-1\" \/>\n<link rel=\"canonical\" href=\"https:\/\/www.grills-saveurs.ch\/fr\/produit\/planches-a-portion-en-cedre-4-pieces\/\" \/>\n<meta property=\"og:locale\" content=\"fr_FR\" \/>\n<meta property=\"og:type\" content=\"article\" \/>\n<meta property=\"og:title\" content=\"Planches \u00e0 portion en c\u00e8dre Weber - Grills et Saveurs\" \/>\n<meta property=\"og:description\" content=\"Pour la cuisson d&#039;un filet de poisson fin, la planche de c\u00e8dre fait toute la diff\u00e9rence. Le c\u00e8dre apporte un merveilleux ...\" \/>\n<meta property=\"og:url\" content=\"https:\/\/www.grills-saveurs.ch\/fr\/produit\/planches-a-portion-en-cedre-4-pieces\/\" \/>\n<meta property=\"og:site_name\" content=\"Grills et Saveurs\" \/>\n<meta property=\"article:modified_time\" content=\"2024-03-21T10:21:01+00:00\" \/>\n<meta property=\"og:image\" content=\"https:\/\/www.grills-saveurs.ch\/fr\/wp-content\/uploads\/2020\/03\/17832_planches_a_portion_cedre_weber_2.png\" \/>\n\t<meta property=\"og:image:width\" content=\"1000\" \/>\n\t<meta property=\"og:image:height\" content=\"950\" \/>\n\t<meta property=\"og:image:type\" content=\"image\/png\" \/>\n<meta name=\"twitter:card\" content=\"summary_large_image\" \/>\n<script type=\"application\/ld+json\" class=\"yoast-schema-graph\">{\"@context\":\"https:\/\/schema.org\",\"@graph\":[{\"@type\":\"WebSite\",\"@id\":\"https:\/\/www.grills-saveurs.ch\/fr\/#website\",\"url\":\"https:\/\/www.grills-saveurs.ch\/fr\/\",\"name\":\"Grills et Saveurs\",\"description\":\"Barbecues, Grills, Planchas, Chemin\u00e9es jardin - Lausanne, Suisse Romande\",\"potentialAction\":[{\"@type\":\"SearchAction\",\"target\":{\"@type\":\"EntryPoint\",\"urlTemplate\":\"https:\/\/www.grills-saveurs.ch\/fr\/?s={search_term_string}\"},\"query-input\":\"required name=search_term_string\"}],\"inLanguage\":\"fr-FR\"},{\"@type\":\"ImageObject\",\"@id\":\"https:\/\/www.grills-saveurs.ch\/fr\/produit\/planches-a-portion-en-cedre-4-pieces\/#primaryimage\",\"inLanguage\":\"fr-FR\",\"url\":\"https:\/\/www.grills-saveurs.ch\/fr\/wp-content\/uploads\/2020\/03\/17832_planches_a_portion_cedre_weber_2.png\",\"contentUrl\":\"https:\/\/www.grills-saveurs.ch\/fr\/wp-content\/uploads\/2020\/03\/17832_planches_a_portion_cedre_weber_2.png\",\"width\":1000,\"height\":950,\"caption\":\"Planches \u00e0 portion en c\u00e8dre 17832\"},{\"@type\":\"WebPage\",\"@id\":\"https:\/\/www.grills-saveurs.ch\/fr\/produit\/planches-a-portion-en-cedre-4-pieces\/#webpage\",\"url\":\"https:\/\/www.grills-saveurs.ch\/fr\/produit\/planches-a-portion-en-cedre-4-pieces\/\",\"name\":\"Planches \u00e0 portion en c\u00e8dre Weber - Grills et Saveurs\",\"isPartOf\":{\"@id\":\"https:\/\/www.grills-saveurs.ch\/fr\/#website\"},\"primaryImageOfPage\":{\"@id\":\"https:\/\/www.grills-saveurs.ch\/fr\/produit\/planches-a-portion-en-cedre-4-pieces\/#primaryimage\"},\"datePublished\":\"2020-03-30T08:14:59+00:00\",\"dateModified\":\"2024-03-21T10:21:01+00:00\",\"description\":\"Pour la cuisson d'un filet de poisson fin, la planche de c\u00e8dre fait toute la diff\u00e9rence. Le c\u00e8dre apporte un merveilleux ...\",\"breadcrumb\":{\"@id\":\"https:\/\/www.grills-saveurs.ch\/fr\/produit\/planches-a-portion-en-cedre-4-pieces\/#breadcrumb\"},\"inLanguage\":\"fr-FR\",\"potentialAction\":[{\"@type\":\"ReadAction\",\"target\":[\"https:\/\/www.grills-saveurs.ch\/fr\/produit\/planches-a-portion-en-cedre-4-pieces\/\"]}]},{\"@type\":\"BreadcrumbList\",\"@id\":\"https:\/\/www.grills-saveurs.ch\/fr\/produit\/planches-a-portion-en-cedre-4-pieces\/#breadcrumb\",\"itemListElement\":[{\"@type\":\"ListItem\",\"position\":1,\"name\":\"Accueil\",\"item\":\"https:\/\/www.grills-saveurs.ch\/fr\/\"},{\"@type\":\"ListItem\",\"position\":2,\"name\":\"Shop \/ Boutique\",\"item\":\"https:\/\/www.grills-saveurs.ch\/fr\/boutique\/\"},{\"@type\":\"ListItem\",\"position\":3,\"name\":\"Planches \u00e0 portion en c\u00e8dre Weber\"}]}]}<\/script>\n<!-- \/ Yoast SEO plugin. -->","yoast_head_json":{"title":"Planches \u00e0 portion en c\u00e8dre Weber - Grills et Saveurs","description":"Pour la cuisson d'un filet de poisson fin, la planche de c\u00e8dre fait toute la diff\u00e9rence. Le c\u00e8dre apporte un merveilleux ...","robots":{"index":"index","follow":"follow","max-snippet":"max-snippet:-1","max-image-preview":"max-image-preview:large","max-video-preview":"max-video-preview:-1"},"canonical":"https:\/\/www.grills-saveurs.ch\/fr\/produit\/planches-a-portion-en-cedre-4-pieces\/","og_locale":"fr_FR","og_type":"article","og_title":"Planches \u00e0 portion en c\u00e8dre Weber - Grills et Saveurs","og_description":"Pour la cuisson d'un filet de poisson fin, la planche de c\u00e8dre fait toute la diff\u00e9rence. Le c\u00e8dre apporte un merveilleux ...","og_url":"https:\/\/www.grills-saveurs.ch\/fr\/produit\/planches-a-portion-en-cedre-4-pieces\/","og_site_name":"Grills et Saveurs","article_modified_time":"2024-03-21T10:21:01+00:00","og_image":[{"width":1000,"height":950,"url":"https:\/\/www.grills-saveurs.ch\/fr\/wp-content\/uploads\/2020\/03\/17832_planches_a_portion_cedre_weber_2.png","type":"image\/png"}],"twitter_card":"summary_large_image","schema":{"@context":"https:\/\/schema.org","@graph":[{"@type":"WebSite","@id":"https:\/\/www.grills-saveurs.ch\/fr\/#website","url":"https:\/\/www.grills-saveurs.ch\/fr\/","name":"Grills et Saveurs","description":"Barbecues, Grills, Planchas, Chemin\u00e9es jardin - Lausanne, Suisse Romande","potentialAction":[{"@type":"SearchAction","target":{"@type":"EntryPoint","urlTemplate":"https:\/\/www.grills-saveurs.ch\/fr\/?s={search_term_string}"},"query-input":"required name=search_term_string"}],"inLanguage":"fr-FR"},{"@type":"ImageObject","@id":"https:\/\/www.grills-saveurs.ch\/fr\/produit\/planches-a-portion-en-cedre-4-pieces\/#primaryimage","inLanguage":"fr-FR","url":"https:\/\/www.grills-saveurs.ch\/fr\/wp-content\/uploads\/2020\/03\/17832_planches_a_portion_cedre_weber_2.png","contentUrl":"https:\/\/www.grills-saveurs.ch\/fr\/wp-content\/uploads\/2020\/03\/17832_planches_a_portion_cedre_weber_2.png","width":1000,"height":950,"caption":"Planches \u00e0 portion en c\u00e8dre 17832"},{"@type":"WebPage","@id":"https:\/\/www.grills-saveurs.ch\/fr\/produit\/planches-a-portion-en-cedre-4-pieces\/#webpage","url":"https:\/\/www.grills-saveurs.ch\/fr\/produit\/planches-a-portion-en-cedre-4-pieces\/","name":"Planches \u00e0 portion en c\u00e8dre Weber - Grills et Saveurs","isPartOf":{"@id":"https:\/\/www.grills-saveurs.ch\/fr\/#website"},"primaryImageOfPage":{"@id":"https:\/\/www.grills-saveurs.ch\/fr\/produit\/planches-a-portion-en-cedre-4-pieces\/#primaryimage"},"datePublished":"2020-03-30T08:14:59+00:00","dateModified":"2024-03-21T10:21:01+00:00","description":"Pour la cuisson d'un filet de poisson fin, la planche de c\u00e8dre fait toute la diff\u00e9rence. Le c\u00e8dre apporte un merveilleux ...","breadcrumb":{"@id":"https:\/\/www.grills-saveurs.ch\/fr\/produit\/planches-a-portion-en-cedre-4-pieces\/#breadcrumb"},"inLanguage":"fr-FR","potentialAction":[{"@type":"ReadAction","target":["https:\/\/www.grills-saveurs.ch\/fr\/produit\/planches-a-portion-en-cedre-4-pieces\/"]}]},{"@type":"BreadcrumbList","@id":"https:\/\/www.grills-saveurs.ch\/fr\/produit\/planches-a-portion-en-cedre-4-pieces\/#breadcrumb","itemListElement":[{"@type":"ListItem","position":1,"name":"Accueil","item":"https:\/\/www.grills-saveurs.ch\/fr\/"},{"@type":"ListItem","position":2,"name":"Shop \/ Boutique","item":"https:\/\/www.grills-saveurs.ch\/fr\/boutique\/"},{"@type":"ListItem","position":3,"name":"Planches \u00e0 portion en c\u00e8dre Weber"}]}]}},"_links":{"self":[{"href":"https:\/\/www.grills-saveurs.ch\/fr\/wp-json\/wp\/v2\/product\/5106"}],"collection":[{"href":"https:\/\/www.grills-saveurs.ch\/fr\/wp-json\/wp\/v2\/product"}],"about":[{"href":"https:\/\/www.grills-saveurs.ch\/fr\/wp-json\/wp\/v2\/types\/product"}],"wp:featuredmedia":[{"embeddable":true,"href":"https:\/\/www.grills-saveurs.ch\/fr\/wp-json\/wp\/v2\/media\/5187"}],"wp:attachment":[{"href":"https:\/\/www.grills-saveurs.ch\/fr\/wp-json\/wp\/v2\/media?parent=5106"}],"wp:term":[{"taxonomy":"product_cat","embeddable":true,"href":"https:\/\/www.grills-saveurs.ch\/fr\/wp-json\/wp\/v2\/product_cat?post=5106"},{"taxonomy":"product_tag","embeddable":true,"href":"https:\/\/www.grills-saveurs.ch\/fr\/wp-json\/wp\/v2\/product_tag?post=5106"}],"curies":[{"name":"wp","href":"https:\/\/api.w.org\/{rel}","templated":true}]}}