{"id":5108,"date":"2020-03-30T10:15:00","date_gmt":"2020-03-30T08:15:00","guid":{"rendered":"https:\/\/www.grills-saveurs.ch\/fr\/produit\/tete-de-remplacement-pour-eponge-metallique-weber\/"},"modified":"2024-03-21T10:36:01","modified_gmt":"2024-03-21T09:36:01","slug":"tete-de-remplacement-pour-eponge-metallique-weber","status":"publish","type":"product","link":"https:\/\/www.grills-saveurs.ch\/fr\/produit\/tete-de-remplacement-pour-eponge-metallique-weber\/","title":{"rendered":"T\u00eates de remplacement pour \u00e9ponge m\u00e9tallique Weber"},"content":{"rendered":"<p><strong>Compatible avec l&rsquo;\u00e9ponge m\u00e9tallique pour plancha Weber <a href=\"https:\/\/www.grills-saveurs.ch\/fr\/produit\/recureur-pour-plancha\/\">r\u00e9f. 6209<\/a><\/strong><\/p>\n<p>Mat\u00e9riau : fil robuste<\/p>\n<p>Pack de 2<\/p>\n<p>Dimensions du produit : 10.16cm H x 10.16cm L x 3.81cm P<\/p>\n","protected":false},"excerpt":{"rendered":"<p>6210<\/p>\n","protected":false},"featured_media":5180,"template":"","meta":[],"product_cat":[167,122],"product_tag":[84],"yoast_head":"<!-- This site is optimized with the Yoast SEO plugin v18.2 - https:\/\/yoast.com\/wordpress\/plugins\/seo\/ -->\n<title>T\u00eates de remplacement pour \u00e9ponge m\u00e9tallique Weber - Grills et Saveurs<\/title>\n<meta name=\"description\" content=\"Le r\u00e9cureur pour plancha enl\u00e8ve les aliments coll\u00e9s tout en prot\u00e9geant la surface lisse de votre plancha. Placez le r\u00e9cureur sur la plancha et ...\" \/>\n<meta name=\"robots\" content=\"index, follow, max-snippet:-1, max-image-preview:large, max-video-preview:-1\" \/>\n<link rel=\"canonical\" href=\"https:\/\/www.grills-saveurs.ch\/fr\/produit\/tete-de-remplacement-pour-eponge-metallique-weber\/\" \/>\n<meta property=\"og:locale\" content=\"fr_FR\" \/>\n<meta property=\"og:type\" content=\"article\" \/>\n<meta property=\"og:title\" content=\"T\u00eates de remplacement pour \u00e9ponge m\u00e9tallique Weber - Grills et Saveurs\" \/>\n<meta property=\"og:description\" content=\"Le r\u00e9cureur pour plancha enl\u00e8ve les aliments coll\u00e9s tout en prot\u00e9geant la surface lisse de votre plancha. Placez le r\u00e9cureur sur la plancha et ...\" \/>\n<meta property=\"og:url\" content=\"https:\/\/www.grills-saveurs.ch\/fr\/produit\/tete-de-remplacement-pour-eponge-metallique-weber\/\" \/>\n<meta property=\"og:site_name\" content=\"Grills et Saveurs\" \/>\n<meta property=\"article:modified_time\" content=\"2024-03-21T09:36:01+00:00\" \/>\n<meta property=\"og:image\" content=\"https:\/\/www.grills-saveurs.ch\/fr\/wp-content\/uploads\/2020\/03\/6210_eponges_metalliques_plancha_weber.png\" \/>\n\t<meta property=\"og:image:width\" content=\"1000\" \/>\n\t<meta property=\"og:image:height\" content=\"950\" \/>\n\t<meta property=\"og:image:type\" content=\"image\/png\" \/>\n<meta name=\"twitter:card\" content=\"summary_large_image\" \/>\n<script type=\"application\/ld+json\" class=\"yoast-schema-graph\">{\"@context\":\"https:\/\/schema.org\",\"@graph\":[{\"@type\":\"WebSite\",\"@id\":\"https:\/\/www.grills-saveurs.ch\/fr\/#website\",\"url\":\"https:\/\/www.grills-saveurs.ch\/fr\/\",\"name\":\"Grills et Saveurs\",\"description\":\"Barbecues, Grills, Planchas, Chemin\u00e9es jardin - Lausanne, Suisse Romande\",\"potentialAction\":[{\"@type\":\"SearchAction\",\"target\":{\"@type\":\"EntryPoint\",\"urlTemplate\":\"https:\/\/www.grills-saveurs.ch\/fr\/?s={search_term_string}\"},\"query-input\":\"required name=search_term_string\"}],\"inLanguage\":\"fr-FR\"},{\"@type\":\"ImageObject\",\"@id\":\"https:\/\/www.grills-saveurs.ch\/fr\/produit\/tete-de-remplacement-pour-eponge-metallique-weber\/#primaryimage\",\"inLanguage\":\"fr-FR\",\"url\":\"https:\/\/www.grills-saveurs.ch\/fr\/wp-content\/uploads\/2020\/03\/6210_eponges_metalliques_plancha_weber.png\",\"contentUrl\":\"https:\/\/www.grills-saveurs.ch\/fr\/wp-content\/uploads\/2020\/03\/6210_eponges_metalliques_plancha_weber.png\",\"width\":1000,\"height\":950,\"caption\":\"T\u00eate de remplacement pour \u00e9ponge m\u00e9tallique Weber 6210\"},{\"@type\":\"WebPage\",\"@id\":\"https:\/\/www.grills-saveurs.ch\/fr\/produit\/tete-de-remplacement-pour-eponge-metallique-weber\/#webpage\",\"url\":\"https:\/\/www.grills-saveurs.ch\/fr\/produit\/tete-de-remplacement-pour-eponge-metallique-weber\/\",\"name\":\"T\u00eates de remplacement pour \u00e9ponge m\u00e9tallique Weber - Grills et Saveurs\",\"isPartOf\":{\"@id\":\"https:\/\/www.grills-saveurs.ch\/fr\/#website\"},\"primaryImageOfPage\":{\"@id\":\"https:\/\/www.grills-saveurs.ch\/fr\/produit\/tete-de-remplacement-pour-eponge-metallique-weber\/#primaryimage\"},\"datePublished\":\"2020-03-30T08:15:00+00:00\",\"dateModified\":\"2024-03-21T09:36:01+00:00\",\"description\":\"Le r\u00e9cureur pour plancha enl\u00e8ve les aliments coll\u00e9s tout en prot\u00e9geant la surface lisse de votre plancha. Placez le r\u00e9cureur sur la plancha et ...\",\"breadcrumb\":{\"@id\":\"https:\/\/www.grills-saveurs.ch\/fr\/produit\/tete-de-remplacement-pour-eponge-metallique-weber\/#breadcrumb\"},\"inLanguage\":\"fr-FR\",\"potentialAction\":[{\"@type\":\"ReadAction\",\"target\":[\"https:\/\/www.grills-saveurs.ch\/fr\/produit\/tete-de-remplacement-pour-eponge-metallique-weber\/\"]}]},{\"@type\":\"BreadcrumbList\",\"@id\":\"https:\/\/www.grills-saveurs.ch\/fr\/produit\/tete-de-remplacement-pour-eponge-metallique-weber\/#breadcrumb\",\"itemListElement\":[{\"@type\":\"ListItem\",\"position\":1,\"name\":\"Accueil\",\"item\":\"https:\/\/www.grills-saveurs.ch\/fr\/\"},{\"@type\":\"ListItem\",\"position\":2,\"name\":\"Shop \/ Boutique\",\"item\":\"https:\/\/www.grills-saveurs.ch\/fr\/boutique\/\"},{\"@type\":\"ListItem\",\"position\":3,\"name\":\"T\u00eates de remplacement pour \u00e9ponge m\u00e9tallique Weber\"}]}]}<\/script>\n<!-- \/ Yoast SEO plugin. -->","yoast_head_json":{"title":"T\u00eates de remplacement pour \u00e9ponge m\u00e9tallique Weber - Grills et Saveurs","description":"Le r\u00e9cureur pour plancha enl\u00e8ve les aliments coll\u00e9s tout en prot\u00e9geant la surface lisse de votre plancha. Placez le r\u00e9cureur sur la plancha et ...","robots":{"index":"index","follow":"follow","max-snippet":"max-snippet:-1","max-image-preview":"max-image-preview:large","max-video-preview":"max-video-preview:-1"},"canonical":"https:\/\/www.grills-saveurs.ch\/fr\/produit\/tete-de-remplacement-pour-eponge-metallique-weber\/","og_locale":"fr_FR","og_type":"article","og_title":"T\u00eates de remplacement pour \u00e9ponge m\u00e9tallique Weber - Grills et Saveurs","og_description":"Le r\u00e9cureur pour plancha enl\u00e8ve les aliments coll\u00e9s tout en prot\u00e9geant la surface lisse de votre plancha. Placez le r\u00e9cureur sur la plancha et ...","og_url":"https:\/\/www.grills-saveurs.ch\/fr\/produit\/tete-de-remplacement-pour-eponge-metallique-weber\/","og_site_name":"Grills et Saveurs","article_modified_time":"2024-03-21T09:36:01+00:00","og_image":[{"width":1000,"height":950,"url":"https:\/\/www.grills-saveurs.ch\/fr\/wp-content\/uploads\/2020\/03\/6210_eponges_metalliques_plancha_weber.png","type":"image\/png"}],"twitter_card":"summary_large_image","schema":{"@context":"https:\/\/schema.org","@graph":[{"@type":"WebSite","@id":"https:\/\/www.grills-saveurs.ch\/fr\/#website","url":"https:\/\/www.grills-saveurs.ch\/fr\/","name":"Grills et Saveurs","description":"Barbecues, Grills, Planchas, Chemin\u00e9es jardin - Lausanne, Suisse Romande","potentialAction":[{"@type":"SearchAction","target":{"@type":"EntryPoint","urlTemplate":"https:\/\/www.grills-saveurs.ch\/fr\/?s={search_term_string}"},"query-input":"required name=search_term_string"}],"inLanguage":"fr-FR"},{"@type":"ImageObject","@id":"https:\/\/www.grills-saveurs.ch\/fr\/produit\/tete-de-remplacement-pour-eponge-metallique-weber\/#primaryimage","inLanguage":"fr-FR","url":"https:\/\/www.grills-saveurs.ch\/fr\/wp-content\/uploads\/2020\/03\/6210_eponges_metalliques_plancha_weber.png","contentUrl":"https:\/\/www.grills-saveurs.ch\/fr\/wp-content\/uploads\/2020\/03\/6210_eponges_metalliques_plancha_weber.png","width":1000,"height":950,"caption":"T\u00eate de remplacement pour \u00e9ponge m\u00e9tallique Weber 6210"},{"@type":"WebPage","@id":"https:\/\/www.grills-saveurs.ch\/fr\/produit\/tete-de-remplacement-pour-eponge-metallique-weber\/#webpage","url":"https:\/\/www.grills-saveurs.ch\/fr\/produit\/tete-de-remplacement-pour-eponge-metallique-weber\/","name":"T\u00eates de remplacement pour \u00e9ponge m\u00e9tallique Weber - Grills et Saveurs","isPartOf":{"@id":"https:\/\/www.grills-saveurs.ch\/fr\/#website"},"primaryImageOfPage":{"@id":"https:\/\/www.grills-saveurs.ch\/fr\/produit\/tete-de-remplacement-pour-eponge-metallique-weber\/#primaryimage"},"datePublished":"2020-03-30T08:15:00+00:00","dateModified":"2024-03-21T09:36:01+00:00","description":"Le r\u00e9cureur pour plancha enl\u00e8ve les aliments coll\u00e9s tout en prot\u00e9geant la surface lisse de votre plancha. Placez le r\u00e9cureur sur la plancha et ...","breadcrumb":{"@id":"https:\/\/www.grills-saveurs.ch\/fr\/produit\/tete-de-remplacement-pour-eponge-metallique-weber\/#breadcrumb"},"inLanguage":"fr-FR","potentialAction":[{"@type":"ReadAction","target":["https:\/\/www.grills-saveurs.ch\/fr\/produit\/tete-de-remplacement-pour-eponge-metallique-weber\/"]}]},{"@type":"BreadcrumbList","@id":"https:\/\/www.grills-saveurs.ch\/fr\/produit\/tete-de-remplacement-pour-eponge-metallique-weber\/#breadcrumb","itemListElement":[{"@type":"ListItem","position":1,"name":"Accueil","item":"https:\/\/www.grills-saveurs.ch\/fr\/"},{"@type":"ListItem","position":2,"name":"Shop \/ Boutique","item":"https:\/\/www.grills-saveurs.ch\/fr\/boutique\/"},{"@type":"ListItem","position":3,"name":"T\u00eates de remplacement pour \u00e9ponge m\u00e9tallique Weber"}]}]}},"_links":{"self":[{"href":"https:\/\/www.grills-saveurs.ch\/fr\/wp-json\/wp\/v2\/product\/5108"}],"collection":[{"href":"https:\/\/www.grills-saveurs.ch\/fr\/wp-json\/wp\/v2\/product"}],"about":[{"href":"https:\/\/www.grills-saveurs.ch\/fr\/wp-json\/wp\/v2\/types\/product"}],"wp:featuredmedia":[{"embeddable":true,"href":"https:\/\/www.grills-saveurs.ch\/fr\/wp-json\/wp\/v2\/media\/5180"}],"wp:attachment":[{"href":"https:\/\/www.grills-saveurs.ch\/fr\/wp-json\/wp\/v2\/media?parent=5108"}],"wp:term":[{"taxonomy":"product_cat","embeddable":true,"href":"https:\/\/www.grills-saveurs.ch\/fr\/wp-json\/wp\/v2\/product_cat?post=5108"},{"taxonomy":"product_tag","embeddable":true,"href":"https:\/\/www.grills-saveurs.ch\/fr\/wp-json\/wp\/v2\/product_tag?post=5108"}],"curies":[{"name":"wp","href":"https:\/\/api.w.org\/{rel}","templated":true}]}}