{"id":6108,"date":"2021-01-02T16:31:56","date_gmt":"2021-01-02T15:31:56","guid":{"rendered":"https:\/\/www.grills-saveurs.ch\/fr\/?post_type=product&#038;p=6108"},"modified":"2025-03-06T16:31:38","modified_gmt":"2025-03-06T15:31:38","slug":"barbecue-a-gaz-broil-king-monarch-320-noir","status":"publish","type":"product","link":"https:\/\/www.grills-saveurs.ch\/fr\/produit\/barbecue-a-gaz-broil-king-monarch-320-noir\/","title":{"rendered":"Barbecue \u00e0 gaz Broil King &#8211; Monarch 320, noir"},"content":{"rendered":"<p><b>Un format compact. Des performances remarquables.<\/b><\/p>\n<p>Gage de performance et de viabilit\u00e9, la s\u00e9rie Monarch a \u00e9t\u00e9 con\u00e7ue pour vous faire tourner la t\u00eate! Broil King propose des barbecues \u00e0 gaz pour tous les budgets, en restant toujours intransigeant sur la qualit\u00e9. C\u2019est la particularit\u00e9 de la s\u00e9rie Monarch.<\/p>\n<p>Chaque barbecue est dot\u00e9 d\u2019une chambre de cuisson en aluminium moul\u00e9 sous pression inoxydable, de br\u00fbleurs Dual-Tube puissants et de composants r\u00e9sistants en acier inoxydable. Les barbecues de la nouvelle s\u00e9rie Monarch pr\u00e9sentent d\u2019\u00e9l\u00e9gantes tablettes lat\u00e9rales noires rabattables et une<br \/>\nporte dans le chariot qui permet de retirer facilement la bouteille de gaz.<\/p>\n<p>Ces barbecues de qualit\u00e9 s\u00e9duisent avec leur style affirm\u00e9 et sont con\u00e7us pour vous offrir performance et fiabilit\u00e9 \u00e0 un prix agr\u00e9able.<\/p>\n<p><a href=\"https:\/\/www.youtube.com\/watch?v=iyW6x--_ZBk\">Voir la vid\u00e9o Youtube.<\/a><\/p>\n<p><b>SYST\u00c8ME<\/b><\/p>\n<ul>\n<li>3 br\u00fbleurs Dual-Tube\u2122 en acier inoxydable, puissance 8,8 kW<\/li>\n<li>2 grilles de cuisson en fonte \u00e9maill\u00e9e mate<\/li>\n<li>Surface de cuisson 56 x 38 cm<\/li>\n<li>Grille de maintien au chaud en acier \u00e9maill\u00e9 50 x 24 cm (articul\u00e9e)<\/li>\n<li>Syst\u00e8me de cuisson Flav-R-Wave en acier inoxydable avec vaporisation des jus de cuisson<\/li>\n<li>Syst\u00e8me Flav-R-Zone en acier inoxydable pour diviser les chambres de cuisson<\/li>\n<li>Buses \u00e0 gaz Linear Flow<\/li>\n<li>Thermom\u00e8tre Deluxe Accu-Temp<\/li>\n<li>Syst\u00e8me d\u2019allumage \u00e9lectronique Sure Lite<\/li>\n<\/ul>\n<p><strong>CONCEPTION<\/strong><\/p>\n<ul>\n<li>Chambre de cuisson en aluminium moul\u00e9 Uni-Cast avec insert en acier inoxydable sur le couvercle<\/li>\n<li>Poign\u00e9e de couvercle en acier inoxydable<\/li>\n<li>Panneau de commande en acier inoxydable<\/li>\n<li>Tablettes lat\u00e9rales Deluxe en noir avec crochets \u00e0 ustensiles sur les c\u00f4t\u00e9s, rabattables<\/li>\n<li>Chariot peint noir avec compartiment int\u00e9gr\u00e9 pour bouteille de gaz de 11 kg<\/li>\n<li>Porte noire<\/li>\n<li>Deux roues caoutchout\u00e9es, deux roulettes avec freins<\/li>\n<li>Flexible et d\u00e9tendeur inclus<\/li>\n<\/ul>\n<p><strong>DIMENSIONS DU GRIL<\/strong><\/p>\n<ul>\n<li>Hauteur: 119 cm<\/li>\n<li>Largeur: 56 cm<\/li>\n<li>Longueur: 132 cm<\/li>\n<\/ul>\n<p><strong>POIDS<\/strong><\/p>\n<ul>\n<li>46,4 kg<\/li>\n<\/ul>\n<p><strong>DIMENSIONS DE LA GRILLE<\/strong><\/p>\n<ul>\n<li>Largeur : 38 cm<\/li>\n<li>Longueur : 56 cm<\/li>\n<li>Surface totale de cuisson : 3328 cm\u00b2<\/li>\n<\/ul>\n","protected":false},"excerpt":{"rendered":"<p>R\u00e9f. 834253<\/p>\n","protected":false},"featured_media":6132,"template":"","meta":[],"product_cat":[260],"product_tag":[187],"yoast_head":"<!-- This site is optimized with the Yoast SEO plugin v18.2 - https:\/\/yoast.com\/wordpress\/plugins\/seo\/ -->\n<title>Barbecue \u00e0 gaz Broil King - Monarch 320, noir - Grills et Saveurs<\/title>\n<meta name=\"description\" content=\"La s\u00e9rie Monarch de Broil King propose des barbecues \u00e0 gaz pourtous les budgets, en restant toujours intransigeant sur la qualit\u00e9.\" \/>\n<meta name=\"robots\" content=\"index, follow, max-snippet:-1, max-image-preview:large, max-video-preview:-1\" \/>\n<link rel=\"canonical\" href=\"https:\/\/www.grills-saveurs.ch\/fr\/produit\/barbecue-a-gaz-broil-king-monarch-320-noir\/\" \/>\n<meta property=\"og:locale\" content=\"fr_FR\" \/>\n<meta property=\"og:type\" content=\"article\" \/>\n<meta property=\"og:title\" content=\"Barbecue \u00e0 gaz Broil King - Monarch 320, noir - Grills et Saveurs\" \/>\n<meta property=\"og:description\" content=\"La s\u00e9rie Monarch de Broil King propose des barbecues \u00e0 gaz pourtous les budgets, en restant toujours intransigeant sur la qualit\u00e9.\" \/>\n<meta property=\"og:url\" content=\"https:\/\/www.grills-saveurs.ch\/fr\/produit\/barbecue-a-gaz-broil-king-monarch-320-noir\/\" \/>\n<meta property=\"og:site_name\" content=\"Grills et Saveurs\" \/>\n<meta property=\"article:modified_time\" content=\"2025-03-06T15:31:38+00:00\" \/>\n<meta property=\"og:image\" content=\"https:\/\/www.grills-saveurs.ch\/fr\/wp-content\/uploads\/2021\/01\/BK_Monarch320_Side_02-1024x1024.jpg\" \/>\n\t<meta property=\"og:image:width\" content=\"1024\" \/>\n\t<meta property=\"og:image:height\" content=\"1024\" \/>\n\t<meta property=\"og:image:type\" content=\"image\/jpeg\" \/>\n<meta name=\"twitter:card\" content=\"summary_large_image\" \/>\n<meta name=\"twitter:label1\" content=\"Dur\u00e9e de lecture estim\u00e9e\" \/>\n\t<meta name=\"twitter:data1\" content=\"2 minutes\" \/>\n<script type=\"application\/ld+json\" class=\"yoast-schema-graph\">{\"@context\":\"https:\/\/schema.org\",\"@graph\":[{\"@type\":\"WebSite\",\"@id\":\"https:\/\/www.grills-saveurs.ch\/fr\/#website\",\"url\":\"https:\/\/www.grills-saveurs.ch\/fr\/\",\"name\":\"Grills et Saveurs\",\"description\":\"Barbecues, Grills, Planchas, Chemin\u00e9es jardin - Lausanne, Suisse Romande\",\"potentialAction\":[{\"@type\":\"SearchAction\",\"target\":{\"@type\":\"EntryPoint\",\"urlTemplate\":\"https:\/\/www.grills-saveurs.ch\/fr\/?s={search_term_string}\"},\"query-input\":\"required name=search_term_string\"}],\"inLanguage\":\"fr-FR\"},{\"@type\":\"ImageObject\",\"@id\":\"https:\/\/www.grills-saveurs.ch\/fr\/produit\/barbecue-a-gaz-broil-king-monarch-320-noir\/#primaryimage\",\"inLanguage\":\"fr-FR\",\"url\":\"https:\/\/www.grills-saveurs.ch\/fr\/wp-content\/uploads\/2021\/01\/BK_Monarch320_Side_02.jpg\",\"contentUrl\":\"https:\/\/www.grills-saveurs.ch\/fr\/wp-content\/uploads\/2021\/01\/BK_Monarch320_Side_02.jpg\",\"width\":4800,\"height\":4800,\"caption\":\"Barbecue Broil King Monarch 320 ref 834253\"},{\"@type\":\"WebPage\",\"@id\":\"https:\/\/www.grills-saveurs.ch\/fr\/produit\/barbecue-a-gaz-broil-king-monarch-320-noir\/#webpage\",\"url\":\"https:\/\/www.grills-saveurs.ch\/fr\/produit\/barbecue-a-gaz-broil-king-monarch-320-noir\/\",\"name\":\"Barbecue \u00e0 gaz Broil King - Monarch 320, noir - Grills et Saveurs\",\"isPartOf\":{\"@id\":\"https:\/\/www.grills-saveurs.ch\/fr\/#website\"},\"primaryImageOfPage\":{\"@id\":\"https:\/\/www.grills-saveurs.ch\/fr\/produit\/barbecue-a-gaz-broil-king-monarch-320-noir\/#primaryimage\"},\"datePublished\":\"2021-01-02T15:31:56+00:00\",\"dateModified\":\"2025-03-06T15:31:38+00:00\",\"description\":\"La s\u00e9rie Monarch de Broil King propose des barbecues \u00e0 gaz pourtous les budgets, en restant toujours intransigeant sur la qualit\u00e9.\",\"breadcrumb\":{\"@id\":\"https:\/\/www.grills-saveurs.ch\/fr\/produit\/barbecue-a-gaz-broil-king-monarch-320-noir\/#breadcrumb\"},\"inLanguage\":\"fr-FR\",\"potentialAction\":[{\"@type\":\"ReadAction\",\"target\":[\"https:\/\/www.grills-saveurs.ch\/fr\/produit\/barbecue-a-gaz-broil-king-monarch-320-noir\/\"]}]},{\"@type\":\"BreadcrumbList\",\"@id\":\"https:\/\/www.grills-saveurs.ch\/fr\/produit\/barbecue-a-gaz-broil-king-monarch-320-noir\/#breadcrumb\",\"itemListElement\":[{\"@type\":\"ListItem\",\"position\":1,\"name\":\"Accueil\",\"item\":\"https:\/\/www.grills-saveurs.ch\/fr\/\"},{\"@type\":\"ListItem\",\"position\":2,\"name\":\"Shop \/ Boutique\",\"item\":\"https:\/\/www.grills-saveurs.ch\/fr\/boutique\/\"},{\"@type\":\"ListItem\",\"position\":3,\"name\":\"Barbecue \u00e0 gaz Broil King &#8211; Monarch 320, noir\"}]}]}<\/script>\n<!-- \/ Yoast SEO plugin. -->","yoast_head_json":{"title":"Barbecue \u00e0 gaz Broil King - Monarch 320, noir - Grills et Saveurs","description":"La s\u00e9rie Monarch de Broil King propose des barbecues \u00e0 gaz pourtous les budgets, en restant toujours intransigeant sur la qualit\u00e9.","robots":{"index":"index","follow":"follow","max-snippet":"max-snippet:-1","max-image-preview":"max-image-preview:large","max-video-preview":"max-video-preview:-1"},"canonical":"https:\/\/www.grills-saveurs.ch\/fr\/produit\/barbecue-a-gaz-broil-king-monarch-320-noir\/","og_locale":"fr_FR","og_type":"article","og_title":"Barbecue \u00e0 gaz Broil King - Monarch 320, noir - Grills et Saveurs","og_description":"La s\u00e9rie Monarch de Broil King propose des barbecues \u00e0 gaz pourtous les budgets, en restant toujours intransigeant sur la qualit\u00e9.","og_url":"https:\/\/www.grills-saveurs.ch\/fr\/produit\/barbecue-a-gaz-broil-king-monarch-320-noir\/","og_site_name":"Grills et Saveurs","article_modified_time":"2025-03-06T15:31:38+00:00","og_image":[{"width":1024,"height":1024,"url":"https:\/\/www.grills-saveurs.ch\/fr\/wp-content\/uploads\/2021\/01\/BK_Monarch320_Side_02-1024x1024.jpg","type":"image\/jpeg"}],"twitter_card":"summary_large_image","twitter_misc":{"Dur\u00e9e de lecture estim\u00e9e":"2 minutes"},"schema":{"@context":"https:\/\/schema.org","@graph":[{"@type":"WebSite","@id":"https:\/\/www.grills-saveurs.ch\/fr\/#website","url":"https:\/\/www.grills-saveurs.ch\/fr\/","name":"Grills et Saveurs","description":"Barbecues, Grills, Planchas, Chemin\u00e9es jardin - Lausanne, Suisse Romande","potentialAction":[{"@type":"SearchAction","target":{"@type":"EntryPoint","urlTemplate":"https:\/\/www.grills-saveurs.ch\/fr\/?s={search_term_string}"},"query-input":"required name=search_term_string"}],"inLanguage":"fr-FR"},{"@type":"ImageObject","@id":"https:\/\/www.grills-saveurs.ch\/fr\/produit\/barbecue-a-gaz-broil-king-monarch-320-noir\/#primaryimage","inLanguage":"fr-FR","url":"https:\/\/www.grills-saveurs.ch\/fr\/wp-content\/uploads\/2021\/01\/BK_Monarch320_Side_02.jpg","contentUrl":"https:\/\/www.grills-saveurs.ch\/fr\/wp-content\/uploads\/2021\/01\/BK_Monarch320_Side_02.jpg","width":4800,"height":4800,"caption":"Barbecue Broil King Monarch 320 ref 834253"},{"@type":"WebPage","@id":"https:\/\/www.grills-saveurs.ch\/fr\/produit\/barbecue-a-gaz-broil-king-monarch-320-noir\/#webpage","url":"https:\/\/www.grills-saveurs.ch\/fr\/produit\/barbecue-a-gaz-broil-king-monarch-320-noir\/","name":"Barbecue \u00e0 gaz Broil King - Monarch 320, noir - Grills et Saveurs","isPartOf":{"@id":"https:\/\/www.grills-saveurs.ch\/fr\/#website"},"primaryImageOfPage":{"@id":"https:\/\/www.grills-saveurs.ch\/fr\/produit\/barbecue-a-gaz-broil-king-monarch-320-noir\/#primaryimage"},"datePublished":"2021-01-02T15:31:56+00:00","dateModified":"2025-03-06T15:31:38+00:00","description":"La s\u00e9rie Monarch de Broil King propose des barbecues \u00e0 gaz pourtous les budgets, en restant toujours intransigeant sur la qualit\u00e9.","breadcrumb":{"@id":"https:\/\/www.grills-saveurs.ch\/fr\/produit\/barbecue-a-gaz-broil-king-monarch-320-noir\/#breadcrumb"},"inLanguage":"fr-FR","potentialAction":[{"@type":"ReadAction","target":["https:\/\/www.grills-saveurs.ch\/fr\/produit\/barbecue-a-gaz-broil-king-monarch-320-noir\/"]}]},{"@type":"BreadcrumbList","@id":"https:\/\/www.grills-saveurs.ch\/fr\/produit\/barbecue-a-gaz-broil-king-monarch-320-noir\/#breadcrumb","itemListElement":[{"@type":"ListItem","position":1,"name":"Accueil","item":"https:\/\/www.grills-saveurs.ch\/fr\/"},{"@type":"ListItem","position":2,"name":"Shop \/ Boutique","item":"https:\/\/www.grills-saveurs.ch\/fr\/boutique\/"},{"@type":"ListItem","position":3,"name":"Barbecue \u00e0 gaz Broil King &#8211; Monarch 320, noir"}]}]}},"_links":{"self":[{"href":"https:\/\/www.grills-saveurs.ch\/fr\/wp-json\/wp\/v2\/product\/6108"}],"collection":[{"href":"https:\/\/www.grills-saveurs.ch\/fr\/wp-json\/wp\/v2\/product"}],"about":[{"href":"https:\/\/www.grills-saveurs.ch\/fr\/wp-json\/wp\/v2\/types\/product"}],"wp:featuredmedia":[{"embeddable":true,"href":"https:\/\/www.grills-saveurs.ch\/fr\/wp-json\/wp\/v2\/media\/6132"}],"wp:attachment":[{"href":"https:\/\/www.grills-saveurs.ch\/fr\/wp-json\/wp\/v2\/media?parent=6108"}],"wp:term":[{"taxonomy":"product_cat","embeddable":true,"href":"https:\/\/www.grills-saveurs.ch\/fr\/wp-json\/wp\/v2\/product_cat?post=6108"},{"taxonomy":"product_tag","embeddable":true,"href":"https:\/\/www.grills-saveurs.ch\/fr\/wp-json\/wp\/v2\/product_tag?post=6108"}],"curies":[{"name":"wp","href":"https:\/\/api.w.org\/{rel}","templated":true}]}}