{"id":6905,"date":"2021-03-01T09:57:01","date_gmt":"2021-03-01T08:57:01","guid":{"rendered":"https:\/\/www.grills-saveurs.ch\/fr\/?post_type=product&#038;p=6905"},"modified":"2025-03-06T11:47:35","modified_gmt":"2025-03-06T10:47:35","slug":"barbecue-a-charbon-weber-summit-kamado-e6","status":"publish","type":"product","link":"https:\/\/www.grills-saveurs.ch\/fr\/produit\/barbecue-a-charbon-weber-summit-kamado-e6\/","title":{"rendered":"Barbecue \u00e0 charbon Weber &#8211; Summit Kamado E6"},"content":{"rendered":"<p>Le <a href=\"https:\/\/youtu.be\/tX_PGsRWc9Q\" target=\"_blank\" rel=\"noopener\">Summit\u00ae Kamado<\/a> ne ressemble et ne fonctionne comme aucun autre barbecue de sa cat\u00e9gorie. Sa double paroi isolante en acier durable atteint rapidement les temp\u00e9ratures souhait\u00e9es et maintient la chaleur pour un fumage une journ\u00e9e enti\u00e8re, tout en minimisant la quantit\u00e9 de charbon br\u00fbl\u00e9 pendant la cuisson. De nombreuses bouches \u00e0 nourrir\u00a0? Avec une zone de cuisson de 61\u00a0cm, le Summit\u00ae Kamado est pr\u00eat \u00e0 assumer les plus grands app\u00e9tits. Il suffit de repositionner la grille de votre Kamado pour le transformer en barbecue \u00e0 charbon classique pour saisir des steaks, griller un poulet, fumer du poisson, et tout ce que vous cuisinez habituellement au barbecue.<\/p>\n<p><strong>CARACT\u00c9RISTIQUES<\/strong><\/p>\n<ul>\n<li>Une isolation \u00e0 double paroi pour des changements de temp\u00e9rature pr\u00e9cis et rapides<\/li>\n<li>Construction en acier et finition en porcelaine \u00e9maill\u00e9e pour la durabilit\u00e9<\/li>\n<li>La ventilation de couvercle Rapidfire augmente le d\u00e9bit d&rsquo;air pour atteindre rapidement une chaleur \u00e9lev\u00e9e<\/li>\n<li>Syst\u00e8me de nettoyage One-Touch pour un nettoyage facile<\/li>\n<li>Grille de combustible r\u00e9glable pour fumer ou saisir \u00e0 haute temp\u00e9rature<\/li>\n<li>Syst\u00e8me GBS (Gourmet BBQ System) pr\u00eat \u00e0 l&#8217;emploi, ustensiles de cuisine vendus s\u00e9par\u00e9ment<\/li>\n<\/ul>\n<p><strong>D\u00c9TAILS<\/strong><\/p>\n<ul>\n<li>Dimensions &#8211; couvercle ouvert (cm) : 150.9 cm h x 88.4 cm l x 90.9 cm p<\/li>\n<li>Dimensions &#8211; couvercle ferm\u00e9 (cm) : 114 cm h x 88.3 cm l x 90.9 cm p<\/li>\n<li>Diam\u00e8tre (cm) : 61<\/li>\n<li>Type d\u2019\u00e9nergie : barbecue \u00e0 charbon<\/li>\n<li>Crochets porte-ustensiles : 2<\/li>\n<li>Paniers \u00e0 charbon char-basket : 2<\/li>\n<\/ul>\n<p><strong>CONCEPTION<\/strong><\/p>\n<ul>\n<li>Grilles de cuisson articul\u00e9es en acier inoxydable Gourmet BBQ System<\/li>\n<li>Foyer et couvercle en acier \u00e9maill\u00e9<\/li>\n<li>Thermom\u00e8tre int\u00e9gr\u00e9 au couvercle<\/li>\n<li>\u00c9tag\u00e8re m\u00e9tallique inf\u00e9rieure<\/li>\n<li>Cendrier haute capacit\u00e9, amovible, en aluminium<\/li>\n<li>Syst\u00e8me de nettoyage One-Touch en acier inoxydable<\/li>\n<li>Clapet de ventilation de couvercle RapidFire<\/li>\n<li>Stainless Steel Diffuser Plate<\/li>\n<li>Isolation de l&rsquo;air \u00e0 double paroi<\/li>\n<li>Construction en acier<\/li>\n<li>Grille foy\u00e8re \u00e0 double position<\/li>\n<li>Support mobile int\u00e9gr\u00e9<\/li>\n<li>Charni\u00e8re de couvercle \u00e0 ouverture facile avec joint d&rsquo;\u00e9tanch\u00e9it\u00e9<\/li>\n<li>Grande poign\u00e9e de couvercle<\/li>\n<li>Support grillag\u00e9 inf\u00e9rieur<\/li>\n<li>Port de ventilateur int\u00e9gr\u00e9<\/li>\n<li>1 roulette pivotante autobloquante et 2 roulettes<\/li>\n<\/ul>\n<p>&nbsp;<\/p>\n","protected":false},"excerpt":{"rendered":"<p>18201004<\/p>\n","protected":false},"featured_media":6908,"template":"","meta":[],"product_cat":[260],"product_tag":[84],"yoast_head":"<!-- This site is optimized with the Yoast SEO plugin v18.2 - https:\/\/yoast.com\/wordpress\/plugins\/seo\/ -->\n<title>Barbecue \u00e0 charbon Weber - Summit Kamado E6 - Grills et Saveurs<\/title>\n<meta name=\"description\" content=\"De nombreuses bouches \u00e0 nourrir ? Avec une zone de cuisson de 61 cm, le Summit Kamado est pr\u00eat \u00e0 assumer les plus grands app\u00e9tits.\" \/>\n<meta name=\"robots\" content=\"index, follow, max-snippet:-1, max-image-preview:large, max-video-preview:-1\" \/>\n<link rel=\"canonical\" href=\"https:\/\/www.grills-saveurs.ch\/fr\/produit\/barbecue-a-charbon-weber-summit-kamado-e6\/\" \/>\n<meta property=\"og:locale\" content=\"fr_FR\" \/>\n<meta property=\"og:type\" content=\"article\" \/>\n<meta property=\"og:title\" content=\"Barbecue \u00e0 charbon Weber - Summit Kamado E6 - Grills et Saveurs\" \/>\n<meta property=\"og:description\" content=\"De nombreuses bouches \u00e0 nourrir ? Avec une zone de cuisson de 61 cm, le Summit Kamado est pr\u00eat \u00e0 assumer les plus grands app\u00e9tits.\" \/>\n<meta property=\"og:url\" content=\"https:\/\/www.grills-saveurs.ch\/fr\/produit\/barbecue-a-charbon-weber-summit-kamado-e6\/\" \/>\n<meta property=\"og:site_name\" content=\"Grills et Saveurs\" \/>\n<meta property=\"article:modified_time\" content=\"2025-03-06T10:47:35+00:00\" \/>\n<meta property=\"og:image\" content=\"https:\/\/www.grills-saveurs.ch\/fr\/wp-content\/uploads\/2021\/03\/18201004BR_1800x1800-REV.png\" \/>\n\t<meta property=\"og:image:width\" content=\"1000\" \/>\n\t<meta property=\"og:image:height\" content=\"950\" \/>\n\t<meta property=\"og:image:type\" content=\"image\/png\" \/>\n<meta name=\"twitter:card\" content=\"summary_large_image\" \/>\n<meta name=\"twitter:label1\" content=\"Dur\u00e9e de lecture estim\u00e9e\" \/>\n\t<meta name=\"twitter:data1\" content=\"2 minutes\" \/>\n<script type=\"application\/ld+json\" class=\"yoast-schema-graph\">{\"@context\":\"https:\/\/schema.org\",\"@graph\":[{\"@type\":\"WebSite\",\"@id\":\"https:\/\/www.grills-saveurs.ch\/fr\/#website\",\"url\":\"https:\/\/www.grills-saveurs.ch\/fr\/\",\"name\":\"Grills et Saveurs\",\"description\":\"Barbecues, Grills, Planchas, Chemin\u00e9es jardin - Lausanne, Suisse Romande\",\"potentialAction\":[{\"@type\":\"SearchAction\",\"target\":{\"@type\":\"EntryPoint\",\"urlTemplate\":\"https:\/\/www.grills-saveurs.ch\/fr\/?s={search_term_string}\"},\"query-input\":\"required name=search_term_string\"}],\"inLanguage\":\"fr-FR\"},{\"@type\":\"ImageObject\",\"@id\":\"https:\/\/www.grills-saveurs.ch\/fr\/produit\/barbecue-a-charbon-weber-summit-kamado-e6\/#primaryimage\",\"inLanguage\":\"fr-FR\",\"url\":\"https:\/\/www.grills-saveurs.ch\/fr\/wp-content\/uploads\/2021\/03\/18201004BR_1800x1800-REV.png\",\"contentUrl\":\"https:\/\/www.grills-saveurs.ch\/fr\/wp-content\/uploads\/2021\/03\/18201004BR_1800x1800-REV.png\",\"width\":1000,\"height\":950,\"caption\":\"Barbecue \u00e0 charbon Weber Summit Kamado\"},{\"@type\":\"WebPage\",\"@id\":\"https:\/\/www.grills-saveurs.ch\/fr\/produit\/barbecue-a-charbon-weber-summit-kamado-e6\/#webpage\",\"url\":\"https:\/\/www.grills-saveurs.ch\/fr\/produit\/barbecue-a-charbon-weber-summit-kamado-e6\/\",\"name\":\"Barbecue \u00e0 charbon Weber - Summit Kamado E6 - Grills et Saveurs\",\"isPartOf\":{\"@id\":\"https:\/\/www.grills-saveurs.ch\/fr\/#website\"},\"primaryImageOfPage\":{\"@id\":\"https:\/\/www.grills-saveurs.ch\/fr\/produit\/barbecue-a-charbon-weber-summit-kamado-e6\/#primaryimage\"},\"datePublished\":\"2021-03-01T08:57:01+00:00\",\"dateModified\":\"2025-03-06T10:47:35+00:00\",\"description\":\"De nombreuses bouches \u00e0 nourrir ? Avec une zone de cuisson de 61 cm, le Summit Kamado est pr\u00eat \u00e0 assumer les plus grands app\u00e9tits.\",\"breadcrumb\":{\"@id\":\"https:\/\/www.grills-saveurs.ch\/fr\/produit\/barbecue-a-charbon-weber-summit-kamado-e6\/#breadcrumb\"},\"inLanguage\":\"fr-FR\",\"potentialAction\":[{\"@type\":\"ReadAction\",\"target\":[\"https:\/\/www.grills-saveurs.ch\/fr\/produit\/barbecue-a-charbon-weber-summit-kamado-e6\/\"]}]},{\"@type\":\"BreadcrumbList\",\"@id\":\"https:\/\/www.grills-saveurs.ch\/fr\/produit\/barbecue-a-charbon-weber-summit-kamado-e6\/#breadcrumb\",\"itemListElement\":[{\"@type\":\"ListItem\",\"position\":1,\"name\":\"Accueil\",\"item\":\"https:\/\/www.grills-saveurs.ch\/fr\/\"},{\"@type\":\"ListItem\",\"position\":2,\"name\":\"Shop \/ Boutique\",\"item\":\"https:\/\/www.grills-saveurs.ch\/fr\/boutique\/\"},{\"@type\":\"ListItem\",\"position\":3,\"name\":\"Barbecue \u00e0 charbon Weber &#8211; Summit Kamado E6\"}]}]}<\/script>\n<!-- \/ Yoast SEO plugin. -->","yoast_head_json":{"title":"Barbecue \u00e0 charbon Weber - Summit Kamado E6 - Grills et Saveurs","description":"De nombreuses bouches \u00e0 nourrir ? Avec une zone de cuisson de 61 cm, le Summit Kamado est pr\u00eat \u00e0 assumer les plus grands app\u00e9tits.","robots":{"index":"index","follow":"follow","max-snippet":"max-snippet:-1","max-image-preview":"max-image-preview:large","max-video-preview":"max-video-preview:-1"},"canonical":"https:\/\/www.grills-saveurs.ch\/fr\/produit\/barbecue-a-charbon-weber-summit-kamado-e6\/","og_locale":"fr_FR","og_type":"article","og_title":"Barbecue \u00e0 charbon Weber - Summit Kamado E6 - Grills et Saveurs","og_description":"De nombreuses bouches \u00e0 nourrir ? Avec une zone de cuisson de 61 cm, le Summit Kamado est pr\u00eat \u00e0 assumer les plus grands app\u00e9tits.","og_url":"https:\/\/www.grills-saveurs.ch\/fr\/produit\/barbecue-a-charbon-weber-summit-kamado-e6\/","og_site_name":"Grills et Saveurs","article_modified_time":"2025-03-06T10:47:35+00:00","og_image":[{"width":1000,"height":950,"url":"https:\/\/www.grills-saveurs.ch\/fr\/wp-content\/uploads\/2021\/03\/18201004BR_1800x1800-REV.png","type":"image\/png"}],"twitter_card":"summary_large_image","twitter_misc":{"Dur\u00e9e de lecture estim\u00e9e":"2 minutes"},"schema":{"@context":"https:\/\/schema.org","@graph":[{"@type":"WebSite","@id":"https:\/\/www.grills-saveurs.ch\/fr\/#website","url":"https:\/\/www.grills-saveurs.ch\/fr\/","name":"Grills et Saveurs","description":"Barbecues, Grills, Planchas, Chemin\u00e9es jardin - Lausanne, Suisse Romande","potentialAction":[{"@type":"SearchAction","target":{"@type":"EntryPoint","urlTemplate":"https:\/\/www.grills-saveurs.ch\/fr\/?s={search_term_string}"},"query-input":"required name=search_term_string"}],"inLanguage":"fr-FR"},{"@type":"ImageObject","@id":"https:\/\/www.grills-saveurs.ch\/fr\/produit\/barbecue-a-charbon-weber-summit-kamado-e6\/#primaryimage","inLanguage":"fr-FR","url":"https:\/\/www.grills-saveurs.ch\/fr\/wp-content\/uploads\/2021\/03\/18201004BR_1800x1800-REV.png","contentUrl":"https:\/\/www.grills-saveurs.ch\/fr\/wp-content\/uploads\/2021\/03\/18201004BR_1800x1800-REV.png","width":1000,"height":950,"caption":"Barbecue \u00e0 charbon Weber Summit Kamado"},{"@type":"WebPage","@id":"https:\/\/www.grills-saveurs.ch\/fr\/produit\/barbecue-a-charbon-weber-summit-kamado-e6\/#webpage","url":"https:\/\/www.grills-saveurs.ch\/fr\/produit\/barbecue-a-charbon-weber-summit-kamado-e6\/","name":"Barbecue \u00e0 charbon Weber - Summit Kamado E6 - Grills et Saveurs","isPartOf":{"@id":"https:\/\/www.grills-saveurs.ch\/fr\/#website"},"primaryImageOfPage":{"@id":"https:\/\/www.grills-saveurs.ch\/fr\/produit\/barbecue-a-charbon-weber-summit-kamado-e6\/#primaryimage"},"datePublished":"2021-03-01T08:57:01+00:00","dateModified":"2025-03-06T10:47:35+00:00","description":"De nombreuses bouches \u00e0 nourrir ? Avec une zone de cuisson de 61 cm, le Summit Kamado est pr\u00eat \u00e0 assumer les plus grands app\u00e9tits.","breadcrumb":{"@id":"https:\/\/www.grills-saveurs.ch\/fr\/produit\/barbecue-a-charbon-weber-summit-kamado-e6\/#breadcrumb"},"inLanguage":"fr-FR","potentialAction":[{"@type":"ReadAction","target":["https:\/\/www.grills-saveurs.ch\/fr\/produit\/barbecue-a-charbon-weber-summit-kamado-e6\/"]}]},{"@type":"BreadcrumbList","@id":"https:\/\/www.grills-saveurs.ch\/fr\/produit\/barbecue-a-charbon-weber-summit-kamado-e6\/#breadcrumb","itemListElement":[{"@type":"ListItem","position":1,"name":"Accueil","item":"https:\/\/www.grills-saveurs.ch\/fr\/"},{"@type":"ListItem","position":2,"name":"Shop \/ Boutique","item":"https:\/\/www.grills-saveurs.ch\/fr\/boutique\/"},{"@type":"ListItem","position":3,"name":"Barbecue \u00e0 charbon Weber &#8211; Summit Kamado E6"}]}]}},"_links":{"self":[{"href":"https:\/\/www.grills-saveurs.ch\/fr\/wp-json\/wp\/v2\/product\/6905"}],"collection":[{"href":"https:\/\/www.grills-saveurs.ch\/fr\/wp-json\/wp\/v2\/product"}],"about":[{"href":"https:\/\/www.grills-saveurs.ch\/fr\/wp-json\/wp\/v2\/types\/product"}],"wp:featuredmedia":[{"embeddable":true,"href":"https:\/\/www.grills-saveurs.ch\/fr\/wp-json\/wp\/v2\/media\/6908"}],"wp:attachment":[{"href":"https:\/\/www.grills-saveurs.ch\/fr\/wp-json\/wp\/v2\/media?parent=6905"}],"wp:term":[{"taxonomy":"product_cat","embeddable":true,"href":"https:\/\/www.grills-saveurs.ch\/fr\/wp-json\/wp\/v2\/product_cat?post=6905"},{"taxonomy":"product_tag","embeddable":true,"href":"https:\/\/www.grills-saveurs.ch\/fr\/wp-json\/wp\/v2\/product_tag?post=6905"}],"curies":[{"name":"wp","href":"https:\/\/api.w.org\/{rel}","templated":true}]}}