{"id":6910,"date":"2021-03-01T15:02:17","date_gmt":"2021-03-01T14:02:17","guid":{"rendered":"https:\/\/www.grills-saveurs.ch\/fr\/?post_type=product&#038;p=6910"},"modified":"2024-05-25T00:38:15","modified_gmt":"2024-05-24T22:38:15","slug":"barbecue-intelligent-a-gaz-weber-genesis-ii-ex-335-gbs","status":"publish","type":"product","link":"https:\/\/www.grills-saveurs.ch\/fr\/produit\/barbecue-intelligent-a-gaz-weber-genesis-ii-ex-335-gbs\/","title":{"rendered":"Barbecue intelligent \u00e0 gaz Weber &#8211; Genesis II EX-335 GBS"},"content":{"rendered":"<p>Prenez un verre et d\u00e9tendez-vous, en sachant que vous \u00eates connect\u00e9 \u00e0 votre Genesis o\u00f9 que vous soyez. Que vous pr\u00e9pariez les accompagnements des grillades dans la cuisine, regardiez un match ou passiez du temps en famille, vous pouvez contr\u00f4ler \u00e0 tout moment les conditions de cuisson directement sur le barbecue, mais aussi sur votre smartphone : temps de cuisson, temp\u00e9rature pr\u00e9cise des aliments et du barbecue et m\u00eame un compte \u00e0 rebours du temps de cuisson sur votre smartphone. Grillez un steak 5 \u00e9toiles et d&rsquo;autres plats incroyables, pour les amis et la famille, \u00e0 chaque fois.<\/p>\n<p><strong>CARACT\u00c9RISTIQUES<\/strong><\/p>\n<ul>\n<li>D\u00e9couvrez l&rsquo;\u00e9tonnant Genesis EX-335 GBS avec un ensemble de technologies intelligentes am\u00e9lior\u00e9es<\/li>\n<li>Compte \u00e0 rebours num\u00e9rique en temps r\u00e9el de la temp\u00e9rature et de la cuisson des aliments sur votre t\u00e9l\u00e9phone et votre barbecue<\/li>\n<li>Recevez des alertes lorsque les aliments ont atteint le degr\u00e9 de cuisson d\u00e9sir\u00e9<\/li>\n<li>Faites cuire le steak parfaitement \u00e0 point, avec une surveillance des aliments en temps r\u00e9el<\/li>\n<li>Vous ne risquez plus de faire cuire les aliments trop ou pas assez gr\u00e2ce \u00e0 l&rsquo;assistance \u00e9tape par \u00e9tape pour les grillades<\/li>\n<\/ul>\n<p><strong>D\u00c9TAILS<\/strong><\/p>\n<ul>\n<li>Grille de cuisson en fonte \u00e9maill\u00e9e gourmet BBQ System<\/li>\n<li>Couvercle \u00e9maill\u00e9<\/li>\n<li>Compartiment lat\u00e9ral pour bouteille de gaz<\/li>\n<li>Plans de travail en acier inoxydable<\/li>\n<li>Placard<\/li>\n<li>Portes en acier peint<\/li>\n<li>Ch\u00e2ssis en tube soud\u00e9<\/li>\n<li>Commande Infinite br\u00fbleurs<\/li>\n<li>Int\u00e9gration de la technologie de cuisson intelligente Weber Connect<\/li>\n<li>Lampe LED pour poign\u00e9e<\/li>\n<li>R\u00e9flecteurs de chaleur en acier inoxydable<\/li>\n<li>Bouton rouge du br\u00fbleur de saisie<\/li>\n<\/ul>\n<p><strong>SYST\u00c8ME DE GRILLADE HAUTES PERFORMANCES GS4<\/strong><\/p>\n<ul>\n<li>Allumage Infinity<\/li>\n<li>Br\u00fbleurs hautes performances<\/li>\n<li>Flavorizer bars (barres flavorizer) en acier inoxydable<\/li>\n<li>Syst\u00e8me de gestion de la graisse<\/li>\n<\/ul>\n<p><strong>D\u00c9TAILS<\/strong><\/p>\n<ul>\n<li>Br\u00fbleurs principaux\u00a0: kw 11.4<\/li>\n<li>Br\u00fbleur Sear zone : kw 2.6<\/li>\n<li>R\u00e9chaud lat\u00e9ral\u00a0: kw 3.52<\/li>\n<li>Dimensions &#8211; couvercle ouvert (cm) : 158cm h x 150cm l x 79cm p<\/li>\n<li>Dimensions &#8211; couvercle ferm\u00e9 (cm) : 120cm h x 150cm l x 74cm p<\/li>\n<li>Surface principale de cuisson (cm\u00b2) : 68 x 48<\/li>\n<li>Br\u00fbleurs en acier inoxydable : 3<\/li>\n<li>Type d\u2019\u00e9nergie : bouteille de gaz rechargeable vendue s\u00e9par\u00e9ment<\/li>\n<li>Plans de travail : 2<\/li>\n<li>Boutons de r\u00e9glage gaz \u00e9clair\u00e9s : 4<\/li>\n<li>Lampes pour poign\u00e9e : 1<\/li>\n<li>Roulettes pivotantes autobloquantes : 2<\/li>\n<li>Roulettes r\u00e9sistantes \u00e0 toutes les conditions climatiques : 2<\/li>\n<li>Crochets porte-ustensiles : 6<\/li>\n<li>Type de pile : AA, AAA, D\n<ul>\n<li>6 piles D &#8211; Weber Connect<\/li>\n<li>1 pile AA &#8211; allumage<\/li>\n<li>3 piles AAA &#8211; lampe pour poign\u00e9e<\/li>\n<\/ul>\n<\/li>\n<li>Prise d&rsquo;alimentation 5 v micro USB (en option)<\/li>\n<\/ul>\n","protected":false},"excerpt":{"rendered":"<p>61016794<\/p>\n","protected":false},"featured_media":6914,"template":"","meta":[],"product_cat":[260],"product_tag":[84],"yoast_head":"<!-- This site is optimized with the Yoast SEO plugin v18.2 - https:\/\/yoast.com\/wordpress\/plugins\/seo\/ -->\n<title>Barbecue intelligent \u00e0 gaz Weber - Genesis II EX-335 GBS - Grills et Saveurs<\/title>\n<meta name=\"description\" content=\"Connect\u00e9 \u00e0 votre Genesis o\u00f9 que vous soyez, grillez un steak 5 \u00e9toiles et d&#039;autres plats incroyables, pour les amis et la famille, \u00e0 chaque fois.\" \/>\n<meta name=\"robots\" content=\"index, follow, max-snippet:-1, max-image-preview:large, max-video-preview:-1\" \/>\n<link rel=\"canonical\" href=\"https:\/\/www.grills-saveurs.ch\/fr\/produit\/barbecue-intelligent-a-gaz-weber-genesis-ii-ex-335-gbs\/\" \/>\n<meta property=\"og:locale\" content=\"fr_FR\" \/>\n<meta property=\"og:type\" content=\"article\" \/>\n<meta property=\"og:title\" content=\"Barbecue intelligent \u00e0 gaz Weber - Genesis II EX-335 GBS - Grills et Saveurs\" \/>\n<meta property=\"og:description\" content=\"Connect\u00e9 \u00e0 votre Genesis o\u00f9 que vous soyez, grillez un steak 5 \u00e9toiles et d&#039;autres plats incroyables, pour les amis et la famille, \u00e0 chaque fois.\" \/>\n<meta property=\"og:url\" content=\"https:\/\/www.grills-saveurs.ch\/fr\/produit\/barbecue-intelligent-a-gaz-weber-genesis-ii-ex-335-gbs\/\" \/>\n<meta property=\"og:site_name\" content=\"Grills et Saveurs\" \/>\n<meta property=\"article:modified_time\" content=\"2024-05-24T22:38:15+00:00\" \/>\n<meta property=\"og:image\" content=\"https:\/\/www.grills-saveurs.ch\/fr\/wp-content\/uploads\/2021\/03\/61016704BR_1800x1800.png\" \/>\n\t<meta property=\"og:image:width\" content=\"1000\" \/>\n\t<meta property=\"og:image:height\" content=\"950\" \/>\n\t<meta property=\"og:image:type\" content=\"image\/png\" \/>\n<meta name=\"twitter:card\" content=\"summary_large_image\" \/>\n<meta name=\"twitter:label1\" content=\"Dur\u00e9e de lecture estim\u00e9e\" \/>\n\t<meta name=\"twitter:data1\" content=\"2 minutes\" \/>\n<script type=\"application\/ld+json\" class=\"yoast-schema-graph\">{\"@context\":\"https:\/\/schema.org\",\"@graph\":[{\"@type\":\"WebSite\",\"@id\":\"https:\/\/www.grills-saveurs.ch\/fr\/#website\",\"url\":\"https:\/\/www.grills-saveurs.ch\/fr\/\",\"name\":\"Grills et Saveurs\",\"description\":\"Barbecues, Grills, Planchas, Chemin\u00e9es jardin - Lausanne, Suisse Romande\",\"potentialAction\":[{\"@type\":\"SearchAction\",\"target\":{\"@type\":\"EntryPoint\",\"urlTemplate\":\"https:\/\/www.grills-saveurs.ch\/fr\/?s={search_term_string}\"},\"query-input\":\"required name=search_term_string\"}],\"inLanguage\":\"fr-FR\"},{\"@type\":\"ImageObject\",\"@id\":\"https:\/\/www.grills-saveurs.ch\/fr\/produit\/barbecue-intelligent-a-gaz-weber-genesis-ii-ex-335-gbs\/#primaryimage\",\"inLanguage\":\"fr-FR\",\"url\":\"https:\/\/www.grills-saveurs.ch\/fr\/wp-content\/uploads\/2021\/03\/61016704BR_1800x1800.png\",\"contentUrl\":\"https:\/\/www.grills-saveurs.ch\/fr\/wp-content\/uploads\/2021\/03\/61016704BR_1800x1800.png\",\"width\":1000,\"height\":950,\"caption\":\"Genesis EX-335 GBS\"},{\"@type\":\"WebPage\",\"@id\":\"https:\/\/www.grills-saveurs.ch\/fr\/produit\/barbecue-intelligent-a-gaz-weber-genesis-ii-ex-335-gbs\/#webpage\",\"url\":\"https:\/\/www.grills-saveurs.ch\/fr\/produit\/barbecue-intelligent-a-gaz-weber-genesis-ii-ex-335-gbs\/\",\"name\":\"Barbecue intelligent \u00e0 gaz Weber - Genesis II EX-335 GBS - Grills et Saveurs\",\"isPartOf\":{\"@id\":\"https:\/\/www.grills-saveurs.ch\/fr\/#website\"},\"primaryImageOfPage\":{\"@id\":\"https:\/\/www.grills-saveurs.ch\/fr\/produit\/barbecue-intelligent-a-gaz-weber-genesis-ii-ex-335-gbs\/#primaryimage\"},\"datePublished\":\"2021-03-01T14:02:17+00:00\",\"dateModified\":\"2024-05-24T22:38:15+00:00\",\"description\":\"Connect\u00e9 \u00e0 votre Genesis o\u00f9 que vous soyez, grillez un steak 5 \u00e9toiles et d'autres plats incroyables, pour les amis et la famille, \u00e0 chaque fois.\",\"breadcrumb\":{\"@id\":\"https:\/\/www.grills-saveurs.ch\/fr\/produit\/barbecue-intelligent-a-gaz-weber-genesis-ii-ex-335-gbs\/#breadcrumb\"},\"inLanguage\":\"fr-FR\",\"potentialAction\":[{\"@type\":\"ReadAction\",\"target\":[\"https:\/\/www.grills-saveurs.ch\/fr\/produit\/barbecue-intelligent-a-gaz-weber-genesis-ii-ex-335-gbs\/\"]}]},{\"@type\":\"BreadcrumbList\",\"@id\":\"https:\/\/www.grills-saveurs.ch\/fr\/produit\/barbecue-intelligent-a-gaz-weber-genesis-ii-ex-335-gbs\/#breadcrumb\",\"itemListElement\":[{\"@type\":\"ListItem\",\"position\":1,\"name\":\"Accueil\",\"item\":\"https:\/\/www.grills-saveurs.ch\/fr\/\"},{\"@type\":\"ListItem\",\"position\":2,\"name\":\"Shop \/ Boutique\",\"item\":\"https:\/\/www.grills-saveurs.ch\/fr\/boutique\/\"},{\"@type\":\"ListItem\",\"position\":3,\"name\":\"Barbecue intelligent \u00e0 gaz Weber &#8211; Genesis II EX-335 GBS\"}]}]}<\/script>\n<!-- \/ Yoast SEO plugin. -->","yoast_head_json":{"title":"Barbecue intelligent \u00e0 gaz Weber - Genesis II EX-335 GBS - Grills et Saveurs","description":"Connect\u00e9 \u00e0 votre Genesis o\u00f9 que vous soyez, grillez un steak 5 \u00e9toiles et d'autres plats incroyables, pour les amis et la famille, \u00e0 chaque fois.","robots":{"index":"index","follow":"follow","max-snippet":"max-snippet:-1","max-image-preview":"max-image-preview:large","max-video-preview":"max-video-preview:-1"},"canonical":"https:\/\/www.grills-saveurs.ch\/fr\/produit\/barbecue-intelligent-a-gaz-weber-genesis-ii-ex-335-gbs\/","og_locale":"fr_FR","og_type":"article","og_title":"Barbecue intelligent \u00e0 gaz Weber - Genesis II EX-335 GBS - Grills et Saveurs","og_description":"Connect\u00e9 \u00e0 votre Genesis o\u00f9 que vous soyez, grillez un steak 5 \u00e9toiles et d'autres plats incroyables, pour les amis et la famille, \u00e0 chaque fois.","og_url":"https:\/\/www.grills-saveurs.ch\/fr\/produit\/barbecue-intelligent-a-gaz-weber-genesis-ii-ex-335-gbs\/","og_site_name":"Grills et Saveurs","article_modified_time":"2024-05-24T22:38:15+00:00","og_image":[{"width":1000,"height":950,"url":"https:\/\/www.grills-saveurs.ch\/fr\/wp-content\/uploads\/2021\/03\/61016704BR_1800x1800.png","type":"image\/png"}],"twitter_card":"summary_large_image","twitter_misc":{"Dur\u00e9e de lecture estim\u00e9e":"2 minutes"},"schema":{"@context":"https:\/\/schema.org","@graph":[{"@type":"WebSite","@id":"https:\/\/www.grills-saveurs.ch\/fr\/#website","url":"https:\/\/www.grills-saveurs.ch\/fr\/","name":"Grills et Saveurs","description":"Barbecues, Grills, Planchas, Chemin\u00e9es jardin - Lausanne, Suisse Romande","potentialAction":[{"@type":"SearchAction","target":{"@type":"EntryPoint","urlTemplate":"https:\/\/www.grills-saveurs.ch\/fr\/?s={search_term_string}"},"query-input":"required name=search_term_string"}],"inLanguage":"fr-FR"},{"@type":"ImageObject","@id":"https:\/\/www.grills-saveurs.ch\/fr\/produit\/barbecue-intelligent-a-gaz-weber-genesis-ii-ex-335-gbs\/#primaryimage","inLanguage":"fr-FR","url":"https:\/\/www.grills-saveurs.ch\/fr\/wp-content\/uploads\/2021\/03\/61016704BR_1800x1800.png","contentUrl":"https:\/\/www.grills-saveurs.ch\/fr\/wp-content\/uploads\/2021\/03\/61016704BR_1800x1800.png","width":1000,"height":950,"caption":"Genesis EX-335 GBS"},{"@type":"WebPage","@id":"https:\/\/www.grills-saveurs.ch\/fr\/produit\/barbecue-intelligent-a-gaz-weber-genesis-ii-ex-335-gbs\/#webpage","url":"https:\/\/www.grills-saveurs.ch\/fr\/produit\/barbecue-intelligent-a-gaz-weber-genesis-ii-ex-335-gbs\/","name":"Barbecue intelligent \u00e0 gaz Weber - Genesis II EX-335 GBS - Grills et Saveurs","isPartOf":{"@id":"https:\/\/www.grills-saveurs.ch\/fr\/#website"},"primaryImageOfPage":{"@id":"https:\/\/www.grills-saveurs.ch\/fr\/produit\/barbecue-intelligent-a-gaz-weber-genesis-ii-ex-335-gbs\/#primaryimage"},"datePublished":"2021-03-01T14:02:17+00:00","dateModified":"2024-05-24T22:38:15+00:00","description":"Connect\u00e9 \u00e0 votre Genesis o\u00f9 que vous soyez, grillez un steak 5 \u00e9toiles et d'autres plats incroyables, pour les amis et la famille, \u00e0 chaque fois.","breadcrumb":{"@id":"https:\/\/www.grills-saveurs.ch\/fr\/produit\/barbecue-intelligent-a-gaz-weber-genesis-ii-ex-335-gbs\/#breadcrumb"},"inLanguage":"fr-FR","potentialAction":[{"@type":"ReadAction","target":["https:\/\/www.grills-saveurs.ch\/fr\/produit\/barbecue-intelligent-a-gaz-weber-genesis-ii-ex-335-gbs\/"]}]},{"@type":"BreadcrumbList","@id":"https:\/\/www.grills-saveurs.ch\/fr\/produit\/barbecue-intelligent-a-gaz-weber-genesis-ii-ex-335-gbs\/#breadcrumb","itemListElement":[{"@type":"ListItem","position":1,"name":"Accueil","item":"https:\/\/www.grills-saveurs.ch\/fr\/"},{"@type":"ListItem","position":2,"name":"Shop \/ Boutique","item":"https:\/\/www.grills-saveurs.ch\/fr\/boutique\/"},{"@type":"ListItem","position":3,"name":"Barbecue intelligent \u00e0 gaz Weber &#8211; Genesis II EX-335 GBS"}]}]}},"_links":{"self":[{"href":"https:\/\/www.grills-saveurs.ch\/fr\/wp-json\/wp\/v2\/product\/6910"}],"collection":[{"href":"https:\/\/www.grills-saveurs.ch\/fr\/wp-json\/wp\/v2\/product"}],"about":[{"href":"https:\/\/www.grills-saveurs.ch\/fr\/wp-json\/wp\/v2\/types\/product"}],"wp:featuredmedia":[{"embeddable":true,"href":"https:\/\/www.grills-saveurs.ch\/fr\/wp-json\/wp\/v2\/media\/6914"}],"wp:attachment":[{"href":"https:\/\/www.grills-saveurs.ch\/fr\/wp-json\/wp\/v2\/media?parent=6910"}],"wp:term":[{"taxonomy":"product_cat","embeddable":true,"href":"https:\/\/www.grills-saveurs.ch\/fr\/wp-json\/wp\/v2\/product_cat?post=6910"},{"taxonomy":"product_tag","embeddable":true,"href":"https:\/\/www.grills-saveurs.ch\/fr\/wp-json\/wp\/v2\/product_tag?post=6910"}],"curies":[{"name":"wp","href":"https:\/\/api.w.org\/{rel}","templated":true}]}}