{"id":6979,"date":"2021-03-15T21:34:23","date_gmt":"2021-03-15T20:34:23","guid":{"rendered":"https:\/\/www.grills-saveurs.ch\/fr\/produit\/spirit-e-325s-gbs\/"},"modified":"2025-02-11T11:54:24","modified_gmt":"2025-02-11T10:54:24","slug":"spirit-e-325s-gbs","status":"publish","type":"product","link":"https:\/\/www.grills-saveurs.ch\/fr\/produit\/spirit-e-325s-gbs\/","title":{"rendered":"Barbecue \u00e0 gaz Weber \u2013 Spirit E-325S GBS"},"content":{"rendered":"<p>Une odeur de bacon cuisant sur la plancha flotte dans l\u2019air frais du matin. Le soir, un d\u00eener vous fait oublier le temps. Commencez et terminez la journ\u00e9e dans votre jardin en compagnie de ceux que vous aimez en pr\u00e9parant vos repas sur le barbecue \u00e0 gaz Spirit E-325S GBS.<\/p>\n<p><strong>CARACT\u00c9RISTIQUES<\/strong><\/p>\n<ul>\n<li>Grilles du Gourmet BBQ System en fonte \u00e9maill\u00e9e, durables et faciles \u00e0 nettoyer \u00a0avec insert de grille de saisie.<\/li>\n<li>Le fini \u00e9maill\u00e9 Weber aide \u00e0 emp\u00eacher la rouille et les fissures.<\/li>\n<li>Le br\u00fbleur Sear Zone de 2,2 kW cr\u00e9e une chaleur intense et \u00e9lev\u00e9e sur la grille de cuisson pour ajouter rapidement des marques de saisie \u00e0 vos aliments.<\/li>\n<li>2745 centim\u00e8tres carr\u00e9s de surface de cuisson principale.<\/li>\n<li>Le r\u00e9chaud permet de garder les aliments chauds \u00e0 l&rsquo;\u00e9cart de la grille principale pour avoir plus d&rsquo;espace.<\/li>\n<li>Distribue une chaleur uniforme, en \u00e9vitant les diff\u00e9rences de zones chaudes ou froides sur les grilles.<\/li>\n<\/ul>\n<p><strong>D\u00c9TAILS<\/strong><\/p>\n<ul>\n<li>Syst\u00e8me d\u2019allumage pi\u00e9zo\u00e9lectronique et tube Crossover<\/li>\n<li>Barres Flavorizer en acier inoxydable<\/li>\n<li>Couvercle \u00e9maill\u00e9<\/li>\n<li>Thermom\u00e8tre int\u00e9gr\u00e9 au couvercle<\/li>\n<li>Plans de travail en acier inoxydable<\/li>\n<li>Placard<\/li>\n<li>Porte en acier peint<\/li>\n<li>Plateau amovible avec bac de r\u00e9cup\u00e9ration de graisse<\/li>\n<li>Commande Infinite br\u00fbleurs<\/li>\n<li>Grilles de cuisson en fonte \u00e9maill\u00e9e gourmet BBQ System avec insert pour la grille de saisie<\/li>\n<li>Bouton rouge du br\u00fbleur de saisie<\/li>\n<li>Poign\u00e9e et boutons de commande en m\u00e9tal poli<\/li>\n<\/ul>\n<p><strong>D\u00c9TAILS<\/strong><\/p>\n<ul>\n<li>Br\u00fbleurs principaux\u00a0: kw 9.38<\/li>\n<li>Br\u00fbleur Sear Zone : kw 2.2<\/li>\n<li>Dimensions \u2013 couvercle ouvert (cm) : 160cm h x 126cm l x 81cm p<\/li>\n<li>Dimensions \u2013 couvercle ferm\u00e9 (cm) : 116cm h x 126cm l x 61cm p<\/li>\n<li>Surface principale de cuisson (cm\u00b2) : 61 x 45<\/li>\n<li>Surface de la grille de r\u00e9chauffage (cm\u00b2) : 56 x 12<\/li>\n<li>Br\u00fbleurs en acier inoxydable : 3<\/li>\n<li>Type d\u2019\u00e9nergie : bouteille de gaz rechargeable vendue s\u00e9par\u00e9ment<\/li>\n<li>Plans de travail : 2<\/li>\n<li>Boutons de r\u00e9glage en m\u00e9tal : 3<\/li>\n<li>Roulettes pivotantes autobloquantes : 2<\/li>\n<li>Crochets porte-ustensiles : 2<\/li>\n<li>Type de pile : 1 pile AA<\/li>\n<\/ul>\n","protected":false},"excerpt":{"rendered":"<p>R\u00e9f. 46912294<\/p>\n","protected":false},"featured_media":7115,"template":"","meta":[],"product_cat":[260],"product_tag":[84],"yoast_head":"<!-- This site is optimized with the Yoast SEO plugin v18.2 - https:\/\/yoast.com\/wordpress\/plugins\/seo\/ -->\n<title>Barbecue \u00e0 gaz Weber \u2013 Spirit E-325S GBS - Grills et Saveurs<\/title>\n<meta name=\"description\" content=\"Passez la journ\u00e9e dans votre jardin en compagnie de ceux que vous aimez en pr\u00e9parant vos repas sur le barbecue \u00e0 gaz Spirit E-325S GBS.\" \/>\n<meta name=\"robots\" content=\"index, follow, max-snippet:-1, max-image-preview:large, max-video-preview:-1\" \/>\n<link rel=\"canonical\" href=\"https:\/\/www.grills-saveurs.ch\/fr\/produit\/spirit-e-325s-gbs\/\" \/>\n<meta property=\"og:locale\" content=\"fr_FR\" \/>\n<meta property=\"og:type\" content=\"article\" \/>\n<meta property=\"og:title\" content=\"Barbecue \u00e0 gaz Weber \u2013 Spirit E-325S GBS - Grills et Saveurs\" \/>\n<meta property=\"og:description\" content=\"Passez la journ\u00e9e dans votre jardin en compagnie de ceux que vous aimez en pr\u00e9parant vos repas sur le barbecue \u00e0 gaz Spirit E-325S GBS.\" \/>\n<meta property=\"og:url\" content=\"https:\/\/www.grills-saveurs.ch\/fr\/produit\/spirit-e-325s-gbs\/\" \/>\n<meta property=\"og:site_name\" content=\"Grills et Saveurs\" \/>\n<meta property=\"article:modified_time\" content=\"2025-02-11T10:54:24+00:00\" \/>\n<meta property=\"og:image\" content=\"https:\/\/www.grills-saveurs.ch\/fr\/wp-content\/uploads\/2021\/03\/46912204BR_1800x1800.png\" \/>\n\t<meta property=\"og:image:width\" content=\"1000\" \/>\n\t<meta property=\"og:image:height\" content=\"950\" \/>\n\t<meta property=\"og:image:type\" content=\"image\/png\" \/>\n<meta name=\"twitter:card\" content=\"summary_large_image\" \/>\n<meta name=\"twitter:label1\" content=\"Dur\u00e9e de lecture estim\u00e9e\" \/>\n\t<meta name=\"twitter:data1\" content=\"2 minutes\" \/>\n<script type=\"application\/ld+json\" class=\"yoast-schema-graph\">{\"@context\":\"https:\/\/schema.org\",\"@graph\":[{\"@type\":\"WebSite\",\"@id\":\"https:\/\/www.grills-saveurs.ch\/fr\/#website\",\"url\":\"https:\/\/www.grills-saveurs.ch\/fr\/\",\"name\":\"Grills et Saveurs\",\"description\":\"Barbecues, Grills, Planchas, Chemin\u00e9es jardin - Lausanne, Suisse Romande\",\"potentialAction\":[{\"@type\":\"SearchAction\",\"target\":{\"@type\":\"EntryPoint\",\"urlTemplate\":\"https:\/\/www.grills-saveurs.ch\/fr\/?s={search_term_string}\"},\"query-input\":\"required name=search_term_string\"}],\"inLanguage\":\"fr-FR\"},{\"@type\":\"ImageObject\",\"@id\":\"https:\/\/www.grills-saveurs.ch\/fr\/produit\/spirit-e-325s-gbs\/#primaryimage\",\"inLanguage\":\"fr-FR\",\"url\":\"https:\/\/www.grills-saveurs.ch\/fr\/wp-content\/uploads\/2021\/03\/46912204BR_1800x1800.png\",\"contentUrl\":\"https:\/\/www.grills-saveurs.ch\/fr\/wp-content\/uploads\/2021\/03\/46912204BR_1800x1800.png\",\"width\":1000,\"height\":950,\"caption\":\"Barbecue \u00e0 gaz Spirit E-325S GBS\"},{\"@type\":\"WebPage\",\"@id\":\"https:\/\/www.grills-saveurs.ch\/fr\/produit\/spirit-e-325s-gbs\/#webpage\",\"url\":\"https:\/\/www.grills-saveurs.ch\/fr\/produit\/spirit-e-325s-gbs\/\",\"name\":\"Barbecue \u00e0 gaz Weber \u2013 Spirit E-325S GBS - Grills et Saveurs\",\"isPartOf\":{\"@id\":\"https:\/\/www.grills-saveurs.ch\/fr\/#website\"},\"primaryImageOfPage\":{\"@id\":\"https:\/\/www.grills-saveurs.ch\/fr\/produit\/spirit-e-325s-gbs\/#primaryimage\"},\"datePublished\":\"2021-03-15T20:34:23+00:00\",\"dateModified\":\"2025-02-11T10:54:24+00:00\",\"description\":\"Passez la journ\u00e9e dans votre jardin en compagnie de ceux que vous aimez en pr\u00e9parant vos repas sur le barbecue \u00e0 gaz Spirit E-325S GBS.\",\"breadcrumb\":{\"@id\":\"https:\/\/www.grills-saveurs.ch\/fr\/produit\/spirit-e-325s-gbs\/#breadcrumb\"},\"inLanguage\":\"fr-FR\",\"potentialAction\":[{\"@type\":\"ReadAction\",\"target\":[\"https:\/\/www.grills-saveurs.ch\/fr\/produit\/spirit-e-325s-gbs\/\"]}]},{\"@type\":\"BreadcrumbList\",\"@id\":\"https:\/\/www.grills-saveurs.ch\/fr\/produit\/spirit-e-325s-gbs\/#breadcrumb\",\"itemListElement\":[{\"@type\":\"ListItem\",\"position\":1,\"name\":\"Accueil\",\"item\":\"https:\/\/www.grills-saveurs.ch\/fr\/\"},{\"@type\":\"ListItem\",\"position\":2,\"name\":\"Shop \/ Boutique\",\"item\":\"https:\/\/www.grills-saveurs.ch\/fr\/boutique\/\"},{\"@type\":\"ListItem\",\"position\":3,\"name\":\"Barbecue \u00e0 gaz Weber \u2013 Spirit E-325S GBS\"}]}]}<\/script>\n<!-- \/ Yoast SEO plugin. -->","yoast_head_json":{"title":"Barbecue \u00e0 gaz Weber \u2013 Spirit E-325S GBS - Grills et Saveurs","description":"Passez la journ\u00e9e dans votre jardin en compagnie de ceux que vous aimez en pr\u00e9parant vos repas sur le barbecue \u00e0 gaz Spirit E-325S GBS.","robots":{"index":"index","follow":"follow","max-snippet":"max-snippet:-1","max-image-preview":"max-image-preview:large","max-video-preview":"max-video-preview:-1"},"canonical":"https:\/\/www.grills-saveurs.ch\/fr\/produit\/spirit-e-325s-gbs\/","og_locale":"fr_FR","og_type":"article","og_title":"Barbecue \u00e0 gaz Weber \u2013 Spirit E-325S GBS - Grills et Saveurs","og_description":"Passez la journ\u00e9e dans votre jardin en compagnie de ceux que vous aimez en pr\u00e9parant vos repas sur le barbecue \u00e0 gaz Spirit E-325S GBS.","og_url":"https:\/\/www.grills-saveurs.ch\/fr\/produit\/spirit-e-325s-gbs\/","og_site_name":"Grills et Saveurs","article_modified_time":"2025-02-11T10:54:24+00:00","og_image":[{"width":1000,"height":950,"url":"https:\/\/www.grills-saveurs.ch\/fr\/wp-content\/uploads\/2021\/03\/46912204BR_1800x1800.png","type":"image\/png"}],"twitter_card":"summary_large_image","twitter_misc":{"Dur\u00e9e de lecture estim\u00e9e":"2 minutes"},"schema":{"@context":"https:\/\/schema.org","@graph":[{"@type":"WebSite","@id":"https:\/\/www.grills-saveurs.ch\/fr\/#website","url":"https:\/\/www.grills-saveurs.ch\/fr\/","name":"Grills et Saveurs","description":"Barbecues, Grills, Planchas, Chemin\u00e9es jardin - Lausanne, Suisse Romande","potentialAction":[{"@type":"SearchAction","target":{"@type":"EntryPoint","urlTemplate":"https:\/\/www.grills-saveurs.ch\/fr\/?s={search_term_string}"},"query-input":"required name=search_term_string"}],"inLanguage":"fr-FR"},{"@type":"ImageObject","@id":"https:\/\/www.grills-saveurs.ch\/fr\/produit\/spirit-e-325s-gbs\/#primaryimage","inLanguage":"fr-FR","url":"https:\/\/www.grills-saveurs.ch\/fr\/wp-content\/uploads\/2021\/03\/46912204BR_1800x1800.png","contentUrl":"https:\/\/www.grills-saveurs.ch\/fr\/wp-content\/uploads\/2021\/03\/46912204BR_1800x1800.png","width":1000,"height":950,"caption":"Barbecue \u00e0 gaz Spirit E-325S GBS"},{"@type":"WebPage","@id":"https:\/\/www.grills-saveurs.ch\/fr\/produit\/spirit-e-325s-gbs\/#webpage","url":"https:\/\/www.grills-saveurs.ch\/fr\/produit\/spirit-e-325s-gbs\/","name":"Barbecue \u00e0 gaz Weber \u2013 Spirit E-325S GBS - Grills et Saveurs","isPartOf":{"@id":"https:\/\/www.grills-saveurs.ch\/fr\/#website"},"primaryImageOfPage":{"@id":"https:\/\/www.grills-saveurs.ch\/fr\/produit\/spirit-e-325s-gbs\/#primaryimage"},"datePublished":"2021-03-15T20:34:23+00:00","dateModified":"2025-02-11T10:54:24+00:00","description":"Passez la journ\u00e9e dans votre jardin en compagnie de ceux que vous aimez en pr\u00e9parant vos repas sur le barbecue \u00e0 gaz Spirit E-325S GBS.","breadcrumb":{"@id":"https:\/\/www.grills-saveurs.ch\/fr\/produit\/spirit-e-325s-gbs\/#breadcrumb"},"inLanguage":"fr-FR","potentialAction":[{"@type":"ReadAction","target":["https:\/\/www.grills-saveurs.ch\/fr\/produit\/spirit-e-325s-gbs\/"]}]},{"@type":"BreadcrumbList","@id":"https:\/\/www.grills-saveurs.ch\/fr\/produit\/spirit-e-325s-gbs\/#breadcrumb","itemListElement":[{"@type":"ListItem","position":1,"name":"Accueil","item":"https:\/\/www.grills-saveurs.ch\/fr\/"},{"@type":"ListItem","position":2,"name":"Shop \/ Boutique","item":"https:\/\/www.grills-saveurs.ch\/fr\/boutique\/"},{"@type":"ListItem","position":3,"name":"Barbecue \u00e0 gaz Weber \u2013 Spirit E-325S GBS"}]}]}},"_links":{"self":[{"href":"https:\/\/www.grills-saveurs.ch\/fr\/wp-json\/wp\/v2\/product\/6979"}],"collection":[{"href":"https:\/\/www.grills-saveurs.ch\/fr\/wp-json\/wp\/v2\/product"}],"about":[{"href":"https:\/\/www.grills-saveurs.ch\/fr\/wp-json\/wp\/v2\/types\/product"}],"wp:featuredmedia":[{"embeddable":true,"href":"https:\/\/www.grills-saveurs.ch\/fr\/wp-json\/wp\/v2\/media\/7115"}],"wp:attachment":[{"href":"https:\/\/www.grills-saveurs.ch\/fr\/wp-json\/wp\/v2\/media?parent=6979"}],"wp:term":[{"taxonomy":"product_cat","embeddable":true,"href":"https:\/\/www.grills-saveurs.ch\/fr\/wp-json\/wp\/v2\/product_cat?post=6979"},{"taxonomy":"product_tag","embeddable":true,"href":"https:\/\/www.grills-saveurs.ch\/fr\/wp-json\/wp\/v2\/product_tag?post=6979"}],"curies":[{"name":"wp","href":"https:\/\/api.w.org\/{rel}","templated":true}]}}