{"id":6987,"date":"2021-03-15T21:34:26","date_gmt":"2021-03-15T20:34:26","guid":{"rendered":"https:\/\/www.grills-saveurs.ch\/fr\/produit\/weber-q-2200-stand-black\/"},"modified":"2024-05-18T12:28:59","modified_gmt":"2024-05-18T10:28:59","slug":"weber-q-2200-stand-black","status":"publish","type":"product","link":"https:\/\/www.grills-saveurs.ch\/fr\/produit\/weber-q-2200-stand-black\/","title":{"rendered":"Barbecue \u00e0 gaz Weber\u00ae Q 2200"},"content":{"rendered":"<p>Partez en voyage sans destination fixe et profitez de l&rsquo;aventure.\u00a0Avec ce gril compact et puissant, vous pouvez facilement et facilement obtenir un r\u00e9sultat de gril parfait.\u00a0Il est stable et durable gr\u00e2ce \u00e0 sa grille en fonte \u00e9maill\u00e9e de porcelaine et son bo\u00eetier en fonte d&rsquo;aluminium.\u00a0Il est facile \u00e0 utiliser et garantit un plaisir de gril maximal &#8211; la machine \u00e0 steak pour toute la famille !<\/p>\n<p><strong>CARACT\u00c9RISTIQUES<\/strong><\/p>\n<ul>\n<li>Grilles de cuisson en fonte \u00e9maill\u00e9e de porcelaine<\/li>\n<li>Allumage pi\u00e9zo\u00e9lectronique<\/li>\n<li>Couvercle et cuve en fonte d\u2019aluminium<\/li>\n<li>Thermom\u00e8tre int\u00e9gr\u00e9 au couvercle<\/li>\n<li>Plans de travail rabattables<\/li>\n<li>Ch\u00e2ssis en nylon renforc\u00e9 \u00e0 la fibre de verre<\/li>\n<li>Bac de r\u00e9cup\u00e9ration de graisse amovible<\/li>\n<li>Commande Infinite br\u00fbleur<\/li>\n<li>Stand<\/li>\n<\/ul>\n<p><strong>D\u00c9TAILS<\/strong><\/p>\n<ul>\n<li>br\u00fbleurs principaux : kw 3,52<\/li>\n<li>dimensions \u2013 couvercle ouvert et plans de travail d\u00e9pli\u00e9s(cm) : 129cm h x 130m l x 76cm p<\/li>\n<li>dimensions \u2013 couvercle ferm\u00e9 et plans de travail d\u00e9pli\u00e9s (cm) : 104cm h x130cm l x 62cm p<\/li>\n<li>surface principale de cuisson (cm\u00b2) : 54 X 39<\/li>\n<li>br\u00fbleurs en acier inoxydable :\u00a0 1<\/li>\n<li>type d\u2019\u00e9nergie : bouteille rechargeable vendue s\u00e9par\u00e9ment<\/li>\n<li>plans de travail : 2<\/li>\n<li>crochets porte-ustensiles : 3<\/li>\n<li>type de pile : AAA<\/li>\n<li>piles : 1<\/li>\n<\/ul>\n","protected":false},"excerpt":{"rendered":"<p>54010394<\/p>\n","protected":false},"featured_media":8852,"template":"","meta":[],"product_cat":[260],"product_tag":[],"yoast_head":"<!-- This site is optimized with the Yoast SEO plugin v18.2 - https:\/\/yoast.com\/wordpress\/plugins\/seo\/ -->\n<title>Barbecue \u00e0 gaz Weber\u00ae Q 2200 - Grills et Saveurs<\/title>\n<meta name=\"robots\" content=\"index, follow, max-snippet:-1, max-image-preview:large, max-video-preview:-1\" \/>\n<link rel=\"canonical\" href=\"https:\/\/www.grills-saveurs.ch\/fr\/produit\/weber-q-2200-stand-black\/\" \/>\n<meta property=\"og:locale\" content=\"fr_FR\" \/>\n<meta property=\"og:type\" content=\"article\" \/>\n<meta property=\"og:title\" content=\"Barbecue \u00e0 gaz Weber\u00ae Q 2200 - Grills et Saveurs\" \/>\n<meta property=\"og:description\" content=\"54010394\" \/>\n<meta property=\"og:url\" content=\"https:\/\/www.grills-saveurs.ch\/fr\/produit\/weber-q-2200-stand-black\/\" \/>\n<meta property=\"og:site_name\" content=\"Grills et Saveurs\" \/>\n<meta property=\"article:modified_time\" content=\"2024-05-18T10:28:59+00:00\" \/>\n<meta property=\"og:image\" content=\"https:\/\/www.grills-saveurs.ch\/fr\/wp-content\/uploads\/2021\/03\/barbecuegazq220.png\" \/>\n\t<meta property=\"og:image:width\" content=\"795\" \/>\n\t<meta property=\"og:image:height\" content=\"796\" \/>\n\t<meta property=\"og:image:type\" content=\"image\/png\" \/>\n<meta name=\"twitter:card\" content=\"summary_large_image\" \/>\n<meta name=\"twitter:label1\" content=\"Dur\u00e9e de lecture estim\u00e9e\" \/>\n\t<meta name=\"twitter:data1\" content=\"1 minute\" \/>\n<script type=\"application\/ld+json\" class=\"yoast-schema-graph\">{\"@context\":\"https:\/\/schema.org\",\"@graph\":[{\"@type\":\"WebSite\",\"@id\":\"https:\/\/www.grills-saveurs.ch\/fr\/#website\",\"url\":\"https:\/\/www.grills-saveurs.ch\/fr\/\",\"name\":\"Grills et Saveurs\",\"description\":\"Barbecues, Grills, Planchas, Chemin\u00e9es jardin - Lausanne, Suisse Romande\",\"potentialAction\":[{\"@type\":\"SearchAction\",\"target\":{\"@type\":\"EntryPoint\",\"urlTemplate\":\"https:\/\/www.grills-saveurs.ch\/fr\/?s={search_term_string}\"},\"query-input\":\"required name=search_term_string\"}],\"inLanguage\":\"fr-FR\"},{\"@type\":\"ImageObject\",\"@id\":\"https:\/\/www.grills-saveurs.ch\/fr\/produit\/weber-q-2200-stand-black\/#primaryimage\",\"inLanguage\":\"fr-FR\",\"url\":\"https:\/\/www.grills-saveurs.ch\/fr\/wp-content\/uploads\/2021\/03\/barbecuegazq220.png\",\"contentUrl\":\"https:\/\/www.grills-saveurs.ch\/fr\/wp-content\/uploads\/2021\/03\/barbecuegazq220.png\",\"width\":795,\"height\":796},{\"@type\":\"WebPage\",\"@id\":\"https:\/\/www.grills-saveurs.ch\/fr\/produit\/weber-q-2200-stand-black\/#webpage\",\"url\":\"https:\/\/www.grills-saveurs.ch\/fr\/produit\/weber-q-2200-stand-black\/\",\"name\":\"Barbecue \u00e0 gaz Weber\u00ae Q 2200 - Grills et Saveurs\",\"isPartOf\":{\"@id\":\"https:\/\/www.grills-saveurs.ch\/fr\/#website\"},\"primaryImageOfPage\":{\"@id\":\"https:\/\/www.grills-saveurs.ch\/fr\/produit\/weber-q-2200-stand-black\/#primaryimage\"},\"datePublished\":\"2021-03-15T20:34:26+00:00\",\"dateModified\":\"2024-05-18T10:28:59+00:00\",\"breadcrumb\":{\"@id\":\"https:\/\/www.grills-saveurs.ch\/fr\/produit\/weber-q-2200-stand-black\/#breadcrumb\"},\"inLanguage\":\"fr-FR\",\"potentialAction\":[{\"@type\":\"ReadAction\",\"target\":[\"https:\/\/www.grills-saveurs.ch\/fr\/produit\/weber-q-2200-stand-black\/\"]}]},{\"@type\":\"BreadcrumbList\",\"@id\":\"https:\/\/www.grills-saveurs.ch\/fr\/produit\/weber-q-2200-stand-black\/#breadcrumb\",\"itemListElement\":[{\"@type\":\"ListItem\",\"position\":1,\"name\":\"Accueil\",\"item\":\"https:\/\/www.grills-saveurs.ch\/fr\/\"},{\"@type\":\"ListItem\",\"position\":2,\"name\":\"Shop \/ Boutique\",\"item\":\"https:\/\/www.grills-saveurs.ch\/fr\/boutique\/\"},{\"@type\":\"ListItem\",\"position\":3,\"name\":\"Barbecue \u00e0 gaz Weber\u00ae Q 2200\"}]}]}<\/script>\n<!-- \/ Yoast SEO plugin. -->","yoast_head_json":{"title":"Barbecue \u00e0 gaz Weber\u00ae Q 2200 - Grills et Saveurs","robots":{"index":"index","follow":"follow","max-snippet":"max-snippet:-1","max-image-preview":"max-image-preview:large","max-video-preview":"max-video-preview:-1"},"canonical":"https:\/\/www.grills-saveurs.ch\/fr\/produit\/weber-q-2200-stand-black\/","og_locale":"fr_FR","og_type":"article","og_title":"Barbecue \u00e0 gaz Weber\u00ae Q 2200 - Grills et Saveurs","og_description":"54010394","og_url":"https:\/\/www.grills-saveurs.ch\/fr\/produit\/weber-q-2200-stand-black\/","og_site_name":"Grills et Saveurs","article_modified_time":"2024-05-18T10:28:59+00:00","og_image":[{"width":795,"height":796,"url":"https:\/\/www.grills-saveurs.ch\/fr\/wp-content\/uploads\/2021\/03\/barbecuegazq220.png","type":"image\/png"}],"twitter_card":"summary_large_image","twitter_misc":{"Dur\u00e9e de lecture estim\u00e9e":"1 minute"},"schema":{"@context":"https:\/\/schema.org","@graph":[{"@type":"WebSite","@id":"https:\/\/www.grills-saveurs.ch\/fr\/#website","url":"https:\/\/www.grills-saveurs.ch\/fr\/","name":"Grills et Saveurs","description":"Barbecues, Grills, Planchas, Chemin\u00e9es jardin - Lausanne, Suisse Romande","potentialAction":[{"@type":"SearchAction","target":{"@type":"EntryPoint","urlTemplate":"https:\/\/www.grills-saveurs.ch\/fr\/?s={search_term_string}"},"query-input":"required name=search_term_string"}],"inLanguage":"fr-FR"},{"@type":"ImageObject","@id":"https:\/\/www.grills-saveurs.ch\/fr\/produit\/weber-q-2200-stand-black\/#primaryimage","inLanguage":"fr-FR","url":"https:\/\/www.grills-saveurs.ch\/fr\/wp-content\/uploads\/2021\/03\/barbecuegazq220.png","contentUrl":"https:\/\/www.grills-saveurs.ch\/fr\/wp-content\/uploads\/2021\/03\/barbecuegazq220.png","width":795,"height":796},{"@type":"WebPage","@id":"https:\/\/www.grills-saveurs.ch\/fr\/produit\/weber-q-2200-stand-black\/#webpage","url":"https:\/\/www.grills-saveurs.ch\/fr\/produit\/weber-q-2200-stand-black\/","name":"Barbecue \u00e0 gaz Weber\u00ae Q 2200 - Grills et Saveurs","isPartOf":{"@id":"https:\/\/www.grills-saveurs.ch\/fr\/#website"},"primaryImageOfPage":{"@id":"https:\/\/www.grills-saveurs.ch\/fr\/produit\/weber-q-2200-stand-black\/#primaryimage"},"datePublished":"2021-03-15T20:34:26+00:00","dateModified":"2024-05-18T10:28:59+00:00","breadcrumb":{"@id":"https:\/\/www.grills-saveurs.ch\/fr\/produit\/weber-q-2200-stand-black\/#breadcrumb"},"inLanguage":"fr-FR","potentialAction":[{"@type":"ReadAction","target":["https:\/\/www.grills-saveurs.ch\/fr\/produit\/weber-q-2200-stand-black\/"]}]},{"@type":"BreadcrumbList","@id":"https:\/\/www.grills-saveurs.ch\/fr\/produit\/weber-q-2200-stand-black\/#breadcrumb","itemListElement":[{"@type":"ListItem","position":1,"name":"Accueil","item":"https:\/\/www.grills-saveurs.ch\/fr\/"},{"@type":"ListItem","position":2,"name":"Shop \/ Boutique","item":"https:\/\/www.grills-saveurs.ch\/fr\/boutique\/"},{"@type":"ListItem","position":3,"name":"Barbecue \u00e0 gaz Weber\u00ae Q 2200"}]}]}},"_links":{"self":[{"href":"https:\/\/www.grills-saveurs.ch\/fr\/wp-json\/wp\/v2\/product\/6987"}],"collection":[{"href":"https:\/\/www.grills-saveurs.ch\/fr\/wp-json\/wp\/v2\/product"}],"about":[{"href":"https:\/\/www.grills-saveurs.ch\/fr\/wp-json\/wp\/v2\/types\/product"}],"wp:featuredmedia":[{"embeddable":true,"href":"https:\/\/www.grills-saveurs.ch\/fr\/wp-json\/wp\/v2\/media\/8852"}],"wp:attachment":[{"href":"https:\/\/www.grills-saveurs.ch\/fr\/wp-json\/wp\/v2\/media?parent=6987"}],"wp:term":[{"taxonomy":"product_cat","embeddable":true,"href":"https:\/\/www.grills-saveurs.ch\/fr\/wp-json\/wp\/v2\/product_cat?post=6987"},{"taxonomy":"product_tag","embeddable":true,"href":"https:\/\/www.grills-saveurs.ch\/fr\/wp-json\/wp\/v2\/product_tag?post=6987"}],"curies":[{"name":"wp","href":"https:\/\/api.w.org\/{rel}","templated":true}]}}