{"id":6988,"date":"2021-03-15T21:34:26","date_gmt":"2021-03-15T20:34:26","guid":{"rendered":"https:\/\/www.grills-saveurs.ch\/fr\/produit\/weber-traveler\/"},"modified":"2024-06-07T14:28:05","modified_gmt":"2024-06-07T12:28:05","slug":"weber-traveler","status":"publish","type":"product","link":"https:\/\/www.grills-saveurs.ch\/fr\/produit\/weber-traveler\/","title":{"rendered":"Barbecue \u00e0 gaz portable Weber \u2013 Traveler (model EXPO)"},"content":{"rendered":"<p>Le Weber Traveler est destin\u00e9 \u00e0 tous ceux qui souhaitent d\u00e9guster de d\u00e9licieuses grillades n&rsquo;importe o\u00f9. Que vous soyez en camping, en randonn\u00e9e ou en pique-nique, sa conception robuste et compacte vous garantit une exp\u00e9rience sans faille, de l&rsquo;installation au rangement. Peu importe o\u00f9 l&rsquo;aventure vous m\u00e8ne, vous savourerez un repas aussi savoureux que celui cuit sur un barbecue fixe.<\/p>\n<ul>\n<li>Compact pour un espace de rangement minimal, il tient facilement dans le coffre d&rsquo;une voiture<\/li>\n<li>Grande surface de cuisson pour que tout le repas soit pr\u00eat \u00e0 d\u00e9guster en m\u00eame temps<\/li>\n<li>Sp\u00e9cialement con\u00e7u pour optimiser l&rsquo;utilisation du gaz<\/li>\n<li>Cuisson \u00e0 basse ou haute temp\u00e9rature pour des cr\u00eapes r\u00e9ussies ou des steaks parfaitement saisis<\/li>\n<li>Facile \u00e0 transporter, pour vous suivre dans tous vos d\u00e9placements<\/li>\n<li>Le barbecue est fix\u00e9 au chariot pour que vous puissiez d\u00e9marrer les grillades en un rien de temps<\/li>\n<\/ul>\n<p><strong>D\u00c9TAILS<\/strong><\/p>\n<ul>\n<li>Br\u00fbleurs principaux : 13,715 KJ<\/li>\n<li>Dimensions \u2013 couvercle ferm\u00e9 (cm) : 94.5 cm H X 110.8 cm L X 58.4 cm P<\/li>\n<li>Surface totale de cuisson (cm\u00b2) : 2065<\/li>\n<li>Br\u00fbleurs en acier inoxydable : 1<\/li>\n<li>Type d\u2019\u00e9nergie : cartouche de gaz weber petit format<\/li>\n<li>Crochets porte-ustensiles : 3<\/li>\n<\/ul>\n","protected":false},"excerpt":{"rendered":"<p>R\u00e9f. 9010094<\/p>\n<p><strong>Bient\u00f4t disponible : d\u00e8s mi-mai 2021<\/strong><\/p>\n","protected":false},"featured_media":7148,"template":"","meta":[],"product_cat":[15],"product_tag":[84],"yoast_head":"<!-- This site is optimized with the Yoast SEO plugin v18.2 - https:\/\/yoast.com\/wordpress\/plugins\/seo\/ -->\n<title>Barbecue \u00e0 gaz portable Weber \u2013 Traveler (model EXPO) - Grills et Saveurs<\/title>\n<meta name=\"description\" content=\"Le Weber Traveler est destin\u00e9 \u00e0 tous ceux qui souhaitent d\u00e9guster leurs grillades n&#039;importe o\u00f9. Conception compacte et robuste au rendez-vous\" \/>\n<meta name=\"robots\" content=\"index, follow, max-snippet:-1, max-image-preview:large, max-video-preview:-1\" \/>\n<link rel=\"canonical\" href=\"https:\/\/www.grills-saveurs.ch\/fr\/produit\/weber-traveler\/\" \/>\n<meta property=\"og:locale\" content=\"fr_FR\" \/>\n<meta property=\"og:type\" content=\"article\" \/>\n<meta property=\"og:title\" content=\"Barbecue \u00e0 gaz portable Weber \u2013 Traveler (model EXPO) - Grills et Saveurs\" \/>\n<meta property=\"og:description\" content=\"Le Weber Traveler est destin\u00e9 \u00e0 tous ceux qui souhaitent d\u00e9guster leurs grillades n&#039;importe o\u00f9. Conception compacte et robuste au rendez-vous\" \/>\n<meta property=\"og:url\" content=\"https:\/\/www.grills-saveurs.ch\/fr\/produit\/weber-traveler\/\" \/>\n<meta property=\"og:site_name\" content=\"Grills et Saveurs\" \/>\n<meta property=\"article:modified_time\" content=\"2024-06-07T12:28:05+00:00\" \/>\n<meta property=\"og:image\" content=\"https:\/\/www.grills-saveurs.ch\/fr\/wp-content\/uploads\/2021\/03\/9010004BR_1800x1800.png\" \/>\n\t<meta property=\"og:image:width\" content=\"1000\" \/>\n\t<meta property=\"og:image:height\" content=\"950\" \/>\n\t<meta property=\"og:image:type\" content=\"image\/png\" \/>\n<meta name=\"twitter:card\" content=\"summary_large_image\" \/>\n<meta name=\"twitter:label1\" content=\"Dur\u00e9e de lecture estim\u00e9e\" \/>\n\t<meta name=\"twitter:data1\" content=\"1 minute\" \/>\n<script type=\"application\/ld+json\" class=\"yoast-schema-graph\">{\"@context\":\"https:\/\/schema.org\",\"@graph\":[{\"@type\":\"WebSite\",\"@id\":\"https:\/\/www.grills-saveurs.ch\/fr\/#website\",\"url\":\"https:\/\/www.grills-saveurs.ch\/fr\/\",\"name\":\"Grills et Saveurs\",\"description\":\"Barbecues, Grills, Planchas, Chemin\u00e9es jardin - Lausanne, Suisse Romande\",\"potentialAction\":[{\"@type\":\"SearchAction\",\"target\":{\"@type\":\"EntryPoint\",\"urlTemplate\":\"https:\/\/www.grills-saveurs.ch\/fr\/?s={search_term_string}\"},\"query-input\":\"required name=search_term_string\"}],\"inLanguage\":\"fr-FR\"},{\"@type\":\"ImageObject\",\"@id\":\"https:\/\/www.grills-saveurs.ch\/fr\/produit\/weber-traveler\/#primaryimage\",\"inLanguage\":\"fr-FR\",\"url\":\"https:\/\/www.grills-saveurs.ch\/fr\/wp-content\/uploads\/2021\/03\/9010004BR_1800x1800.png\",\"contentUrl\":\"https:\/\/www.grills-saveurs.ch\/fr\/wp-content\/uploads\/2021\/03\/9010004BR_1800x1800.png\",\"width\":1000,\"height\":950,\"caption\":\"Le Weber Traveler Noir\"},{\"@type\":\"WebPage\",\"@id\":\"https:\/\/www.grills-saveurs.ch\/fr\/produit\/weber-traveler\/#webpage\",\"url\":\"https:\/\/www.grills-saveurs.ch\/fr\/produit\/weber-traveler\/\",\"name\":\"Barbecue \u00e0 gaz portable Weber \u2013 Traveler (model EXPO) - Grills et Saveurs\",\"isPartOf\":{\"@id\":\"https:\/\/www.grills-saveurs.ch\/fr\/#website\"},\"primaryImageOfPage\":{\"@id\":\"https:\/\/www.grills-saveurs.ch\/fr\/produit\/weber-traveler\/#primaryimage\"},\"datePublished\":\"2021-03-15T20:34:26+00:00\",\"dateModified\":\"2024-06-07T12:28:05+00:00\",\"description\":\"Le Weber Traveler est destin\u00e9 \u00e0 tous ceux qui souhaitent d\u00e9guster leurs grillades n'importe o\u00f9. Conception compacte et robuste au rendez-vous\",\"breadcrumb\":{\"@id\":\"https:\/\/www.grills-saveurs.ch\/fr\/produit\/weber-traveler\/#breadcrumb\"},\"inLanguage\":\"fr-FR\",\"potentialAction\":[{\"@type\":\"ReadAction\",\"target\":[\"https:\/\/www.grills-saveurs.ch\/fr\/produit\/weber-traveler\/\"]}]},{\"@type\":\"BreadcrumbList\",\"@id\":\"https:\/\/www.grills-saveurs.ch\/fr\/produit\/weber-traveler\/#breadcrumb\",\"itemListElement\":[{\"@type\":\"ListItem\",\"position\":1,\"name\":\"Accueil\",\"item\":\"https:\/\/www.grills-saveurs.ch\/fr\/\"},{\"@type\":\"ListItem\",\"position\":2,\"name\":\"Shop \/ Boutique\",\"item\":\"https:\/\/www.grills-saveurs.ch\/fr\/boutique\/\"},{\"@type\":\"ListItem\",\"position\":3,\"name\":\"Barbecue \u00e0 gaz portable Weber \u2013 Traveler (model EXPO)\"}]}]}<\/script>\n<!-- \/ Yoast SEO plugin. -->","yoast_head_json":{"title":"Barbecue \u00e0 gaz portable Weber \u2013 Traveler (model EXPO) - Grills et Saveurs","description":"Le Weber Traveler est destin\u00e9 \u00e0 tous ceux qui souhaitent d\u00e9guster leurs grillades n'importe o\u00f9. Conception compacte et robuste au rendez-vous","robots":{"index":"index","follow":"follow","max-snippet":"max-snippet:-1","max-image-preview":"max-image-preview:large","max-video-preview":"max-video-preview:-1"},"canonical":"https:\/\/www.grills-saveurs.ch\/fr\/produit\/weber-traveler\/","og_locale":"fr_FR","og_type":"article","og_title":"Barbecue \u00e0 gaz portable Weber \u2013 Traveler (model EXPO) - Grills et Saveurs","og_description":"Le Weber Traveler est destin\u00e9 \u00e0 tous ceux qui souhaitent d\u00e9guster leurs grillades n'importe o\u00f9. Conception compacte et robuste au rendez-vous","og_url":"https:\/\/www.grills-saveurs.ch\/fr\/produit\/weber-traveler\/","og_site_name":"Grills et Saveurs","article_modified_time":"2024-06-07T12:28:05+00:00","og_image":[{"width":1000,"height":950,"url":"https:\/\/www.grills-saveurs.ch\/fr\/wp-content\/uploads\/2021\/03\/9010004BR_1800x1800.png","type":"image\/png"}],"twitter_card":"summary_large_image","twitter_misc":{"Dur\u00e9e de lecture estim\u00e9e":"1 minute"},"schema":{"@context":"https:\/\/schema.org","@graph":[{"@type":"WebSite","@id":"https:\/\/www.grills-saveurs.ch\/fr\/#website","url":"https:\/\/www.grills-saveurs.ch\/fr\/","name":"Grills et Saveurs","description":"Barbecues, Grills, Planchas, Chemin\u00e9es jardin - Lausanne, Suisse Romande","potentialAction":[{"@type":"SearchAction","target":{"@type":"EntryPoint","urlTemplate":"https:\/\/www.grills-saveurs.ch\/fr\/?s={search_term_string}"},"query-input":"required name=search_term_string"}],"inLanguage":"fr-FR"},{"@type":"ImageObject","@id":"https:\/\/www.grills-saveurs.ch\/fr\/produit\/weber-traveler\/#primaryimage","inLanguage":"fr-FR","url":"https:\/\/www.grills-saveurs.ch\/fr\/wp-content\/uploads\/2021\/03\/9010004BR_1800x1800.png","contentUrl":"https:\/\/www.grills-saveurs.ch\/fr\/wp-content\/uploads\/2021\/03\/9010004BR_1800x1800.png","width":1000,"height":950,"caption":"Le Weber Traveler Noir"},{"@type":"WebPage","@id":"https:\/\/www.grills-saveurs.ch\/fr\/produit\/weber-traveler\/#webpage","url":"https:\/\/www.grills-saveurs.ch\/fr\/produit\/weber-traveler\/","name":"Barbecue \u00e0 gaz portable Weber \u2013 Traveler (model EXPO) - Grills et Saveurs","isPartOf":{"@id":"https:\/\/www.grills-saveurs.ch\/fr\/#website"},"primaryImageOfPage":{"@id":"https:\/\/www.grills-saveurs.ch\/fr\/produit\/weber-traveler\/#primaryimage"},"datePublished":"2021-03-15T20:34:26+00:00","dateModified":"2024-06-07T12:28:05+00:00","description":"Le Weber Traveler est destin\u00e9 \u00e0 tous ceux qui souhaitent d\u00e9guster leurs grillades n'importe o\u00f9. Conception compacte et robuste au rendez-vous","breadcrumb":{"@id":"https:\/\/www.grills-saveurs.ch\/fr\/produit\/weber-traveler\/#breadcrumb"},"inLanguage":"fr-FR","potentialAction":[{"@type":"ReadAction","target":["https:\/\/www.grills-saveurs.ch\/fr\/produit\/weber-traveler\/"]}]},{"@type":"BreadcrumbList","@id":"https:\/\/www.grills-saveurs.ch\/fr\/produit\/weber-traveler\/#breadcrumb","itemListElement":[{"@type":"ListItem","position":1,"name":"Accueil","item":"https:\/\/www.grills-saveurs.ch\/fr\/"},{"@type":"ListItem","position":2,"name":"Shop \/ Boutique","item":"https:\/\/www.grills-saveurs.ch\/fr\/boutique\/"},{"@type":"ListItem","position":3,"name":"Barbecue \u00e0 gaz portable Weber \u2013 Traveler (model EXPO)"}]}]}},"_links":{"self":[{"href":"https:\/\/www.grills-saveurs.ch\/fr\/wp-json\/wp\/v2\/product\/6988"}],"collection":[{"href":"https:\/\/www.grills-saveurs.ch\/fr\/wp-json\/wp\/v2\/product"}],"about":[{"href":"https:\/\/www.grills-saveurs.ch\/fr\/wp-json\/wp\/v2\/types\/product"}],"wp:featuredmedia":[{"embeddable":true,"href":"https:\/\/www.grills-saveurs.ch\/fr\/wp-json\/wp\/v2\/media\/7148"}],"wp:attachment":[{"href":"https:\/\/www.grills-saveurs.ch\/fr\/wp-json\/wp\/v2\/media?parent=6988"}],"wp:term":[{"taxonomy":"product_cat","embeddable":true,"href":"https:\/\/www.grills-saveurs.ch\/fr\/wp-json\/wp\/v2\/product_cat?post=6988"},{"taxonomy":"product_tag","embeddable":true,"href":"https:\/\/www.grills-saveurs.ch\/fr\/wp-json\/wp\/v2\/product_tag?post=6988"}],"curies":[{"name":"wp","href":"https:\/\/api.w.org\/{rel}","templated":true}]}}