{"id":6993,"date":"2021-03-15T21:34:27","date_gmt":"2021-03-15T20:34:27","guid":{"rendered":"https:\/\/www.grills-saveurs.ch\/fr\/produit\/cocotte-2-en-1-pour-gourmet-bbq-system\/"},"modified":"2024-03-22T15:36:52","modified_gmt":"2024-03-22T14:36:52","slug":"cocotte-2-en-1-pour-gourmet-bbq-system","status":"publish","type":"product","link":"https:\/\/www.grills-saveurs.ch\/fr\/produit\/cocotte-2-en-1-pour-gourmet-bbq-system\/","title":{"rendered":"Cocotte 2 en 1 pour Gourmet BBQ System"},"content":{"rendered":"<div>\n<p>Cet ustensile polyvalent offre des possibilit\u00e9s infinies de cuisson sur le barbecue. La cocotte en fonte \u00e9maill\u00e9e avec une capacit\u00e9 de 6,8 l procure une r\u00e9partition et une r\u00e9tention \u00e9gales de la chaleur pour des r\u00f4tis plus tendres et des soupes et rago\u00fbts savoureux. Le couvercle \u00e0 double fonction se transforme en plancha pour toaster des sandwiches ou cuire parfaitement des blancs de poulet et des l\u00e9gumes. Le fini \u00e9maill\u00e9 facilite le nettoyage et les deux pi\u00e8ces s&#8217;empilent pour un gain de place lors du rangement.<\/p>\n<p>\u2022\u00a0Cocotte polyvalente \u00e0 couvercle plat pouvant \u00eatre utilis\u00e9 comme plancha<br \/>\n\u2022 Les pi\u00e8ces peuvent \u00eatre utilis\u00e9es ensemble ou s\u00e9par\u00e9ment<br \/>\n\u2022 Empilables pour un rangement compact<br \/>\n\u2022\u00a0Fonte \u00e9maill\u00e9e pour un nettoyage facile<br \/>\n\u2022\u00a0Capacit\u00e9 de 6,8 l.<br \/>\n\u2022\u00a0Couvercle con\u00e7u pour retenir l&rsquo;humidit\u00e9<br \/>\n\u2022 Compatible avec les grilles du Gourmet BBQ System<\/p>\n<\/div>\n","protected":false},"excerpt":{"rendered":"<p>8857<\/p>\n","protected":false},"featured_media":7172,"template":"","meta":[],"product_cat":[158],"product_tag":[84],"yoast_head":"<!-- This site is optimized with the Yoast SEO plugin v18.2 - https:\/\/yoast.com\/wordpress\/plugins\/seo\/ -->\n<title>Cocotte 2 en 1 pour Gourmet BBQ System - Grills et Saveurs<\/title>\n<meta name=\"robots\" content=\"index, follow, max-snippet:-1, max-image-preview:large, max-video-preview:-1\" \/>\n<link rel=\"canonical\" href=\"https:\/\/www.grills-saveurs.ch\/fr\/produit\/cocotte-2-en-1-pour-gourmet-bbq-system\/\" \/>\n<meta property=\"og:locale\" content=\"fr_FR\" \/>\n<meta property=\"og:type\" content=\"article\" \/>\n<meta property=\"og:title\" content=\"Cocotte 2 en 1 pour Gourmet BBQ System - Grills et Saveurs\" \/>\n<meta property=\"og:description\" content=\"8857\" \/>\n<meta property=\"og:url\" content=\"https:\/\/www.grills-saveurs.ch\/fr\/produit\/cocotte-2-en-1-pour-gourmet-bbq-system\/\" \/>\n<meta property=\"og:site_name\" content=\"Grills et Saveurs\" \/>\n<meta property=\"article:modified_time\" content=\"2024-03-22T14:36:52+00:00\" \/>\n<meta property=\"og:image\" content=\"https:\/\/www.grills-saveurs.ch\/fr\/wp-content\/uploads\/2021\/03\/8857_8859_1_rgb_1800-x-1800_cropped.png\" \/>\n\t<meta property=\"og:image:width\" content=\"1000\" \/>\n\t<meta property=\"og:image:height\" content=\"950\" \/>\n\t<meta property=\"og:image:type\" content=\"image\/png\" \/>\n<meta name=\"twitter:card\" content=\"summary_large_image\" \/>\n<meta name=\"twitter:label1\" content=\"Dur\u00e9e de lecture estim\u00e9e\" \/>\n\t<meta name=\"twitter:data1\" content=\"1 minute\" \/>\n<script type=\"application\/ld+json\" class=\"yoast-schema-graph\">{\"@context\":\"https:\/\/schema.org\",\"@graph\":[{\"@type\":\"WebSite\",\"@id\":\"https:\/\/www.grills-saveurs.ch\/fr\/#website\",\"url\":\"https:\/\/www.grills-saveurs.ch\/fr\/\",\"name\":\"Grills et Saveurs\",\"description\":\"Barbecues, Grills, Planchas, Chemin\u00e9es jardin - Lausanne, Suisse Romande\",\"potentialAction\":[{\"@type\":\"SearchAction\",\"target\":{\"@type\":\"EntryPoint\",\"urlTemplate\":\"https:\/\/www.grills-saveurs.ch\/fr\/?s={search_term_string}\"},\"query-input\":\"required name=search_term_string\"}],\"inLanguage\":\"fr-FR\"},{\"@type\":\"ImageObject\",\"@id\":\"https:\/\/www.grills-saveurs.ch\/fr\/produit\/cocotte-2-en-1-pour-gourmet-bbq-system\/#primaryimage\",\"inLanguage\":\"fr-FR\",\"url\":\"https:\/\/www.grills-saveurs.ch\/fr\/wp-content\/uploads\/2021\/03\/8857_8859_1_rgb_1800-x-1800_cropped.png\",\"contentUrl\":\"https:\/\/www.grills-saveurs.ch\/fr\/wp-content\/uploads\/2021\/03\/8857_8859_1_rgb_1800-x-1800_cropped.png\",\"width\":1000,\"height\":950,\"caption\":\"Cocotte Duo Pour grilles de cuisson Gourmet BBQ System\"},{\"@type\":\"WebPage\",\"@id\":\"https:\/\/www.grills-saveurs.ch\/fr\/produit\/cocotte-2-en-1-pour-gourmet-bbq-system\/#webpage\",\"url\":\"https:\/\/www.grills-saveurs.ch\/fr\/produit\/cocotte-2-en-1-pour-gourmet-bbq-system\/\",\"name\":\"Cocotte 2 en 1 pour Gourmet BBQ System - Grills et Saveurs\",\"isPartOf\":{\"@id\":\"https:\/\/www.grills-saveurs.ch\/fr\/#website\"},\"primaryImageOfPage\":{\"@id\":\"https:\/\/www.grills-saveurs.ch\/fr\/produit\/cocotte-2-en-1-pour-gourmet-bbq-system\/#primaryimage\"},\"datePublished\":\"2021-03-15T20:34:27+00:00\",\"dateModified\":\"2024-03-22T14:36:52+00:00\",\"breadcrumb\":{\"@id\":\"https:\/\/www.grills-saveurs.ch\/fr\/produit\/cocotte-2-en-1-pour-gourmet-bbq-system\/#breadcrumb\"},\"inLanguage\":\"fr-FR\",\"potentialAction\":[{\"@type\":\"ReadAction\",\"target\":[\"https:\/\/www.grills-saveurs.ch\/fr\/produit\/cocotte-2-en-1-pour-gourmet-bbq-system\/\"]}]},{\"@type\":\"BreadcrumbList\",\"@id\":\"https:\/\/www.grills-saveurs.ch\/fr\/produit\/cocotte-2-en-1-pour-gourmet-bbq-system\/#breadcrumb\",\"itemListElement\":[{\"@type\":\"ListItem\",\"position\":1,\"name\":\"Accueil\",\"item\":\"https:\/\/www.grills-saveurs.ch\/fr\/\"},{\"@type\":\"ListItem\",\"position\":2,\"name\":\"Shop \/ Boutique\",\"item\":\"https:\/\/www.grills-saveurs.ch\/fr\/boutique\/\"},{\"@type\":\"ListItem\",\"position\":3,\"name\":\"Cocotte 2 en 1 pour Gourmet BBQ System\"}]}]}<\/script>\n<!-- \/ Yoast SEO plugin. -->","yoast_head_json":{"title":"Cocotte 2 en 1 pour Gourmet BBQ System - Grills et Saveurs","robots":{"index":"index","follow":"follow","max-snippet":"max-snippet:-1","max-image-preview":"max-image-preview:large","max-video-preview":"max-video-preview:-1"},"canonical":"https:\/\/www.grills-saveurs.ch\/fr\/produit\/cocotte-2-en-1-pour-gourmet-bbq-system\/","og_locale":"fr_FR","og_type":"article","og_title":"Cocotte 2 en 1 pour Gourmet BBQ System - Grills et Saveurs","og_description":"8857","og_url":"https:\/\/www.grills-saveurs.ch\/fr\/produit\/cocotte-2-en-1-pour-gourmet-bbq-system\/","og_site_name":"Grills et Saveurs","article_modified_time":"2024-03-22T14:36:52+00:00","og_image":[{"width":1000,"height":950,"url":"https:\/\/www.grills-saveurs.ch\/fr\/wp-content\/uploads\/2021\/03\/8857_8859_1_rgb_1800-x-1800_cropped.png","type":"image\/png"}],"twitter_card":"summary_large_image","twitter_misc":{"Dur\u00e9e de lecture estim\u00e9e":"1 minute"},"schema":{"@context":"https:\/\/schema.org","@graph":[{"@type":"WebSite","@id":"https:\/\/www.grills-saveurs.ch\/fr\/#website","url":"https:\/\/www.grills-saveurs.ch\/fr\/","name":"Grills et Saveurs","description":"Barbecues, Grills, Planchas, Chemin\u00e9es jardin - Lausanne, Suisse Romande","potentialAction":[{"@type":"SearchAction","target":{"@type":"EntryPoint","urlTemplate":"https:\/\/www.grills-saveurs.ch\/fr\/?s={search_term_string}"},"query-input":"required name=search_term_string"}],"inLanguage":"fr-FR"},{"@type":"ImageObject","@id":"https:\/\/www.grills-saveurs.ch\/fr\/produit\/cocotte-2-en-1-pour-gourmet-bbq-system\/#primaryimage","inLanguage":"fr-FR","url":"https:\/\/www.grills-saveurs.ch\/fr\/wp-content\/uploads\/2021\/03\/8857_8859_1_rgb_1800-x-1800_cropped.png","contentUrl":"https:\/\/www.grills-saveurs.ch\/fr\/wp-content\/uploads\/2021\/03\/8857_8859_1_rgb_1800-x-1800_cropped.png","width":1000,"height":950,"caption":"Cocotte Duo Pour grilles de cuisson Gourmet BBQ System"},{"@type":"WebPage","@id":"https:\/\/www.grills-saveurs.ch\/fr\/produit\/cocotte-2-en-1-pour-gourmet-bbq-system\/#webpage","url":"https:\/\/www.grills-saveurs.ch\/fr\/produit\/cocotte-2-en-1-pour-gourmet-bbq-system\/","name":"Cocotte 2 en 1 pour Gourmet BBQ System - Grills et Saveurs","isPartOf":{"@id":"https:\/\/www.grills-saveurs.ch\/fr\/#website"},"primaryImageOfPage":{"@id":"https:\/\/www.grills-saveurs.ch\/fr\/produit\/cocotte-2-en-1-pour-gourmet-bbq-system\/#primaryimage"},"datePublished":"2021-03-15T20:34:27+00:00","dateModified":"2024-03-22T14:36:52+00:00","breadcrumb":{"@id":"https:\/\/www.grills-saveurs.ch\/fr\/produit\/cocotte-2-en-1-pour-gourmet-bbq-system\/#breadcrumb"},"inLanguage":"fr-FR","potentialAction":[{"@type":"ReadAction","target":["https:\/\/www.grills-saveurs.ch\/fr\/produit\/cocotte-2-en-1-pour-gourmet-bbq-system\/"]}]},{"@type":"BreadcrumbList","@id":"https:\/\/www.grills-saveurs.ch\/fr\/produit\/cocotte-2-en-1-pour-gourmet-bbq-system\/#breadcrumb","itemListElement":[{"@type":"ListItem","position":1,"name":"Accueil","item":"https:\/\/www.grills-saveurs.ch\/fr\/"},{"@type":"ListItem","position":2,"name":"Shop \/ Boutique","item":"https:\/\/www.grills-saveurs.ch\/fr\/boutique\/"},{"@type":"ListItem","position":3,"name":"Cocotte 2 en 1 pour Gourmet BBQ System"}]}]}},"_links":{"self":[{"href":"https:\/\/www.grills-saveurs.ch\/fr\/wp-json\/wp\/v2\/product\/6993"}],"collection":[{"href":"https:\/\/www.grills-saveurs.ch\/fr\/wp-json\/wp\/v2\/product"}],"about":[{"href":"https:\/\/www.grills-saveurs.ch\/fr\/wp-json\/wp\/v2\/types\/product"}],"wp:featuredmedia":[{"embeddable":true,"href":"https:\/\/www.grills-saveurs.ch\/fr\/wp-json\/wp\/v2\/media\/7172"}],"wp:attachment":[{"href":"https:\/\/www.grills-saveurs.ch\/fr\/wp-json\/wp\/v2\/media?parent=6993"}],"wp:term":[{"taxonomy":"product_cat","embeddable":true,"href":"https:\/\/www.grills-saveurs.ch\/fr\/wp-json\/wp\/v2\/product_cat?post=6993"},{"taxonomy":"product_tag","embeddable":true,"href":"https:\/\/www.grills-saveurs.ch\/fr\/wp-json\/wp\/v2\/product_tag?post=6993"}],"curies":[{"name":"wp","href":"https:\/\/api.w.org\/{rel}","templated":true}]}}