{"id":6995,"date":"2021-03-15T21:34:28","date_gmt":"2021-03-15T20:34:28","guid":{"rendered":"https:\/\/www.grills-saveurs.ch\/fr\/produit\/support-de-cuisson-multi-fonctions\/"},"modified":"2024-03-22T14:52:34","modified_gmt":"2024-03-22T13:52:34","slug":"support-de-cuisson-multi-fonctions","status":"publish","type":"product","link":"https:\/\/www.grills-saveurs.ch\/fr\/produit\/support-de-cuisson-multi-fonctions\/","title":{"rendered":"Combin\u00e9 plancha et grille"},"content":{"rendered":"<h5>CUISEZ PLUS \u00c0 LA FOIS<\/h5>\n<p><strong>Compatible avec les grilles de cuisson du Gourmet BBQ System<\/strong><\/p>\n<p>Il n&rsquo;est plus n\u00e9cessaire de choisir entre griller et saisir. Vous pouvez faire les deux avec cet ustensile de cuisine 2-en1. Ce double accessoire en fonte permet de gagner du temps au barbecue en pr\u00e9parant plusieurs plats \u00e0 la fois. Faites griller du bacon croustillant tout en cuisant uniform\u00e9ment des pancakes ou bien saisissez un steak tout en faisant sauter des l\u00e9gumes pour des fajitas. La finition \u00e9maill\u00e9e facilite le nettoyage et les pi\u00e8ces s&#8217;empilent pour gagner de la place lors du rangement.<\/p>\n<h5>CARACT\u00c9RISTIQUES<\/h5>\n<ul>\n<li>Grillez et saisissez plusieurs plats en m\u00eame temps, maximisant ainsi l&rsquo;espace<\/li>\n<li>Fonte \u00e9maill\u00e9e pour un nettoyage facile<\/li>\n<li>Empilables pour un rangement compact<\/li>\n<li>Pour les barbecues au charbon de bois Weber\u00ae, les barbecues \u00e0 granul\u00e9s de bois SmokeFire, les barbecues au gaz Spirit, Genesis\/Genesis II et Summit.<\/li>\n<li>Dimensions du produit: 36.3cm h x 35.81cm l x 2.87cm p<\/li>\n<li>Dimensions du carton: 24.77cm h x 44.53cm l x 5.69cm p<\/li>\n<li>Conseils de nettoyage: lavage \u00e0 la main<\/li>\n<\/ul>\n<p>&nbsp;<\/p>\n","protected":false},"excerpt":{"rendered":"<p>8858<\/p>\n","protected":false},"featured_media":7184,"template":"","meta":[],"product_cat":[160,117],"product_tag":[84],"yoast_head":"<!-- This site is optimized with the Yoast SEO plugin v18.2 - https:\/\/yoast.com\/wordpress\/plugins\/seo\/ -->\n<title>Combin\u00e9 plancha et grille - Grills et Saveurs<\/title>\n<meta name=\"description\" content=\"Avwc le combin\u00e9 plancha et grille, grillez et saisissez plusieurs plats en m\u00eame temps, maximisant ainsi l&#039;espace sur votre barbecue Weber GBS\" \/>\n<meta name=\"robots\" content=\"index, follow, max-snippet:-1, max-image-preview:large, max-video-preview:-1\" \/>\n<link rel=\"canonical\" href=\"https:\/\/www.grills-saveurs.ch\/fr\/produit\/support-de-cuisson-multi-fonctions\/\" \/>\n<meta property=\"og:locale\" content=\"fr_FR\" \/>\n<meta property=\"og:type\" content=\"article\" \/>\n<meta property=\"og:title\" content=\"Combin\u00e9 plancha et grille - Grills et Saveurs\" \/>\n<meta property=\"og:description\" content=\"Avwc le combin\u00e9 plancha et grille, grillez et saisissez plusieurs plats en m\u00eame temps, maximisant ainsi l&#039;espace sur votre barbecue Weber GBS\" \/>\n<meta property=\"og:url\" content=\"https:\/\/www.grills-saveurs.ch\/fr\/produit\/support-de-cuisson-multi-fonctions\/\" \/>\n<meta property=\"og:site_name\" content=\"Grills et Saveurs\" \/>\n<meta property=\"article:modified_time\" content=\"2024-03-22T13:52:34+00:00\" \/>\n<meta property=\"og:image\" content=\"https:\/\/www.grills-saveurs.ch\/fr\/wp-content\/uploads\/2021\/03\/8858_8860D1_rgb.png\" \/>\n\t<meta property=\"og:image:width\" content=\"1000\" \/>\n\t<meta property=\"og:image:height\" content=\"950\" \/>\n\t<meta property=\"og:image:type\" content=\"image\/png\" \/>\n<meta name=\"twitter:card\" content=\"summary_large_image\" \/>\n<meta name=\"twitter:label1\" content=\"Dur\u00e9e de lecture estim\u00e9e\" \/>\n\t<meta name=\"twitter:data1\" content=\"1 minute\" \/>\n<script type=\"application\/ld+json\" class=\"yoast-schema-graph\">{\"@context\":\"https:\/\/schema.org\",\"@graph\":[{\"@type\":\"WebSite\",\"@id\":\"https:\/\/www.grills-saveurs.ch\/fr\/#website\",\"url\":\"https:\/\/www.grills-saveurs.ch\/fr\/\",\"name\":\"Grills et Saveurs\",\"description\":\"Barbecues, Grills, Planchas, Chemin\u00e9es jardin - Lausanne, Suisse Romande\",\"potentialAction\":[{\"@type\":\"SearchAction\",\"target\":{\"@type\":\"EntryPoint\",\"urlTemplate\":\"https:\/\/www.grills-saveurs.ch\/fr\/?s={search_term_string}\"},\"query-input\":\"required name=search_term_string\"}],\"inLanguage\":\"fr-FR\"},{\"@type\":\"ImageObject\",\"@id\":\"https:\/\/www.grills-saveurs.ch\/fr\/produit\/support-de-cuisson-multi-fonctions\/#primaryimage\",\"inLanguage\":\"fr-FR\",\"url\":\"https:\/\/www.grills-saveurs.ch\/fr\/wp-content\/uploads\/2021\/03\/8858_8860D1_rgb.png\",\"contentUrl\":\"https:\/\/www.grills-saveurs.ch\/fr\/wp-content\/uploads\/2021\/03\/8858_8860D1_rgb.png\",\"width\":1000,\"height\":950,\"caption\":\"Combin\u00e9 plancha et grille Compatible avec les grilles de cuisson du Gourmet BBQ System\"},{\"@type\":\"WebPage\",\"@id\":\"https:\/\/www.grills-saveurs.ch\/fr\/produit\/support-de-cuisson-multi-fonctions\/#webpage\",\"url\":\"https:\/\/www.grills-saveurs.ch\/fr\/produit\/support-de-cuisson-multi-fonctions\/\",\"name\":\"Combin\u00e9 plancha et grille - Grills et Saveurs\",\"isPartOf\":{\"@id\":\"https:\/\/www.grills-saveurs.ch\/fr\/#website\"},\"primaryImageOfPage\":{\"@id\":\"https:\/\/www.grills-saveurs.ch\/fr\/produit\/support-de-cuisson-multi-fonctions\/#primaryimage\"},\"datePublished\":\"2021-03-15T20:34:28+00:00\",\"dateModified\":\"2024-03-22T13:52:34+00:00\",\"description\":\"Avwc le combin\u00e9 plancha et grille, grillez et saisissez plusieurs plats en m\u00eame temps, maximisant ainsi l'espace sur votre barbecue Weber GBS\",\"breadcrumb\":{\"@id\":\"https:\/\/www.grills-saveurs.ch\/fr\/produit\/support-de-cuisson-multi-fonctions\/#breadcrumb\"},\"inLanguage\":\"fr-FR\",\"potentialAction\":[{\"@type\":\"ReadAction\",\"target\":[\"https:\/\/www.grills-saveurs.ch\/fr\/produit\/support-de-cuisson-multi-fonctions\/\"]}]},{\"@type\":\"BreadcrumbList\",\"@id\":\"https:\/\/www.grills-saveurs.ch\/fr\/produit\/support-de-cuisson-multi-fonctions\/#breadcrumb\",\"itemListElement\":[{\"@type\":\"ListItem\",\"position\":1,\"name\":\"Accueil\",\"item\":\"https:\/\/www.grills-saveurs.ch\/fr\/\"},{\"@type\":\"ListItem\",\"position\":2,\"name\":\"Shop \/ Boutique\",\"item\":\"https:\/\/www.grills-saveurs.ch\/fr\/boutique\/\"},{\"@type\":\"ListItem\",\"position\":3,\"name\":\"Combin\u00e9 plancha et grille\"}]}]}<\/script>\n<!-- \/ Yoast SEO plugin. -->","yoast_head_json":{"title":"Combin\u00e9 plancha et grille - Grills et Saveurs","description":"Avwc le combin\u00e9 plancha et grille, grillez et saisissez plusieurs plats en m\u00eame temps, maximisant ainsi l'espace sur votre barbecue Weber GBS","robots":{"index":"index","follow":"follow","max-snippet":"max-snippet:-1","max-image-preview":"max-image-preview:large","max-video-preview":"max-video-preview:-1"},"canonical":"https:\/\/www.grills-saveurs.ch\/fr\/produit\/support-de-cuisson-multi-fonctions\/","og_locale":"fr_FR","og_type":"article","og_title":"Combin\u00e9 plancha et grille - Grills et Saveurs","og_description":"Avwc le combin\u00e9 plancha et grille, grillez et saisissez plusieurs plats en m\u00eame temps, maximisant ainsi l'espace sur votre barbecue Weber GBS","og_url":"https:\/\/www.grills-saveurs.ch\/fr\/produit\/support-de-cuisson-multi-fonctions\/","og_site_name":"Grills et Saveurs","article_modified_time":"2024-03-22T13:52:34+00:00","og_image":[{"width":1000,"height":950,"url":"https:\/\/www.grills-saveurs.ch\/fr\/wp-content\/uploads\/2021\/03\/8858_8860D1_rgb.png","type":"image\/png"}],"twitter_card":"summary_large_image","twitter_misc":{"Dur\u00e9e de lecture estim\u00e9e":"1 minute"},"schema":{"@context":"https:\/\/schema.org","@graph":[{"@type":"WebSite","@id":"https:\/\/www.grills-saveurs.ch\/fr\/#website","url":"https:\/\/www.grills-saveurs.ch\/fr\/","name":"Grills et Saveurs","description":"Barbecues, Grills, Planchas, Chemin\u00e9es jardin - Lausanne, Suisse Romande","potentialAction":[{"@type":"SearchAction","target":{"@type":"EntryPoint","urlTemplate":"https:\/\/www.grills-saveurs.ch\/fr\/?s={search_term_string}"},"query-input":"required name=search_term_string"}],"inLanguage":"fr-FR"},{"@type":"ImageObject","@id":"https:\/\/www.grills-saveurs.ch\/fr\/produit\/support-de-cuisson-multi-fonctions\/#primaryimage","inLanguage":"fr-FR","url":"https:\/\/www.grills-saveurs.ch\/fr\/wp-content\/uploads\/2021\/03\/8858_8860D1_rgb.png","contentUrl":"https:\/\/www.grills-saveurs.ch\/fr\/wp-content\/uploads\/2021\/03\/8858_8860D1_rgb.png","width":1000,"height":950,"caption":"Combin\u00e9 plancha et grille Compatible avec les grilles de cuisson du Gourmet BBQ System"},{"@type":"WebPage","@id":"https:\/\/www.grills-saveurs.ch\/fr\/produit\/support-de-cuisson-multi-fonctions\/#webpage","url":"https:\/\/www.grills-saveurs.ch\/fr\/produit\/support-de-cuisson-multi-fonctions\/","name":"Combin\u00e9 plancha et grille - Grills et Saveurs","isPartOf":{"@id":"https:\/\/www.grills-saveurs.ch\/fr\/#website"},"primaryImageOfPage":{"@id":"https:\/\/www.grills-saveurs.ch\/fr\/produit\/support-de-cuisson-multi-fonctions\/#primaryimage"},"datePublished":"2021-03-15T20:34:28+00:00","dateModified":"2024-03-22T13:52:34+00:00","description":"Avwc le combin\u00e9 plancha et grille, grillez et saisissez plusieurs plats en m\u00eame temps, maximisant ainsi l'espace sur votre barbecue Weber GBS","breadcrumb":{"@id":"https:\/\/www.grills-saveurs.ch\/fr\/produit\/support-de-cuisson-multi-fonctions\/#breadcrumb"},"inLanguage":"fr-FR","potentialAction":[{"@type":"ReadAction","target":["https:\/\/www.grills-saveurs.ch\/fr\/produit\/support-de-cuisson-multi-fonctions\/"]}]},{"@type":"BreadcrumbList","@id":"https:\/\/www.grills-saveurs.ch\/fr\/produit\/support-de-cuisson-multi-fonctions\/#breadcrumb","itemListElement":[{"@type":"ListItem","position":1,"name":"Accueil","item":"https:\/\/www.grills-saveurs.ch\/fr\/"},{"@type":"ListItem","position":2,"name":"Shop \/ Boutique","item":"https:\/\/www.grills-saveurs.ch\/fr\/boutique\/"},{"@type":"ListItem","position":3,"name":"Combin\u00e9 plancha et grille"}]}]}},"_links":{"self":[{"href":"https:\/\/www.grills-saveurs.ch\/fr\/wp-json\/wp\/v2\/product\/6995"}],"collection":[{"href":"https:\/\/www.grills-saveurs.ch\/fr\/wp-json\/wp\/v2\/product"}],"about":[{"href":"https:\/\/www.grills-saveurs.ch\/fr\/wp-json\/wp\/v2\/types\/product"}],"wp:featuredmedia":[{"embeddable":true,"href":"https:\/\/www.grills-saveurs.ch\/fr\/wp-json\/wp\/v2\/media\/7184"}],"wp:attachment":[{"href":"https:\/\/www.grills-saveurs.ch\/fr\/wp-json\/wp\/v2\/media?parent=6995"}],"wp:term":[{"taxonomy":"product_cat","embeddable":true,"href":"https:\/\/www.grills-saveurs.ch\/fr\/wp-json\/wp\/v2\/product_cat?post=6995"},{"taxonomy":"product_tag","embeddable":true,"href":"https:\/\/www.grills-saveurs.ch\/fr\/wp-json\/wp\/v2\/product_tag?post=6995"}],"curies":[{"name":"wp","href":"https:\/\/api.w.org\/{rel}","templated":true}]}}