{"id":6997,"date":"2021-03-15T21:34:28","date_gmt":"2021-03-15T20:34:28","guid":{"rendered":"https:\/\/www.grills-saveurs.ch\/fr\/produit\/housse-standard-pour-genesis-ii-srie-300\/"},"modified":"2024-03-25T22:34:49","modified_gmt":"2024-03-25T21:34:49","slug":"housse-standard-pour-genesis-ii-srie-300","status":"publish","type":"product","link":"https:\/\/www.grills-saveurs.ch\/fr\/produit\/housse-standard-pour-genesis-ii-srie-300\/","title":{"rendered":"Housse de barbecue Standard jusqu&rsquo;\u00e0 152cm"},"content":{"rendered":"<h5>GARDEZ VOTRE NOUVEAU BARBECUE FLAMBANT NEUF<\/h5>\n<p><strong>Housse de barbecue<\/strong><\/p>\n<p>Affrontez les trombes d\u2019eau, les temp\u00eates de neige et la canicule. L\u00e9g\u00e8re et robuste \u00e0 la fois, la housse de barbecue permet de maintenir le barbecue propre, est facile \u00e0 installer et \u00e0 retirer de votre barbecue et ses sangles de fixation \u00e9vitent qu\u2019elle ne finisse dans le jardin du voisin.<\/p>\n<h5>CARACT\u00c9RISTIQUES<\/h5>\n<ul>\n<li>Prot\u00e8ge le barbecue des intemp\u00e9ries<\/li>\n<li>Sangles de fixation pour un bon maintien de la housse<\/li>\n<li>Id\u00e9al pour Genesis II S\u00e9rie 300<\/li>\n<li>Compatible : Pour la plupart des barbecues d\u2019une largeur allant jusqu\u2019\u00e0 152 cm<\/li>\n<li>Mat\u00e9riau\u00a0: 100% Polyester<\/li>\n<li>Dimensions du produit: 105.16 h x 58.93 l x 176.53 p<\/li>\n<li>Conseils de nettoyage: nettoyer \u00e0 la main uniquement<\/li>\n<\/ul>\n","protected":false},"excerpt":{"rendered":"<p>7179<\/p>\n","protected":false},"featured_media":7197,"template":"","meta":[],"product_cat":[124],"product_tag":[84],"yoast_head":"<!-- This site is optimized with the Yoast SEO plugin v18.2 - https:\/\/yoast.com\/wordpress\/plugins\/seo\/ -->\n<title>Housse de barbecue Standard jusqu&#039;\u00e0 152cm - Grills et Saveurs<\/title>\n<meta name=\"robots\" content=\"index, follow, max-snippet:-1, max-image-preview:large, max-video-preview:-1\" \/>\n<link rel=\"canonical\" href=\"https:\/\/www.grills-saveurs.ch\/fr\/produit\/housse-standard-pour-genesis-ii-srie-300\/\" \/>\n<meta property=\"og:locale\" content=\"fr_FR\" \/>\n<meta property=\"og:type\" content=\"article\" \/>\n<meta property=\"og:title\" content=\"Housse de barbecue Standard jusqu&#039;\u00e0 152cm - Grills et Saveurs\" \/>\n<meta property=\"og:description\" content=\"7179\" \/>\n<meta property=\"og:url\" content=\"https:\/\/www.grills-saveurs.ch\/fr\/produit\/housse-standard-pour-genesis-ii-srie-300\/\" \/>\n<meta property=\"og:site_name\" content=\"Grills et Saveurs\" \/>\n<meta property=\"article:modified_time\" content=\"2024-03-25T21:34:49+00:00\" \/>\n<meta property=\"og:image\" content=\"https:\/\/www.grills-saveurs.ch\/fr\/wp-content\/uploads\/2021\/03\/7179.png\" \/>\n\t<meta property=\"og:image:width\" content=\"1000\" \/>\n\t<meta property=\"og:image:height\" content=\"950\" \/>\n\t<meta property=\"og:image:type\" content=\"image\/png\" \/>\n<meta name=\"twitter:card\" content=\"summary_large_image\" \/>\n<meta name=\"twitter:label1\" content=\"Dur\u00e9e de lecture estim\u00e9e\" \/>\n\t<meta name=\"twitter:data1\" content=\"1 minute\" \/>\n<script type=\"application\/ld+json\" class=\"yoast-schema-graph\">{\"@context\":\"https:\/\/schema.org\",\"@graph\":[{\"@type\":\"WebSite\",\"@id\":\"https:\/\/www.grills-saveurs.ch\/fr\/#website\",\"url\":\"https:\/\/www.grills-saveurs.ch\/fr\/\",\"name\":\"Grills et Saveurs\",\"description\":\"Barbecues, Grills, Planchas, Chemin\u00e9es jardin - Lausanne, Suisse Romande\",\"potentialAction\":[{\"@type\":\"SearchAction\",\"target\":{\"@type\":\"EntryPoint\",\"urlTemplate\":\"https:\/\/www.grills-saveurs.ch\/fr\/?s={search_term_string}\"},\"query-input\":\"required name=search_term_string\"}],\"inLanguage\":\"fr-FR\"},{\"@type\":\"ImageObject\",\"@id\":\"https:\/\/www.grills-saveurs.ch\/fr\/produit\/housse-standard-pour-genesis-ii-srie-300\/#primaryimage\",\"inLanguage\":\"fr-FR\",\"url\":\"https:\/\/www.grills-saveurs.ch\/fr\/wp-content\/uploads\/2021\/03\/7179.png\",\"contentUrl\":\"https:\/\/www.grills-saveurs.ch\/fr\/wp-content\/uploads\/2021\/03\/7179.png\",\"width\":1000,\"height\":950,\"caption\":\"Housse de barbecue Pour la plupart des barbecues \u00e0 gaz d\u2019une largeur allant jusqu\u2019\u00e0 152 cm\"},{\"@type\":\"WebPage\",\"@id\":\"https:\/\/www.grills-saveurs.ch\/fr\/produit\/housse-standard-pour-genesis-ii-srie-300\/#webpage\",\"url\":\"https:\/\/www.grills-saveurs.ch\/fr\/produit\/housse-standard-pour-genesis-ii-srie-300\/\",\"name\":\"Housse de barbecue Standard jusqu'\u00e0 152cm - Grills et Saveurs\",\"isPartOf\":{\"@id\":\"https:\/\/www.grills-saveurs.ch\/fr\/#website\"},\"primaryImageOfPage\":{\"@id\":\"https:\/\/www.grills-saveurs.ch\/fr\/produit\/housse-standard-pour-genesis-ii-srie-300\/#primaryimage\"},\"datePublished\":\"2021-03-15T20:34:28+00:00\",\"dateModified\":\"2024-03-25T21:34:49+00:00\",\"breadcrumb\":{\"@id\":\"https:\/\/www.grills-saveurs.ch\/fr\/produit\/housse-standard-pour-genesis-ii-srie-300\/#breadcrumb\"},\"inLanguage\":\"fr-FR\",\"potentialAction\":[{\"@type\":\"ReadAction\",\"target\":[\"https:\/\/www.grills-saveurs.ch\/fr\/produit\/housse-standard-pour-genesis-ii-srie-300\/\"]}]},{\"@type\":\"BreadcrumbList\",\"@id\":\"https:\/\/www.grills-saveurs.ch\/fr\/produit\/housse-standard-pour-genesis-ii-srie-300\/#breadcrumb\",\"itemListElement\":[{\"@type\":\"ListItem\",\"position\":1,\"name\":\"Accueil\",\"item\":\"https:\/\/www.grills-saveurs.ch\/fr\/\"},{\"@type\":\"ListItem\",\"position\":2,\"name\":\"Shop \/ Boutique\",\"item\":\"https:\/\/www.grills-saveurs.ch\/fr\/boutique\/\"},{\"@type\":\"ListItem\",\"position\":3,\"name\":\"Housse de barbecue Standard jusqu&rsquo;\u00e0 152cm\"}]}]}<\/script>\n<!-- \/ Yoast SEO plugin. -->","yoast_head_json":{"title":"Housse de barbecue Standard jusqu'\u00e0 152cm - Grills et Saveurs","robots":{"index":"index","follow":"follow","max-snippet":"max-snippet:-1","max-image-preview":"max-image-preview:large","max-video-preview":"max-video-preview:-1"},"canonical":"https:\/\/www.grills-saveurs.ch\/fr\/produit\/housse-standard-pour-genesis-ii-srie-300\/","og_locale":"fr_FR","og_type":"article","og_title":"Housse de barbecue Standard jusqu'\u00e0 152cm - Grills et Saveurs","og_description":"7179","og_url":"https:\/\/www.grills-saveurs.ch\/fr\/produit\/housse-standard-pour-genesis-ii-srie-300\/","og_site_name":"Grills et Saveurs","article_modified_time":"2024-03-25T21:34:49+00:00","og_image":[{"width":1000,"height":950,"url":"https:\/\/www.grills-saveurs.ch\/fr\/wp-content\/uploads\/2021\/03\/7179.png","type":"image\/png"}],"twitter_card":"summary_large_image","twitter_misc":{"Dur\u00e9e de lecture estim\u00e9e":"1 minute"},"schema":{"@context":"https:\/\/schema.org","@graph":[{"@type":"WebSite","@id":"https:\/\/www.grills-saveurs.ch\/fr\/#website","url":"https:\/\/www.grills-saveurs.ch\/fr\/","name":"Grills et Saveurs","description":"Barbecues, Grills, Planchas, Chemin\u00e9es jardin - Lausanne, Suisse Romande","potentialAction":[{"@type":"SearchAction","target":{"@type":"EntryPoint","urlTemplate":"https:\/\/www.grills-saveurs.ch\/fr\/?s={search_term_string}"},"query-input":"required name=search_term_string"}],"inLanguage":"fr-FR"},{"@type":"ImageObject","@id":"https:\/\/www.grills-saveurs.ch\/fr\/produit\/housse-standard-pour-genesis-ii-srie-300\/#primaryimage","inLanguage":"fr-FR","url":"https:\/\/www.grills-saveurs.ch\/fr\/wp-content\/uploads\/2021\/03\/7179.png","contentUrl":"https:\/\/www.grills-saveurs.ch\/fr\/wp-content\/uploads\/2021\/03\/7179.png","width":1000,"height":950,"caption":"Housse de barbecue Pour la plupart des barbecues \u00e0 gaz d\u2019une largeur allant jusqu\u2019\u00e0 152 cm"},{"@type":"WebPage","@id":"https:\/\/www.grills-saveurs.ch\/fr\/produit\/housse-standard-pour-genesis-ii-srie-300\/#webpage","url":"https:\/\/www.grills-saveurs.ch\/fr\/produit\/housse-standard-pour-genesis-ii-srie-300\/","name":"Housse de barbecue Standard jusqu'\u00e0 152cm - Grills et Saveurs","isPartOf":{"@id":"https:\/\/www.grills-saveurs.ch\/fr\/#website"},"primaryImageOfPage":{"@id":"https:\/\/www.grills-saveurs.ch\/fr\/produit\/housse-standard-pour-genesis-ii-srie-300\/#primaryimage"},"datePublished":"2021-03-15T20:34:28+00:00","dateModified":"2024-03-25T21:34:49+00:00","breadcrumb":{"@id":"https:\/\/www.grills-saveurs.ch\/fr\/produit\/housse-standard-pour-genesis-ii-srie-300\/#breadcrumb"},"inLanguage":"fr-FR","potentialAction":[{"@type":"ReadAction","target":["https:\/\/www.grills-saveurs.ch\/fr\/produit\/housse-standard-pour-genesis-ii-srie-300\/"]}]},{"@type":"BreadcrumbList","@id":"https:\/\/www.grills-saveurs.ch\/fr\/produit\/housse-standard-pour-genesis-ii-srie-300\/#breadcrumb","itemListElement":[{"@type":"ListItem","position":1,"name":"Accueil","item":"https:\/\/www.grills-saveurs.ch\/fr\/"},{"@type":"ListItem","position":2,"name":"Shop \/ Boutique","item":"https:\/\/www.grills-saveurs.ch\/fr\/boutique\/"},{"@type":"ListItem","position":3,"name":"Housse de barbecue Standard jusqu&rsquo;\u00e0 152cm"}]}]}},"_links":{"self":[{"href":"https:\/\/www.grills-saveurs.ch\/fr\/wp-json\/wp\/v2\/product\/6997"}],"collection":[{"href":"https:\/\/www.grills-saveurs.ch\/fr\/wp-json\/wp\/v2\/product"}],"about":[{"href":"https:\/\/www.grills-saveurs.ch\/fr\/wp-json\/wp\/v2\/types\/product"}],"wp:featuredmedia":[{"embeddable":true,"href":"https:\/\/www.grills-saveurs.ch\/fr\/wp-json\/wp\/v2\/media\/7197"}],"wp:attachment":[{"href":"https:\/\/www.grills-saveurs.ch\/fr\/wp-json\/wp\/v2\/media?parent=6997"}],"wp:term":[{"taxonomy":"product_cat","embeddable":true,"href":"https:\/\/www.grills-saveurs.ch\/fr\/wp-json\/wp\/v2\/product_cat?post=6997"},{"taxonomy":"product_tag","embeddable":true,"href":"https:\/\/www.grills-saveurs.ch\/fr\/wp-json\/wp\/v2\/product_tag?post=6997"}],"curies":[{"name":"wp","href":"https:\/\/api.w.org\/{rel}","templated":true}]}}